{"id":672,"date":"2021-02-10T16:00:28","date_gmt":"2021-02-10T15:00:28","guid":{"rendered":"https:\/\/www.peek-und-cloppenburg.de\/unternehmen\/?page_id=672"},"modified":"2025-04-24T17:24:20","modified_gmt":"2025-04-24T15:24:20","slug":"nachhaltigkeit-kontakt","status":"publish","type":"page","link":"https:\/\/www.peek-und-cloppenburg.de\/de\/unternehmen\/nachhaltigkeit\/nachhaltigkeit-kontakt\/","title":{"rendered":"Nachhaltigkeit-Kontakt"},"content":{"rendered":"<div class=\"wpb-content-wrapper\">[vc_row bwd_tbc4vd_show_weekday=&#8220;&#8220; full_width=&#8220;stretch_row_content_no_spaces&#8220;][vc_column]<div class=\"keyvisual\" data-aos=\"fade-up\" ><img loading=\"lazy\" decoding=\"async\" width=\"1440\" height=\"480\" src=\"https:\/\/www.peek-und-cloppenburg.de\/de\/wp-content\/uploads\/sites\/7\/2020\/02\/Banner_Kontakt-1.jpg\" class=\"vc_single_image-img\" alt=\"Eine Hand ber\u00fchrt einen Holzw\u00fcrfel mit einem Telefonh\u00f6rer-Symbol. Daneben stehen zwei weitere W\u00fcrfel mit einem @-Symbol und einem Briefumschlag-Symbol.\" srcset=\"https:\/\/www.peek-und-cloppenburg.de\/de\/wp-content\/uploads\/sites\/7\/2020\/02\/Banner_Kontakt-1.jpg 1440w, https:\/\/www.peek-und-cloppenburg.de\/de\/wp-content\/uploads\/sites\/7\/2020\/02\/Banner_Kontakt-1-300x100.jpg 300w, https:\/\/www.peek-und-cloppenburg.de\/de\/wp-content\/uploads\/sites\/7\/2020\/02\/Banner_Kontakt-1-1024x341.jpg 1024w, https:\/\/www.peek-und-cloppenburg.de\/de\/wp-content\/uploads\/sites\/7\/2020\/02\/Banner_Kontakt-1-768x256.jpg 768w, https:\/\/www.peek-und-cloppenburg.de\/de\/wp-content\/uploads\/sites\/7\/2020\/02\/Banner_Kontakt-1-1200x400.jpg 1200w, https:\/\/www.peek-und-cloppenburg.de\/de\/wp-content\/uploads\/sites\/7\/2020\/02\/Banner_Kontakt-1-992x331.jpg 992w, https:\/\/www.peek-und-cloppenburg.de\/de\/wp-content\/uploads\/sites\/7\/2020\/02\/Banner_Kontakt-1-480x160.jpg 480w\" sizes=\"(max-width: 1440px) 100vw, 1440px\" \/><\/div>\n        <div class=\"headlines headlines--center\" data-aos=\"fade-up\">\n            <div class=\"vc_row\">\n                <div class=\"vc_col-md-10 vc_col-md-offset-1 vc_col-lg-10 vc_col-lg-offset-1\"><span class=\"h6\">Nachhaltigkeit-Kontakt<\/span><h1 class=\"h2\">Kontakt<\/h1><\/div>\n            <\/div>\n        <\/div>[vc_column_text]\r\n<div class=\"wpb_text_column wpb_content_element aos-init aos-animate\" data-aos=\"fade-up\">\r\n<div class=\"wpb_wrapper\">\r\n<p style=\"text-align: center\">Haben Sie Fragen zum Thema Nachhaltigkeit? Dann nehmen Sie mit uns \u00fcber das unten stehende Formular Kontakt auf.<\/p>\r\n<p style=\"text-align: center\">Es gibt zwei unabh\u00e4ngige Unternehmen Peek&amp;Cloppenburg mit ihren Hauptsitzen in D\u00fcsseldorf und Hamburg. Dies ist die Website der Peek&amp;Cloppenburg KG in Hamburg, deren Standorte Sie hier finden. <strong>Bitte nutzen Sie dieses Kontaktformular ausschlie\u00dflich f\u00fcr Nachhaltigkeitsfragen an die Peek&amp;Cloppenburg KG in Hamburg.<\/strong><\/p>\r\n\r\n<\/div>\r\n<\/div>\r\n[\/vc_column_text][\/vc_column][\/vc_row][vc_row][vc_column]\n<div class=\"wpcf7 no-js\" id=\"wpcf7-f839-o1\" lang=\"de-DE\" dir=\"ltr\" data-wpcf7-id=\"839\">\n<div class=\"screen-reader-response\"><p role=\"status\" aria-live=\"polite\" aria-atomic=\"true\"><\/p> <ul><\/ul><\/div>\n<form action=\"\/de\/wp-json\/wp\/v2\/pages\/672#wpcf7-f839-o1\" method=\"post\" class=\"wpcf7-form init wpcf7-acceptance-as-validation\" aria-label=\"Kontaktformular\" novalidate=\"novalidate\" data-status=\"init\">\n<fieldset class=\"hidden-fields-container\"><input type=\"hidden\" name=\"_wpcf7\" value=\"839\" \/><input type=\"hidden\" name=\"_wpcf7_version\" value=\"6.1.5\" \/><input type=\"hidden\" name=\"_wpcf7_locale\" value=\"de_DE\" \/><input type=\"hidden\" name=\"_wpcf7_unit_tag\" value=\"wpcf7-f839-o1\" \/><input type=\"hidden\" name=\"_wpcf7_container_post\" value=\"0\" \/><input type=\"hidden\" name=\"_wpcf7_posted_data_hash\" value=\"\" \/><input type=\"hidden\" name=\"_cf7a__timestamp\" value=\"ZFdRm+VQAxjFtcC6YtCMQQ==\" \/><input type=\"hidden\" name=\"_cf7a_version\" value=\"1.0\" \/><input type=\"hidden\" name=\"_cf7a_address\" value=\"\" \/><input type=\"hidden\" name=\"_cf7a_referer\" value=\"\" \/><input type=\"hidden\" name=\"_cf7a_protocol\" value=\"\" \/><input type=\"hidden\" name=\"_cf7a_bot_fingerprint\" value=\"ZFdRm+VQAxjFtcC6YtCMQQ==\" \/><input type=\"hidden\" name=\"_cf7a_bot_fingerprint_extras\" \/><input type=\"hidden\" name=\"_cf7a_append_on_submit\" \/>\n<\/fieldset>\n<div class=\"vc_row\">\n<div class=\"vc_col-sm-6\">\n<div class=\"form-element form-element--select\">\n<span class=\"wpcf7-form-control-wrap\" data-name=\"salutation\"><select class=\"wpcf7-form-control wpcf7-select wpcf7-validates-as-required\" aria-required=\"true\" aria-invalid=\"false\" name=\"salutation\"><option value=\"\">Bitte Anrede w\u00e4hlen*<\/option><option value=\"Herr\">Herr<\/option><option value=\"Frau\">Frau<\/option><option value=\"Divers\">Divers<\/option><\/select><\/span>\n<\/div>\n<\/div>\n<\/div>\n\n<div class=\"vc_row\">\n<div class=\"vc_col-sm-6\">\n<div class=\"form-element form-element--input\">\n<span class=\"wpcf7-form-control-wrap\" data-name=\"firstname\"><input size=\"40\" maxlength=\"400\" class=\"wpcf7-form-control wpcf7-text wpcf7-validates-as-required\" id=\"firstname\" aria-required=\"true\" aria-invalid=\"false\" value=\"\" type=\"text\" name=\"firstname\" \/><\/span> <label for=\"firstname\">Vorname*<\/label>\n<\/div>\n<\/div>\n<div class=\"vc_col-sm-6\">\n<div class=\"form-element form-element--input\">\n<span class=\"wpcf7-form-control-wrap\" data-name=\"lastname\"><input size=\"40\" maxlength=\"400\" class=\"wpcf7-form-control wpcf7-text wpcf7-validates-as-required\" id=\"lastname\" aria-required=\"true\" aria-invalid=\"false\" value=\"\" type=\"text\" name=\"lastname\" \/><\/span> <label for=\"lastname\">Nachname*<\/label>\n<\/div>\n<\/div>\n<\/div>\n\n<div class=\"vc_row\">\n<div class=\"vc_col-sm-6\">\n<div class=\"form-element form-element--input\">\n<span class=\"wpcf7-form-control-wrap\" data-name=\"email\"><input size=\"40\" maxlength=\"400\" class=\"wpcf7-form-control wpcf7-email wpcf7-validates-as-required wpcf7-text wpcf7-validates-as-email\" id=\"email\" aria-required=\"true\" aria-invalid=\"false\" value=\"\" type=\"email\" name=\"email\" \/><\/span> <label for=\"email\">E-Mail-Adresse*<\/label>\n<\/div>\n<\/div>\n<\/div>\n\n<div class=\"vc_row\">\n<div class=\"vc_col-sm-12\">\n<div class=\"form-element form-element--textarea\">\n<span class=\"wpcf7-form-control-wrap\" data-name=\"message\"><textarea cols=\"40\" rows=\"10\" maxlength=\"2000\" class=\"wpcf7-form-control wpcf7-textarea wpcf7-validates-as-required\" id=\"message\" aria-required=\"true\" aria-invalid=\"false\" name=\"message\"><\/textarea><\/span> <label for=\"message\">Nachricht*<\/label>\n<\/div>\n<\/div>\n<\/div>\n\n<div class=\"vc_row\">\n<div class=\"vc_col-sm-12\">\n<div class=\"form-element form-element--checkbox\">\n<span class=\"wpcf7-form-control-wrap\" data-name=\"privacy\"><span class=\"wpcf7-form-control wpcf7-acceptance\"><span class=\"wpcf7-list-item\"><input type=\"checkbox\" name=\"privacy\" value=\"1\" id=\"privacy\" aria-invalid=\"false\" \/><\/span><\/span><\/span> <label for=\"privacy\">Ich willige ein, dass meine oben eingegebenen Daten von Peek&amp;Cloppenburg verarbeitet werden, um meine Anfrage per E-Mail, telefonisch und\/oder auf dem Postwege zu beantworten. Die <a href=\"\/datenschutz\/\" target=\"_blank\">Datenschutzbestimmungen<\/a> habe ich gelesen und akzeptiere sie.*<\/label>\n<\/div>\n<\/div>\n<\/div>\n\n<div class=\"vc_row\">\n<div class=\"vc_col-sm-12\">\n<small>Bitte f\u00fcllen Sie alle mit * gekennzeichneten Felder aus.<\/small>\n<\/div>\n<\/div>\n\n<div class=\"wpcf7-response-output\" aria-hidden=\"true\"><\/div>\n\n<div class=\"vc_row\">\n<div class=\"vc_col-sm-12 form__buttons\">\n<button id=\"submit\" type=\"submit\" class=\"wpcf7-form-control wpcf7-submit button\">Absenden<\/button>\n<\/div>\n<\/div>\n\n<span id=\"wpcf7-69e110df25b99-wrapper\" class=\"wpcf7-form-control-wrap credit-card-wrap\" ><input type=\"hidden\" name=\"credit-card-time-start\" value=\"1776357599\"><input type=\"hidden\" name=\"credit-card-time-check\" value=\"4\"><input id=\"wpcf7-69e110df25b99-field\"  class=\"wpcf7-form-control wpcf7-text\" type=\"text\" name=\"credit-card\" value=\"\" size=\"40\" tabindex=\"-1\" autocomplete=\"new-password\" \/><\/span>\n<\/form>\n<\/div>\n[\/vc_column][\/vc_row]<\/div>","protected":false},"excerpt":{"rendered":"[vc_row bwd_tbc4vd_show_weekday=&#8220;&#8220; full_width=&#8220;stretch_row_content_no_spaces&#8220;][vc_column][vc_column_text] Haben Sie Fragen zum Thema Nachhaltigkeit? Dann nehmen Sie mit uns \u00fcber das unten stehende Formular Kontakt auf. Es gibt zwei unabh\u00e4ngige Unternehmen Peek&amp;Cloppenburg mit ihren Hauptsitzen in D\u00fcsseldorf und Hamburg. Dies ist die Website der Peek&amp;Cloppenburg KG in Hamburg, deren Standorte Sie hier finden. Bitte nutzen Sie dieses Kontaktformular ausschlie\u00dflich f\u00fcr [&hellip;]","protected":false},"author":33,"featured_media":0,"parent":299,"menu_order":0,"comment_status":"closed","ping_status":"closed","template":"","meta":{"_acf_changed":false,"inline_featured_image":false,"footnotes":""},"class_list":["post-672","page","type-page","status-publish","hentry"],"acf":[],"yoast_head":"<!-- This site is optimized with the Yoast SEO plugin v27.2 - https:\/\/yoast.com\/product\/yoast-seo-wordpress\/ -->\n<title>Kontakt Nachhaltigkeit | Peek&amp;Cloppenburg Hamburg<\/title>\n<meta name=\"description\" content=\"Haben Sie Fragen zum Thema Nachhaltigkeit? Dann nehmen Sie mit uns \u00fcber das unten stehende Formular Kontakt auf.\" \/>\n<meta name=\"robots\" content=\"index, follow, max-snippet:-1, max-image-preview:large, max-video-preview:-1\" \/>\n<link rel=\"canonical\" href=\"https:\/\/www.peek-und-cloppenburg.de\/de\/unternehmen\/nachhaltigkeit\/nachhaltigkeit-kontakt\/\" \/>\n<meta property=\"og:locale\" content=\"de_DE\" \/>\n<meta property=\"og:type\" content=\"article\" \/>\n<meta property=\"og:title\" content=\"Kontakt Nachhaltigkeit | Peek&amp;Cloppenburg Hamburg\" \/>\n<meta property=\"og:description\" content=\"Haben Sie Fragen zum Thema Nachhaltigkeit? Dann nehmen Sie mit uns \u00fcber das unten stehende Formular Kontakt auf.\" \/>\n<meta property=\"og:url\" content=\"https:\/\/www.peek-und-cloppenburg.de\/de\/unternehmen\/nachhaltigkeit\/nachhaltigkeit-kontakt\/\" \/>\n<meta property=\"og:site_name\" content=\"Peek&amp;Cloppenburg Deutschland\" \/>\n<meta property=\"article:publisher\" content=\"https:\/\/de-de.facebook.com\/peekundcloppenburg\/\" \/>\n<meta property=\"article:modified_time\" content=\"2025-04-24T15:24:20+00:00\" \/>\n<meta name=\"twitter:card\" content=\"summary_large_image\" \/>\n<meta name=\"twitter:label1\" content=\"Gesch\u00e4tzte Lesezeit\" \/>\n\t<meta name=\"twitter:data1\" content=\"1\u00a0Minute\" \/>\n<script type=\"application\/ld+json\" class=\"yoast-schema-graph\">{\"@context\":\"https:\/\/schema.org\",\"@graph\":[{\"@type\":\"WebPage\",\"@id\":\"https:\/\/www.peek-und-cloppenburg.de\/de\/unternehmen\/nachhaltigkeit\/nachhaltigkeit-kontakt\/\",\"url\":\"https:\/\/www.peek-und-cloppenburg.de\/de\/unternehmen\/nachhaltigkeit\/nachhaltigkeit-kontakt\/\",\"name\":\"Kontakt Nachhaltigkeit | Peek&Cloppenburg Hamburg\",\"isPartOf\":{\"@id\":\"https:\/\/www.peek-und-cloppenburg.de\/de\/#website\"},\"datePublished\":\"2021-02-10T15:00:28+00:00\",\"dateModified\":\"2025-04-24T15:24:20+00:00\",\"description\":\"Haben Sie Fragen zum Thema Nachhaltigkeit? Dann nehmen Sie mit uns \u00fcber das unten stehende Formular Kontakt auf.\",\"breadcrumb\":{\"@id\":\"https:\/\/www.peek-und-cloppenburg.de\/de\/unternehmen\/nachhaltigkeit\/nachhaltigkeit-kontakt\/#breadcrumb\"},\"inLanguage\":\"de\",\"potentialAction\":[{\"@type\":\"ReadAction\",\"target\":[\"https:\/\/www.peek-und-cloppenburg.de\/de\/unternehmen\/nachhaltigkeit\/nachhaltigkeit-kontakt\/\"]}]},{\"@type\":\"BreadcrumbList\",\"@id\":\"https:\/\/www.peek-und-cloppenburg.de\/de\/unternehmen\/nachhaltigkeit\/nachhaltigkeit-kontakt\/#breadcrumb\",\"itemListElement\":[{\"@type\":\"ListItem\",\"position\":1,\"name\":\"Startseite\",\"item\":\"https:\/\/www.peek-und-cloppenburg.de\/de\/\"},{\"@type\":\"ListItem\",\"position\":2,\"name\":\"Unternehmen\",\"item\":\"https:\/\/www.peek-und-cloppenburg.de\/de\/unternehmen\/\"},{\"@type\":\"ListItem\",\"position\":3,\"name\":\"Nachhaltigkeit\",\"item\":\"https:\/\/www.peek-und-cloppenburg.de\/de\/unternehmen\/nachhaltigkeit\/\"},{\"@type\":\"ListItem\",\"position\":4,\"name\":\"Nachhaltigkeit-Kontakt\"}]},{\"@type\":\"WebSite\",\"@id\":\"https:\/\/www.peek-und-cloppenburg.de\/de\/#website\",\"url\":\"https:\/\/www.peek-und-cloppenburg.de\/de\/\",\"name\":\"Peek&Cloppenburg KG Hamburg\",\"description\":\"Peek&amp;Cloppenburg KG Hamburg\",\"publisher\":{\"@id\":\"https:\/\/www.peek-und-cloppenburg.de\/de\/#organization\"},\"potentialAction\":[{\"@type\":\"SearchAction\",\"target\":{\"@type\":\"EntryPoint\",\"urlTemplate\":\"https:\/\/www.peek-und-cloppenburg.de\/de\/?s={search_term_string}\"},\"query-input\":{\"@type\":\"PropertyValueSpecification\",\"valueRequired\":true,\"valueName\":\"search_term_string\"}}],\"inLanguage\":\"de\"},{\"@type\":\"Organization\",\"@id\":\"https:\/\/www.peek-und-cloppenburg.de\/de\/#organization\",\"name\":\"Peek&Cloppenburg KG Hamburg\",\"url\":\"https:\/\/www.peek-und-cloppenburg.de\/de\/\",\"logo\":{\"@type\":\"ImageObject\",\"inLanguage\":\"de\",\"@id\":\"https:\/\/www.peek-und-cloppenburg.de\/de\/#\/schema\/logo\/image\/\",\"url\":\"https:\/\/www.peek-und-cloppenburg.de\/de\/wp-content\/uploads\/sites\/7\/2020\/02\/logo_pc.svg\",\"contentUrl\":\"https:\/\/www.peek-und-cloppenburg.de\/de\/wp-content\/uploads\/sites\/7\/2020\/02\/logo_pc.svg\",\"width\":\"1024\",\"height\":\"1024\",\"caption\":\"Peek&Cloppenburg KG Hamburg\"},\"image\":{\"@id\":\"https:\/\/www.peek-und-cloppenburg.de\/de\/#\/schema\/logo\/image\/\"},\"sameAs\":[\"https:\/\/de-de.facebook.com\/peekundcloppenburg\/\",\"https:\/\/www.instagram.com\/vangraaf_de\/\",\"https:\/\/www.youtube.com\/channel\/UCPdkk0FSUkdWYlzYtJpiUuw\",\"https:\/\/www.snapchat.com\/add\/Pundckarriere\"]}]}<\/script>\n<!-- \/ Yoast SEO plugin. -->","yoast_head_json":{"title":"Kontakt Nachhaltigkeit | Peek&Cloppenburg Hamburg","description":"Haben Sie Fragen zum Thema Nachhaltigkeit? Dann nehmen Sie mit uns \u00fcber das unten stehende Formular Kontakt auf.","robots":{"index":"index","follow":"follow","max-snippet":"max-snippet:-1","max-image-preview":"max-image-preview:large","max-video-preview":"max-video-preview:-1"},"canonical":"https:\/\/www.peek-und-cloppenburg.de\/de\/unternehmen\/nachhaltigkeit\/nachhaltigkeit-kontakt\/","og_locale":"de_DE","og_type":"article","og_title":"Kontakt Nachhaltigkeit | Peek&Cloppenburg Hamburg","og_description":"Haben Sie Fragen zum Thema Nachhaltigkeit? Dann nehmen Sie mit uns \u00fcber das unten stehende Formular Kontakt auf.","og_url":"https:\/\/www.peek-und-cloppenburg.de\/de\/unternehmen\/nachhaltigkeit\/nachhaltigkeit-kontakt\/","og_site_name":"Peek&amp;Cloppenburg Deutschland","article_publisher":"https:\/\/de-de.facebook.com\/peekundcloppenburg\/","article_modified_time":"2025-04-24T15:24:20+00:00","twitter_card":"summary_large_image","twitter_misc":{"Gesch\u00e4tzte Lesezeit":"1\u00a0Minute"},"schema":{"@context":"https:\/\/schema.org","@graph":[{"@type":"WebPage","@id":"https:\/\/www.peek-und-cloppenburg.de\/de\/unternehmen\/nachhaltigkeit\/nachhaltigkeit-kontakt\/","url":"https:\/\/www.peek-und-cloppenburg.de\/de\/unternehmen\/nachhaltigkeit\/nachhaltigkeit-kontakt\/","name":"Kontakt Nachhaltigkeit | Peek&Cloppenburg Hamburg","isPartOf":{"@id":"https:\/\/www.peek-und-cloppenburg.de\/de\/#website"},"datePublished":"2021-02-10T15:00:28+00:00","dateModified":"2025-04-24T15:24:20+00:00","description":"Haben Sie Fragen zum Thema Nachhaltigkeit? Dann nehmen Sie mit uns \u00fcber das unten stehende Formular Kontakt auf.","breadcrumb":{"@id":"https:\/\/www.peek-und-cloppenburg.de\/de\/unternehmen\/nachhaltigkeit\/nachhaltigkeit-kontakt\/#breadcrumb"},"inLanguage":"de","potentialAction":[{"@type":"ReadAction","target":["https:\/\/www.peek-und-cloppenburg.de\/de\/unternehmen\/nachhaltigkeit\/nachhaltigkeit-kontakt\/"]}]},{"@type":"BreadcrumbList","@id":"https:\/\/www.peek-und-cloppenburg.de\/de\/unternehmen\/nachhaltigkeit\/nachhaltigkeit-kontakt\/#breadcrumb","itemListElement":[{"@type":"ListItem","position":1,"name":"Startseite","item":"https:\/\/www.peek-und-cloppenburg.de\/de\/"},{"@type":"ListItem","position":2,"name":"Unternehmen","item":"https:\/\/www.peek-und-cloppenburg.de\/de\/unternehmen\/"},{"@type":"ListItem","position":3,"name":"Nachhaltigkeit","item":"https:\/\/www.peek-und-cloppenburg.de\/de\/unternehmen\/nachhaltigkeit\/"},{"@type":"ListItem","position":4,"name":"Nachhaltigkeit-Kontakt"}]},{"@type":"WebSite","@id":"https:\/\/www.peek-und-cloppenburg.de\/de\/#website","url":"https:\/\/www.peek-und-cloppenburg.de\/de\/","name":"Peek&Cloppenburg KG Hamburg","description":"Peek&amp;Cloppenburg KG Hamburg","publisher":{"@id":"https:\/\/www.peek-und-cloppenburg.de\/de\/#organization"},"potentialAction":[{"@type":"SearchAction","target":{"@type":"EntryPoint","urlTemplate":"https:\/\/www.peek-und-cloppenburg.de\/de\/?s={search_term_string}"},"query-input":{"@type":"PropertyValueSpecification","valueRequired":true,"valueName":"search_term_string"}}],"inLanguage":"de"},{"@type":"Organization","@id":"https:\/\/www.peek-und-cloppenburg.de\/de\/#organization","name":"Peek&Cloppenburg KG Hamburg","url":"https:\/\/www.peek-und-cloppenburg.de\/de\/","logo":{"@type":"ImageObject","inLanguage":"de","@id":"https:\/\/www.peek-und-cloppenburg.de\/de\/#\/schema\/logo\/image\/","url":"https:\/\/www.peek-und-cloppenburg.de\/de\/wp-content\/uploads\/sites\/7\/2020\/02\/logo_pc.svg","contentUrl":"https:\/\/www.peek-und-cloppenburg.de\/de\/wp-content\/uploads\/sites\/7\/2020\/02\/logo_pc.svg","width":"1024","height":"1024","caption":"Peek&Cloppenburg KG Hamburg"},"image":{"@id":"https:\/\/www.peek-und-cloppenburg.de\/de\/#\/schema\/logo\/image\/"},"sameAs":["https:\/\/de-de.facebook.com\/peekundcloppenburg\/","https:\/\/www.instagram.com\/vangraaf_de\/","https:\/\/www.youtube.com\/channel\/UCPdkk0FSUkdWYlzYtJpiUuw","https:\/\/www.snapchat.com\/add\/Pundckarriere"]}]}},"_links":{"self":[{"href":"https:\/\/www.peek-und-cloppenburg.de\/de\/wp-json\/wp\/v2\/pages\/672","targetHints":{"allow":["GET"]}}],"collection":[{"href":"https:\/\/www.peek-und-cloppenburg.de\/de\/wp-json\/wp\/v2\/pages"}],"about":[{"href":"https:\/\/www.peek-und-cloppenburg.de\/de\/wp-json\/wp\/v2\/types\/page"}],"author":[{"embeddable":true,"href":"https:\/\/www.peek-und-cloppenburg.de\/de\/wp-json\/wp\/v2\/users\/33"}],"replies":[{"embeddable":true,"href":"https:\/\/www.peek-und-cloppenburg.de\/de\/wp-json\/wp\/v2\/comments?post=672"}],"version-history":[{"count":7,"href":"https:\/\/www.peek-und-cloppenburg.de\/de\/wp-json\/wp\/v2\/pages\/672\/revisions"}],"predecessor-version":[{"id":995,"href":"https:\/\/www.peek-und-cloppenburg.de\/de\/wp-json\/wp\/v2\/pages\/672\/revisions\/995"}],"up":[{"embeddable":true,"href":"https:\/\/www.peek-und-cloppenburg.de\/de\/wp-json\/wp\/v2\/pages\/299"}],"wp:attachment":[{"href":"https:\/\/www.peek-und-cloppenburg.de\/de\/wp-json\/wp\/v2\/media?parent=672"}],"curies":[{"name":"wp","href":"https:\/\/api.w.org\/{rel}","templated":true}]}}