{"id":3583,"date":"2023-04-20T14:18:02","date_gmt":"2023-04-20T12:18:02","guid":{"rendered":"https:\/\/www.peek-und-cloppenburg.de\/de\/?page_id=3583"},"modified":"2024-07-24T14:54:07","modified_gmt":"2024-07-24T12:54:07","slug":"teilnahmebedingungen-instagram","status":"publish","type":"page","link":"https:\/\/www.peek-und-cloppenburg.de\/de\/teilnahmebedingungen-instagram\/","title":{"rendered":"Teilnahmebedingungen Gewinnspiele Instagram"},"content":{"rendered":"<div class=\"wpb-content-wrapper\">[vc_row][vc_column][\/vc_column][\/vc_row][vc_row][vc_column]\n        <div class=\"headlines headlines--center\" data-aos=\"fade-up\">\n            <div class=\"vc_row\">\n                <div class=\"vc_col-md-10 vc_col-md-offset-1 vc_col-lg-10 vc_col-lg-offset-1\"><span class=\"h6\">Teilnahmebedinungen<\/span><\/div>\n            <\/div>\n        <\/div>[vc_column_text]\r\n<p style=\"text-align: center\"><strong>Mit der Teilnahme an dem Gewinnspiel akzeptiert der:die Benutzer:in diese Teilnahmebedingungen.<\/strong><\/p>\r\n[\/vc_column_text][\/vc_column][\/vc_row][vc_row][vc_column][vc_column_text]<strong>VOLLST\u00c4NDIGE TEILNAHMEBEDINGUNGEN:<\/strong>\r\n\r\n<strong>1.<\/strong> An der Werbeaktion k\u00f6nnen in Deutschland ans\u00e4ssige Personen teilnehmen. Ausgeschlossen von der Teilnahme sind alle, die beruflich mit der Durchf\u00fchrung der Werbeaktion in Verbindung stehen.\r\n\r\n<strong>2.<\/strong> Zu gewinnen gibt es pro geloste:n Gewinner:in eine P&amp;C* Shoppingcard im Wert von 75,00 Euro.\r\n\r\n<strong>3.<\/strong> Teilnehmer:innen unter 18 Jahren sind von der Teilnahme ausgeschlossen.\r\n\r\n<strong>4.<\/strong> Die Teilnahme an dem Wettbewerb ist nicht an einen Kauf gebunden. Nicht jeder der zahlreichen Teilnehmer:innen wird einen Preis gewinnen.\r\n\r\n<strong>5.<\/strong> Die Werbeaktion beginnt ab der Ver\u00f6ffentlichung des Gewinnspiel-Story auf dem Instagram-Account @sophieberna am 01.03.2024 und endet am 07.03.2024 um 15 Uhr.\r\n\r\n<strong>6.<\/strong> F\u00fcr die Teilnahme ist ein Internetzugang erforderlich.\r\n\r\n<strong>7.<\/strong> Um an der Aktion teilzunehmen, muss auf www.peek-und-cloppenburg.de\/de\/gewinnspiel\/ die Gewinnspielfrage: \u201eWas ist die Trendfarbe 2024? A) Peach Fuzz B) Viva Magenta C) Very Peri\u201c richtig beantwortet werden.\r\n\r\n<strong>8.<\/strong> Die Gewinner:innen werden per Zufallsprinzip ermittelt und nach Ablauf des Teilnahmezeitraums am 07.03.2024 auf dem genannten Event bekannt gegeben bzw. \u00fcber den Gewinn informiert. Um die Gewinnbenachrichtigung zu erhalten, m\u00fcssen sich die Teilnehmenden ab 20 Uhr im Untergeschoss bei den dortigen P&amp;C* Mitarbeiter:innen melden. Dort werden sie vom m\u00f6glichen Gewinn benachrichtigt und bekommen diesen ausgeh\u00e4ndigt.\u00a0 Voraussetzung ist die vorherige Teilnahme \u00fcber das Gewinnspielformular.\r\n\r\n<strong>9.<\/strong> Alle Teilnahmeeinsendungen m\u00fcssen direkt von der Person ausgef\u00fchrt werden, die an der Werbeaktion teilnimmt. Beitr\u00e4ge, die \u00fcber das Internet mithilfe von Methoden wie Makros, Skripts oder anderen automatisierten Hilfsmitteln oder Verfahren vorgenommen werden, sind nicht erlaubt. Alle derartigen Beitr\u00e4ge werden von der Teilnahme ausgeschlossen.\r\n\r\n<strong>10.<\/strong> Der Veranstalter beh\u00e4lt sich das Recht vor, nach eigenem billigen Ermessen jede:n Teilnehmer:in auszuschlie\u00dfen, deren\/dessen Verhalten gegen den Geist der Teilnahmebedingungen oder die Absichten der Werbeaktion verst\u00f6\u00dft, und alle auf einem solchen Verhalten basierenden Teilnahmeeinsendungen f\u00fcr ung\u00fcltig zu erkl\u00e4ren.\r\n\r\n<strong>11.<\/strong> Der Gewinn kann weder ganz noch teilweise bar oder anderweitig ausgezahlt werden.\r\n\r\n<strong>12.<\/strong> Der Veranstalter beh\u00e4lt sich das Recht vor, einen Gewinn durch einen gleich- oder h\u00f6herwertigen Alternativpreis zu ersetzen.\r\n\r\n<strong>13.<\/strong> Sowohl Verlosung, Auslobung der Gewinner als auch Herausgabe des Gewinns finden am 07.03.2024 ab 20:00 Uhr vor Ort des genannten Events (P&amp;C* Store M\u00f6nckebergstra\u00dfe, UG) statt. Das Einsenden des Teilnahme-Formulars berechtigt lediglich zur Teilnahme des Gewinnspiels vor Ort.\r\n\r\n<strong>14.<\/strong> Die Teilnehmer:innen erkl\u00e4ren sich mit diesen Teilnahmebedingungen einverstanden. Durch ihre Teilnahme best\u00e4tigen die Teilnehmer:innen, dass sie mindestens 18 Jahre alt sind.\r\n\r\n<strong>15.<\/strong> Die Entscheidungen des Veranstalters sind endg\u00fcltig. Schriftwechsel sind ausgeschlossen.\r\n\r\n<strong>16.<\/strong> Der Veranstalter \u00fcbernimmt gegen\u00fcber den Teilnehmer:innen oder anderen Dritten keinerlei Haftung f\u00fcr Sch\u00e4den, die durch die Preise oder die Werbeaktion verursacht werden oder mit diesen in Zusammenhang stehen. Durch die Teilnahme erkennen die Teilnehmer:innen an, dass der Veranstalter im Falle eines Gewinns nicht f\u00fcr sich aus der Nutzung des Preises ergebende Verletzungen oder Sch\u00e4den verantwortlich ist.\r\n\r\n<strong>17.<\/strong> Durch die Teilnahme erkl\u00e4ren sich die Teilnehmer:innen damit einverstanden, dass ihre personenbezogenen Daten erfasst, verarbeitet und im Falle eines Gewinns durch die Influencerin ggf. ver\u00f6ffentlicht und an Lucky Shareman GmbH und Peek&amp;Cloppenburg Hamburg KG weitergeleitet werden.\r\n\r\n<strong>18.<\/strong> Diese Teilnahmebedingungen unterliegen dem f\u00fcr die Teilnehmer:innen geltenden lokalen Recht.\r\n\r\n<strong>19.<\/strong> Diese Promotion steht in keiner Verbindung zu Facebook \/ Instagram und wird in keiner Weise von Facebook \/ Instagram gesponsert, unterst\u00fctzt oder organisiert. Bei Teilnahme an diesem Wettbewerb stellen alle Teilnehmer Facebook von jeglichen Anspr\u00fcchen oder jeglicher Haftung im Zusammenhang mit dem Wettbewerb frei. Facebook steht nicht als Ansprechpartner f\u00fcr das Gewinnspiel zur Verf\u00fcgung.[\/vc_column_text][\/vc_column][\/vc_row]<\/div>","protected":false},"excerpt":{"rendered":"[vc_row][vc_column][\/vc_column][\/vc_row][vc_row][vc_column][vc_column_text] Mit der Teilnahme an dem Gewinnspiel akzeptiert der:die Benutzer:in diese Teilnahmebedingungen. [\/vc_column_text][\/vc_column][\/vc_row][vc_row][vc_column][vc_column_text]VOLLST\u00c4NDIGE TEILNAHMEBEDINGUNGEN: 1. An der Werbeaktion k\u00f6nnen in Deutschland ans\u00e4ssige Personen teilnehmen. Ausgeschlossen von der Teilnahme sind alle, die beruflich mit der Durchf\u00fchrung der Werbeaktion in Verbindung stehen. 2. Zu gewinnen gibt es pro geloste:n Gewinner:in eine P&amp;C* Shoppingcard im Wert von 75,00 [&hellip;]","protected":false},"author":30,"featured_media":0,"parent":0,"menu_order":0,"comment_status":"closed","ping_status":"closed","template":"","meta":{"_acf_changed":false,"inline_featured_image":false,"footnotes":""},"class_list":["post-3583","page","type-page","status-publish","hentry"],"acf":[],"yoast_head":"<!-- This site is optimized with the Yoast SEO plugin v27.2 - https:\/\/yoast.com\/product\/yoast-seo-wordpress\/ -->\n<title>Teilnahmebedingungen Gewinnspiele Instagram - Peek&amp;Cloppenburg KG Hamburg<\/title>\n<meta name=\"robots\" content=\"index, follow, max-snippet:-1, max-image-preview:large, max-video-preview:-1\" \/>\n<link rel=\"canonical\" href=\"https:\/\/www.peek-und-cloppenburg.de\/de\/teilnahmebedingungen-instagram\/\" \/>\n<meta property=\"og:locale\" content=\"de_DE\" \/>\n<meta property=\"og:type\" content=\"article\" \/>\n<meta property=\"og:title\" content=\"Teilnahmebedingungen Gewinnspiele Instagram - Peek&amp;Cloppenburg KG Hamburg\" \/>\n<meta property=\"og:description\" content=\"[vc_row][vc_column][\/vc_column][\/vc_row][vc_row][vc_column][vc_column_text] Mit der Teilnahme an dem Gewinnspiel akzeptiert der:die Benutzer:in diese Teilnahmebedingungen. [\/vc_column_text][\/vc_column][\/vc_row][vc_row][vc_column][vc_column_text]VOLLST\u00c4NDIGE TEILNAHMEBEDINGUNGEN: 1. An der Werbeaktion k\u00f6nnen in Deutschland ans\u00e4ssige Personen teilnehmen. Ausgeschlossen von der Teilnahme sind alle, die beruflich mit der Durchf\u00fchrung der Werbeaktion in Verbindung stehen. 2. Zu gewinnen gibt es pro geloste:n Gewinner:in eine P&amp;C* Shoppingcard im Wert von 75,00 [&hellip;]\" \/>\n<meta property=\"og:url\" content=\"https:\/\/www.peek-und-cloppenburg.de\/de\/teilnahmebedingungen-instagram\/\" \/>\n<meta property=\"og:site_name\" content=\"Peek&amp;Cloppenburg Deutschland\" \/>\n<meta property=\"article:publisher\" content=\"https:\/\/de-de.facebook.com\/peekundcloppenburg\/\" \/>\n<meta property=\"article:modified_time\" content=\"2024-07-24T12:54:07+00:00\" \/>\n<meta name=\"twitter:card\" content=\"summary_large_image\" \/>\n<meta name=\"twitter:label1\" content=\"Gesch\u00e4tzte Lesezeit\" \/>\n\t<meta name=\"twitter:data1\" content=\"4\u00a0Minuten\" \/>\n<script type=\"application\/ld+json\" class=\"yoast-schema-graph\">{\"@context\":\"https:\/\/schema.org\",\"@graph\":[{\"@type\":\"WebPage\",\"@id\":\"https:\/\/www.peek-und-cloppenburg.de\/de\/teilnahmebedingungen-instagram\/\",\"url\":\"https:\/\/www.peek-und-cloppenburg.de\/de\/teilnahmebedingungen-instagram\/\",\"name\":\"Teilnahmebedingungen Gewinnspiele Instagram - Peek&amp;Cloppenburg KG Hamburg\",\"isPartOf\":{\"@id\":\"https:\/\/www.peek-und-cloppenburg.de\/de\/#website\"},\"datePublished\":\"2023-04-20T12:18:02+00:00\",\"dateModified\":\"2024-07-24T12:54:07+00:00\",\"breadcrumb\":{\"@id\":\"https:\/\/www.peek-und-cloppenburg.de\/de\/teilnahmebedingungen-instagram\/#breadcrumb\"},\"inLanguage\":\"de\",\"potentialAction\":[{\"@type\":\"ReadAction\",\"target\":[\"https:\/\/www.peek-und-cloppenburg.de\/de\/teilnahmebedingungen-instagram\/\"]}]},{\"@type\":\"BreadcrumbList\",\"@id\":\"https:\/\/www.peek-und-cloppenburg.de\/de\/teilnahmebedingungen-instagram\/#breadcrumb\",\"itemListElement\":[{\"@type\":\"ListItem\",\"position\":1,\"name\":\"Startseite\",\"item\":\"https:\/\/www.peek-und-cloppenburg.de\/de\/\"},{\"@type\":\"ListItem\",\"position\":2,\"name\":\"Teilnahmebedingungen Gewinnspiele Instagram\"}]},{\"@type\":\"WebSite\",\"@id\":\"https:\/\/www.peek-und-cloppenburg.de\/de\/#website\",\"url\":\"https:\/\/www.peek-und-cloppenburg.de\/de\/\",\"name\":\"Peek&Cloppenburg KG Hamburg\",\"description\":\"Peek&amp;Cloppenburg KG Hamburg\",\"publisher\":{\"@id\":\"https:\/\/www.peek-und-cloppenburg.de\/de\/#organization\"},\"potentialAction\":[{\"@type\":\"SearchAction\",\"target\":{\"@type\":\"EntryPoint\",\"urlTemplate\":\"https:\/\/www.peek-und-cloppenburg.de\/de\/?s={search_term_string}\"},\"query-input\":{\"@type\":\"PropertyValueSpecification\",\"valueRequired\":true,\"valueName\":\"search_term_string\"}}],\"inLanguage\":\"de\"},{\"@type\":\"Organization\",\"@id\":\"https:\/\/www.peek-und-cloppenburg.de\/de\/#organization\",\"name\":\"Peek&Cloppenburg KG Hamburg\",\"url\":\"https:\/\/www.peek-und-cloppenburg.de\/de\/\",\"logo\":{\"@type\":\"ImageObject\",\"inLanguage\":\"de\",\"@id\":\"https:\/\/www.peek-und-cloppenburg.de\/de\/#\/schema\/logo\/image\/\",\"url\":\"https:\/\/www.peek-und-cloppenburg.de\/de\/wp-content\/uploads\/sites\/7\/2020\/02\/logo_pc.svg\",\"contentUrl\":\"https:\/\/www.peek-und-cloppenburg.de\/de\/wp-content\/uploads\/sites\/7\/2020\/02\/logo_pc.svg\",\"width\":\"1024\",\"height\":\"1024\",\"caption\":\"Peek&Cloppenburg KG Hamburg\"},\"image\":{\"@id\":\"https:\/\/www.peek-und-cloppenburg.de\/de\/#\/schema\/logo\/image\/\"},\"sameAs\":[\"https:\/\/de-de.facebook.com\/peekundcloppenburg\/\",\"https:\/\/www.instagram.com\/vangraaf_de\/\",\"https:\/\/www.youtube.com\/channel\/UCPdkk0FSUkdWYlzYtJpiUuw\",\"https:\/\/www.snapchat.com\/add\/Pundckarriere\"]}]}<\/script>\n<!-- \/ Yoast SEO plugin. -->","yoast_head_json":{"title":"Teilnahmebedingungen Gewinnspiele Instagram - Peek&amp;Cloppenburg KG Hamburg","robots":{"index":"index","follow":"follow","max-snippet":"max-snippet:-1","max-image-preview":"max-image-preview:large","max-video-preview":"max-video-preview:-1"},"canonical":"https:\/\/www.peek-und-cloppenburg.de\/de\/teilnahmebedingungen-instagram\/","og_locale":"de_DE","og_type":"article","og_title":"Teilnahmebedingungen Gewinnspiele Instagram - Peek&amp;Cloppenburg KG Hamburg","og_description":"[vc_row][vc_column][\/vc_column][\/vc_row][vc_row][vc_column][vc_column_text] Mit der Teilnahme an dem Gewinnspiel akzeptiert der:die Benutzer:in diese Teilnahmebedingungen. [\/vc_column_text][\/vc_column][\/vc_row][vc_row][vc_column][vc_column_text]VOLLST\u00c4NDIGE TEILNAHMEBEDINGUNGEN: 1. An der Werbeaktion k\u00f6nnen in Deutschland ans\u00e4ssige Personen teilnehmen. Ausgeschlossen von der Teilnahme sind alle, die beruflich mit der Durchf\u00fchrung der Werbeaktion in Verbindung stehen. 2. Zu gewinnen gibt es pro geloste:n Gewinner:in eine P&amp;C* Shoppingcard im Wert von 75,00 [&hellip;]","og_url":"https:\/\/www.peek-und-cloppenburg.de\/de\/teilnahmebedingungen-instagram\/","og_site_name":"Peek&amp;Cloppenburg Deutschland","article_publisher":"https:\/\/de-de.facebook.com\/peekundcloppenburg\/","article_modified_time":"2024-07-24T12:54:07+00:00","twitter_card":"summary_large_image","twitter_misc":{"Gesch\u00e4tzte Lesezeit":"4\u00a0Minuten"},"schema":{"@context":"https:\/\/schema.org","@graph":[{"@type":"WebPage","@id":"https:\/\/www.peek-und-cloppenburg.de\/de\/teilnahmebedingungen-instagram\/","url":"https:\/\/www.peek-und-cloppenburg.de\/de\/teilnahmebedingungen-instagram\/","name":"Teilnahmebedingungen Gewinnspiele Instagram - Peek&amp;Cloppenburg KG Hamburg","isPartOf":{"@id":"https:\/\/www.peek-und-cloppenburg.de\/de\/#website"},"datePublished":"2023-04-20T12:18:02+00:00","dateModified":"2024-07-24T12:54:07+00:00","breadcrumb":{"@id":"https:\/\/www.peek-und-cloppenburg.de\/de\/teilnahmebedingungen-instagram\/#breadcrumb"},"inLanguage":"de","potentialAction":[{"@type":"ReadAction","target":["https:\/\/www.peek-und-cloppenburg.de\/de\/teilnahmebedingungen-instagram\/"]}]},{"@type":"BreadcrumbList","@id":"https:\/\/www.peek-und-cloppenburg.de\/de\/teilnahmebedingungen-instagram\/#breadcrumb","itemListElement":[{"@type":"ListItem","position":1,"name":"Startseite","item":"https:\/\/www.peek-und-cloppenburg.de\/de\/"},{"@type":"ListItem","position":2,"name":"Teilnahmebedingungen Gewinnspiele Instagram"}]},{"@type":"WebSite","@id":"https:\/\/www.peek-und-cloppenburg.de\/de\/#website","url":"https:\/\/www.peek-und-cloppenburg.de\/de\/","name":"Peek&Cloppenburg KG Hamburg","description":"Peek&amp;Cloppenburg KG Hamburg","publisher":{"@id":"https:\/\/www.peek-und-cloppenburg.de\/de\/#organization"},"potentialAction":[{"@type":"SearchAction","target":{"@type":"EntryPoint","urlTemplate":"https:\/\/www.peek-und-cloppenburg.de\/de\/?s={search_term_string}"},"query-input":{"@type":"PropertyValueSpecification","valueRequired":true,"valueName":"search_term_string"}}],"inLanguage":"de"},{"@type":"Organization","@id":"https:\/\/www.peek-und-cloppenburg.de\/de\/#organization","name":"Peek&Cloppenburg KG Hamburg","url":"https:\/\/www.peek-und-cloppenburg.de\/de\/","logo":{"@type":"ImageObject","inLanguage":"de","@id":"https:\/\/www.peek-und-cloppenburg.de\/de\/#\/schema\/logo\/image\/","url":"https:\/\/www.peek-und-cloppenburg.de\/de\/wp-content\/uploads\/sites\/7\/2020\/02\/logo_pc.svg","contentUrl":"https:\/\/www.peek-und-cloppenburg.de\/de\/wp-content\/uploads\/sites\/7\/2020\/02\/logo_pc.svg","width":"1024","height":"1024","caption":"Peek&Cloppenburg KG Hamburg"},"image":{"@id":"https:\/\/www.peek-und-cloppenburg.de\/de\/#\/schema\/logo\/image\/"},"sameAs":["https:\/\/de-de.facebook.com\/peekundcloppenburg\/","https:\/\/www.instagram.com\/vangraaf_de\/","https:\/\/www.youtube.com\/channel\/UCPdkk0FSUkdWYlzYtJpiUuw","https:\/\/www.snapchat.com\/add\/Pundckarriere"]}]}},"_links":{"self":[{"href":"https:\/\/www.peek-und-cloppenburg.de\/de\/wp-json\/wp\/v2\/pages\/3583","targetHints":{"allow":["GET"]}}],"collection":[{"href":"https:\/\/www.peek-und-cloppenburg.de\/de\/wp-json\/wp\/v2\/pages"}],"about":[{"href":"https:\/\/www.peek-und-cloppenburg.de\/de\/wp-json\/wp\/v2\/types\/page"}],"author":[{"embeddable":true,"href":"https:\/\/www.peek-und-cloppenburg.de\/de\/wp-json\/wp\/v2\/users\/30"}],"replies":[{"embeddable":true,"href":"https:\/\/www.peek-und-cloppenburg.de\/de\/wp-json\/wp\/v2\/comments?post=3583"}],"version-history":[{"count":19,"href":"https:\/\/www.peek-und-cloppenburg.de\/de\/wp-json\/wp\/v2\/pages\/3583\/revisions"}],"predecessor-version":[{"id":8548,"href":"https:\/\/www.peek-und-cloppenburg.de\/de\/wp-json\/wp\/v2\/pages\/3583\/revisions\/8548"}],"wp:attachment":[{"href":"https:\/\/www.peek-und-cloppenburg.de\/de\/wp-json\/wp\/v2\/media?parent=3583"}],"curies":[{"name":"wp","href":"https:\/\/api.w.org\/{rel}","templated":true}]}}