{"id":3136,"date":"2022-10-27T15:23:07","date_gmt":"2022-10-27T13:23:07","guid":{"rendered":"https:\/\/www.peek-und-cloppenburg.de\/de\/?page_id=3136"},"modified":"2025-07-04T17:18:07","modified_gmt":"2025-07-04T15:18:07","slug":"verantwortung","status":"publish","type":"page","link":"https:\/\/www.peek-und-cloppenburg.de\/de\/unternehmen\/verantwortung\/","title":{"rendered":"Verantwortung"},"content":{"rendered":"<div class=\"wpb-content-wrapper\">[vc_row bwd_tbc4vd_show_weekday=&#8220;&#8220; full_width=&#8220;stretch_row_content_no_spaces&#8220;][vc_column]<div class=\"keyvisual\" data-aos=\"fade-up\" ><\/div>\n        <div class=\"headlines headlines--center\" data-aos=\"fade-up\">\n            <div class=\"vc_row\">\n                <div class=\"vc_col-md-10 vc_col-md-offset-1 vc_col-lg-10 vc_col-lg-offset-1\"><span class=\"h6\">Das Lieferkettensorgfaltspflichtengesetz<\/span><h1 class=\"h2\">Wir tragen Verantwortung<\/h1><\/div>\n            <\/div>\n        <\/div>[vc_column_text]\r\n<p style=\"text-align: center\">Seit \u00fcber 100 Jahren steht die Peek&amp;Cloppenburg* KG Hamburg f\u00fcr Qualit\u00e4t, denn &#8211; Qualit\u00e4t zieht an. Faires, korrektes und regelkonformes Verhalten hat f\u00fcr uns oberste Priorit\u00e4t.<\/p>\r\n<p style=\"text-align: center\">Wir setzen hohe Anspr\u00fcche an uns selbst und erf\u00fcllen diese schon seit langem mit einer Mitgliedschaft des Amfori BSCI, wir bewerten so unsere unmittelbaren Lieferanten gest\u00fctzt durch unangek\u00fcndigte Audits vor Ort.\r\nDas Lieferkettensorgfaltspflichtengesetz sehen wir nicht als Herausforderung, wir sehen es als Verantwortung unserer Umwelt und unseren Mitmenschen gegen\u00fcber an. Auf dieser Seite informieren wir \u00fcber unsere Lieferketten und schaffen Transparenz im Sinne des Gesetzes.<\/p>\r\n[\/vc_column_text][\/vc_column][\/vc_row][vc_row bwd_tbc4vd_show_weekday=&#8220;&#8220; el_class=&#8220;vg-padding&#8220;][vc_column]<div class=\"vg-element image-text-teaser image-text-teaser--right image-text-teaser--dark\" style=\"--season-color: #ffffff\" data-aos=\"fade-up\"><div class=\"vc_row vc_row-flex\"><div class=\"image-text-teaser__image vc_col-sm-4 vc_col-sm-push-8 vc_col-md-4 vc_col-md-push-8\"><img loading=\"lazy\" decoding=\"async\" width=\"400\" height=\"400\" src=\"https:\/\/www.peek-und-cloppenburg.de\/de\/wp-content\/uploads\/sites\/7\/2022\/11\/Grundsatzerklaerung.jpg\" class=\"vc_single_image-img\" alt=\"Mehrere Personen legen abwechselnd die H\u00e4nde \u00fcbereinander zu einer Team-Formenden Geste.\" srcset=\"https:\/\/www.peek-und-cloppenburg.de\/de\/wp-content\/uploads\/sites\/7\/2022\/11\/Grundsatzerklaerung.jpg 400w, https:\/\/www.peek-und-cloppenburg.de\/de\/wp-content\/uploads\/sites\/7\/2022\/11\/Grundsatzerklaerung-300x300.jpg 300w, https:\/\/www.peek-und-cloppenburg.de\/de\/wp-content\/uploads\/sites\/7\/2022\/11\/Grundsatzerklaerung-150x150.jpg 150w, https:\/\/www.peek-und-cloppenburg.de\/de\/wp-content\/uploads\/sites\/7\/2022\/11\/Grundsatzerklaerung-280x280.jpg 280w\" sizes=\"(max-width: 400px) 100vw, 400px\" \/><\/div><div class=\"vc_col-sm-8 vc_col-sm-pull-4 vc_col-md-8 vc_col-md-pull-4\"><div class=\"image-text-teaser__content-wrapper\"><div class=\"image-text-teaser__content\"><h3>Grundsatzerkla\u0308rung zu den Menschenrechten<\/h3><p>Die Peek&amp;Cloppenburg* KG Hamburg bekennt sich im gesamten Konzern zum Lieferkettensorgfaltspflichtengesetz (LkSG) und damit die Menschenrechte des Einzelnen zu achten, zu sch\u00fctzen und einzuhalten. Wir stehen zu dieser Verantwortung als Unternehmen unabh\u00e4ngig von der F\u00e4higkeit oder Bereitschaft der Produktionsl\u00e4nder, ihrer Pflicht zum Schutz der Menschenrechte nachzukommen.<\/p>\n<p><a class=\"link--arrow\" href=\"https:\/\/www.peek-und-cloppenburg.de\/de\/wp-content\/uploads\/sites\/7\/2021\/05\/Grundsatzerklaerung_zu_den_Menschenrechten_v2.pdf\" target=\"_blank\" rel=\"noopener\">Zur Grundsatzerkl\u00e4rung<\/a><\/p>\n<\/div><\/div><\/div><\/div><\/div><div class=\"vg-element image-text-teaser image-text-teaser--left image-text-teaser--dark\" style=\"--season-color: #ffffff\" data-aos=\"fade-up\"><div class=\"vc_row vc_row-flex\"><div class=\"image-text-teaser__image vc_col-sm-4 vc_col-md-4\"><img loading=\"lazy\" decoding=\"async\" width=\"400\" height=\"400\" src=\"https:\/\/www.peek-und-cloppenburg.de\/de\/wp-content\/uploads\/sites\/7\/2022\/01\/ImageTeaser_Miteinander_WP.jpg\" class=\"vc_single_image-img\" alt=\"Zwei Personen sitzen nebeneinander und l\u00e4cheln in die Kamera. Die Frau lehnt auf einem Stuhl, w\u00e4hrend der Mann locker dahinter sitzt.\" srcset=\"https:\/\/www.peek-und-cloppenburg.de\/de\/wp-content\/uploads\/sites\/7\/2022\/01\/ImageTeaser_Miteinander_WP.jpg 400w, https:\/\/www.peek-und-cloppenburg.de\/de\/wp-content\/uploads\/sites\/7\/2022\/01\/ImageTeaser_Miteinander_WP-300x300.jpg 300w, https:\/\/www.peek-und-cloppenburg.de\/de\/wp-content\/uploads\/sites\/7\/2022\/01\/ImageTeaser_Miteinander_WP-150x150.jpg 150w\" sizes=\"(max-width: 400px) 100vw, 400px\" \/><\/div><div class=\"vc_col-sm-8 vc_col-md-8\"><div class=\"image-text-teaser__content-wrapper\"><div class=\"image-text-teaser__content\"><h3>Unser Code of Conduct f\u00fcr Mitarbeiter:innen<\/h3><p>Auf dem starken Wertefundament unseres Unternehmens haben wir einen Verhaltenscodex aufgebaut, der als verbindliche Grundlage f\u00fcr das Handeln aller Mitarbeiter:innen bei Peek&amp;Cloppenburg* gilt. Wir sind davon \u00fcberzeugt, dass diese Grunds\u00e4tze schon lange in unserer Unternehmens-DNA verankert und in unserem t\u00e4glichen Miteinander zu sp\u00fcren sind.<br \/>\nDer Verhaltenscodex hilft uns, mit moralischen und ethischen Fragen umzugehen und st\u00e4rkt uns darin, im Sinne des Unternehmens und der Gesellschaft richtig zu handeln \u2013 heute wie in Zukunft.<\/p>\n<p><a class=\"link--arrow\" href=\"https:\/\/www.peek-und-cloppenburg.de\/de\/wp-content\/uploads\/sites\/7\/2021\/05\/Code-of-Conduct-PC_VG_DE_2024_EXT_MA.pdf\" target=\"_blank\" rel=\"noopener\">Zum Verhaltenskodex<\/a><\/p>\n<\/div><\/div><\/div><\/div><\/div><div class=\"vg-element image-text-teaser image-text-teaser--right image-text-teaser--dark\" style=\"--season-color: #ffffff\" data-aos=\"fade-up\"><div class=\"vc_row vc_row-flex\"><div class=\"image-text-teaser__image vc_col-sm-4 vc_col-sm-push-8 vc_col-md-4 vc_col-md-push-8\"><img loading=\"lazy\" decoding=\"async\" width=\"400\" height=\"400\" src=\"https:\/\/www.peek-und-cloppenburg.de\/de\/wp-content\/uploads\/sites\/7\/2021\/11\/ImageTeaser_Veranwortung_WP.jpg\" class=\"vc_single_image-img\" alt=\"Zwei Personen, von denen eine eine Hand mit einem Stift ausstreckt und ein Dokument h\u00e4lt, w\u00e4hrend die andere Person die H\u00e4nde gefaltet vor sich hat.\" srcset=\"https:\/\/www.peek-und-cloppenburg.de\/de\/wp-content\/uploads\/sites\/7\/2021\/11\/ImageTeaser_Veranwortung_WP.jpg 400w, https:\/\/www.peek-und-cloppenburg.de\/de\/wp-content\/uploads\/sites\/7\/2021\/11\/ImageTeaser_Veranwortung_WP-300x300.jpg 300w, https:\/\/www.peek-und-cloppenburg.de\/de\/wp-content\/uploads\/sites\/7\/2021\/11\/ImageTeaser_Veranwortung_WP-150x150.jpg 150w\" sizes=\"(max-width: 400px) 100vw, 400px\" \/><\/div><div class=\"vc_col-sm-8 vc_col-sm-pull-4 vc_col-md-8 vc_col-md-pull-4\"><div class=\"image-text-teaser__content-wrapper\"><div class=\"image-text-teaser__content\"><h3>Unser Code of Conduct f\u00fcr Lieferanten<\/h3><p>Wir legen Wert darauf, dass alle unsere T\u00e4tigkeiten von Ehrlichkeit, Transparenz, Zuverl\u00e4ssigkeit und Fairness gepr\u00e4gt sind. Das erwarten wir auch von unseren Dienstleistern und Gesch\u00e4ftspartnern. Deshalb verpflichten wir sie dazu, unseren Code of Conduct in allen Bereichen und Gesch\u00e4ftsbeziehungen einzuhalten.<br \/>\nF\u00fcr uns bei Peek&amp;Cloppenburg* Hamburg ist der Code of Conduct Ausdruck unserer Vision von Nachhaltigkeit und einer integren Unternehmensf\u00fchrung. Damit bekennen wir uns dazu, soziale wie ethische Verantwortung zu \u00fcbernehmen und daf\u00fcr einzustehen.<\/p>\n<p><a class=\"link--arrow\" href=\"https:\/\/www.peek-und-cloppenburg.de\/de\/wp-content\/uploads\/sites\/7\/2022\/02\/Code-of-Conduct-PC_VG_DE_2024_EXT_25.pdf\" target=\"_blank\" rel=\"noopener\">Zum Code of Conduct<\/a><\/p>\n<\/div><\/div><\/div><\/div><\/div><div class=\"vg-element image-text-teaser image-text-teaser--left image-text-teaser--dark\" style=\"--season-color: #ffffff\" data-aos=\"fade-up\"><div class=\"vc_row vc_row-flex\"><div class=\"image-text-teaser__image vc_col-sm-4 vc_col-md-4\"><img loading=\"lazy\" decoding=\"async\" width=\"400\" height=\"400\" src=\"https:\/\/www.peek-und-cloppenburg.de\/de\/wp-content\/uploads\/sites\/7\/2022\/11\/Qualitaet_1.jpg\" class=\"vc_single_image-img\" alt=\"Eine Person sitzt am Laptop und bekommt von einer anderen ein Dokument gereicht.\" srcset=\"https:\/\/www.peek-und-cloppenburg.de\/de\/wp-content\/uploads\/sites\/7\/2022\/11\/Qualitaet_1.jpg 400w, https:\/\/www.peek-und-cloppenburg.de\/de\/wp-content\/uploads\/sites\/7\/2022\/11\/Qualitaet_1-300x300.jpg 300w, https:\/\/www.peek-und-cloppenburg.de\/de\/wp-content\/uploads\/sites\/7\/2022\/11\/Qualitaet_1-150x150.jpg 150w, https:\/\/www.peek-und-cloppenburg.de\/de\/wp-content\/uploads\/sites\/7\/2022\/11\/Qualitaet_1-280x280.jpg 280w\" sizes=\"(max-width: 400px) 100vw, 400px\" \/><\/div><div class=\"vc_col-sm-8 vc_col-md-8\"><div class=\"image-text-teaser__content-wrapper\"><div class=\"image-text-teaser__content\"><h3>Hinweisgebersystem<\/h3><p>Seit \u00fcber 100 Jahren steht Peek&amp;Cloppenburg* KG Hamburg f\u00fcr Qualit\u00e4t, denn &#8211; Qualit\u00e4t zieht an. Faires, korrektes und regelkonformes Verhalten hat f\u00fcr uns oberste Priorit\u00e4t. Damit wir unserem hohen Anspruch gerecht werden k\u00f6nnen, ist es wichtig potentielles Fehlverhalten zu erkennen, zu analysieren und abzuschalten. Wir bieten mit dem Hinweisgebersystem die M\u00f6glichkeit, potentielles Fehlverhalten zu melden.<\/p>\n<p><a class=\"link--arrow\" href=\"https:\/\/prod.osapiens.cloud\/portal\/portal\/webbundle\/supplier-os-hub\/supplier-os-hub\/public-access-app\/complaint.html#\/public\/hub\/peek-und-cloppenburg\/DEFAULT\/complaint\/new\" target=\"_blank\" rel=\"noopener\">Das Hinweisgebersystem<\/a><\/p>\n<p><a class=\"link--arrow\" href=\"https:\/\/www.peek-und-cloppenburg.de\/de\/wp-content\/uploads\/sites\/7\/2021\/05\/Verfahrensordnung_Hinweisgebersystem_DE_v2.pdf\" target=\"_blank\" rel=\"noopener\">Die Verfahrensordnung<\/a><\/p>\n<\/div><\/div><\/div><\/div><\/div>[\/vc_column][\/vc_row]<\/div>","protected":false},"excerpt":{"rendered":"[vc_row bwd_tbc4vd_show_weekday=&#8220;&#8220; full_width=&#8220;stretch_row_content_no_spaces&#8220;][vc_column][vc_column_text] Seit \u00fcber 100 Jahren steht die Peek&amp;Cloppenburg* KG Hamburg f\u00fcr Qualit\u00e4t, denn &#8211; Qualit\u00e4t zieht an. Faires, korrektes und regelkonformes Verhalten hat f\u00fcr uns oberste Priorit\u00e4t. Wir setzen hohe Anspr\u00fcche an uns selbst und erf\u00fcllen diese schon seit langem mit einer Mitgliedschaft des Amfori BSCI, wir bewerten so unsere unmittelbaren Lieferanten gest\u00fctzt [&hellip;]","protected":false},"author":7,"featured_media":0,"parent":5,"menu_order":0,"comment_status":"closed","ping_status":"closed","template":"","meta":{"_acf_changed":false,"inline_featured_image":false,"footnotes":""},"class_list":["post-3136","page","type-page","status-publish","hentry"],"acf":[],"yoast_head":"<!-- This site is optimized with the Yoast SEO plugin v27.2 - https:\/\/yoast.com\/product\/yoast-seo-wordpress\/ -->\n<title>Verantwortung | Peek&amp;Cloppenburg Hamburg<\/title>\n<meta name=\"description\" content=\"Bei Peek&amp;Cloppenburg* KG Hamburg hat faires, korrektes und regelkonformes Verhalten mit Verantwortung oberste Priorit\u00e4t.\" \/>\n<meta name=\"robots\" content=\"index, follow, max-snippet:-1, max-image-preview:large, max-video-preview:-1\" \/>\n<link rel=\"canonical\" href=\"https:\/\/www.peek-und-cloppenburg.de\/de\/unternehmen\/verantwortung\/\" \/>\n<meta property=\"og:locale\" content=\"de_DE\" \/>\n<meta property=\"og:type\" content=\"article\" \/>\n<meta property=\"og:title\" content=\"Verantwortung | Peek&amp;Cloppenburg Hamburg\" \/>\n<meta property=\"og:description\" content=\"Bei Peek&amp;Cloppenburg* KG Hamburg hat faires, korrektes und regelkonformes Verhalten mit Verantwortung oberste Priorit\u00e4t.\" \/>\n<meta property=\"og:url\" content=\"https:\/\/www.peek-und-cloppenburg.de\/de\/unternehmen\/verantwortung\/\" \/>\n<meta property=\"og:site_name\" content=\"Peek&amp;Cloppenburg Deutschland\" \/>\n<meta property=\"article:publisher\" content=\"https:\/\/de-de.facebook.com\/peekundcloppenburg\/\" \/>\n<meta property=\"article:modified_time\" content=\"2025-07-04T15:18:07+00:00\" \/>\n<meta name=\"twitter:card\" content=\"summary_large_image\" \/>\n<meta name=\"twitter:label1\" content=\"Gesch\u00e4tzte Lesezeit\" \/>\n\t<meta name=\"twitter:data1\" content=\"3\u00a0Minuten\" \/>\n<script type=\"application\/ld+json\" class=\"yoast-schema-graph\">{\"@context\":\"https:\/\/schema.org\",\"@graph\":[{\"@type\":\"WebPage\",\"@id\":\"https:\/\/www.peek-und-cloppenburg.de\/de\/unternehmen\/verantwortung\/\",\"url\":\"https:\/\/www.peek-und-cloppenburg.de\/de\/unternehmen\/verantwortung\/\",\"name\":\"Verantwortung | Peek&Cloppenburg Hamburg\",\"isPartOf\":{\"@id\":\"https:\/\/www.peek-und-cloppenburg.de\/de\/#website\"},\"datePublished\":\"2022-10-27T13:23:07+00:00\",\"dateModified\":\"2025-07-04T15:18:07+00:00\",\"description\":\"Bei Peek&Cloppenburg* KG Hamburg hat faires, korrektes und regelkonformes Verhalten mit Verantwortung oberste Priorit\u00e4t.\",\"breadcrumb\":{\"@id\":\"https:\/\/www.peek-und-cloppenburg.de\/de\/unternehmen\/verantwortung\/#breadcrumb\"},\"inLanguage\":\"de\",\"potentialAction\":[{\"@type\":\"ReadAction\",\"target\":[\"https:\/\/www.peek-und-cloppenburg.de\/de\/unternehmen\/verantwortung\/\"]}]},{\"@type\":\"BreadcrumbList\",\"@id\":\"https:\/\/www.peek-und-cloppenburg.de\/de\/unternehmen\/verantwortung\/#breadcrumb\",\"itemListElement\":[{\"@type\":\"ListItem\",\"position\":1,\"name\":\"Startseite\",\"item\":\"https:\/\/www.peek-und-cloppenburg.de\/de\/\"},{\"@type\":\"ListItem\",\"position\":2,\"name\":\"Unternehmen\",\"item\":\"https:\/\/www.peek-und-cloppenburg.de\/de\/unternehmen\/\"},{\"@type\":\"ListItem\",\"position\":3,\"name\":\"Verantwortung\"}]},{\"@type\":\"WebSite\",\"@id\":\"https:\/\/www.peek-und-cloppenburg.de\/de\/#website\",\"url\":\"https:\/\/www.peek-und-cloppenburg.de\/de\/\",\"name\":\"Peek&Cloppenburg KG Hamburg\",\"description\":\"Peek&amp;Cloppenburg KG Hamburg\",\"publisher\":{\"@id\":\"https:\/\/www.peek-und-cloppenburg.de\/de\/#organization\"},\"potentialAction\":[{\"@type\":\"SearchAction\",\"target\":{\"@type\":\"EntryPoint\",\"urlTemplate\":\"https:\/\/www.peek-und-cloppenburg.de\/de\/?s={search_term_string}\"},\"query-input\":{\"@type\":\"PropertyValueSpecification\",\"valueRequired\":true,\"valueName\":\"search_term_string\"}}],\"inLanguage\":\"de\"},{\"@type\":\"Organization\",\"@id\":\"https:\/\/www.peek-und-cloppenburg.de\/de\/#organization\",\"name\":\"Peek&Cloppenburg KG Hamburg\",\"url\":\"https:\/\/www.peek-und-cloppenburg.de\/de\/\",\"logo\":{\"@type\":\"ImageObject\",\"inLanguage\":\"de\",\"@id\":\"https:\/\/www.peek-und-cloppenburg.de\/de\/#\/schema\/logo\/image\/\",\"url\":\"https:\/\/www.peek-und-cloppenburg.de\/de\/wp-content\/uploads\/sites\/7\/2020\/02\/logo_pc.svg\",\"contentUrl\":\"https:\/\/www.peek-und-cloppenburg.de\/de\/wp-content\/uploads\/sites\/7\/2020\/02\/logo_pc.svg\",\"width\":\"1024\",\"height\":\"1024\",\"caption\":\"Peek&Cloppenburg KG Hamburg\"},\"image\":{\"@id\":\"https:\/\/www.peek-und-cloppenburg.de\/de\/#\/schema\/logo\/image\/\"},\"sameAs\":[\"https:\/\/de-de.facebook.com\/peekundcloppenburg\/\",\"https:\/\/www.instagram.com\/vangraaf_de\/\",\"https:\/\/www.youtube.com\/channel\/UCPdkk0FSUkdWYlzYtJpiUuw\",\"https:\/\/www.snapchat.com\/add\/Pundckarriere\"]}]}<\/script>\n<!-- \/ Yoast SEO plugin. -->","yoast_head_json":{"title":"Verantwortung | Peek&Cloppenburg Hamburg","description":"Bei Peek&Cloppenburg* KG Hamburg hat faires, korrektes und regelkonformes Verhalten mit Verantwortung oberste Priorit\u00e4t.","robots":{"index":"index","follow":"follow","max-snippet":"max-snippet:-1","max-image-preview":"max-image-preview:large","max-video-preview":"max-video-preview:-1"},"canonical":"https:\/\/www.peek-und-cloppenburg.de\/de\/unternehmen\/verantwortung\/","og_locale":"de_DE","og_type":"article","og_title":"Verantwortung | Peek&Cloppenburg Hamburg","og_description":"Bei Peek&Cloppenburg* KG Hamburg hat faires, korrektes und regelkonformes Verhalten mit Verantwortung oberste Priorit\u00e4t.","og_url":"https:\/\/www.peek-und-cloppenburg.de\/de\/unternehmen\/verantwortung\/","og_site_name":"Peek&amp;Cloppenburg Deutschland","article_publisher":"https:\/\/de-de.facebook.com\/peekundcloppenburg\/","article_modified_time":"2025-07-04T15:18:07+00:00","twitter_card":"summary_large_image","twitter_misc":{"Gesch\u00e4tzte Lesezeit":"3\u00a0Minuten"},"schema":{"@context":"https:\/\/schema.org","@graph":[{"@type":"WebPage","@id":"https:\/\/www.peek-und-cloppenburg.de\/de\/unternehmen\/verantwortung\/","url":"https:\/\/www.peek-und-cloppenburg.de\/de\/unternehmen\/verantwortung\/","name":"Verantwortung | Peek&Cloppenburg Hamburg","isPartOf":{"@id":"https:\/\/www.peek-und-cloppenburg.de\/de\/#website"},"datePublished":"2022-10-27T13:23:07+00:00","dateModified":"2025-07-04T15:18:07+00:00","description":"Bei Peek&Cloppenburg* KG Hamburg hat faires, korrektes und regelkonformes Verhalten mit Verantwortung oberste Priorit\u00e4t.","breadcrumb":{"@id":"https:\/\/www.peek-und-cloppenburg.de\/de\/unternehmen\/verantwortung\/#breadcrumb"},"inLanguage":"de","potentialAction":[{"@type":"ReadAction","target":["https:\/\/www.peek-und-cloppenburg.de\/de\/unternehmen\/verantwortung\/"]}]},{"@type":"BreadcrumbList","@id":"https:\/\/www.peek-und-cloppenburg.de\/de\/unternehmen\/verantwortung\/#breadcrumb","itemListElement":[{"@type":"ListItem","position":1,"name":"Startseite","item":"https:\/\/www.peek-und-cloppenburg.de\/de\/"},{"@type":"ListItem","position":2,"name":"Unternehmen","item":"https:\/\/www.peek-und-cloppenburg.de\/de\/unternehmen\/"},{"@type":"ListItem","position":3,"name":"Verantwortung"}]},{"@type":"WebSite","@id":"https:\/\/www.peek-und-cloppenburg.de\/de\/#website","url":"https:\/\/www.peek-und-cloppenburg.de\/de\/","name":"Peek&Cloppenburg KG Hamburg","description":"Peek&amp;Cloppenburg KG Hamburg","publisher":{"@id":"https:\/\/www.peek-und-cloppenburg.de\/de\/#organization"},"potentialAction":[{"@type":"SearchAction","target":{"@type":"EntryPoint","urlTemplate":"https:\/\/www.peek-und-cloppenburg.de\/de\/?s={search_term_string}"},"query-input":{"@type":"PropertyValueSpecification","valueRequired":true,"valueName":"search_term_string"}}],"inLanguage":"de"},{"@type":"Organization","@id":"https:\/\/www.peek-und-cloppenburg.de\/de\/#organization","name":"Peek&Cloppenburg KG Hamburg","url":"https:\/\/www.peek-und-cloppenburg.de\/de\/","logo":{"@type":"ImageObject","inLanguage":"de","@id":"https:\/\/www.peek-und-cloppenburg.de\/de\/#\/schema\/logo\/image\/","url":"https:\/\/www.peek-und-cloppenburg.de\/de\/wp-content\/uploads\/sites\/7\/2020\/02\/logo_pc.svg","contentUrl":"https:\/\/www.peek-und-cloppenburg.de\/de\/wp-content\/uploads\/sites\/7\/2020\/02\/logo_pc.svg","width":"1024","height":"1024","caption":"Peek&Cloppenburg KG Hamburg"},"image":{"@id":"https:\/\/www.peek-und-cloppenburg.de\/de\/#\/schema\/logo\/image\/"},"sameAs":["https:\/\/de-de.facebook.com\/peekundcloppenburg\/","https:\/\/www.instagram.com\/vangraaf_de\/","https:\/\/www.youtube.com\/channel\/UCPdkk0FSUkdWYlzYtJpiUuw","https:\/\/www.snapchat.com\/add\/Pundckarriere"]}]}},"_links":{"self":[{"href":"https:\/\/www.peek-und-cloppenburg.de\/de\/wp-json\/wp\/v2\/pages\/3136","targetHints":{"allow":["GET"]}}],"collection":[{"href":"https:\/\/www.peek-und-cloppenburg.de\/de\/wp-json\/wp\/v2\/pages"}],"about":[{"href":"https:\/\/www.peek-und-cloppenburg.de\/de\/wp-json\/wp\/v2\/types\/page"}],"author":[{"embeddable":true,"href":"https:\/\/www.peek-und-cloppenburg.de\/de\/wp-json\/wp\/v2\/users\/7"}],"replies":[{"embeddable":true,"href":"https:\/\/www.peek-und-cloppenburg.de\/de\/wp-json\/wp\/v2\/comments?post=3136"}],"version-history":[{"count":39,"href":"https:\/\/www.peek-und-cloppenburg.de\/de\/wp-json\/wp\/v2\/pages\/3136\/revisions"}],"predecessor-version":[{"id":12152,"href":"https:\/\/www.peek-und-cloppenburg.de\/de\/wp-json\/wp\/v2\/pages\/3136\/revisions\/12152"}],"up":[{"embeddable":true,"href":"https:\/\/www.peek-und-cloppenburg.de\/de\/wp-json\/wp\/v2\/pages\/5"}],"wp:attachment":[{"href":"https:\/\/www.peek-und-cloppenburg.de\/de\/wp-json\/wp\/v2\/media?parent=3136"}],"curies":[{"name":"wp","href":"https:\/\/api.w.org\/{rel}","templated":true}]}}