{"id":2736,"date":"2022-03-20T17:43:18","date_gmt":"2022-03-20T16:43:18","guid":{"rendered":"https:\/\/www.peek-und-cloppenburg.de\/de\/?page_id=2736"},"modified":"2025-04-14T17:31:14","modified_gmt":"2025-04-14T15:31:14","slug":"fortbildung-zum-handelsfachwirt-fuer-berufspraktiker-mwd","status":"publish","type":"page","link":"https:\/\/www.peek-und-cloppenburg.de\/de\/karriere\/schueler\/ausbildung\/fortbildung-zum-handelsfachwirt-fuer-berufspraktiker-mwd\/","title":{"rendered":"Fortbildung zum Handelsfachwirt"},"content":{"rendered":"<div class=\"wpb-content-wrapper\">[vc_row bwd_tbc4vd_show_weekday=&#8220;&#8220; full_width=&#8220;stretch_row_content_no_spaces&#8220;][vc_column]<div class=\"keyvisual\" data-aos=\"fade-up\" ><img loading=\"lazy\" decoding=\"async\" width=\"1440\" height=\"480\" src=\"https:\/\/www.peek-und-cloppenburg.de\/de\/wp-content\/uploads\/sites\/7\/2022\/01\/M3_B_Schueler_039.jpg\" class=\"vc_single_image-img keyvisual__image--big\" alt=\"Ein Mann und eine Frau stehen lachend vor einem dunkelblauen Hintergrund. Der Mann tr\u00e4gt einen dunklen Anzug und eine Brille, die Frau ein hellblaues Kleid.\" srcset=\"https:\/\/www.peek-und-cloppenburg.de\/de\/wp-content\/uploads\/sites\/7\/2022\/01\/M3_B_Schueler_039.jpg 1440w, https:\/\/www.peek-und-cloppenburg.de\/de\/wp-content\/uploads\/sites\/7\/2022\/01\/M3_B_Schueler_039-300x100.jpg 300w, https:\/\/www.peek-und-cloppenburg.de\/de\/wp-content\/uploads\/sites\/7\/2022\/01\/M3_B_Schueler_039-1024x341.jpg 1024w, https:\/\/www.peek-und-cloppenburg.de\/de\/wp-content\/uploads\/sites\/7\/2022\/01\/M3_B_Schueler_039-768x256.jpg 768w, https:\/\/www.peek-und-cloppenburg.de\/de\/wp-content\/uploads\/sites\/7\/2022\/01\/M3_B_Schueler_039-1200x400.jpg 1200w, https:\/\/www.peek-und-cloppenburg.de\/de\/wp-content\/uploads\/sites\/7\/2022\/01\/M3_B_Schueler_039-992x331.jpg 992w, https:\/\/www.peek-und-cloppenburg.de\/de\/wp-content\/uploads\/sites\/7\/2022\/01\/M3_B_Schueler_039-480x160.jpg 480w, https:\/\/www.peek-und-cloppenburg.de\/de\/wp-content\/uploads\/sites\/7\/2022\/01\/M3_B_Schueler_039-690x230.jpg 690w\" sizes=\"(max-width: 1440px) 100vw, 1440px\" \/><img loading=\"lazy\" decoding=\"async\" width=\"768\" height=\"250\" src=\"https:\/\/www.peek-und-cloppenburg.de\/de\/wp-content\/uploads\/sites\/7\/2022\/01\/M3_B_Schueler_039-1.jpg\" class=\"vc_single_image-img keyvisual__image--small\" alt=\"Ein l\u00e4chelnder Mann in einem dunklen Anzug steht neben einer l\u00e4chelnden Frau in einem blauen Kleid vor einem blauen Hintergrund.\" srcset=\"https:\/\/www.peek-und-cloppenburg.de\/de\/wp-content\/uploads\/sites\/7\/2022\/01\/M3_B_Schueler_039-1.jpg 768w, https:\/\/www.peek-und-cloppenburg.de\/de\/wp-content\/uploads\/sites\/7\/2022\/01\/M3_B_Schueler_039-1-300x98.jpg 300w, https:\/\/www.peek-und-cloppenburg.de\/de\/wp-content\/uploads\/sites\/7\/2022\/01\/M3_B_Schueler_039-1-480x156.jpg 480w, https:\/\/www.peek-und-cloppenburg.de\/de\/wp-content\/uploads\/sites\/7\/2022\/01\/M3_B_Schueler_039-1-690x225.jpg 690w\" sizes=\"(max-width: 768px) 100vw, 768px\" \/><\/div>\n        <div class=\"headlines headlines--center\" data-aos=\"fade-up\">\n            <div class=\"vc_row\">\n                <div class=\"vc_col-md-10 vc_col-md-offset-1 vc_col-lg-10 vc_col-lg-offset-1\"><span class=\"h6\">Menschen &amp; F\u00fchrung<\/span><h1 class=\"h2\">Die Fortbildung zum Handelsfachwirt bei Peek&amp;Cloppenburg* (w\/m\/d)<\/h1><\/div>\n            <\/div>\n        <\/div>[vc_column_text]\r\n<p style=\"text-align: center\">Mit der 18-monatigen Fortbildung zum Handelsfachwirt (m\/w\/d) startest Du direkt bei Peek&amp;Cloppenburg* durch. Du erweiterst Deine kaufm\u00e4nnische Ausbildung und Berufserfahrung und machst mit der Fortbildung Deinen n\u00e4chsten Schritt in Richtung F\u00fchrungskarriere.<\/p>\r\n[\/vc_column_text]<div class=\"vg-element icon-teaser icon-teaser--underneath\" data-aos=\"fade-up\"><div class=\"vc_row\"><div class=\"vc_col-md-10 vc_col-md-offset-1\"><div class=\"vc_row icon-teaser__items\"><div class=\"icon-teaser__item vc_col-xs-12 vc_col-sm-4\"><div class=\"icon-teaser__item__inner\"><div class=\"icon-teaser__item__icon\"><img loading=\"lazy\" decoding=\"async\" width=\"1\" height=\"1\" src=\"https:\/\/www.peek-und-cloppenburg.de\/de\/wp-content\/uploads\/sites\/7\/2022\/01\/fahne.svg\" class=\"attachment-full size-full\" alt=\"\" \/><\/div><div class=\"icon-teaser__item__content\"><h3>Start<\/h3><p>Deine Fortbildung beginnt im Januar eines jeden Jahres.<\/p><\/div><\/div><\/div><div class=\"icon-teaser__item vc_col-xs-12 vc_col-sm-4\"><div class=\"icon-teaser__item__inner\"><div class=\"icon-teaser__item__icon\"><img loading=\"lazy\" decoding=\"async\" width=\"1\" height=\"1\" src=\"https:\/\/www.peek-und-cloppenburg.de\/de\/wp-content\/uploads\/sites\/7\/2022\/01\/clock.svg\" class=\"attachment-full size-full\" alt=\"\" \/><\/div><div class=\"icon-teaser__item__content\"><h3>Dauer<\/h3><p>Die Fortbildung umfasst einen Zeitraum von 18 Monaten.<\/p><\/div><\/div><\/div><div class=\"icon-teaser__item vc_col-xs-12 vc_col-sm-4\"><div class=\"icon-teaser__item__inner\"><div class=\"icon-teaser__item__icon\"><img loading=\"lazy\" decoding=\"async\" width=\"1\" height=\"1\" src=\"https:\/\/www.peek-und-cloppenburg.de\/de\/wp-content\/uploads\/sites\/7\/2021\/05\/ihk-pruefung.svg\" class=\"attachment-full size-full\" alt=\"\" \/><\/div><div class=\"icon-teaser__item__content\"><h3>Pr\u00fcfung<\/h3><p>Die Abschlusspr\u00fcfung legst Du vor der IHK ab.<\/p><\/div><\/div><\/div><\/div><\/div><\/div><\/div>[\/vc_column][\/vc_row][vc_row][vc_column][vc_column_text]\r\n<h3>Das erwartet Dich in der Fortbildung zum Handelsfachwirt (m\/w\/d)<\/h3>\r\nMitarbeiterf\u00fchrung, Verkaufszahlenanalyse, Kundenberatung: In Deiner dualen Fortbildung zum Handelsfachwirt (w\/m\/d) bereiten wir Dich erfolgreich auf Deinen Job als angehende F\u00fchrungskraft bei Peek&amp;Cloppenburg* vor. Schon w\u00e4hrend Deiner Fortbildung \u00fcbernimmst Du verantwortungsvolle Aufgaben im Verkauf und entwickelst Dich \u201eon-the-job\u201c in Deine zuk\u00fcnftige F\u00fchrungsrolle hinein.\r\n\r\nW\u00e4hrend Deiner 18-monatigen Fortbildung lernst Du alle Schnittstellen kennen, die f\u00fcr Deinen zuk\u00fcnftige Rolle als Junior-Abteilungsleiter:in relevant sind. Als angehende F\u00fchrungskraft f\u00f6rdern wir Deine F\u00fchrungskompetenzen mit unseren internen Seminaren und Workshops. Erg\u00e4nzend zu Deinen Praxis-Eins\u00e4tzen werden Dir alle wichtigen theoretischen Inhalte in intensiven Blockseminaren im Bildungszentrum des Einzelhandels (BZE) in Springe bei Hannover vermittelt.[\/vc_column_text][vc_column_text]\r\n<h3>Dein Profil<\/h3>\r\nDu hast Deine kaufm\u00e4nnische Ausbildung erfolgreich abgeschlossen und m\u00f6chtest nun Dein Verst\u00e4ndnis f\u00fcr wirtschaftliche Zusammenh\u00e4nge weiter sch\u00e4rfen. Mit Deiner Leidenschaft f\u00fcr den Fashion-Retail m\u00f6chtest Du zuk\u00fcnftig erfolgreich ein Team f\u00fchren und die Umsatzverantwortung Deiner eigenen Abteilung \u00fcbernehmen. Bei der Standortwahl unserer Stores bist Du flexibel und erh\u00f6hst damit Deine Karriere-Perspektiven.[\/vc_column_text][vc_column_text]\r\n<h3>Deine Perspektiven<\/h3>\r\nNach dem erfolgreichen Abschluss Deiner Fortbildung steigst Du direkt als Junior-Abteilungsleiter:in ein und f\u00fchrst Deine eigene Abteilung bei Peek&amp;Cloppenburg*.\r\n\r\nSofern Du \u00fcber eine Fachhochschulreife verf\u00fcgst, kannst Du Dich nach erfolgreich abgeschlossener Fortbildung f\u00fcr unser berufsbegleitendes Fernstudium der Betriebswirtschaft (Bachelor of Arts) an unserer Partner-Institution SRH Fernhochschule bewerben.[\/vc_column_text][vc_column_text]\r\n<p style=\"text-align: center\"><a class=\"button button--primary\" href=\"https:\/\/www.peek-und-cloppenburg.de\/de\/karriere\/jobs\/stellenangebote\/stellenangebote.html?filter[taetigkeit_id]=8&amp;filter[aufgabengebiet_id]=6\" target=\"_blank\" rel=\"noopener\">Jetzt bewerben<\/a><\/p>\r\n[\/vc_column_text][\/vc_column][\/vc_row][vc_row bwd_tbc4vd_show_weekday=&#8220;&#8220; full_width=&#8220;stretch_row_content_no_spaces&#8220; equal_height=&#8220;&#8220; row_design=&#8220;row_square_background&#8220;][vc_column]\n        <div class=\"headlines headlines--center\" data-aos=\"fade-up\">\n            <div class=\"vc_row\">\n                <div class=\"vc_col-md-10 vc_col-md-offset-1 vc_col-lg-10 vc_col-lg-offset-1\"><h2 class=\"h2\">Ausbildung bei Peek&amp;Cloppenburg*<\/h2><\/div>\n            <\/div>\n        <\/div>[vc_row_inner bwd_tbc4vd_show_weekday=&#8220;&#8220; row_design=&#8220;row_square_background&#8220;][vc_column_inner width=&#8220;1\/3&#8243;]<div class=\"vg-element cta-teaser cta-teaser--center\" data-aos=\"fade-up\"><div class=\"cta-teaser__image\"><a class=\"\" href=\"https:\/\/www.peek-und-cloppenburg.de\/de\/karriere\/kontakt\/\" target=\"_self\" rel=\"\" style=\"\"><img loading=\"lazy\" decoding=\"async\" width=\"380\" height=\"254\" src=\"https:\/\/www.peek-und-cloppenburg.de\/de\/wp-content\/uploads\/sites\/7\/2022\/02\/M11_I_PORTRAITS_TRAINER_034.jpg\" class=\"vc_single_image-img attachment-full\" alt=\"Eine l\u00e4chelnde Frau mit langen braunen Haaren in einem gestreiften Blazer vor einem dunkelblauen Hintergrund.\" title=\"Jana Blomeyer Peek und Cloppenburg Hamburg\" srcset=\"https:\/\/www.peek-und-cloppenburg.de\/de\/wp-content\/uploads\/sites\/7\/2022\/02\/M11_I_PORTRAITS_TRAINER_034.jpg 380w, https:\/\/www.peek-und-cloppenburg.de\/de\/wp-content\/uploads\/sites\/7\/2022\/02\/M11_I_PORTRAITS_TRAINER_034-300x201.jpg 300w\" sizes=\"(max-width: 380px) 100vw, 380px\" \/><\/a><\/div><div class=\"cta-teaser__text\"><h3>Kontakt<\/h3><p>Du hast Fragen zur Ausbildung bei Peek&amp;Cloppenburg*? Dann melde Dich direkt bei Jana: +49 40 33967-274<\/p><a class=\"button\" href=\"https:\/\/www.peek-und-cloppenburg.de\/de\/karriere\/kontakt\/\" target=\"_self\" rel=\"\" style=\"\">E-Mail senden<\/a><\/div><\/div>[\/vc_column_inner][vc_column_inner width=&#8220;1\/3&#8243;]<div class=\"vg-element cta-teaser cta-teaser--center\" data-aos=\"fade-up\"><div class=\"cta-teaser__image\"><a class=\"\" href=\"https:\/\/www.peek-und-cloppenburg.de\/de\/karriere\/schueler\/seminare-workshops\/\" target=\"_self\" rel=\"\" style=\"\"><img loading=\"lazy\" decoding=\"async\" width=\"380\" height=\"254\" src=\"https:\/\/www.peek-und-cloppenburg.de\/de\/wp-content\/uploads\/sites\/7\/2022\/02\/M9_Q_VK_ZENTRALEE-COMMERCE_052-1.jpg\" class=\"vc_single_image-img attachment-full\" alt=\"Ein l\u00e4chelnder Mann in einem roten Kapuzenpullover h\u00e4lt einen Zettel mit der Aufschrift &quot;Smile!&quot; auf der Stirn.\" title=\"Seminare und Workshops Peek und Cloppenburg Hamburg\" srcset=\"https:\/\/www.peek-und-cloppenburg.de\/de\/wp-content\/uploads\/sites\/7\/2022\/02\/M9_Q_VK_ZENTRALEE-COMMERCE_052-1.jpg 380w, https:\/\/www.peek-und-cloppenburg.de\/de\/wp-content\/uploads\/sites\/7\/2022\/02\/M9_Q_VK_ZENTRALEE-COMMERCE_052-1-300x201.jpg 300w\" sizes=\"(max-width: 380px) 100vw, 380px\" \/><\/a><\/div><div class=\"cta-teaser__text\"><h3>Seminare &amp; Workshop<\/h3><p>Mit vielen Seminaren und Workshops machen wir Dich fit f\u00fcr Deine Zukunft bei Peek&amp;Cloppenburg*.<\/p><a class=\"button\" href=\"https:\/\/www.peek-und-cloppenburg.de\/de\/karriere\/schueler\/seminare-workshops\/\" target=\"_self\" rel=\"\" style=\"\">Mehr erfahren<\/a><\/div><\/div>[\/vc_column_inner][vc_column_inner width=&#8220;1\/3&#8243;]<div class=\"vg-element cta-teaser cta-teaser--center\" data-aos=\"fade-up\"><div class=\"cta-teaser__image\"><a class=\"\" href=\"https:\/\/www.peek-und-cloppenburg.de\/de\/karriere\/kontakt\/\" target=\"_self\" rel=\"\" style=\"\"><img loading=\"lazy\" decoding=\"async\" width=\"380\" height=\"254\" src=\"https:\/\/www.peek-und-cloppenburg.de\/de\/wp-content\/uploads\/sites\/7\/2022\/03\/Lisa.jpg\" class=\"vc_single_image-img attachment-full\" alt=\"Eine l\u00e4chelnde Frau mit langen blonden Haaren, die ein hellblaues Sakko und eine wei\u00dfe Bluse tr\u00e4gt, vor einem dunklen Hintergrund.\" title=\"Lisa Falkenecker Peek und Cloppenburg Hamburg\" srcset=\"https:\/\/www.peek-und-cloppenburg.de\/de\/wp-content\/uploads\/sites\/7\/2022\/03\/Lisa.jpg 380w, https:\/\/www.peek-und-cloppenburg.de\/de\/wp-content\/uploads\/sites\/7\/2022\/03\/Lisa-300x201.jpg 300w\" sizes=\"(max-width: 380px) 100vw, 380px\" \/><\/a><\/div><div class=\"cta-teaser__text\"><h3>Kontakt<\/h3><p>Du hast Fragen zur Ausbildung bei Peek&amp;Cloppenburg*? Dann melde Dich direkt bei Lisa: +49 40 33967-373<\/p><a class=\"button\" href=\"https:\/\/www.peek-und-cloppenburg.de\/de\/karriere\/kontakt\/\" target=\"_self\" rel=\"\" style=\"\">E-Mail senden<\/a><\/div><\/div>[\/vc_column_inner][\/vc_row_inner][\/vc_column][\/vc_row]<\/div>","protected":false},"excerpt":{"rendered":"[vc_row bwd_tbc4vd_show_weekday=&#8220;&#8220; full_width=&#8220;stretch_row_content_no_spaces&#8220;][vc_column][vc_column_text] Mit der 18-monatigen Fortbildung zum Handelsfachwirt (m\/w\/d) startest Du direkt bei Peek&amp;Cloppenburg* durch. Du erweiterst Deine kaufm\u00e4nnische Ausbildung und Berufserfahrung und machst mit der Fortbildung Deinen n\u00e4chsten Schritt in Richtung F\u00fchrungskarriere. [\/vc_column_text][\/vc_column][\/vc_row][vc_row][vc_column][vc_column_text] Das erwartet Dich in der Fortbildung zum Handelsfachwirt (m\/w\/d) Mitarbeiterf\u00fchrung, Verkaufszahlenanalyse, Kundenberatung: In Deiner dualen Fortbildung zum Handelsfachwirt (w\/m\/d) bereiten [&hellip;]","protected":false},"author":33,"featured_media":0,"parent":1580,"menu_order":0,"comment_status":"closed","ping_status":"closed","template":"","meta":{"_acf_changed":false,"inline_featured_image":false,"footnotes":""},"class_list":["post-2736","page","type-page","status-publish","hentry"],"acf":[],"yoast_head":"<!-- This site is optimized with the Yoast SEO plugin v27.2 - https:\/\/yoast.com\/product\/yoast-seo-wordpress\/ -->\n<title>Fortbildung Handelsfachwirt | Peek&amp;Cloppenburg<\/title>\n<meta name=\"description\" content=\"Du m\u00f6chtest den n\u00e4chsten Schritt in Richtung F\u00fchrung im Einzelhandel machen? Absolviere bei uns die Fortbildung zum Handelsfachwirt (m\/w\/d)!\" \/>\n<meta name=\"robots\" content=\"index, follow, max-snippet:-1, max-image-preview:large, max-video-preview:-1\" \/>\n<link rel=\"canonical\" href=\"https:\/\/www.peek-und-cloppenburg.de\/de\/karriere\/schueler\/ausbildung\/fortbildung-zum-handelsfachwirt-fuer-berufspraktiker-mwd\/\" \/>\n<meta property=\"og:locale\" content=\"de_DE\" \/>\n<meta property=\"og:type\" content=\"article\" \/>\n<meta property=\"og:title\" content=\"Fortbildung Handelsfachwirt | Peek&amp;Cloppenburg\" \/>\n<meta property=\"og:description\" content=\"Du m\u00f6chtest den n\u00e4chsten Schritt in Richtung F\u00fchrung im Einzelhandel machen? Absolviere bei uns die Fortbildung zum Handelsfachwirt (m\/w\/d)!\" \/>\n<meta property=\"og:url\" content=\"https:\/\/www.peek-und-cloppenburg.de\/de\/karriere\/schueler\/ausbildung\/fortbildung-zum-handelsfachwirt-fuer-berufspraktiker-mwd\/\" \/>\n<meta property=\"og:site_name\" content=\"Peek&amp;Cloppenburg Deutschland\" \/>\n<meta property=\"article:publisher\" content=\"https:\/\/de-de.facebook.com\/peekundcloppenburg\/\" \/>\n<meta property=\"article:modified_time\" content=\"2025-04-14T15:31:14+00:00\" \/>\n<meta name=\"twitter:card\" content=\"summary_large_image\" \/>\n<meta name=\"twitter:label1\" content=\"Gesch\u00e4tzte Lesezeit\" \/>\n\t<meta name=\"twitter:data1\" content=\"2\u00a0Minuten\" \/>\n<script type=\"application\/ld+json\" class=\"yoast-schema-graph\">{\"@context\":\"https:\/\/schema.org\",\"@graph\":[{\"@type\":\"WebPage\",\"@id\":\"https:\/\/www.peek-und-cloppenburg.de\/de\/karriere\/schueler\/ausbildung\/fortbildung-zum-handelsfachwirt-fuer-berufspraktiker-mwd\/\",\"url\":\"https:\/\/www.peek-und-cloppenburg.de\/de\/karriere\/schueler\/ausbildung\/fortbildung-zum-handelsfachwirt-fuer-berufspraktiker-mwd\/\",\"name\":\"Fortbildung Handelsfachwirt | Peek&Cloppenburg\",\"isPartOf\":{\"@id\":\"https:\/\/www.peek-und-cloppenburg.de\/de\/#website\"},\"datePublished\":\"2022-03-20T16:43:18+00:00\",\"dateModified\":\"2025-04-14T15:31:14+00:00\",\"description\":\"Du m\u00f6chtest den n\u00e4chsten Schritt in Richtung F\u00fchrung im Einzelhandel machen? Absolviere bei uns die Fortbildung zum Handelsfachwirt (m\/w\/d)!\",\"breadcrumb\":{\"@id\":\"https:\/\/www.peek-und-cloppenburg.de\/de\/karriere\/schueler\/ausbildung\/fortbildung-zum-handelsfachwirt-fuer-berufspraktiker-mwd\/#breadcrumb\"},\"inLanguage\":\"de\",\"potentialAction\":[{\"@type\":\"ReadAction\",\"target\":[\"https:\/\/www.peek-und-cloppenburg.de\/de\/karriere\/schueler\/ausbildung\/fortbildung-zum-handelsfachwirt-fuer-berufspraktiker-mwd\/\"]}]},{\"@type\":\"BreadcrumbList\",\"@id\":\"https:\/\/www.peek-und-cloppenburg.de\/de\/karriere\/schueler\/ausbildung\/fortbildung-zum-handelsfachwirt-fuer-berufspraktiker-mwd\/#breadcrumb\",\"itemListElement\":[{\"@type\":\"ListItem\",\"position\":1,\"name\":\"Startseite\",\"item\":\"https:\/\/www.peek-und-cloppenburg.de\/de\/\"},{\"@type\":\"ListItem\",\"position\":2,\"name\":\"Karriere\",\"item\":\"https:\/\/www.peek-und-cloppenburg.de\/de\/karriere\/\"},{\"@type\":\"ListItem\",\"position\":3,\"name\":\"Sch\u00fcler:innen\",\"item\":\"https:\/\/www.peek-und-cloppenburg.de\/de\/karriere\/schueler\/\"},{\"@type\":\"ListItem\",\"position\":4,\"name\":\"Ausbildung\",\"item\":\"https:\/\/www.peek-und-cloppenburg.de\/de\/karriere\/schueler\/ausbildung\/\"},{\"@type\":\"ListItem\",\"position\":5,\"name\":\"Fortbildung zum Handelsfachwirt\"}]},{\"@type\":\"WebSite\",\"@id\":\"https:\/\/www.peek-und-cloppenburg.de\/de\/#website\",\"url\":\"https:\/\/www.peek-und-cloppenburg.de\/de\/\",\"name\":\"Peek&Cloppenburg KG Hamburg\",\"description\":\"Peek&amp;Cloppenburg KG Hamburg\",\"publisher\":{\"@id\":\"https:\/\/www.peek-und-cloppenburg.de\/de\/#organization\"},\"potentialAction\":[{\"@type\":\"SearchAction\",\"target\":{\"@type\":\"EntryPoint\",\"urlTemplate\":\"https:\/\/www.peek-und-cloppenburg.de\/de\/?s={search_term_string}\"},\"query-input\":{\"@type\":\"PropertyValueSpecification\",\"valueRequired\":true,\"valueName\":\"search_term_string\"}}],\"inLanguage\":\"de\"},{\"@type\":\"Organization\",\"@id\":\"https:\/\/www.peek-und-cloppenburg.de\/de\/#organization\",\"name\":\"Peek&Cloppenburg KG Hamburg\",\"url\":\"https:\/\/www.peek-und-cloppenburg.de\/de\/\",\"logo\":{\"@type\":\"ImageObject\",\"inLanguage\":\"de\",\"@id\":\"https:\/\/www.peek-und-cloppenburg.de\/de\/#\/schema\/logo\/image\/\",\"url\":\"https:\/\/www.peek-und-cloppenburg.de\/de\/wp-content\/uploads\/sites\/7\/2020\/02\/logo_pc.svg\",\"contentUrl\":\"https:\/\/www.peek-und-cloppenburg.de\/de\/wp-content\/uploads\/sites\/7\/2020\/02\/logo_pc.svg\",\"width\":\"1024\",\"height\":\"1024\",\"caption\":\"Peek&Cloppenburg KG Hamburg\"},\"image\":{\"@id\":\"https:\/\/www.peek-und-cloppenburg.de\/de\/#\/schema\/logo\/image\/\"},\"sameAs\":[\"https:\/\/de-de.facebook.com\/peekundcloppenburg\/\",\"https:\/\/www.instagram.com\/vangraaf_de\/\",\"https:\/\/www.youtube.com\/channel\/UCPdkk0FSUkdWYlzYtJpiUuw\",\"https:\/\/www.snapchat.com\/add\/Pundckarriere\"]}]}<\/script>\n<!-- \/ Yoast SEO plugin. -->","yoast_head_json":{"title":"Fortbildung Handelsfachwirt | Peek&Cloppenburg","description":"Du m\u00f6chtest den n\u00e4chsten Schritt in Richtung F\u00fchrung im Einzelhandel machen? Absolviere bei uns die Fortbildung zum Handelsfachwirt (m\/w\/d)!","robots":{"index":"index","follow":"follow","max-snippet":"max-snippet:-1","max-image-preview":"max-image-preview:large","max-video-preview":"max-video-preview:-1"},"canonical":"https:\/\/www.peek-und-cloppenburg.de\/de\/karriere\/schueler\/ausbildung\/fortbildung-zum-handelsfachwirt-fuer-berufspraktiker-mwd\/","og_locale":"de_DE","og_type":"article","og_title":"Fortbildung Handelsfachwirt | Peek&Cloppenburg","og_description":"Du m\u00f6chtest den n\u00e4chsten Schritt in Richtung F\u00fchrung im Einzelhandel machen? Absolviere bei uns die Fortbildung zum Handelsfachwirt (m\/w\/d)!","og_url":"https:\/\/www.peek-und-cloppenburg.de\/de\/karriere\/schueler\/ausbildung\/fortbildung-zum-handelsfachwirt-fuer-berufspraktiker-mwd\/","og_site_name":"Peek&amp;Cloppenburg Deutschland","article_publisher":"https:\/\/de-de.facebook.com\/peekundcloppenburg\/","article_modified_time":"2025-04-14T15:31:14+00:00","twitter_card":"summary_large_image","twitter_misc":{"Gesch\u00e4tzte Lesezeit":"2\u00a0Minuten"},"schema":{"@context":"https:\/\/schema.org","@graph":[{"@type":"WebPage","@id":"https:\/\/www.peek-und-cloppenburg.de\/de\/karriere\/schueler\/ausbildung\/fortbildung-zum-handelsfachwirt-fuer-berufspraktiker-mwd\/","url":"https:\/\/www.peek-und-cloppenburg.de\/de\/karriere\/schueler\/ausbildung\/fortbildung-zum-handelsfachwirt-fuer-berufspraktiker-mwd\/","name":"Fortbildung Handelsfachwirt | Peek&Cloppenburg","isPartOf":{"@id":"https:\/\/www.peek-und-cloppenburg.de\/de\/#website"},"datePublished":"2022-03-20T16:43:18+00:00","dateModified":"2025-04-14T15:31:14+00:00","description":"Du m\u00f6chtest den n\u00e4chsten Schritt in Richtung F\u00fchrung im Einzelhandel machen? Absolviere bei uns die Fortbildung zum Handelsfachwirt (m\/w\/d)!","breadcrumb":{"@id":"https:\/\/www.peek-und-cloppenburg.de\/de\/karriere\/schueler\/ausbildung\/fortbildung-zum-handelsfachwirt-fuer-berufspraktiker-mwd\/#breadcrumb"},"inLanguage":"de","potentialAction":[{"@type":"ReadAction","target":["https:\/\/www.peek-und-cloppenburg.de\/de\/karriere\/schueler\/ausbildung\/fortbildung-zum-handelsfachwirt-fuer-berufspraktiker-mwd\/"]}]},{"@type":"BreadcrumbList","@id":"https:\/\/www.peek-und-cloppenburg.de\/de\/karriere\/schueler\/ausbildung\/fortbildung-zum-handelsfachwirt-fuer-berufspraktiker-mwd\/#breadcrumb","itemListElement":[{"@type":"ListItem","position":1,"name":"Startseite","item":"https:\/\/www.peek-und-cloppenburg.de\/de\/"},{"@type":"ListItem","position":2,"name":"Karriere","item":"https:\/\/www.peek-und-cloppenburg.de\/de\/karriere\/"},{"@type":"ListItem","position":3,"name":"Sch\u00fcler:innen","item":"https:\/\/www.peek-und-cloppenburg.de\/de\/karriere\/schueler\/"},{"@type":"ListItem","position":4,"name":"Ausbildung","item":"https:\/\/www.peek-und-cloppenburg.de\/de\/karriere\/schueler\/ausbildung\/"},{"@type":"ListItem","position":5,"name":"Fortbildung zum Handelsfachwirt"}]},{"@type":"WebSite","@id":"https:\/\/www.peek-und-cloppenburg.de\/de\/#website","url":"https:\/\/www.peek-und-cloppenburg.de\/de\/","name":"Peek&Cloppenburg KG Hamburg","description":"Peek&amp;Cloppenburg KG Hamburg","publisher":{"@id":"https:\/\/www.peek-und-cloppenburg.de\/de\/#organization"},"potentialAction":[{"@type":"SearchAction","target":{"@type":"EntryPoint","urlTemplate":"https:\/\/www.peek-und-cloppenburg.de\/de\/?s={search_term_string}"},"query-input":{"@type":"PropertyValueSpecification","valueRequired":true,"valueName":"search_term_string"}}],"inLanguage":"de"},{"@type":"Organization","@id":"https:\/\/www.peek-und-cloppenburg.de\/de\/#organization","name":"Peek&Cloppenburg KG Hamburg","url":"https:\/\/www.peek-und-cloppenburg.de\/de\/","logo":{"@type":"ImageObject","inLanguage":"de","@id":"https:\/\/www.peek-und-cloppenburg.de\/de\/#\/schema\/logo\/image\/","url":"https:\/\/www.peek-und-cloppenburg.de\/de\/wp-content\/uploads\/sites\/7\/2020\/02\/logo_pc.svg","contentUrl":"https:\/\/www.peek-und-cloppenburg.de\/de\/wp-content\/uploads\/sites\/7\/2020\/02\/logo_pc.svg","width":"1024","height":"1024","caption":"Peek&Cloppenburg KG Hamburg"},"image":{"@id":"https:\/\/www.peek-und-cloppenburg.de\/de\/#\/schema\/logo\/image\/"},"sameAs":["https:\/\/de-de.facebook.com\/peekundcloppenburg\/","https:\/\/www.instagram.com\/vangraaf_de\/","https:\/\/www.youtube.com\/channel\/UCPdkk0FSUkdWYlzYtJpiUuw","https:\/\/www.snapchat.com\/add\/Pundckarriere"]}]}},"_links":{"self":[{"href":"https:\/\/www.peek-und-cloppenburg.de\/de\/wp-json\/wp\/v2\/pages\/2736","targetHints":{"allow":["GET"]}}],"collection":[{"href":"https:\/\/www.peek-und-cloppenburg.de\/de\/wp-json\/wp\/v2\/pages"}],"about":[{"href":"https:\/\/www.peek-und-cloppenburg.de\/de\/wp-json\/wp\/v2\/types\/page"}],"author":[{"embeddable":true,"href":"https:\/\/www.peek-und-cloppenburg.de\/de\/wp-json\/wp\/v2\/users\/33"}],"replies":[{"embeddable":true,"href":"https:\/\/www.peek-und-cloppenburg.de\/de\/wp-json\/wp\/v2\/comments?post=2736"}],"version-history":[{"count":11,"href":"https:\/\/www.peek-und-cloppenburg.de\/de\/wp-json\/wp\/v2\/pages\/2736\/revisions"}],"predecessor-version":[{"id":3561,"href":"https:\/\/www.peek-und-cloppenburg.de\/de\/wp-json\/wp\/v2\/pages\/2736\/revisions\/3561"}],"up":[{"embeddable":true,"href":"https:\/\/www.peek-und-cloppenburg.de\/de\/wp-json\/wp\/v2\/pages\/1580"}],"wp:attachment":[{"href":"https:\/\/www.peek-und-cloppenburg.de\/de\/wp-json\/wp\/v2\/media?parent=2736"}],"curies":[{"name":"wp","href":"https:\/\/api.w.org\/{rel}","templated":true}]}}