{"id":2544,"date":"2022-03-11T15:15:31","date_gmt":"2022-03-11T14:15:31","guid":{"rendered":"https:\/\/www.peek-und-cloppenburg.de\/de\/?page_id=2544"},"modified":"2026-02-24T18:16:43","modified_gmt":"2026-02-24T17:16:43","slug":"kaufmann-fuer-bueromanagement-mwd","status":"publish","type":"page","link":"https:\/\/www.peek-und-cloppenburg.de\/de\/karriere\/schueler\/ausbildung\/kaufmann-fuer-bueromanagement-mwd\/","title":{"rendered":"Ausbildung zum Kaufmann f\u00fcr B\u00fcromanagement (m\/w\/d)"},"content":{"rendered":"<div class=\"wpb-content-wrapper\">[vc_row bwd_tbc4vd_show_weekday=&#8220;&#8220; full_width=&#8220;stretch_row_content_no_spaces&#8220;][vc_column]<div class=\"keyvisual\" data-aos=\"fade-up\" ><img loading=\"lazy\" decoding=\"async\" width=\"1440\" height=\"480\" src=\"https:\/\/www.peek-und-cloppenburg.de\/de\/wp-content\/uploads\/sites\/7\/2022\/01\/M3_B_Schueler_039.jpg\" class=\"vc_single_image-img keyvisual__image--big\" alt=\"Ein Mann und eine Frau stehen lachend vor einem dunkelblauen Hintergrund. Der Mann tr\u00e4gt einen dunklen Anzug und eine Brille, die Frau ein hellblaues Kleid.\" srcset=\"https:\/\/www.peek-und-cloppenburg.de\/de\/wp-content\/uploads\/sites\/7\/2022\/01\/M3_B_Schueler_039.jpg 1440w, https:\/\/www.peek-und-cloppenburg.de\/de\/wp-content\/uploads\/sites\/7\/2022\/01\/M3_B_Schueler_039-300x100.jpg 300w, https:\/\/www.peek-und-cloppenburg.de\/de\/wp-content\/uploads\/sites\/7\/2022\/01\/M3_B_Schueler_039-1024x341.jpg 1024w, https:\/\/www.peek-und-cloppenburg.de\/de\/wp-content\/uploads\/sites\/7\/2022\/01\/M3_B_Schueler_039-768x256.jpg 768w, https:\/\/www.peek-und-cloppenburg.de\/de\/wp-content\/uploads\/sites\/7\/2022\/01\/M3_B_Schueler_039-1200x400.jpg 1200w, https:\/\/www.peek-und-cloppenburg.de\/de\/wp-content\/uploads\/sites\/7\/2022\/01\/M3_B_Schueler_039-992x331.jpg 992w, https:\/\/www.peek-und-cloppenburg.de\/de\/wp-content\/uploads\/sites\/7\/2022\/01\/M3_B_Schueler_039-480x160.jpg 480w, https:\/\/www.peek-und-cloppenburg.de\/de\/wp-content\/uploads\/sites\/7\/2022\/01\/M3_B_Schueler_039-690x230.jpg 690w\" sizes=\"(max-width: 1440px) 100vw, 1440px\" \/><img loading=\"lazy\" decoding=\"async\" width=\"768\" height=\"250\" src=\"https:\/\/www.peek-und-cloppenburg.de\/de\/wp-content\/uploads\/sites\/7\/2022\/01\/M3_B_Schueler_039-1.jpg\" class=\"vc_single_image-img keyvisual__image--small\" alt=\"Ein l\u00e4chelnder Mann in einem dunklen Anzug steht neben einer l\u00e4chelnden Frau in einem blauen Kleid vor einem blauen Hintergrund.\" srcset=\"https:\/\/www.peek-und-cloppenburg.de\/de\/wp-content\/uploads\/sites\/7\/2022\/01\/M3_B_Schueler_039-1.jpg 768w, https:\/\/www.peek-und-cloppenburg.de\/de\/wp-content\/uploads\/sites\/7\/2022\/01\/M3_B_Schueler_039-1-300x98.jpg 300w, https:\/\/www.peek-und-cloppenburg.de\/de\/wp-content\/uploads\/sites\/7\/2022\/01\/M3_B_Schueler_039-1-480x156.jpg 480w, https:\/\/www.peek-und-cloppenburg.de\/de\/wp-content\/uploads\/sites\/7\/2022\/01\/M3_B_Schueler_039-1-690x225.jpg 690w\" sizes=\"(max-width: 768px) 100vw, 768px\" \/><\/div>\n        <div class=\"headlines headlines--center\" data-aos=\"fade-up\">\n            <div class=\"vc_row\">\n                <div class=\"vc_col-md-10 vc_col-md-offset-1 vc_col-lg-10 vc_col-lg-offset-1\"><span class=\"h6\">B\u00fcro &amp; Organisation<\/span><h1 class=\"h2\">Ausbildung zum Kaufmann f\u00fcr B\u00fcromanagement (w\/m\/d)<\/h1><\/div>\n            <\/div>\n        <\/div>[vc_column_text]\r\n<p style=\"text-align: center\">In der Ausbildung zum Kaufmann f\u00fcr B\u00fcromanagement (w\/m\/d) sind Abwechslung und Vielfalt garantiert. Schnell einen Lieferanten-Termin vorbereiten, Bewerber:innen empfangen und dann erfolgreich die Buchhaltung vorbereiten? Wir bilden Dich erstklassig in unseren verschiedenen Zentralbereichen aus und geben Dir viele spannende Aufgaben an die Hand, an denen Du weiter wachsen kannst.<\/p>\r\n[\/vc_column_text]<div class=\"vg-element icon-teaser icon-teaser--underneath\" data-aos=\"fade-up\"><div class=\"vc_row\"><div class=\"vc_col-md-10 vc_col-md-offset-1\"><div class=\"vc_row icon-teaser__items\"><div class=\"icon-teaser__item vc_col-xs-12 vc_col-sm-4\"><div class=\"icon-teaser__item__inner\"><div class=\"icon-teaser__item__icon\"><img loading=\"lazy\" decoding=\"async\" width=\"1\" height=\"1\" src=\"https:\/\/www.peek-und-cloppenburg.de\/de\/wp-content\/uploads\/sites\/7\/2022\/01\/fahne.svg\" class=\"attachment-full size-full\" alt=\"\" \/><\/div><div class=\"icon-teaser__item__content\"><h3>Start<\/h3><p>Du startest Deine Ausbildung im August.<\/p><\/div><\/div><\/div><div class=\"icon-teaser__item vc_col-xs-12 vc_col-sm-4\"><div class=\"icon-teaser__item__inner\"><div class=\"icon-teaser__item__icon\"><img loading=\"lazy\" decoding=\"async\" width=\"1\" height=\"1\" src=\"https:\/\/www.peek-und-cloppenburg.de\/de\/wp-content\/uploads\/sites\/7\/2022\/01\/clock.svg\" class=\"attachment-full size-full\" alt=\"\" \/><\/div><div class=\"icon-teaser__item__content\"><h3>Dauer<\/h3><p>Die Ausbildung dauert drei Jahre.<\/p><\/div><\/div><\/div><div class=\"icon-teaser__item vc_col-xs-12 vc_col-sm-4\"><div class=\"icon-teaser__item__inner\"><div class=\"icon-teaser__item__icon\"><img loading=\"lazy\" decoding=\"async\" width=\"1\" height=\"1\" src=\"https:\/\/www.peek-und-cloppenburg.de\/de\/wp-content\/uploads\/sites\/7\/2021\/05\/ihk-pruefung.svg\" class=\"attachment-full size-full\" alt=\"\" \/><\/div><div class=\"icon-teaser__item__content\"><h3>Pr\u00fcfung<\/h3><p>Die Abschlusspr\u00fcfung legst Du vor der IHK ab.<\/p><\/div><\/div><\/div><\/div><\/div><\/div><\/div>[\/vc_column][\/vc_row][vc_row][vc_column][vc_column_text]\r\n<h3>Das erwartet Dich in der Ausbildung<\/h3>\r\nAls Kaufmann f\u00fcr B\u00fcromanagement (w\/m\/d) lernst Du in anspruchsvollen Eins\u00e4tzen viele spannende Abl\u00e4ufe und Prozesse im internationalen Omnichannel-Retail kennen. Daf\u00fcr wirst Du in unserer Zentrale in den Bereichen Einkauf, Finanzbuchhaltung und Personal eingesetzt. Wir bringen Dir im jeweiligen Bereich alles bei, was Du f\u00fcr eine erfolgreiche Ausbildung brauchst. Dazu z\u00e4hlen zum Beispiel die Organisation vielseitiger B\u00fcroprozesse, Sichten von Bewerbungen, Rechnungsbuchung und die erfolgreiche Kommunikation mit Gesch\u00e4ftspartner:innen. Eine abwechslungsreiche Ausbildung, in der jeder Tag anders ist![\/vc_column_text][vc_column_text]\r\n<h3>Dein Profil<\/h3>\r\nF\u00fcr die Ausbildung zum B\u00fcrokaufmann (w\/m\/d) hast Du die (Fach-) Hochschulreife oder die Mittlere Reife mit guten Abschlussergebnissen erreicht. Du bist kommunikationsstark, hast Spa\u00df an Zahlen und m\u00f6chtest Dein Organisationstalent in einer vielf\u00e4ltigen Ausbildung einsetzen. Du kannst Dich sowohl in Deutsch als auch in Englisch sicher ausdr\u00fccken und bist fit am Computer.[\/vc_column_text][vc_column_text]\r\n<h3>Deine Perspektiven<\/h3>\r\nNach dem erfolgreichen Abschluss Deiner Ausbildung wartet ein spannender Jobeinstieg in einem unserer Zentral-Bereiche mit viel Potential zur Weiterentwicklung auf Dich.[\/vc_column_text][vc_column_text]\r\n<p style=\"text-align: center\"><a class=\"button button--primary\" href=\"https:\/\/www.peek-und-cloppenburg.de\/de\/karriere\/jobs\/stellenangebote\/stellenangebote.html?filter[taetigkeit_id]=8&amp;filter[aufgabengebiet_id]=47\" target=\"_blank\" rel=\"noopener\">Jetzt bewerben<\/a><\/p>\r\n[\/vc_column_text][\/vc_column][\/vc_row][vc_row][vc_column]\n        <div class=\"headlines headlines--center\" data-aos=\"fade-up\">\n            <div class=\"vc_row\">\n                <div class=\"vc_col-md-10 vc_col-md-offset-1 vc_col-lg-10 vc_col-lg-offset-1\"><h2 class=\"h2\">Top Benefits in der Ausbildung<\/h2><\/div>\n            <\/div>\n        <\/div><div class=\"vg-element icon-teaser icon-teaser--right\" data-aos=\"fade-up\"><div class=\"vc_row icon-teaser__items\"><div class=\"icon-teaser__item vc_col-md-4\"><div class=\"icon-teaser__item__inner\"><div class=\"icon-teaser__item__icon\"><img loading=\"lazy\" decoding=\"async\" width=\"1\" height=\"1\" src=\"https:\/\/www.peek-und-cloppenburg.de\/de\/wp-content\/uploads\/sites\/7\/2022\/01\/unternehmenskultur.svg\" class=\"attachment-full size-full\" alt=\"\" \/><\/div><div class=\"icon-teaser__item__content\"><h4>Unternehmenskultur<\/h4><p>Tolles Team, Spa\u00df im Job und viel Platz zum wachsen.<\/p><\/div><\/div><\/div><div class=\"icon-teaser__item vc_col-md-4\"><div class=\"icon-teaser__item__inner\"><div class=\"icon-teaser__item__icon\"><img loading=\"lazy\" decoding=\"async\" width=\"1\" height=\"1\" src=\"https:\/\/www.peek-und-cloppenburg.de\/de\/wp-content\/uploads\/sites\/7\/2022\/01\/trainingswelt.svg\" class=\"attachment-full size-full\" alt=\"\" \/><\/div><div class=\"icon-teaser__item__content\"><h4>Workshops & Seminare<\/h4><p>Mit unserem vielf\u00e4ltigen Angebot machen wir Dich fit f\u00fcr Deine Zukunft.<\/p><\/div><\/div><\/div><div class=\"icon-teaser__item vc_col-md-4\"><div class=\"icon-teaser__item__inner\"><div class=\"icon-teaser__item__icon\"><img loading=\"lazy\" decoding=\"async\" width=\"1\" height=\"1\" src=\"https:\/\/www.peek-und-cloppenburg.de\/de\/wp-content\/uploads\/sites\/7\/2022\/01\/mitarbeiterrabatte.svg\" class=\"attachment-full size-full\" alt=\"\" \/><\/div><div class=\"icon-teaser__item__content\"><h4>Shoppen nach Herzenslust<\/h4><p>Shoppe mit attraktiven Rabatten station\u00e4r und online auf VANGRAAF.COM.<\/p><\/div><\/div><\/div><div class=\"icon-teaser__item vc_col-md-4\"><div class=\"icon-teaser__item__inner\"><div class=\"icon-teaser__item__icon\"><img loading=\"lazy\" decoding=\"async\" width=\"1\" height=\"1\" src=\"https:\/\/www.peek-und-cloppenburg.de\/de\/wp-content\/uploads\/sites\/7\/2022\/01\/benefits.svg\" class=\"attachment-full size-full\" alt=\"\" \/><\/div><div class=\"icon-teaser__item__content\"><h4>Dein P&C Outfit<\/h4><p> Individuelle Arbeitsoutfits zum Ausbildungsstart.<\/p><\/div><\/div><\/div><div class=\"icon-teaser__item vc_col-md-4\"><div class=\"icon-teaser__item__inner\"><div class=\"icon-teaser__item__icon\"><img loading=\"lazy\" decoding=\"async\" width=\"1\" height=\"1\" src=\"https:\/\/www.peek-und-cloppenburg.de\/de\/wp-content\/uploads\/sites\/7\/2022\/01\/holiday.svg\" class=\"attachment-full size-full\" alt=\"\" \/><\/div><div class=\"icon-teaser__item__content\"><h4> Urlaubstage<\/h4><p>Sechs Wochen Erholungsurlaub f\u00fcr Deine perfekte Auszeit.<\/p><\/div><\/div><\/div><\/div><div class=\"icon-teaser__cta\"><a class=\"button\" href=\"https:\/\/www.peek-und-cloppenburg.de\/de\/karriere\/wir\/benefits\/\" target=\"_self\" rel=\"\" style=\"\">Alle Benefits entdecken<\/a><\/div><\/div>[\/vc_column][\/vc_row][vc_row bwd_tbc4vd_show_weekday=&#8220;&#8220; full_width=&#8220;stretch_row_content_no_spaces&#8220; equal_height=&#8220;&#8220; row_design=&#8220;row_square_background&#8220;][vc_column]\n        <div class=\"headlines headlines--center\" data-aos=\"fade-up\">\n            <div class=\"vc_row\">\n                <div class=\"vc_col-md-10 vc_col-md-offset-1 vc_col-lg-10 vc_col-lg-offset-1\"><h2 class=\"h2\">Ausbildung bei Peek&amp;Cloppenburg*<\/h2><\/div>\n            <\/div>\n        <\/div>[vc_row_inner bwd_tbc4vd_show_weekday=&#8220;&#8220; row_design=&#8220;row_square_background&#8220;][vc_column_inner width=&#8220;1\/3&#8243;]<div class=\"vg-element cta-teaser cta-teaser--center\" data-aos=\"fade-up\"><div class=\"cta-teaser__image\"><a class=\"\" href=\"https:\/\/www.peek-und-cloppenburg.de\/de\/karriere\/kontakt\/\" target=\"_self\" rel=\"\" style=\"\"><img loading=\"lazy\" decoding=\"async\" width=\"380\" height=\"254\" src=\"https:\/\/www.peek-und-cloppenburg.de\/de\/wp-content\/uploads\/sites\/7\/2023\/02\/Rhena_Grasdiek_Karriere_CTA_Teaser_WP.jpg\" class=\"vc_single_image-img attachment-full\" alt=\"Eine l\u00e4chelnde junge Frau mit langen braunen Haaren vor einem dunkelblauen Hintergrund.\" title=\"Rhena_Grasdiek_Karriere_CTA_Teaser_WP\" srcset=\"https:\/\/www.peek-und-cloppenburg.de\/de\/wp-content\/uploads\/sites\/7\/2023\/02\/Rhena_Grasdiek_Karriere_CTA_Teaser_WP.jpg 380w, https:\/\/www.peek-und-cloppenburg.de\/de\/wp-content\/uploads\/sites\/7\/2023\/02\/Rhena_Grasdiek_Karriere_CTA_Teaser_WP-300x201.jpg 300w\" sizes=\"(max-width: 380px) 100vw, 380px\" \/><\/a><\/div><div class=\"cta-teaser__text\"><h3>Kontakt<\/h3><p>Du hast Fragen zur Ausbildung bei Peek&amp;Cloppenburg*? Dann melde Dich direkt bei Rhena: +49 1609 0182241<\/p><a class=\"button\" href=\"https:\/\/www.peek-und-cloppenburg.de\/de\/karriere\/kontakt\/\" target=\"_self\" rel=\"\" style=\"\">E-Mail senden<\/a><\/div><\/div>[\/vc_column_inner][vc_column_inner width=&#8220;1\/3&#8243;]<div class=\"vg-element cta-teaser cta-teaser--center\" data-aos=\"fade-up\"><div class=\"cta-teaser__image\"><a class=\"\" href=\"https:\/\/www.peek-und-cloppenburg.de\/de\/karriere\/richtig-bewerben\/bewerbungstipps\/\" target=\"_self\" rel=\"\" style=\"\"><img loading=\"lazy\" decoding=\"async\" width=\"380\" height=\"254\" src=\"https:\/\/www.peek-und-cloppenburg.de\/de\/wp-content\/uploads\/sites\/7\/2021\/05\/M3_C_Schueler_054-1.jpg\" class=\"vc_single_image-img attachment-full\" alt=\"Eine Frau mit langen Haaren formt mit einer Haarstr\u00e4hne einen Schnurrbart und macht einen Kussmund vor einem dunkelblauen Hintergrund.\" title=\"Bewerbungtipps Peek und Cloppenburg Hamburg\" srcset=\"https:\/\/www.peek-und-cloppenburg.de\/de\/wp-content\/uploads\/sites\/7\/2021\/05\/M3_C_Schueler_054-1.jpg 380w, https:\/\/www.peek-und-cloppenburg.de\/de\/wp-content\/uploads\/sites\/7\/2021\/05\/M3_C_Schueler_054-1-300x201.jpg 300w\" sizes=\"(max-width: 380px) 100vw, 380px\" \/><\/a><\/div><div class=\"cta-teaser__text\"><h3>Bewerbungstipps<\/h3><p>Du m\u00f6chtest Dich f\u00fcr eine Ausbildung bewerben? Wir geben Dir alle Tipps f\u00fcr eine gelungene Bewerbung.<\/p><a class=\"button\" href=\"https:\/\/www.peek-und-cloppenburg.de\/de\/karriere\/richtig-bewerben\/bewerbungstipps\/\" target=\"_self\" rel=\"\" style=\"\">Bewerbungstipps<\/a><\/div><\/div>[\/vc_column_inner][vc_column_inner width=&#8220;1\/3&#8243;]<div class=\"vg-element cta-teaser cta-teaser--center\" data-aos=\"fade-up\"><div class=\"cta-teaser__image\"><a class=\"\" href=\"https:\/\/www.peek-und-cloppenburg.de\/de\/karriere\/kontakt\/\" target=\"_self\" rel=\"\" style=\"\"><img loading=\"lazy\" decoding=\"async\" width=\"380\" height=\"254\" src=\"https:\/\/www.peek-und-cloppenburg.de\/de\/wp-content\/uploads\/sites\/7\/2022\/03\/Lisa.jpg\" class=\"vc_single_image-img attachment-full\" alt=\"Eine l\u00e4chelnde Frau mit langen blonden Haaren, die ein hellblaues Sakko und eine wei\u00dfe Bluse tr\u00e4gt, vor einem dunklen Hintergrund.\" title=\"Lisa Falkenecker Peek und Cloppenburg Hamburg\" srcset=\"https:\/\/www.peek-und-cloppenburg.de\/de\/wp-content\/uploads\/sites\/7\/2022\/03\/Lisa.jpg 380w, https:\/\/www.peek-und-cloppenburg.de\/de\/wp-content\/uploads\/sites\/7\/2022\/03\/Lisa-300x201.jpg 300w\" sizes=\"(max-width: 380px) 100vw, 380px\" \/><\/a><\/div><div class=\"cta-teaser__text\"><h3>Kontakt<\/h3><p>Du hast Fragen zur Ausbildung bei Peek&amp;Cloppenburg*? Dann melde Dich direkt bei Lisa: +49 40 33967-373<\/p><a class=\"button\" href=\"https:\/\/www.peek-und-cloppenburg.de\/de\/karriere\/kontakt\/\" target=\"_self\" rel=\"\" style=\"\">E-Mail senden<\/a><\/div><\/div>[\/vc_column_inner][\/vc_row_inner][\/vc_column][\/vc_row]<\/div>","protected":false},"excerpt":{"rendered":"[vc_row bwd_tbc4vd_show_weekday=&#8220;&#8220; full_width=&#8220;stretch_row_content_no_spaces&#8220;][vc_column][vc_column_text] In der Ausbildung zum Kaufmann f\u00fcr B\u00fcromanagement (w\/m\/d) sind Abwechslung und Vielfalt garantiert. Schnell einen Lieferanten-Termin vorbereiten, Bewerber:innen empfangen und dann erfolgreich die Buchhaltung vorbereiten? Wir bilden Dich erstklassig in unseren verschiedenen Zentralbereichen aus und geben Dir viele spannende Aufgaben an die Hand, an denen Du weiter wachsen kannst. [\/vc_column_text][\/vc_column][\/vc_row][vc_row][vc_column][vc_column_text] Das erwartet [&hellip;]","protected":false},"author":33,"featured_media":0,"parent":1580,"menu_order":0,"comment_status":"closed","ping_status":"closed","template":"","meta":{"_acf_changed":false,"inline_featured_image":false,"footnotes":""},"class_list":["post-2544","page","type-page","status-publish","hentry"],"acf":[],"yoast_head":"<!-- This site is optimized with the Yoast SEO plugin v27.2 - https:\/\/yoast.com\/product\/yoast-seo-wordpress\/ -->\n<title>Ausbildung Kaufmann B\u00fcromanagement | Peek&amp;Cloppenburg Hamburg<\/title>\n<meta name=\"description\" content=\"Du m\u00f6chtest im B\u00fcro arbeiten und viele spannende Prozesse kennenlernen? Bewirb Dich bei Peek&amp;Cloppenburg Hamburg!\" \/>\n<meta name=\"robots\" content=\"index, follow, max-snippet:-1, max-image-preview:large, max-video-preview:-1\" \/>\n<link rel=\"canonical\" href=\"https:\/\/www.peek-und-cloppenburg.de\/de\/karriere\/schueler\/ausbildung\/kaufmann-fuer-bueromanagement-mwd\/\" \/>\n<meta property=\"og:locale\" content=\"de_DE\" \/>\n<meta property=\"og:type\" content=\"article\" \/>\n<meta property=\"og:title\" content=\"Ausbildung Kaufmann B\u00fcromanagement | Peek&amp;Cloppenburg Hamburg\" \/>\n<meta property=\"og:description\" content=\"Du m\u00f6chtest im B\u00fcro arbeiten und viele spannende Prozesse kennenlernen? Bewirb Dich bei Peek&amp;Cloppenburg Hamburg!\" \/>\n<meta property=\"og:url\" content=\"https:\/\/www.peek-und-cloppenburg.de\/de\/karriere\/schueler\/ausbildung\/kaufmann-fuer-bueromanagement-mwd\/\" \/>\n<meta property=\"og:site_name\" content=\"Peek&amp;Cloppenburg Deutschland\" \/>\n<meta property=\"article:publisher\" content=\"https:\/\/de-de.facebook.com\/peekundcloppenburg\/\" \/>\n<meta property=\"article:modified_time\" content=\"2026-02-24T17:16:43+00:00\" \/>\n<meta name=\"twitter:card\" content=\"summary_large_image\" \/>\n<meta name=\"twitter:label1\" content=\"Gesch\u00e4tzte Lesezeit\" \/>\n\t<meta name=\"twitter:data1\" content=\"3\u00a0Minuten\" \/>\n<script type=\"application\/ld+json\" class=\"yoast-schema-graph\">{\"@context\":\"https:\/\/schema.org\",\"@graph\":[{\"@type\":\"WebPage\",\"@id\":\"https:\/\/www.peek-und-cloppenburg.de\/de\/karriere\/schueler\/ausbildung\/kaufmann-fuer-bueromanagement-mwd\/\",\"url\":\"https:\/\/www.peek-und-cloppenburg.de\/de\/karriere\/schueler\/ausbildung\/kaufmann-fuer-bueromanagement-mwd\/\",\"name\":\"Ausbildung Kaufmann B\u00fcromanagement | Peek&Cloppenburg Hamburg\",\"isPartOf\":{\"@id\":\"https:\/\/www.peek-und-cloppenburg.de\/de\/#website\"},\"datePublished\":\"2022-03-11T14:15:31+00:00\",\"dateModified\":\"2026-02-24T17:16:43+00:00\",\"description\":\"Du m\u00f6chtest im B\u00fcro arbeiten und viele spannende Prozesse kennenlernen? Bewirb Dich bei Peek&Cloppenburg Hamburg!\",\"breadcrumb\":{\"@id\":\"https:\/\/www.peek-und-cloppenburg.de\/de\/karriere\/schueler\/ausbildung\/kaufmann-fuer-bueromanagement-mwd\/#breadcrumb\"},\"inLanguage\":\"de\",\"potentialAction\":[{\"@type\":\"ReadAction\",\"target\":[\"https:\/\/www.peek-und-cloppenburg.de\/de\/karriere\/schueler\/ausbildung\/kaufmann-fuer-bueromanagement-mwd\/\"]}]},{\"@type\":\"BreadcrumbList\",\"@id\":\"https:\/\/www.peek-und-cloppenburg.de\/de\/karriere\/schueler\/ausbildung\/kaufmann-fuer-bueromanagement-mwd\/#breadcrumb\",\"itemListElement\":[{\"@type\":\"ListItem\",\"position\":1,\"name\":\"Startseite\",\"item\":\"https:\/\/www.peek-und-cloppenburg.de\/de\/\"},{\"@type\":\"ListItem\",\"position\":2,\"name\":\"Karriere\",\"item\":\"https:\/\/www.peek-und-cloppenburg.de\/de\/karriere\/\"},{\"@type\":\"ListItem\",\"position\":3,\"name\":\"Sch\u00fcler:innen\",\"item\":\"https:\/\/www.peek-und-cloppenburg.de\/de\/karriere\/schueler\/\"},{\"@type\":\"ListItem\",\"position\":4,\"name\":\"Ausbildung\",\"item\":\"https:\/\/www.peek-und-cloppenburg.de\/de\/karriere\/schueler\/ausbildung\/\"},{\"@type\":\"ListItem\",\"position\":5,\"name\":\"Ausbildung zum Kaufmann f\u00fcr B\u00fcromanagement (m\/w\/d)\"}]},{\"@type\":\"WebSite\",\"@id\":\"https:\/\/www.peek-und-cloppenburg.de\/de\/#website\",\"url\":\"https:\/\/www.peek-und-cloppenburg.de\/de\/\",\"name\":\"Peek&Cloppenburg KG Hamburg\",\"description\":\"Peek&amp;Cloppenburg KG Hamburg\",\"publisher\":{\"@id\":\"https:\/\/www.peek-und-cloppenburg.de\/de\/#organization\"},\"potentialAction\":[{\"@type\":\"SearchAction\",\"target\":{\"@type\":\"EntryPoint\",\"urlTemplate\":\"https:\/\/www.peek-und-cloppenburg.de\/de\/?s={search_term_string}\"},\"query-input\":{\"@type\":\"PropertyValueSpecification\",\"valueRequired\":true,\"valueName\":\"search_term_string\"}}],\"inLanguage\":\"de\"},{\"@type\":\"Organization\",\"@id\":\"https:\/\/www.peek-und-cloppenburg.de\/de\/#organization\",\"name\":\"Peek&Cloppenburg KG Hamburg\",\"url\":\"https:\/\/www.peek-und-cloppenburg.de\/de\/\",\"logo\":{\"@type\":\"ImageObject\",\"inLanguage\":\"de\",\"@id\":\"https:\/\/www.peek-und-cloppenburg.de\/de\/#\/schema\/logo\/image\/\",\"url\":\"https:\/\/www.peek-und-cloppenburg.de\/de\/wp-content\/uploads\/sites\/7\/2020\/02\/logo_pc.svg\",\"contentUrl\":\"https:\/\/www.peek-und-cloppenburg.de\/de\/wp-content\/uploads\/sites\/7\/2020\/02\/logo_pc.svg\",\"width\":\"1024\",\"height\":\"1024\",\"caption\":\"Peek&Cloppenburg KG Hamburg\"},\"image\":{\"@id\":\"https:\/\/www.peek-und-cloppenburg.de\/de\/#\/schema\/logo\/image\/\"},\"sameAs\":[\"https:\/\/de-de.facebook.com\/peekundcloppenburg\/\",\"https:\/\/www.instagram.com\/vangraaf_de\/\",\"https:\/\/www.youtube.com\/channel\/UCPdkk0FSUkdWYlzYtJpiUuw\",\"https:\/\/www.snapchat.com\/add\/Pundckarriere\"]}]}<\/script>\n<!-- \/ Yoast SEO plugin. -->","yoast_head_json":{"title":"Ausbildung Kaufmann B\u00fcromanagement | Peek&Cloppenburg Hamburg","description":"Du m\u00f6chtest im B\u00fcro arbeiten und viele spannende Prozesse kennenlernen? Bewirb Dich bei Peek&Cloppenburg Hamburg!","robots":{"index":"index","follow":"follow","max-snippet":"max-snippet:-1","max-image-preview":"max-image-preview:large","max-video-preview":"max-video-preview:-1"},"canonical":"https:\/\/www.peek-und-cloppenburg.de\/de\/karriere\/schueler\/ausbildung\/kaufmann-fuer-bueromanagement-mwd\/","og_locale":"de_DE","og_type":"article","og_title":"Ausbildung Kaufmann B\u00fcromanagement | Peek&Cloppenburg Hamburg","og_description":"Du m\u00f6chtest im B\u00fcro arbeiten und viele spannende Prozesse kennenlernen? Bewirb Dich bei Peek&Cloppenburg Hamburg!","og_url":"https:\/\/www.peek-und-cloppenburg.de\/de\/karriere\/schueler\/ausbildung\/kaufmann-fuer-bueromanagement-mwd\/","og_site_name":"Peek&amp;Cloppenburg Deutschland","article_publisher":"https:\/\/de-de.facebook.com\/peekundcloppenburg\/","article_modified_time":"2026-02-24T17:16:43+00:00","twitter_card":"summary_large_image","twitter_misc":{"Gesch\u00e4tzte Lesezeit":"3\u00a0Minuten"},"schema":{"@context":"https:\/\/schema.org","@graph":[{"@type":"WebPage","@id":"https:\/\/www.peek-und-cloppenburg.de\/de\/karriere\/schueler\/ausbildung\/kaufmann-fuer-bueromanagement-mwd\/","url":"https:\/\/www.peek-und-cloppenburg.de\/de\/karriere\/schueler\/ausbildung\/kaufmann-fuer-bueromanagement-mwd\/","name":"Ausbildung Kaufmann B\u00fcromanagement | Peek&Cloppenburg Hamburg","isPartOf":{"@id":"https:\/\/www.peek-und-cloppenburg.de\/de\/#website"},"datePublished":"2022-03-11T14:15:31+00:00","dateModified":"2026-02-24T17:16:43+00:00","description":"Du m\u00f6chtest im B\u00fcro arbeiten und viele spannende Prozesse kennenlernen? Bewirb Dich bei Peek&Cloppenburg Hamburg!","breadcrumb":{"@id":"https:\/\/www.peek-und-cloppenburg.de\/de\/karriere\/schueler\/ausbildung\/kaufmann-fuer-bueromanagement-mwd\/#breadcrumb"},"inLanguage":"de","potentialAction":[{"@type":"ReadAction","target":["https:\/\/www.peek-und-cloppenburg.de\/de\/karriere\/schueler\/ausbildung\/kaufmann-fuer-bueromanagement-mwd\/"]}]},{"@type":"BreadcrumbList","@id":"https:\/\/www.peek-und-cloppenburg.de\/de\/karriere\/schueler\/ausbildung\/kaufmann-fuer-bueromanagement-mwd\/#breadcrumb","itemListElement":[{"@type":"ListItem","position":1,"name":"Startseite","item":"https:\/\/www.peek-und-cloppenburg.de\/de\/"},{"@type":"ListItem","position":2,"name":"Karriere","item":"https:\/\/www.peek-und-cloppenburg.de\/de\/karriere\/"},{"@type":"ListItem","position":3,"name":"Sch\u00fcler:innen","item":"https:\/\/www.peek-und-cloppenburg.de\/de\/karriere\/schueler\/"},{"@type":"ListItem","position":4,"name":"Ausbildung","item":"https:\/\/www.peek-und-cloppenburg.de\/de\/karriere\/schueler\/ausbildung\/"},{"@type":"ListItem","position":5,"name":"Ausbildung zum Kaufmann f\u00fcr B\u00fcromanagement (m\/w\/d)"}]},{"@type":"WebSite","@id":"https:\/\/www.peek-und-cloppenburg.de\/de\/#website","url":"https:\/\/www.peek-und-cloppenburg.de\/de\/","name":"Peek&Cloppenburg KG Hamburg","description":"Peek&amp;Cloppenburg KG Hamburg","publisher":{"@id":"https:\/\/www.peek-und-cloppenburg.de\/de\/#organization"},"potentialAction":[{"@type":"SearchAction","target":{"@type":"EntryPoint","urlTemplate":"https:\/\/www.peek-und-cloppenburg.de\/de\/?s={search_term_string}"},"query-input":{"@type":"PropertyValueSpecification","valueRequired":true,"valueName":"search_term_string"}}],"inLanguage":"de"},{"@type":"Organization","@id":"https:\/\/www.peek-und-cloppenburg.de\/de\/#organization","name":"Peek&Cloppenburg KG Hamburg","url":"https:\/\/www.peek-und-cloppenburg.de\/de\/","logo":{"@type":"ImageObject","inLanguage":"de","@id":"https:\/\/www.peek-und-cloppenburg.de\/de\/#\/schema\/logo\/image\/","url":"https:\/\/www.peek-und-cloppenburg.de\/de\/wp-content\/uploads\/sites\/7\/2020\/02\/logo_pc.svg","contentUrl":"https:\/\/www.peek-und-cloppenburg.de\/de\/wp-content\/uploads\/sites\/7\/2020\/02\/logo_pc.svg","width":"1024","height":"1024","caption":"Peek&Cloppenburg KG Hamburg"},"image":{"@id":"https:\/\/www.peek-und-cloppenburg.de\/de\/#\/schema\/logo\/image\/"},"sameAs":["https:\/\/de-de.facebook.com\/peekundcloppenburg\/","https:\/\/www.instagram.com\/vangraaf_de\/","https:\/\/www.youtube.com\/channel\/UCPdkk0FSUkdWYlzYtJpiUuw","https:\/\/www.snapchat.com\/add\/Pundckarriere"]}]}},"_links":{"self":[{"href":"https:\/\/www.peek-und-cloppenburg.de\/de\/wp-json\/wp\/v2\/pages\/2544","targetHints":{"allow":["GET"]}}],"collection":[{"href":"https:\/\/www.peek-und-cloppenburg.de\/de\/wp-json\/wp\/v2\/pages"}],"about":[{"href":"https:\/\/www.peek-und-cloppenburg.de\/de\/wp-json\/wp\/v2\/types\/page"}],"author":[{"embeddable":true,"href":"https:\/\/www.peek-und-cloppenburg.de\/de\/wp-json\/wp\/v2\/users\/33"}],"replies":[{"embeddable":true,"href":"https:\/\/www.peek-und-cloppenburg.de\/de\/wp-json\/wp\/v2\/comments?post=2544"}],"version-history":[{"count":15,"href":"https:\/\/www.peek-und-cloppenburg.de\/de\/wp-json\/wp\/v2\/pages\/2544\/revisions"}],"predecessor-version":[{"id":12347,"href":"https:\/\/www.peek-und-cloppenburg.de\/de\/wp-json\/wp\/v2\/pages\/2544\/revisions\/12347"}],"up":[{"embeddable":true,"href":"https:\/\/www.peek-und-cloppenburg.de\/de\/wp-json\/wp\/v2\/pages\/1580"}],"wp:attachment":[{"href":"https:\/\/www.peek-und-cloppenburg.de\/de\/wp-json\/wp\/v2\/media?parent=2544"}],"curies":[{"name":"wp","href":"https:\/\/api.w.org\/{rel}","templated":true}]}}