{"id":21,"date":"2020-12-08T12:09:08","date_gmt":"2020-12-08T11:09:08","guid":{"rendered":"https:\/\/van-graaf-live.pluspol-networks.de\/unternehmen\/?page_id=21"},"modified":"2025-04-24T17:12:01","modified_gmt":"2025-04-24T15:12:01","slug":"lieferanten","status":"publish","type":"page","link":"https:\/\/www.peek-und-cloppenburg.de\/de\/unternehmen\/lieferanten\/","title":{"rendered":"Lieferanten"},"content":{"rendered":"<div class=\"wpb-content-wrapper\">[vc_row bwd_tbc4vd_show_weekday=&#8220;&#8220; full_width=&#8220;stretch_row_content_no_spaces&#8220;][vc_column]<div class=\"keyvisual\" data-aos=\"fade-up\" ><img loading=\"lazy\" decoding=\"async\" width=\"1440\" height=\"480\" src=\"https:\/\/www.peek-und-cloppenburg.de\/de\/wp-content\/uploads\/sites\/7\/2020\/12\/Unternehmen_Lieferanten_Banner_WP.jpg\" class=\"vc_single_image-img\" alt=\"Nahaufnahme eines Holzkleiderb\u00fcgels.\" srcset=\"https:\/\/www.peek-und-cloppenburg.de\/de\/wp-content\/uploads\/sites\/7\/2020\/12\/Unternehmen_Lieferanten_Banner_WP.jpg 1440w, https:\/\/www.peek-und-cloppenburg.de\/de\/wp-content\/uploads\/sites\/7\/2020\/12\/Unternehmen_Lieferanten_Banner_WP-300x100.jpg 300w, https:\/\/www.peek-und-cloppenburg.de\/de\/wp-content\/uploads\/sites\/7\/2020\/12\/Unternehmen_Lieferanten_Banner_WP-1024x341.jpg 1024w, https:\/\/www.peek-und-cloppenburg.de\/de\/wp-content\/uploads\/sites\/7\/2020\/12\/Unternehmen_Lieferanten_Banner_WP-768x256.jpg 768w, https:\/\/www.peek-und-cloppenburg.de\/de\/wp-content\/uploads\/sites\/7\/2020\/12\/Unternehmen_Lieferanten_Banner_WP-1200x400.jpg 1200w, https:\/\/www.peek-und-cloppenburg.de\/de\/wp-content\/uploads\/sites\/7\/2020\/12\/Unternehmen_Lieferanten_Banner_WP-992x331.jpg 992w, https:\/\/www.peek-und-cloppenburg.de\/de\/wp-content\/uploads\/sites\/7\/2020\/12\/Unternehmen_Lieferanten_Banner_WP-480x160.jpg 480w\" sizes=\"(max-width: 1440px) 100vw, 1440px\" \/><\/div>\n        <div class=\"headlines headlines--center\" data-aos=\"fade-up\">\n            <div class=\"vc_row\">\n                <div class=\"vc_col-md-10 vc_col-md-offset-1 vc_col-lg-10 vc_col-lg-offset-1\"><span class=\"h6\">Lieferanten-Portal<\/span><h1 class=\"h2\">Lieferanten<\/h1><\/div>\n            <\/div>\n        <\/div>[vc_column_text]\r\n<p style=\"text-align: center\">Im Lieferanten-Portal der Peek&amp;Cloppenburg* KG Hamburg k\u00f6nnen Sie die Dokumente herunterladen, die f\u00fcr unsere Zusammenarbeit bindend sind. Sie finden hier immer die neuesten Versionen und sind somit jederzeit up-to-date!<\/p>\r\n<p style=\"text-align: center\"><a class=\"button\" href=\"https:\/\/www.peek-und-cloppenburg.de\/de\/lieferanten\/\" target=\"_blank\" rel=\"noopener noreferrer\">Zum Login f\u00fcr Lieferanten<\/a><\/p>\r\n[\/vc_column_text][\/vc_column][\/vc_row][vc_row][vc_column]\n        <div class=\"headlines headlines--center\" data-aos=\"fade-up\">\n            <div class=\"vc_row\">\n                <div class=\"vc_col-md-10 vc_col-md-offset-1 vc_col-lg-10 vc_col-lg-offset-1\"><span class=\"h6\">VON ANFANG AN<\/span><h2 class=\"h2\">\u201eQUALIT\u00c4T ZIEHT AN\u201c<\/h2><\/div>\n            <\/div>\n        <\/div>[vc_column_text]\r\n<p style=\"text-align: left\">Bei der Peek&amp;Cloppenburg* KG Hamburg steht Qualit\u00e4t im Zentrum allen Handelns. Dieser hohe Anspruch beginnt nicht erst in unseren Stores, sondern selbstverst\u00e4ndlich schon mit der Warenherstellung in den verschiedenen Produktionsl\u00e4ndern. Als international t\u00e4tiges Handelsunternehmen sind wir uns unserer Verantwortung f\u00fcr die Arbeitsbedingungen in der gesamten Lieferkette bewusst. Im Rahmen der <a href=\"https:\/\/www.amfori.org\/content\/amfori-bsci\" target=\"_blank\" rel=\"noopener noreferrer\">Foreign Trade Association (FTA) \/ Business Social Compliance Initiative (BSCI)<\/a> setzen wir uns deshalb f\u00fcr die Einhaltung und Optimierung sozialer Standards in unseren Produktionsst\u00e4tten \u00fcberall auf der Welt ein \u2013 in Zusammenarbeit mit derzeit mehr als 900 weiteren Unternehmen.<\/p>\r\n[\/vc_column_text]\n        <div class=\"headlines headlines--center\" data-aos=\"fade-up\">\n            <div class=\"vc_row\">\n                <div class=\"vc_col-md-10 vc_col-md-offset-1 vc_col-lg-10 vc_col-lg-offset-1\"><span class=\"h6\">BUSINESS SOCIAL COMPLIANCE INITIATIVE<\/span><h2 class=\"h2\">AMFORI BSCI<\/h2><\/div>\n            <\/div>\n        <\/div>[vc_column_text]Die amfori Business Social Compliance Initiative ist ein Programm des wirtschaftsnahen Verbandes amfori zur Verbesserung der Arbeitsbedingungen und der sozialen Standards in einer globalen Lieferkette.\r\nRegelm\u00e4\u00dfige Vor-Ort-Pr\u00fcfungen von unabh\u00e4ngigen Audit-Gesellschaften werden weltweit in den Fabriken der Produktionsl\u00e4nder durchgef\u00fchrt. Der Verhaltenskodex der amfori Business Social Compliance Initiative gr\u00fcndet auf den wichtigsten internationalen \u00dcbereinkommen zum Schutz der Rechte von Arbeitern, insbesondere den ILO-Konventionen und -Empfehlungen. Als amfori BSCI Teilnehmer haben wir uns gemeinsam mit unseren Partnern und Lieferanten dazu verpflichtet, diesen Kodex im Sinne einer sozialvertr\u00e4glichen Produktionskette einzuhalten und dessen Umsetzung aktiv voranzutreiben.\u201c\r\n<p style=\"text-align: center\"><a class=\"button\" href=\"https:\/\/www.peek-und-cloppenburg.de\/de\/wp-content\/uploads\/sites\/7\/2023\/06\/amfori-BSCI-Code-of-Conduct-German-December-2021.pdf\" target=\"_blank\" rel=\"noopener noreferrer\">Der Verhaltenskodex der amfori BSCI<\/a><\/p>\r\n[\/vc_column_text][\/vc_column][\/vc_row]<\/div>","protected":false},"excerpt":{"rendered":"[vc_row bwd_tbc4vd_show_weekday=&#8220;&#8220; full_width=&#8220;stretch_row_content_no_spaces&#8220;][vc_column][vc_column_text] Im Lieferanten-Portal der Peek&amp;Cloppenburg* KG Hamburg k\u00f6nnen Sie die Dokumente herunterladen, die f\u00fcr unsere Zusammenarbeit bindend sind. Sie finden hier immer die neuesten Versionen und sind somit jederzeit up-to-date! Zum Login f\u00fcr Lieferanten [\/vc_column_text][\/vc_column][\/vc_row][vc_row][vc_column][vc_column_text] Bei der Peek&amp;Cloppenburg* KG Hamburg steht Qualit\u00e4t im Zentrum allen Handelns. Dieser hohe Anspruch beginnt nicht erst in [&hellip;]","protected":false},"author":6,"featured_media":0,"parent":5,"menu_order":0,"comment_status":"closed","ping_status":"closed","template":"","meta":{"_acf_changed":false,"inline_featured_image":false,"footnotes":""},"class_list":["post-21","page","type-page","status-publish","hentry"],"acf":[],"yoast_head":"<!-- This site is optimized with the Yoast SEO plugin v27.2 - https:\/\/yoast.com\/product\/yoast-seo-wordpress\/ -->\n<title>Lieferanten | Peek&amp;Cloppenburg Hamburg<\/title>\n<meta name=\"description\" content=\"Im Lieferanten-Portal der Peek&amp;Cloppenburg KG Hamburg k\u00f6nnen Sie die Dokumente herunterladen, die f\u00fcr unsere Zusammenarbeit bindend sind.\" \/>\n<meta name=\"robots\" content=\"index, follow, max-snippet:-1, max-image-preview:large, max-video-preview:-1\" \/>\n<link rel=\"canonical\" href=\"https:\/\/www.peek-und-cloppenburg.de\/de\/unternehmen\/lieferanten\/\" \/>\n<meta property=\"og:locale\" content=\"de_DE\" \/>\n<meta property=\"og:type\" content=\"article\" \/>\n<meta property=\"og:title\" content=\"Lieferanten | Peek&amp;Cloppenburg Hamburg\" \/>\n<meta property=\"og:description\" content=\"Im Lieferanten-Portal der Peek&amp;Cloppenburg KG Hamburg k\u00f6nnen Sie die Dokumente herunterladen, die f\u00fcr unsere Zusammenarbeit bindend sind.\" \/>\n<meta property=\"og:url\" content=\"https:\/\/www.peek-und-cloppenburg.de\/de\/unternehmen\/lieferanten\/\" \/>\n<meta property=\"og:site_name\" content=\"Peek&amp;Cloppenburg Deutschland\" \/>\n<meta property=\"article:publisher\" content=\"https:\/\/de-de.facebook.com\/peekundcloppenburg\/\" \/>\n<meta property=\"article:modified_time\" content=\"2025-04-24T15:12:01+00:00\" \/>\n<meta name=\"twitter:card\" content=\"summary_large_image\" \/>\n<meta name=\"twitter:label1\" content=\"Gesch\u00e4tzte Lesezeit\" \/>\n\t<meta name=\"twitter:data1\" content=\"2\u00a0Minuten\" \/>\n<script type=\"application\/ld+json\" class=\"yoast-schema-graph\">{\"@context\":\"https:\/\/schema.org\",\"@graph\":[{\"@type\":\"WebPage\",\"@id\":\"https:\/\/www.peek-und-cloppenburg.de\/de\/unternehmen\/lieferanten\/\",\"url\":\"https:\/\/www.peek-und-cloppenburg.de\/de\/unternehmen\/lieferanten\/\",\"name\":\"Lieferanten | Peek&Cloppenburg Hamburg\",\"isPartOf\":{\"@id\":\"https:\/\/www.peek-und-cloppenburg.de\/de\/#website\"},\"datePublished\":\"2020-12-08T11:09:08+00:00\",\"dateModified\":\"2025-04-24T15:12:01+00:00\",\"description\":\"Im Lieferanten-Portal der Peek&Cloppenburg KG Hamburg k\u00f6nnen Sie die Dokumente herunterladen, die f\u00fcr unsere Zusammenarbeit bindend sind.\",\"breadcrumb\":{\"@id\":\"https:\/\/www.peek-und-cloppenburg.de\/de\/unternehmen\/lieferanten\/#breadcrumb\"},\"inLanguage\":\"de\",\"potentialAction\":[{\"@type\":\"ReadAction\",\"target\":[\"https:\/\/www.peek-und-cloppenburg.de\/de\/unternehmen\/lieferanten\/\"]}]},{\"@type\":\"BreadcrumbList\",\"@id\":\"https:\/\/www.peek-und-cloppenburg.de\/de\/unternehmen\/lieferanten\/#breadcrumb\",\"itemListElement\":[{\"@type\":\"ListItem\",\"position\":1,\"name\":\"Startseite\",\"item\":\"https:\/\/www.peek-und-cloppenburg.de\/de\/\"},{\"@type\":\"ListItem\",\"position\":2,\"name\":\"Unternehmen\",\"item\":\"https:\/\/www.peek-und-cloppenburg.de\/de\/unternehmen\/\"},{\"@type\":\"ListItem\",\"position\":3,\"name\":\"Lieferanten\"}]},{\"@type\":\"WebSite\",\"@id\":\"https:\/\/www.peek-und-cloppenburg.de\/de\/#website\",\"url\":\"https:\/\/www.peek-und-cloppenburg.de\/de\/\",\"name\":\"Peek&Cloppenburg KG Hamburg\",\"description\":\"Peek&amp;Cloppenburg KG Hamburg\",\"publisher\":{\"@id\":\"https:\/\/www.peek-und-cloppenburg.de\/de\/#organization\"},\"potentialAction\":[{\"@type\":\"SearchAction\",\"target\":{\"@type\":\"EntryPoint\",\"urlTemplate\":\"https:\/\/www.peek-und-cloppenburg.de\/de\/?s={search_term_string}\"},\"query-input\":{\"@type\":\"PropertyValueSpecification\",\"valueRequired\":true,\"valueName\":\"search_term_string\"}}],\"inLanguage\":\"de\"},{\"@type\":\"Organization\",\"@id\":\"https:\/\/www.peek-und-cloppenburg.de\/de\/#organization\",\"name\":\"Peek&Cloppenburg KG Hamburg\",\"url\":\"https:\/\/www.peek-und-cloppenburg.de\/de\/\",\"logo\":{\"@type\":\"ImageObject\",\"inLanguage\":\"de\",\"@id\":\"https:\/\/www.peek-und-cloppenburg.de\/de\/#\/schema\/logo\/image\/\",\"url\":\"https:\/\/www.peek-und-cloppenburg.de\/de\/wp-content\/uploads\/sites\/7\/2020\/02\/logo_pc.svg\",\"contentUrl\":\"https:\/\/www.peek-und-cloppenburg.de\/de\/wp-content\/uploads\/sites\/7\/2020\/02\/logo_pc.svg\",\"width\":\"1024\",\"height\":\"1024\",\"caption\":\"Peek&Cloppenburg KG Hamburg\"},\"image\":{\"@id\":\"https:\/\/www.peek-und-cloppenburg.de\/de\/#\/schema\/logo\/image\/\"},\"sameAs\":[\"https:\/\/de-de.facebook.com\/peekundcloppenburg\/\",\"https:\/\/www.instagram.com\/vangraaf_de\/\",\"https:\/\/www.youtube.com\/channel\/UCPdkk0FSUkdWYlzYtJpiUuw\",\"https:\/\/www.snapchat.com\/add\/Pundckarriere\"]}]}<\/script>\n<!-- \/ Yoast SEO plugin. -->","yoast_head_json":{"title":"Lieferanten | Peek&Cloppenburg Hamburg","description":"Im Lieferanten-Portal der Peek&Cloppenburg KG Hamburg k\u00f6nnen Sie die Dokumente herunterladen, die f\u00fcr unsere Zusammenarbeit bindend sind.","robots":{"index":"index","follow":"follow","max-snippet":"max-snippet:-1","max-image-preview":"max-image-preview:large","max-video-preview":"max-video-preview:-1"},"canonical":"https:\/\/www.peek-und-cloppenburg.de\/de\/unternehmen\/lieferanten\/","og_locale":"de_DE","og_type":"article","og_title":"Lieferanten | Peek&Cloppenburg Hamburg","og_description":"Im Lieferanten-Portal der Peek&Cloppenburg KG Hamburg k\u00f6nnen Sie die Dokumente herunterladen, die f\u00fcr unsere Zusammenarbeit bindend sind.","og_url":"https:\/\/www.peek-und-cloppenburg.de\/de\/unternehmen\/lieferanten\/","og_site_name":"Peek&amp;Cloppenburg Deutschland","article_publisher":"https:\/\/de-de.facebook.com\/peekundcloppenburg\/","article_modified_time":"2025-04-24T15:12:01+00:00","twitter_card":"summary_large_image","twitter_misc":{"Gesch\u00e4tzte Lesezeit":"2\u00a0Minuten"},"schema":{"@context":"https:\/\/schema.org","@graph":[{"@type":"WebPage","@id":"https:\/\/www.peek-und-cloppenburg.de\/de\/unternehmen\/lieferanten\/","url":"https:\/\/www.peek-und-cloppenburg.de\/de\/unternehmen\/lieferanten\/","name":"Lieferanten | Peek&Cloppenburg Hamburg","isPartOf":{"@id":"https:\/\/www.peek-und-cloppenburg.de\/de\/#website"},"datePublished":"2020-12-08T11:09:08+00:00","dateModified":"2025-04-24T15:12:01+00:00","description":"Im Lieferanten-Portal der Peek&Cloppenburg KG Hamburg k\u00f6nnen Sie die Dokumente herunterladen, die f\u00fcr unsere Zusammenarbeit bindend sind.","breadcrumb":{"@id":"https:\/\/www.peek-und-cloppenburg.de\/de\/unternehmen\/lieferanten\/#breadcrumb"},"inLanguage":"de","potentialAction":[{"@type":"ReadAction","target":["https:\/\/www.peek-und-cloppenburg.de\/de\/unternehmen\/lieferanten\/"]}]},{"@type":"BreadcrumbList","@id":"https:\/\/www.peek-und-cloppenburg.de\/de\/unternehmen\/lieferanten\/#breadcrumb","itemListElement":[{"@type":"ListItem","position":1,"name":"Startseite","item":"https:\/\/www.peek-und-cloppenburg.de\/de\/"},{"@type":"ListItem","position":2,"name":"Unternehmen","item":"https:\/\/www.peek-und-cloppenburg.de\/de\/unternehmen\/"},{"@type":"ListItem","position":3,"name":"Lieferanten"}]},{"@type":"WebSite","@id":"https:\/\/www.peek-und-cloppenburg.de\/de\/#website","url":"https:\/\/www.peek-und-cloppenburg.de\/de\/","name":"Peek&Cloppenburg KG Hamburg","description":"Peek&amp;Cloppenburg KG Hamburg","publisher":{"@id":"https:\/\/www.peek-und-cloppenburg.de\/de\/#organization"},"potentialAction":[{"@type":"SearchAction","target":{"@type":"EntryPoint","urlTemplate":"https:\/\/www.peek-und-cloppenburg.de\/de\/?s={search_term_string}"},"query-input":{"@type":"PropertyValueSpecification","valueRequired":true,"valueName":"search_term_string"}}],"inLanguage":"de"},{"@type":"Organization","@id":"https:\/\/www.peek-und-cloppenburg.de\/de\/#organization","name":"Peek&Cloppenburg KG Hamburg","url":"https:\/\/www.peek-und-cloppenburg.de\/de\/","logo":{"@type":"ImageObject","inLanguage":"de","@id":"https:\/\/www.peek-und-cloppenburg.de\/de\/#\/schema\/logo\/image\/","url":"https:\/\/www.peek-und-cloppenburg.de\/de\/wp-content\/uploads\/sites\/7\/2020\/02\/logo_pc.svg","contentUrl":"https:\/\/www.peek-und-cloppenburg.de\/de\/wp-content\/uploads\/sites\/7\/2020\/02\/logo_pc.svg","width":"1024","height":"1024","caption":"Peek&Cloppenburg KG Hamburg"},"image":{"@id":"https:\/\/www.peek-und-cloppenburg.de\/de\/#\/schema\/logo\/image\/"},"sameAs":["https:\/\/de-de.facebook.com\/peekundcloppenburg\/","https:\/\/www.instagram.com\/vangraaf_de\/","https:\/\/www.youtube.com\/channel\/UCPdkk0FSUkdWYlzYtJpiUuw","https:\/\/www.snapchat.com\/add\/Pundckarriere"]}]}},"_links":{"self":[{"href":"https:\/\/www.peek-und-cloppenburg.de\/de\/wp-json\/wp\/v2\/pages\/21","targetHints":{"allow":["GET"]}}],"collection":[{"href":"https:\/\/www.peek-und-cloppenburg.de\/de\/wp-json\/wp\/v2\/pages"}],"about":[{"href":"https:\/\/www.peek-und-cloppenburg.de\/de\/wp-json\/wp\/v2\/types\/page"}],"author":[{"embeddable":true,"href":"https:\/\/www.peek-und-cloppenburg.de\/de\/wp-json\/wp\/v2\/users\/6"}],"replies":[{"embeddable":true,"href":"https:\/\/www.peek-und-cloppenburg.de\/de\/wp-json\/wp\/v2\/comments?post=21"}],"version-history":[{"count":14,"href":"https:\/\/www.peek-und-cloppenburg.de\/de\/wp-json\/wp\/v2\/pages\/21\/revisions"}],"predecessor-version":[{"id":3693,"href":"https:\/\/www.peek-und-cloppenburg.de\/de\/wp-json\/wp\/v2\/pages\/21\/revisions\/3693"}],"up":[{"embeddable":true,"href":"https:\/\/www.peek-und-cloppenburg.de\/de\/wp-json\/wp\/v2\/pages\/5"}],"wp:attachment":[{"href":"https:\/\/www.peek-und-cloppenburg.de\/de\/wp-json\/wp\/v2\/media?parent=21"}],"curies":[{"name":"wp","href":"https:\/\/api.w.org\/{rel}","templated":true}]}}