{"id":19,"date":"2020-12-08T12:08:50","date_gmt":"2020-12-08T11:08:50","guid":{"rendered":"https:\/\/van-graaf-live.pluspol-networks.de\/unternehmen\/?page_id=19"},"modified":"2025-04-24T16:39:19","modified_gmt":"2025-04-24T14:39:19","slug":"architektur","status":"publish","type":"page","link":"https:\/\/www.peek-und-cloppenburg.de\/de\/unternehmen\/architektur\/","title":{"rendered":"Architektur"},"content":{"rendered":"<div class=\"wpb-content-wrapper\">[vc_row bwd_tbc4vd_show_weekday=&#8220;&#8220; full_width=&#8220;stretch_row_content_no_spaces&#8220;][vc_column]<div class=\"keyvisual\" data-aos=\"fade-up\" ><img loading=\"lazy\" decoding=\"async\" width=\"1440\" height=\"480\" src=\"https:\/\/www.peek-und-cloppenburg.de\/de\/wp-content\/uploads\/sites\/7\/2020\/12\/Unternehmen_Architektur_Banner_WP.jpg\" class=\"vc_single_image-img\" alt=\"Blaupause mit Architektonischer Zeichnung eines modernen Geb\u00e4udes mit geschwungenem Dach und einem Peek&amp;Cloppeburg* Schild.\" srcset=\"https:\/\/www.peek-und-cloppenburg.de\/de\/wp-content\/uploads\/sites\/7\/2020\/12\/Unternehmen_Architektur_Banner_WP.jpg 1440w, https:\/\/www.peek-und-cloppenburg.de\/de\/wp-content\/uploads\/sites\/7\/2020\/12\/Unternehmen_Architektur_Banner_WP-300x100.jpg 300w, https:\/\/www.peek-und-cloppenburg.de\/de\/wp-content\/uploads\/sites\/7\/2020\/12\/Unternehmen_Architektur_Banner_WP-1024x341.jpg 1024w, https:\/\/www.peek-und-cloppenburg.de\/de\/wp-content\/uploads\/sites\/7\/2020\/12\/Unternehmen_Architektur_Banner_WP-768x256.jpg 768w, https:\/\/www.peek-und-cloppenburg.de\/de\/wp-content\/uploads\/sites\/7\/2020\/12\/Unternehmen_Architektur_Banner_WP-1200x400.jpg 1200w, https:\/\/www.peek-und-cloppenburg.de\/de\/wp-content\/uploads\/sites\/7\/2020\/12\/Unternehmen_Architektur_Banner_WP-992x331.jpg 992w, https:\/\/www.peek-und-cloppenburg.de\/de\/wp-content\/uploads\/sites\/7\/2020\/12\/Unternehmen_Architektur_Banner_WP-480x160.jpg 480w\" sizes=\"(max-width: 1440px) 100vw, 1440px\" \/><\/div>\n        <div class=\"headlines headlines--center\" data-aos=\"fade-up\">\n            <div class=\"vc_row\">\n                <div class=\"vc_col-md-10 vc_col-md-offset-1 vc_col-lg-10 vc_col-lg-offset-1\"><span class=\"h6\">Architektur<\/span><h1 class=\"h2\">Willkommen &amp; Wohlf\u00fchlen<\/h1><\/div>\n            <\/div>\n        <\/div>[vc_column_text]\r\n<p style=\"text-align: center\">Wir bieten unseren Kundinnen und Kunden viele Wege zum einzigartigen Shopping-Erlebnis. Besonders sp\u00fcrbar ist das besondere Einkaufserlebnis vor Ort in unseren Stores, wo unsere Leidenschaft f\u00fcr Mode und Menschen mit allen Sinnen erlebbar wird. Den ersten Eindruck pr\u00e4gt schon von weitem die Architektur unserer Stores, auf deren Gestaltung wir h\u00f6chsten Wert legen. Ebenso wie auf die einladende, stilvolle Atmosph\u00e4re im Inneren der Verkaufsr\u00e4ume. Mit individueller Beratung, inspirierenden Outfit-Ideen und pers\u00f6nlichem Service begleiten wir unsere Kunden auf ihrer modischen Entdeckungsreise, bei der sie sich rundum wohlf\u00fchlen sollen.<\/p>\r\n[\/vc_column_text][\/vc_column][\/vc_row][vc_row bwd_tbc4vd_show_weekday=&#8220;&#8220; full_width=&#8220;stretch_row_content_no_spaces&#8220;][vc_column]<div class=\"vice-versa-teaser vice-versa-teaser--dark\" style=\"--season-color: #ededed\" data-aos=\"fade-up\"><div class=\"vice-versa-teaser__inner\">\n                        <div class=\"content_wrap\"><div class=\"vg-element vice-versa-teaser__item vice-versa-teaser__item--left\"><div class=\"vc_row vc_row-flex\"><div class=\"vc_col-xs-12 vc_col-sm-6\"><div class=\"vice-versa-teaser__item__image-wrap\"><a class=\"\" href=\"https:\/\/www.peek-und-cloppenburg.de\/stores\/stores-uebersicht\/\" target=\"_blank\" rel=\"\" style=\"\"><img loading=\"lazy\" decoding=\"async\" width=\"555\" height=\"735\" src=\"https:\/\/www.peek-und-cloppenburg.de\/de\/wp-content\/uploads\/sites\/7\/2020\/12\/Unternehmen_Architektur_Hannover_WP.jpg\" class=\"attachment-van-graaf-vice-versa-teaser size-van-graaf-vice-versa-teaser\" alt=\"Ein beleuchtetes Geb\u00e4ude bei Nacht mit gro\u00dfen Fenstern und moderner Architektur.\" srcset=\"https:\/\/www.peek-und-cloppenburg.de\/de\/wp-content\/uploads\/sites\/7\/2020\/12\/Unternehmen_Architektur_Hannover_WP.jpg 555w, https:\/\/www.peek-und-cloppenburg.de\/de\/wp-content\/uploads\/sites\/7\/2020\/12\/Unternehmen_Architektur_Hannover_WP-227x300.jpg 227w, https:\/\/www.peek-und-cloppenburg.de\/de\/wp-content\/uploads\/sites\/7\/2020\/12\/Unternehmen_Architektur_Hannover_WP-480x636.jpg 480w\" sizes=\"(max-width: 555px) 100vw, 555px\" \/><\/a><\/div><\/div><div class=\"vice-versa-teaser__item__content-wrap vc_col-xs-12 vc_col-sm-6 vc_col-md-4 vc_col-md-offset-1\"><div class=\"vice-versa-teaser__item__content\"><p>Unsere Stores sind unsere Visitenkarte. \u00dcber architektonische Leitprinzipien, die in der Corporate Identity von Peek&Cloppenburg* und VAN GRAAF fest gelegt sind, pr\u00e4sentieren sich alle Stores der Unternehmensgruppe nach einheitlichen visuellen Grunds\u00e4tzen.<\/p><a class=\"button button--dark\" href=\"https:\/\/www.peek-und-cloppenburg.de\/stores\/stores-uebersicht\/\" target=\"_blank\" rel=\"\" style=\"\">P&C* Stores<\/a><\/div><\/div><\/div><\/div><div class=\"vg-element vice-versa-teaser__item vice-versa-teaser__item--right\"><div class=\"vc_row vc_row-flex\"><div class=\"vc_col-xs-12 vc_col-sm-6 vc_col-sm-push-6\"><div class=\"vice-versa-teaser__item__image-wrap\"><a class=\"\" href=\"https:\/\/www.vangraaf.com\/en\/company\/facts\/#stores-gmap\" target=\"_blank\" rel=\"\" style=\"\"><img loading=\"lazy\" decoding=\"async\" width=\"555\" height=\"735\" src=\"https:\/\/www.peek-und-cloppenburg.de\/de\/wp-content\/uploads\/sites\/7\/2020\/12\/Unternehmen_Architektur_Prag_WP.jpg\" class=\"attachment-van-graaf-vice-versa-teaser size-van-graaf-vice-versa-teaser\" alt=\"Ein Einkaufszentrum mit mehrfarbigen, leuchtenden H\u00e4ngelampen und einer Rolltreppe in der Mitte.\" srcset=\"https:\/\/www.peek-und-cloppenburg.de\/de\/wp-content\/uploads\/sites\/7\/2020\/12\/Unternehmen_Architektur_Prag_WP.jpg 555w, https:\/\/www.peek-und-cloppenburg.de\/de\/wp-content\/uploads\/sites\/7\/2020\/12\/Unternehmen_Architektur_Prag_WP-227x300.jpg 227w, https:\/\/www.peek-und-cloppenburg.de\/de\/wp-content\/uploads\/sites\/7\/2020\/12\/Unternehmen_Architektur_Prag_WP-480x636.jpg 480w\" sizes=\"(max-width: 555px) 100vw, 555px\" \/><\/a><\/div><\/div><div class=\"vice-versa-teaser__item__content-wrap vc_col-xs-12 vc_col-sm-6 vc_col-md-4 vc_col-md-offset-1 vc_col-sm-pull-6\"><div class=\"vice-versa-teaser__item__content\"><p>Angefangen bei den charakteristischen Fassaden, die schon aus der Ferne erkennbar sind, bis hin zu wiederkehrenden Raumprogrammen und baulichen Elementen im Inneren. Ob historisches Geb\u00e4ude, repr\u00e4sentativer Neubau oder renommiertes Einkaufszentrum \u2013 in unseren Stores setzen wir mit Erfolg auf eine Innenarchitektur aus klaren, stilvollen Linien und gro\u00dfz\u00fcgigen Raumverh\u00e4ltnissen.<\/p><a class=\"button button--dark\" href=\"https:\/\/www.vangraaf.com\/en\/company\/facts\/#stores-gmap\" target=\"_blank\" rel=\"\" style=\"\">VAN GRAAF Stores<\/a><\/div><\/div><\/div><\/div><\/div><\/div><\/div>[\/vc_column][\/vc_row][vc_row][vc_column]\n        <div class=\"headlines headlines--center\" data-aos=\"fade-up\">\n            <div class=\"vc_row\">\n                <div class=\"vc_col-md-10 vc_col-md-offset-1 vc_col-lg-10 vc_col-lg-offset-1\"><span class=\"h6\">Architektur<\/span><h2 class=\"h2\">Einladender Ladenbau<\/h2><\/div>\n            <\/div>\n        <\/div>[vc_column_text]In unseren klar strukturierten und inspirierenden Modewelten k\u00f6nnen sich unsere Besucher m\u00fchelos orientieren und rundum wohlf\u00fchlen. Von der technischen und baulichen Ausstattung bis hin zur M\u00f6blierung \u00fcberlassen wir kein Detail dem Zufall. Unsere Ladenbauspezialisten entwickeln und steuern die komplette Ausgestaltung unserer Stores. S\u00e4mtliche Arbeiten und Elemente \u00fcberzeugen durch handwerkliche Pr\u00e4zision. Auch die Wahl der verwendeten Materialien unterliegt definierten Kriterien. Hochwertige Holz- und Natursteinb\u00f6den, stimmungsvolle Lichtinszenierungen und stilsichere M\u00f6belst\u00fccke machen die besondere Ausstrahlung unserer Stores aus und kreieren eine gepflegte, einladende Atmosph\u00e4re.[\/vc_column_text][\/vc_column][\/vc_row][vc_row][vc_column]\n        <div class=\"headlines headlines--center\" data-aos=\"fade-up\">\n            <div class=\"vc_row\">\n                <div class=\"vc_col-md-10 vc_col-md-offset-1 vc_col-lg-10 vc_col-lg-offset-1\"><span class=\"h6\">Architektur<\/span><h2 class=\"h2\">Inspirierendes Ambiente<\/h2><\/div>\n            <\/div>\n        <\/div>[vc_column_text]Entspannt einkaufen, sich von neuen Mode-Ideen inspirieren lassen und genau das Passende finden \u2013 ein rundum gelungenes Einkaufserlebnis braucht ein angenehmes Ambiente. Daf\u00fcr sorgen wir mit komfortablen Frei- und Ruhezonen, die Raum f\u00fcr Bewegung und Pausen bieten, idealen Temperatur- und Lichtverh\u00e4ltnissen, aufger\u00e4umten Warenpr\u00e4sentationen und ausgesuchter Musik. Um die optimale Inszenierung der Modekollektionen, Outfit-Ideen und Styling-Vorschl\u00e4ge k\u00fcmmern sich unsere Profis: das Visual Merchandising Team. Von der Schaufenstergestaltung bis hin zur perfekten Pr\u00e4sentation der Ware. Nicht zuletzt sorgt die pers\u00f6nliche Beratung in Kombination mit umfassenden Serviceleistungen daf\u00fcr, dass das Einkaufen bei Peek&amp;Cloppenburg* und VAN GRAAF zum Erlebnis wird.\r\n<p style=\"text-align: center\"><a class=\"button\" href=\"https:\/\/www.peek-und-cloppenburg.de\/haeuser\/einkaufen-bei-p-und-c\/\" target=\"_blank\" rel=\"noopener noreferrer\">Zu unseren Services<\/a><\/p>\r\n[\/vc_column_text][\/vc_column][\/vc_row]<\/div>","protected":false},"excerpt":{"rendered":"[vc_row bwd_tbc4vd_show_weekday=&#8220;&#8220; full_width=&#8220;stretch_row_content_no_spaces&#8220;][vc_column][vc_column_text] Wir bieten unseren Kundinnen und Kunden viele Wege zum einzigartigen Shopping-Erlebnis. Besonders sp\u00fcrbar ist das besondere Einkaufserlebnis vor Ort in unseren Stores, wo unsere Leidenschaft f\u00fcr Mode und Menschen mit allen Sinnen erlebbar wird. Den ersten Eindruck pr\u00e4gt schon von weitem die Architektur unserer Stores, auf deren Gestaltung wir h\u00f6chsten Wert legen. [&hellip;]","protected":false},"author":6,"featured_media":0,"parent":5,"menu_order":0,"comment_status":"closed","ping_status":"closed","template":"","meta":{"_acf_changed":false,"inline_featured_image":false,"footnotes":""},"class_list":["post-19","page","type-page","status-publish","hentry"],"acf":[],"yoast_head":"<!-- This site is optimized with the Yoast SEO plugin v27.2 - https:\/\/yoast.com\/product\/yoast-seo-wordpress\/ -->\n<title>Architektur | Peek&amp;Cloppenburg Hamburg<\/title>\n<meta name=\"description\" content=\"In unseren Stores wird unsere Leidenschaft f\u00fcr Mode und Menschen mit allen Sinnen erlebbar durch Gestaltung und Architektur.\" \/>\n<meta name=\"robots\" content=\"index, follow, max-snippet:-1, max-image-preview:large, max-video-preview:-1\" \/>\n<link rel=\"canonical\" href=\"https:\/\/www.peek-und-cloppenburg.de\/de\/unternehmen\/architektur\/\" \/>\n<meta property=\"og:locale\" content=\"de_DE\" \/>\n<meta property=\"og:type\" content=\"article\" \/>\n<meta property=\"og:title\" content=\"Architektur | Peek&amp;Cloppenburg Hamburg\" \/>\n<meta property=\"og:description\" content=\"In unseren Stores wird unsere Leidenschaft f\u00fcr Mode und Menschen mit allen Sinnen erlebbar durch Gestaltung und Architektur.\" \/>\n<meta property=\"og:url\" content=\"https:\/\/www.peek-und-cloppenburg.de\/de\/unternehmen\/architektur\/\" \/>\n<meta property=\"og:site_name\" content=\"Peek&amp;Cloppenburg Deutschland\" \/>\n<meta property=\"article:publisher\" content=\"https:\/\/de-de.facebook.com\/peekundcloppenburg\/\" \/>\n<meta property=\"article:modified_time\" content=\"2025-04-24T14:39:19+00:00\" \/>\n<meta name=\"twitter:card\" content=\"summary_large_image\" \/>\n<meta name=\"twitter:label1\" content=\"Gesch\u00e4tzte Lesezeit\" \/>\n\t<meta name=\"twitter:data1\" content=\"2\u00a0Minuten\" \/>\n<script type=\"application\/ld+json\" class=\"yoast-schema-graph\">{\"@context\":\"https:\/\/schema.org\",\"@graph\":[{\"@type\":\"WebPage\",\"@id\":\"https:\/\/www.peek-und-cloppenburg.de\/de\/unternehmen\/architektur\/\",\"url\":\"https:\/\/www.peek-und-cloppenburg.de\/de\/unternehmen\/architektur\/\",\"name\":\"Architektur | Peek&Cloppenburg Hamburg\",\"isPartOf\":{\"@id\":\"https:\/\/www.peek-und-cloppenburg.de\/de\/#website\"},\"datePublished\":\"2020-12-08T11:08:50+00:00\",\"dateModified\":\"2025-04-24T14:39:19+00:00\",\"description\":\"In unseren Stores wird unsere Leidenschaft f\u00fcr Mode und Menschen mit allen Sinnen erlebbar durch Gestaltung und Architektur.\",\"breadcrumb\":{\"@id\":\"https:\/\/www.peek-und-cloppenburg.de\/de\/unternehmen\/architektur\/#breadcrumb\"},\"inLanguage\":\"de\",\"potentialAction\":[{\"@type\":\"ReadAction\",\"target\":[\"https:\/\/www.peek-und-cloppenburg.de\/de\/unternehmen\/architektur\/\"]}]},{\"@type\":\"BreadcrumbList\",\"@id\":\"https:\/\/www.peek-und-cloppenburg.de\/de\/unternehmen\/architektur\/#breadcrumb\",\"itemListElement\":[{\"@type\":\"ListItem\",\"position\":1,\"name\":\"Startseite\",\"item\":\"https:\/\/www.peek-und-cloppenburg.de\/de\/\"},{\"@type\":\"ListItem\",\"position\":2,\"name\":\"Unternehmen\",\"item\":\"https:\/\/www.peek-und-cloppenburg.de\/de\/unternehmen\/\"},{\"@type\":\"ListItem\",\"position\":3,\"name\":\"Architektur\"}]},{\"@type\":\"WebSite\",\"@id\":\"https:\/\/www.peek-und-cloppenburg.de\/de\/#website\",\"url\":\"https:\/\/www.peek-und-cloppenburg.de\/de\/\",\"name\":\"Peek&Cloppenburg KG Hamburg\",\"description\":\"Peek&amp;Cloppenburg KG Hamburg\",\"publisher\":{\"@id\":\"https:\/\/www.peek-und-cloppenburg.de\/de\/#organization\"},\"potentialAction\":[{\"@type\":\"SearchAction\",\"target\":{\"@type\":\"EntryPoint\",\"urlTemplate\":\"https:\/\/www.peek-und-cloppenburg.de\/de\/?s={search_term_string}\"},\"query-input\":{\"@type\":\"PropertyValueSpecification\",\"valueRequired\":true,\"valueName\":\"search_term_string\"}}],\"inLanguage\":\"de\"},{\"@type\":\"Organization\",\"@id\":\"https:\/\/www.peek-und-cloppenburg.de\/de\/#organization\",\"name\":\"Peek&Cloppenburg KG Hamburg\",\"url\":\"https:\/\/www.peek-und-cloppenburg.de\/de\/\",\"logo\":{\"@type\":\"ImageObject\",\"inLanguage\":\"de\",\"@id\":\"https:\/\/www.peek-und-cloppenburg.de\/de\/#\/schema\/logo\/image\/\",\"url\":\"https:\/\/www.peek-und-cloppenburg.de\/de\/wp-content\/uploads\/sites\/7\/2020\/02\/logo_pc.svg\",\"contentUrl\":\"https:\/\/www.peek-und-cloppenburg.de\/de\/wp-content\/uploads\/sites\/7\/2020\/02\/logo_pc.svg\",\"width\":\"1024\",\"height\":\"1024\",\"caption\":\"Peek&Cloppenburg KG Hamburg\"},\"image\":{\"@id\":\"https:\/\/www.peek-und-cloppenburg.de\/de\/#\/schema\/logo\/image\/\"},\"sameAs\":[\"https:\/\/de-de.facebook.com\/peekundcloppenburg\/\",\"https:\/\/www.instagram.com\/vangraaf_de\/\",\"https:\/\/www.youtube.com\/channel\/UCPdkk0FSUkdWYlzYtJpiUuw\",\"https:\/\/www.snapchat.com\/add\/Pundckarriere\"]}]}<\/script>\n<!-- \/ Yoast SEO plugin. -->","yoast_head_json":{"title":"Architektur | Peek&Cloppenburg Hamburg","description":"In unseren Stores wird unsere Leidenschaft f\u00fcr Mode und Menschen mit allen Sinnen erlebbar durch Gestaltung und Architektur.","robots":{"index":"index","follow":"follow","max-snippet":"max-snippet:-1","max-image-preview":"max-image-preview:large","max-video-preview":"max-video-preview:-1"},"canonical":"https:\/\/www.peek-und-cloppenburg.de\/de\/unternehmen\/architektur\/","og_locale":"de_DE","og_type":"article","og_title":"Architektur | Peek&Cloppenburg Hamburg","og_description":"In unseren Stores wird unsere Leidenschaft f\u00fcr Mode und Menschen mit allen Sinnen erlebbar durch Gestaltung und Architektur.","og_url":"https:\/\/www.peek-und-cloppenburg.de\/de\/unternehmen\/architektur\/","og_site_name":"Peek&amp;Cloppenburg Deutschland","article_publisher":"https:\/\/de-de.facebook.com\/peekundcloppenburg\/","article_modified_time":"2025-04-24T14:39:19+00:00","twitter_card":"summary_large_image","twitter_misc":{"Gesch\u00e4tzte Lesezeit":"2\u00a0Minuten"},"schema":{"@context":"https:\/\/schema.org","@graph":[{"@type":"WebPage","@id":"https:\/\/www.peek-und-cloppenburg.de\/de\/unternehmen\/architektur\/","url":"https:\/\/www.peek-und-cloppenburg.de\/de\/unternehmen\/architektur\/","name":"Architektur | Peek&Cloppenburg Hamburg","isPartOf":{"@id":"https:\/\/www.peek-und-cloppenburg.de\/de\/#website"},"datePublished":"2020-12-08T11:08:50+00:00","dateModified":"2025-04-24T14:39:19+00:00","description":"In unseren Stores wird unsere Leidenschaft f\u00fcr Mode und Menschen mit allen Sinnen erlebbar durch Gestaltung und Architektur.","breadcrumb":{"@id":"https:\/\/www.peek-und-cloppenburg.de\/de\/unternehmen\/architektur\/#breadcrumb"},"inLanguage":"de","potentialAction":[{"@type":"ReadAction","target":["https:\/\/www.peek-und-cloppenburg.de\/de\/unternehmen\/architektur\/"]}]},{"@type":"BreadcrumbList","@id":"https:\/\/www.peek-und-cloppenburg.de\/de\/unternehmen\/architektur\/#breadcrumb","itemListElement":[{"@type":"ListItem","position":1,"name":"Startseite","item":"https:\/\/www.peek-und-cloppenburg.de\/de\/"},{"@type":"ListItem","position":2,"name":"Unternehmen","item":"https:\/\/www.peek-und-cloppenburg.de\/de\/unternehmen\/"},{"@type":"ListItem","position":3,"name":"Architektur"}]},{"@type":"WebSite","@id":"https:\/\/www.peek-und-cloppenburg.de\/de\/#website","url":"https:\/\/www.peek-und-cloppenburg.de\/de\/","name":"Peek&Cloppenburg KG Hamburg","description":"Peek&amp;Cloppenburg KG Hamburg","publisher":{"@id":"https:\/\/www.peek-und-cloppenburg.de\/de\/#organization"},"potentialAction":[{"@type":"SearchAction","target":{"@type":"EntryPoint","urlTemplate":"https:\/\/www.peek-und-cloppenburg.de\/de\/?s={search_term_string}"},"query-input":{"@type":"PropertyValueSpecification","valueRequired":true,"valueName":"search_term_string"}}],"inLanguage":"de"},{"@type":"Organization","@id":"https:\/\/www.peek-und-cloppenburg.de\/de\/#organization","name":"Peek&Cloppenburg KG Hamburg","url":"https:\/\/www.peek-und-cloppenburg.de\/de\/","logo":{"@type":"ImageObject","inLanguage":"de","@id":"https:\/\/www.peek-und-cloppenburg.de\/de\/#\/schema\/logo\/image\/","url":"https:\/\/www.peek-und-cloppenburg.de\/de\/wp-content\/uploads\/sites\/7\/2020\/02\/logo_pc.svg","contentUrl":"https:\/\/www.peek-und-cloppenburg.de\/de\/wp-content\/uploads\/sites\/7\/2020\/02\/logo_pc.svg","width":"1024","height":"1024","caption":"Peek&Cloppenburg KG Hamburg"},"image":{"@id":"https:\/\/www.peek-und-cloppenburg.de\/de\/#\/schema\/logo\/image\/"},"sameAs":["https:\/\/de-de.facebook.com\/peekundcloppenburg\/","https:\/\/www.instagram.com\/vangraaf_de\/","https:\/\/www.youtube.com\/channel\/UCPdkk0FSUkdWYlzYtJpiUuw","https:\/\/www.snapchat.com\/add\/Pundckarriere"]}]}},"_links":{"self":[{"href":"https:\/\/www.peek-und-cloppenburg.de\/de\/wp-json\/wp\/v2\/pages\/19","targetHints":{"allow":["GET"]}}],"collection":[{"href":"https:\/\/www.peek-und-cloppenburg.de\/de\/wp-json\/wp\/v2\/pages"}],"about":[{"href":"https:\/\/www.peek-und-cloppenburg.de\/de\/wp-json\/wp\/v2\/types\/page"}],"author":[{"embeddable":true,"href":"https:\/\/www.peek-und-cloppenburg.de\/de\/wp-json\/wp\/v2\/users\/6"}],"replies":[{"embeddable":true,"href":"https:\/\/www.peek-und-cloppenburg.de\/de\/wp-json\/wp\/v2\/comments?post=19"}],"version-history":[{"count":14,"href":"https:\/\/www.peek-und-cloppenburg.de\/de\/wp-json\/wp\/v2\/pages\/19\/revisions"}],"predecessor-version":[{"id":12081,"href":"https:\/\/www.peek-und-cloppenburg.de\/de\/wp-json\/wp\/v2\/pages\/19\/revisions\/12081"}],"up":[{"embeddable":true,"href":"https:\/\/www.peek-und-cloppenburg.de\/de\/wp-json\/wp\/v2\/pages\/5"}],"wp:attachment":[{"href":"https:\/\/www.peek-und-cloppenburg.de\/de\/wp-json\/wp\/v2\/media?parent=19"}],"curies":[{"name":"wp","href":"https:\/\/api.w.org\/{rel}","templated":true}]}}