{"id":1881,"date":"2022-01-31T11:57:09","date_gmt":"2022-01-31T10:57:09","guid":{"rendered":"https:\/\/www.peek-und-cloppenburg.de\/de\/?page_id=1881"},"modified":"2026-02-24T18:00:35","modified_gmt":"2026-02-24T17:00:35","slug":"verkaeufer-mwd","status":"publish","type":"page","link":"https:\/\/www.peek-und-cloppenburg.de\/de\/karriere\/schueler\/ausbildung\/verkaeufer-mwd\/","title":{"rendered":"Ausbildung zum Verk\u00e4ufer (m\/w\/d)"},"content":{"rendered":"<div class=\"wpb-content-wrapper\">[vc_row bwd_tbc4vd_show_weekday=&#8220;&#8220; full_width=&#8220;stretch_row_content_no_spaces&#8220;][vc_column]<div class=\"keyvisual\" data-aos=\"fade-up\" ><img loading=\"lazy\" decoding=\"async\" width=\"1440\" height=\"480\" src=\"https:\/\/www.peek-und-cloppenburg.de\/de\/wp-content\/uploads\/sites\/7\/2022\/01\/M3_B_Schueler_039.jpg\" class=\"vc_single_image-img keyvisual__image--big\" alt=\"Ein Mann und eine Frau stehen lachend vor einem dunkelblauen Hintergrund. Der Mann tr\u00e4gt einen dunklen Anzug und eine Brille, die Frau ein hellblaues Kleid.\" srcset=\"https:\/\/www.peek-und-cloppenburg.de\/de\/wp-content\/uploads\/sites\/7\/2022\/01\/M3_B_Schueler_039.jpg 1440w, https:\/\/www.peek-und-cloppenburg.de\/de\/wp-content\/uploads\/sites\/7\/2022\/01\/M3_B_Schueler_039-300x100.jpg 300w, https:\/\/www.peek-und-cloppenburg.de\/de\/wp-content\/uploads\/sites\/7\/2022\/01\/M3_B_Schueler_039-1024x341.jpg 1024w, https:\/\/www.peek-und-cloppenburg.de\/de\/wp-content\/uploads\/sites\/7\/2022\/01\/M3_B_Schueler_039-768x256.jpg 768w, https:\/\/www.peek-und-cloppenburg.de\/de\/wp-content\/uploads\/sites\/7\/2022\/01\/M3_B_Schueler_039-1200x400.jpg 1200w, https:\/\/www.peek-und-cloppenburg.de\/de\/wp-content\/uploads\/sites\/7\/2022\/01\/M3_B_Schueler_039-992x331.jpg 992w, https:\/\/www.peek-und-cloppenburg.de\/de\/wp-content\/uploads\/sites\/7\/2022\/01\/M3_B_Schueler_039-480x160.jpg 480w, https:\/\/www.peek-und-cloppenburg.de\/de\/wp-content\/uploads\/sites\/7\/2022\/01\/M3_B_Schueler_039-690x230.jpg 690w\" sizes=\"(max-width: 1440px) 100vw, 1440px\" \/><img loading=\"lazy\" decoding=\"async\" width=\"768\" height=\"250\" src=\"https:\/\/www.peek-und-cloppenburg.de\/de\/wp-content\/uploads\/sites\/7\/2022\/01\/M3_B_Schueler_039-1.jpg\" class=\"vc_single_image-img keyvisual__image--small\" alt=\"Ein l\u00e4chelnder Mann in einem dunklen Anzug steht neben einer l\u00e4chelnden Frau in einem blauen Kleid vor einem blauen Hintergrund.\" srcset=\"https:\/\/www.peek-und-cloppenburg.de\/de\/wp-content\/uploads\/sites\/7\/2022\/01\/M3_B_Schueler_039-1.jpg 768w, https:\/\/www.peek-und-cloppenburg.de\/de\/wp-content\/uploads\/sites\/7\/2022\/01\/M3_B_Schueler_039-1-300x98.jpg 300w, https:\/\/www.peek-und-cloppenburg.de\/de\/wp-content\/uploads\/sites\/7\/2022\/01\/M3_B_Schueler_039-1-480x156.jpg 480w, https:\/\/www.peek-und-cloppenburg.de\/de\/wp-content\/uploads\/sites\/7\/2022\/01\/M3_B_Schueler_039-1-690x225.jpg 690w\" sizes=\"(max-width: 768px) 100vw, 768px\" \/><\/div>\n        <div class=\"headlines headlines--center\" data-aos=\"fade-up\">\n            <div class=\"vc_row\">\n                <div class=\"vc_col-md-10 vc_col-md-offset-1 vc_col-lg-10 vc_col-lg-offset-1\"><span class=\"h6\">Mode&amp;Beratung<\/span><h1 class=\"h2\">Ausbildung zum Verk\u00e4ufer (w\/m\/d)<\/h1><\/div>\n            <\/div>\n        <\/div>[vc_column_text]\r\n<p style=\"text-align: center\">Immer ein offenes Ohr f\u00fcr die W\u00fcnsche unserer Kund:innen: W\u00e4hrend Deiner Ausbildung zum Verk\u00e4ufer \/ zur Verk\u00e4uferin (w\/m\/d) entwickelst Du Dich mit uns zu einem echten Verkaufstalent. Als Expert:in f\u00fcr unser Sortiment und die Trends der Fashion-Welt stehst Du t\u00e4glich im Kontakt mit unseren Kund:innen. Dabei wirst Du f\u00fcr Dein Fachwissen und Deine freundliche, offene Art sehr gesch\u00e4tzt. Ein anspruchsvoller und abwechslungsreicher Job, der jeden Tag anders ist!<\/p>\r\n[\/vc_column_text]<div class=\"vg-element icon-teaser icon-teaser--underneath\" data-aos=\"fade-up\"><div class=\"vc_row\"><div class=\"vc_col-md-10 vc_col-md-offset-1\"><div class=\"vc_row icon-teaser__items\"><div class=\"icon-teaser__item vc_col-xs-12 vc_col-sm-4\"><div class=\"icon-teaser__item__inner\"><div class=\"icon-teaser__item__icon\"><img loading=\"lazy\" decoding=\"async\" width=\"1\" height=\"1\" src=\"https:\/\/www.peek-und-cloppenburg.de\/de\/wp-content\/uploads\/sites\/7\/2022\/01\/fahne.svg\" class=\"attachment-full size-full\" alt=\"\" \/><\/div><div class=\"icon-teaser__item__content\"><h3>Start<\/h3><p>Du startest Deine Ausbildung im August.<\/p><\/div><\/div><\/div><div class=\"icon-teaser__item vc_col-xs-12 vc_col-sm-4\"><div class=\"icon-teaser__item__inner\"><div class=\"icon-teaser__item__icon\"><img loading=\"lazy\" decoding=\"async\" width=\"1\" height=\"1\" src=\"https:\/\/www.peek-und-cloppenburg.de\/de\/wp-content\/uploads\/sites\/7\/2022\/01\/clock.svg\" class=\"attachment-full size-full\" alt=\"\" \/><\/div><div class=\"icon-teaser__item__content\"><h3>Dauer<\/h3><p>Die Ausbildung dauert zwei Jahre.<\/p><\/div><\/div><\/div><div class=\"icon-teaser__item vc_col-xs-12 vc_col-sm-4\"><div class=\"icon-teaser__item__inner\"><div class=\"icon-teaser__item__icon\"><img loading=\"lazy\" decoding=\"async\" width=\"1\" height=\"1\" src=\"https:\/\/www.peek-und-cloppenburg.de\/de\/wp-content\/uploads\/sites\/7\/2021\/05\/ihk-pruefung.svg\" class=\"attachment-full size-full\" alt=\"\" \/><\/div><div class=\"icon-teaser__item__content\"><h3>Pr\u00fcfung<\/h3><p>Die Abschlusspr\u00fcfung legst Du vor der IHK ab.<\/p><\/div><\/div><\/div><\/div><\/div><\/div><\/div>[\/vc_column][\/vc_row][vc_row][vc_column][vc_column_text]\r\n<h3>Das erwartet Dich in der Ausbildung<\/h3>\r\nIn der Ausbildung zum Verk\u00e4ufer \/ zur Verk\u00e4uferin (w\/m\/d) lernst Du in zwei Jahren alles, was Du f\u00fcr eine erfolgreiche Kundenkommunikation und -beratung brauchst. Wir machen Dich mit unserer Ware und unserer Markenwelt vertraut und vermitteln Dir umfangreiche Kenntnisse sowie spannende Details zu Materialien und Verarbeitung. Au\u00dferdem lernst Du, wie Du unsere Ware optimal im Verkaufshaus pr\u00e4sentierst und wie unsere Sortimente attraktiv und inspirierend arrangiert werden.[\/vc_column_text][vc_column_text]\r\n<h3>Dein Profil<\/h3>\r\nF\u00fcr die Ausbildung zum Verk\u00e4ufer \/ zur Verk\u00e4uferin (w\/m\/d) hast Du einen guten Hauptschulabschluss erreicht und begeisterst Dich f\u00fcr die Fashion-Welt. Es macht Dir Spa\u00df, immer wieder neue stilsichere Outfits zusammenzustellen und durch Deine Beratung unseren Kund:innen ein tolles Einkaufserlebnis zu bieten. Dein Engagement und Deine Zuverl\u00e4ssigkeit \u00fcberzeugen uns ebenso wie Deine aufgeschlossene und freundliche Art.[\/vc_column_text][vc_column_text]\r\n<h3>Deine Perspektiven<\/h3>\r\nNach dem erfolgreichen Abschluss Deiner Ausbildung startest Du als Modeberater:in in einem unserer Verkaufsh\u00e4user von Peek&amp;Cloppenburg*. Wenn Du in Deiner Ausbildung mit besonders guten Leistungen \u00fcberzeugen kannst, bieten wir Dir die M\u00f6glichkeit, sie um ein Jahr f\u00fcr den Abschluss zum Kaufmann \/ zur Kauffrau im Einzelhandel (w\/m\/d) zu verl\u00e4ngern.[\/vc_column_text][vc_column_text]\r\n<p style=\"text-align: center\"><a class=\"button button--primary\" href=\"https:\/\/www.peek-und-cloppenburg.de\/de\/karriere\/jobs\/stellenangebote\/stellenangebote.html?filter[taetigkeit_id]=8&amp;filter[aufgabengebiet_id]=6\" target=\"_blank\" rel=\"noopener\">Jetzt bewerben<\/a><\/p>\r\n[\/vc_column_text][\/vc_column][\/vc_row][vc_row][vc_column]\n        <div class=\"headlines headlines--center\" data-aos=\"fade-up\">\n            <div class=\"vc_row\">\n                <div class=\"vc_col-md-10 vc_col-md-offset-1 vc_col-lg-10 vc_col-lg-offset-1\"><h2 class=\"h2\">Top Benefits in der Ausbildung<\/h2><\/div>\n            <\/div>\n        <\/div><div class=\"vg-element icon-teaser icon-teaser--right\" data-aos=\"fade-up\"><div class=\"vc_row icon-teaser__items\"><div class=\"icon-teaser__item vc_col-md-4\"><div class=\"icon-teaser__item__inner\"><div class=\"icon-teaser__item__icon\"><img loading=\"lazy\" decoding=\"async\" width=\"1\" height=\"1\" src=\"https:\/\/www.peek-und-cloppenburg.de\/de\/wp-content\/uploads\/sites\/7\/2022\/01\/unternehmenskultur.svg\" class=\"attachment-full size-full\" alt=\"\" \/><\/div><div class=\"icon-teaser__item__content\"><h4>Unternehmenskultur<\/h4><p>Tolles Team, Spa\u00df im Job und viel Platz zum wachsen.<\/p><\/div><\/div><\/div><div class=\"icon-teaser__item vc_col-md-4\"><div class=\"icon-teaser__item__inner\"><div class=\"icon-teaser__item__icon\"><img loading=\"lazy\" decoding=\"async\" width=\"1\" height=\"1\" src=\"https:\/\/www.peek-und-cloppenburg.de\/de\/wp-content\/uploads\/sites\/7\/2022\/01\/trainingswelt.svg\" class=\"attachment-full size-full\" alt=\"\" \/><\/div><div class=\"icon-teaser__item__content\"><h4>Workshops & Seminare<\/h4><p>Mit unserem vielf\u00e4ltigen Angebot machen wir Dich fit f\u00fcr Deine Zukunft.<\/p><\/div><\/div><\/div><div class=\"icon-teaser__item vc_col-md-4\"><div class=\"icon-teaser__item__inner\"><div class=\"icon-teaser__item__icon\"><img loading=\"lazy\" decoding=\"async\" width=\"1\" height=\"1\" src=\"https:\/\/www.peek-und-cloppenburg.de\/de\/wp-content\/uploads\/sites\/7\/2022\/01\/mitarbeiterrabatte.svg\" class=\"attachment-full size-full\" alt=\"\" \/><\/div><div class=\"icon-teaser__item__content\"><h4>Shoppen nach Herzenslust<\/h4><p>Shoppe 20% Rabatt station\u00e4r und online auf VANGRAAF.COM.<\/p><\/div><\/div><\/div><div class=\"icon-teaser__item vc_col-md-4\"><div class=\"icon-teaser__item__inner\"><div class=\"icon-teaser__item__icon\"><img loading=\"lazy\" decoding=\"async\" width=\"1\" height=\"1\" src=\"https:\/\/www.peek-und-cloppenburg.de\/de\/wp-content\/uploads\/sites\/7\/2022\/01\/benefits.svg\" class=\"attachment-full size-full\" alt=\"\" \/><\/div><div class=\"icon-teaser__item__content\"><h4> Dein P&C Outfit<\/h4><p> Individuelle Arbeitsoutfits zum Ausbildungsstart.<\/p><\/div><\/div><\/div><div class=\"icon-teaser__item vc_col-md-4\"><div class=\"icon-teaser__item__inner\"><div class=\"icon-teaser__item__icon\"><img loading=\"lazy\" decoding=\"async\" width=\"1\" height=\"1\" src=\"https:\/\/www.peek-und-cloppenburg.de\/de\/wp-content\/uploads\/sites\/7\/2022\/01\/holiday.svg\" class=\"attachment-full size-full\" alt=\"\" \/><\/div><div class=\"icon-teaser__item__content\"><h4>Urlaubstage<\/h4><p>Sechs Wochen Erholungsurlaub f\u00fcr Deine perfekte Auszeit.<\/p><\/div><\/div><\/div><\/div><div class=\"icon-teaser__cta\"><a class=\"button\" href=\"https:\/\/www.peek-und-cloppenburg.de\/de\/karriere\/wir\/benefits\/\" target=\"_self\" rel=\"\" style=\"\">Alle Benefits entdecken<\/a><\/div><\/div>[\/vc_column][\/vc_row][vc_row bwd_tbc4vd_show_weekday=&#8220;&#8220; full_width=&#8220;stretch_row_content_no_spaces&#8220; equal_height=&#8220;&#8220; row_design=&#8220;row_square_background&#8220;][vc_column]\n        <div class=\"headlines headlines--center\" data-aos=\"fade-up\">\n            <div class=\"vc_row\">\n                <div class=\"vc_col-md-10 vc_col-md-offset-1 vc_col-lg-10 vc_col-lg-offset-1\"><h2 class=\"h2\">Ausbildung bei Peek&amp;Cloppenburg*<\/h2><\/div>\n            <\/div>\n        <\/div>[vc_row_inner bwd_tbc4vd_show_weekday=&#8220;&#8220; row_design=&#8220;row_square_background&#8220;][vc_column_inner width=&#8220;1\/3&#8243;]<div class=\"vg-element cta-teaser cta-teaser--center\" data-aos=\"fade-up\"><div class=\"cta-teaser__image\"><a class=\"\" href=\"https:\/\/www.peek-und-cloppenburg.de\/de\/karriere\/kontakt\/\" target=\"_self\" rel=\"\" style=\"\"><img loading=\"lazy\" decoding=\"async\" width=\"380\" height=\"254\" src=\"https:\/\/www.peek-und-cloppenburg.de\/de\/wp-content\/uploads\/sites\/7\/2022\/02\/M11_G_PORTRAITS_TRAINER_012.jpg\" class=\"vc_single_image-img attachment-full\" alt=\"Eine l\u00e4chelnde Frau in dunkler Kleidung vor einem blauen Hintergrund.\" title=\"Simone L\u00fchr Pacheco Peek und Cloppenburg Hamburg\" srcset=\"https:\/\/www.peek-und-cloppenburg.de\/de\/wp-content\/uploads\/sites\/7\/2022\/02\/M11_G_PORTRAITS_TRAINER_012.jpg 380w, https:\/\/www.peek-und-cloppenburg.de\/de\/wp-content\/uploads\/sites\/7\/2022\/02\/M11_G_PORTRAITS_TRAINER_012-300x201.jpg 300w\" sizes=\"(max-width: 380px) 100vw, 380px\" \/><\/a><\/div><div class=\"cta-teaser__text\"><h3>Kontakt<\/h3><p>Du hast Fragen zur Ausbildung bei Peek&amp;Cloppenburg*? Dann melde Dich direkt bei Simone: +49 40 33967-375<\/p><a class=\"button\" href=\"https:\/\/www.peek-und-cloppenburg.de\/de\/karriere\/kontakt\/\" target=\"_self\" rel=\"\" style=\"\">E-Mail senden<\/a><\/div><\/div>[\/vc_column_inner][vc_column_inner width=&#8220;1\/3&#8243;]<div class=\"vg-element cta-teaser cta-teaser--center\" data-aos=\"fade-up\"><div class=\"cta-teaser__image\"><a class=\"\" href=\"https:\/\/www.peek-und-cloppenburg.de\/de\/karriere\/richtig-bewerben\/bewerbungstipps\/\" target=\"_self\" rel=\"\" style=\"\"><img loading=\"lazy\" decoding=\"async\" width=\"380\" height=\"254\" src=\"https:\/\/www.peek-und-cloppenburg.de\/de\/wp-content\/uploads\/sites\/7\/2021\/05\/M3_C_Schueler_054-1.jpg\" class=\"vc_single_image-img attachment-full\" alt=\"Eine Frau mit langen Haaren formt mit einer Haarstr\u00e4hne einen Schnurrbart und macht einen Kussmund vor einem dunkelblauen Hintergrund.\" title=\"Bewerbungtipps Peek und Cloppenburg Hamburg\" srcset=\"https:\/\/www.peek-und-cloppenburg.de\/de\/wp-content\/uploads\/sites\/7\/2021\/05\/M3_C_Schueler_054-1.jpg 380w, https:\/\/www.peek-und-cloppenburg.de\/de\/wp-content\/uploads\/sites\/7\/2021\/05\/M3_C_Schueler_054-1-300x201.jpg 300w\" sizes=\"(max-width: 380px) 100vw, 380px\" \/><\/a><\/div><div class=\"cta-teaser__text\"><h3>Bewerbungstipps<\/h3><p>Du m\u00f6chtest Dich f\u00fcr eine Ausbildung bewerben? Wir geben Dir alle Tipps f\u00fcr eine gelungene Bewerbung.<\/p><a class=\"button\" href=\"https:\/\/www.peek-und-cloppenburg.de\/de\/karriere\/richtig-bewerben\/bewerbungstipps\/\" target=\"_self\" rel=\"\" style=\"\">Bewerbungstipps<\/a><\/div><\/div>[\/vc_column_inner][vc_column_inner width=&#8220;1\/3&#8243;]<div class=\"vg-element cta-teaser cta-teaser--center\" data-aos=\"fade-up\"><div class=\"cta-teaser__image\"><a class=\"\" href=\"https:\/\/www.peek-und-cloppenburg.de\/de\/karriere\/kontakt\/\" target=\"_self\" rel=\"\" style=\"\"><img loading=\"lazy\" decoding=\"async\" width=\"380\" height=\"254\" src=\"https:\/\/www.peek-und-cloppenburg.de\/de\/wp-content\/uploads\/sites\/7\/2022\/03\/Lisa.jpg\" class=\"vc_single_image-img attachment-full\" alt=\"Eine l\u00e4chelnde Frau mit langen blonden Haaren, die ein hellblaues Sakko und eine wei\u00dfe Bluse tr\u00e4gt, vor einem dunklen Hintergrund.\" title=\"Lisa Falkenecker Peek und Cloppenburg Hamburg\" srcset=\"https:\/\/www.peek-und-cloppenburg.de\/de\/wp-content\/uploads\/sites\/7\/2022\/03\/Lisa.jpg 380w, https:\/\/www.peek-und-cloppenburg.de\/de\/wp-content\/uploads\/sites\/7\/2022\/03\/Lisa-300x201.jpg 300w\" sizes=\"(max-width: 380px) 100vw, 380px\" \/><\/a><\/div><div class=\"cta-teaser__text\"><h3>Kontakt<\/h3><p>Du hast Fragen zur Ausbildung bei Peek&amp;Cloppenburg*? Dann melde Dich direkt bei Lisa: +49 40 33967-373<\/p><a class=\"button\" href=\"https:\/\/www.peek-und-cloppenburg.de\/de\/karriere\/kontakt\/\" target=\"_self\" rel=\"\" style=\"\">E-Mail senden<\/a><\/div><\/div>[\/vc_column_inner][\/vc_row_inner][\/vc_column][\/vc_row]<\/div>","protected":false},"excerpt":{"rendered":"[vc_row bwd_tbc4vd_show_weekday=&#8220;&#8220; full_width=&#8220;stretch_row_content_no_spaces&#8220;][vc_column][vc_column_text] Immer ein offenes Ohr f\u00fcr die W\u00fcnsche unserer Kund:innen: W\u00e4hrend Deiner Ausbildung zum Verk\u00e4ufer \/ zur Verk\u00e4uferin (w\/m\/d) entwickelst Du Dich mit uns zu einem echten Verkaufstalent. Als Expert:in f\u00fcr unser Sortiment und die Trends der Fashion-Welt stehst Du t\u00e4glich im Kontakt mit unseren Kund:innen. Dabei wirst Du f\u00fcr Dein Fachwissen und [&hellip;]","protected":false},"author":33,"featured_media":0,"parent":1580,"menu_order":0,"comment_status":"closed","ping_status":"closed","template":"","meta":{"_acf_changed":false,"inline_featured_image":false,"footnotes":""},"class_list":["post-1881","page","type-page","status-publish","hentry"],"acf":[],"yoast_head":"<!-- This site is optimized with the Yoast SEO plugin v27.2 - https:\/\/yoast.com\/product\/yoast-seo-wordpress\/ -->\n<title>Ausbildung Verk\u00e4ufer (m\/w\/d) | Peek&amp;Cloppenburg Hamburg<\/title>\n<meta name=\"description\" content=\"Du m\u00f6chtest im Einzelhandel arbeiten und Verantwortung f\u00fcr verschiedene Waren \u00fcbernehmen? Mache eine Ausbildung zum Verk\u00e4ufer (m\/w\/d)!\" \/>\n<meta name=\"robots\" content=\"index, follow, max-snippet:-1, max-image-preview:large, max-video-preview:-1\" \/>\n<link rel=\"canonical\" href=\"https:\/\/www.peek-und-cloppenburg.de\/de\/karriere\/schueler\/ausbildung\/verkaeufer-mwd\/\" \/>\n<meta property=\"og:locale\" content=\"de_DE\" \/>\n<meta property=\"og:type\" content=\"article\" \/>\n<meta property=\"og:title\" content=\"Ausbildung Verk\u00e4ufer (m\/w\/d) | Peek&amp;Cloppenburg Hamburg\" \/>\n<meta property=\"og:description\" content=\"Du m\u00f6chtest im Einzelhandel arbeiten und Verantwortung f\u00fcr verschiedene Waren \u00fcbernehmen? Mache eine Ausbildung zum Verk\u00e4ufer (m\/w\/d)!\" \/>\n<meta property=\"og:url\" content=\"https:\/\/www.peek-und-cloppenburg.de\/de\/karriere\/schueler\/ausbildung\/verkaeufer-mwd\/\" \/>\n<meta property=\"og:site_name\" content=\"Peek&amp;Cloppenburg Deutschland\" \/>\n<meta property=\"article:publisher\" content=\"https:\/\/de-de.facebook.com\/peekundcloppenburg\/\" \/>\n<meta property=\"article:modified_time\" content=\"2026-02-24T17:00:35+00:00\" \/>\n<meta name=\"twitter:card\" content=\"summary_large_image\" \/>\n<meta name=\"twitter:label1\" content=\"Gesch\u00e4tzte Lesezeit\" \/>\n\t<meta name=\"twitter:data1\" content=\"3\u00a0Minuten\" \/>\n<script type=\"application\/ld+json\" class=\"yoast-schema-graph\">{\"@context\":\"https:\/\/schema.org\",\"@graph\":[{\"@type\":\"WebPage\",\"@id\":\"https:\/\/www.peek-und-cloppenburg.de\/de\/karriere\/schueler\/ausbildung\/verkaeufer-mwd\/\",\"url\":\"https:\/\/www.peek-und-cloppenburg.de\/de\/karriere\/schueler\/ausbildung\/verkaeufer-mwd\/\",\"name\":\"Ausbildung Verk\u00e4ufer (m\/w\/d) | Peek&Cloppenburg Hamburg\",\"isPartOf\":{\"@id\":\"https:\/\/www.peek-und-cloppenburg.de\/de\/#website\"},\"datePublished\":\"2022-01-31T10:57:09+00:00\",\"dateModified\":\"2026-02-24T17:00:35+00:00\",\"description\":\"Du m\u00f6chtest im Einzelhandel arbeiten und Verantwortung f\u00fcr verschiedene Waren \u00fcbernehmen? Mache eine Ausbildung zum Verk\u00e4ufer (m\/w\/d)!\",\"breadcrumb\":{\"@id\":\"https:\/\/www.peek-und-cloppenburg.de\/de\/karriere\/schueler\/ausbildung\/verkaeufer-mwd\/#breadcrumb\"},\"inLanguage\":\"de\",\"potentialAction\":[{\"@type\":\"ReadAction\",\"target\":[\"https:\/\/www.peek-und-cloppenburg.de\/de\/karriere\/schueler\/ausbildung\/verkaeufer-mwd\/\"]}]},{\"@type\":\"BreadcrumbList\",\"@id\":\"https:\/\/www.peek-und-cloppenburg.de\/de\/karriere\/schueler\/ausbildung\/verkaeufer-mwd\/#breadcrumb\",\"itemListElement\":[{\"@type\":\"ListItem\",\"position\":1,\"name\":\"Startseite\",\"item\":\"https:\/\/www.peek-und-cloppenburg.de\/de\/\"},{\"@type\":\"ListItem\",\"position\":2,\"name\":\"Karriere\",\"item\":\"https:\/\/www.peek-und-cloppenburg.de\/de\/karriere\/\"},{\"@type\":\"ListItem\",\"position\":3,\"name\":\"Sch\u00fcler:innen\",\"item\":\"https:\/\/www.peek-und-cloppenburg.de\/de\/karriere\/schueler\/\"},{\"@type\":\"ListItem\",\"position\":4,\"name\":\"Ausbildung\",\"item\":\"https:\/\/www.peek-und-cloppenburg.de\/de\/karriere\/schueler\/ausbildung\/\"},{\"@type\":\"ListItem\",\"position\":5,\"name\":\"Ausbildung zum Verk\u00e4ufer (m\/w\/d)\"}]},{\"@type\":\"WebSite\",\"@id\":\"https:\/\/www.peek-und-cloppenburg.de\/de\/#website\",\"url\":\"https:\/\/www.peek-und-cloppenburg.de\/de\/\",\"name\":\"Peek&Cloppenburg KG Hamburg\",\"description\":\"Peek&amp;Cloppenburg KG Hamburg\",\"publisher\":{\"@id\":\"https:\/\/www.peek-und-cloppenburg.de\/de\/#organization\"},\"potentialAction\":[{\"@type\":\"SearchAction\",\"target\":{\"@type\":\"EntryPoint\",\"urlTemplate\":\"https:\/\/www.peek-und-cloppenburg.de\/de\/?s={search_term_string}\"},\"query-input\":{\"@type\":\"PropertyValueSpecification\",\"valueRequired\":true,\"valueName\":\"search_term_string\"}}],\"inLanguage\":\"de\"},{\"@type\":\"Organization\",\"@id\":\"https:\/\/www.peek-und-cloppenburg.de\/de\/#organization\",\"name\":\"Peek&Cloppenburg KG Hamburg\",\"url\":\"https:\/\/www.peek-und-cloppenburg.de\/de\/\",\"logo\":{\"@type\":\"ImageObject\",\"inLanguage\":\"de\",\"@id\":\"https:\/\/www.peek-und-cloppenburg.de\/de\/#\/schema\/logo\/image\/\",\"url\":\"https:\/\/www.peek-und-cloppenburg.de\/de\/wp-content\/uploads\/sites\/7\/2020\/02\/logo_pc.svg\",\"contentUrl\":\"https:\/\/www.peek-und-cloppenburg.de\/de\/wp-content\/uploads\/sites\/7\/2020\/02\/logo_pc.svg\",\"width\":\"1024\",\"height\":\"1024\",\"caption\":\"Peek&Cloppenburg KG Hamburg\"},\"image\":{\"@id\":\"https:\/\/www.peek-und-cloppenburg.de\/de\/#\/schema\/logo\/image\/\"},\"sameAs\":[\"https:\/\/de-de.facebook.com\/peekundcloppenburg\/\",\"https:\/\/www.instagram.com\/vangraaf_de\/\",\"https:\/\/www.youtube.com\/channel\/UCPdkk0FSUkdWYlzYtJpiUuw\",\"https:\/\/www.snapchat.com\/add\/Pundckarriere\"]}]}<\/script>\n<!-- \/ Yoast SEO plugin. -->","yoast_head_json":{"title":"Ausbildung Verk\u00e4ufer (m\/w\/d) | Peek&Cloppenburg Hamburg","description":"Du m\u00f6chtest im Einzelhandel arbeiten und Verantwortung f\u00fcr verschiedene Waren \u00fcbernehmen? Mache eine Ausbildung zum Verk\u00e4ufer (m\/w\/d)!","robots":{"index":"index","follow":"follow","max-snippet":"max-snippet:-1","max-image-preview":"max-image-preview:large","max-video-preview":"max-video-preview:-1"},"canonical":"https:\/\/www.peek-und-cloppenburg.de\/de\/karriere\/schueler\/ausbildung\/verkaeufer-mwd\/","og_locale":"de_DE","og_type":"article","og_title":"Ausbildung Verk\u00e4ufer (m\/w\/d) | Peek&Cloppenburg Hamburg","og_description":"Du m\u00f6chtest im Einzelhandel arbeiten und Verantwortung f\u00fcr verschiedene Waren \u00fcbernehmen? Mache eine Ausbildung zum Verk\u00e4ufer (m\/w\/d)!","og_url":"https:\/\/www.peek-und-cloppenburg.de\/de\/karriere\/schueler\/ausbildung\/verkaeufer-mwd\/","og_site_name":"Peek&amp;Cloppenburg Deutschland","article_publisher":"https:\/\/de-de.facebook.com\/peekundcloppenburg\/","article_modified_time":"2026-02-24T17:00:35+00:00","twitter_card":"summary_large_image","twitter_misc":{"Gesch\u00e4tzte Lesezeit":"3\u00a0Minuten"},"schema":{"@context":"https:\/\/schema.org","@graph":[{"@type":"WebPage","@id":"https:\/\/www.peek-und-cloppenburg.de\/de\/karriere\/schueler\/ausbildung\/verkaeufer-mwd\/","url":"https:\/\/www.peek-und-cloppenburg.de\/de\/karriere\/schueler\/ausbildung\/verkaeufer-mwd\/","name":"Ausbildung Verk\u00e4ufer (m\/w\/d) | Peek&Cloppenburg Hamburg","isPartOf":{"@id":"https:\/\/www.peek-und-cloppenburg.de\/de\/#website"},"datePublished":"2022-01-31T10:57:09+00:00","dateModified":"2026-02-24T17:00:35+00:00","description":"Du m\u00f6chtest im Einzelhandel arbeiten und Verantwortung f\u00fcr verschiedene Waren \u00fcbernehmen? Mache eine Ausbildung zum Verk\u00e4ufer (m\/w\/d)!","breadcrumb":{"@id":"https:\/\/www.peek-und-cloppenburg.de\/de\/karriere\/schueler\/ausbildung\/verkaeufer-mwd\/#breadcrumb"},"inLanguage":"de","potentialAction":[{"@type":"ReadAction","target":["https:\/\/www.peek-und-cloppenburg.de\/de\/karriere\/schueler\/ausbildung\/verkaeufer-mwd\/"]}]},{"@type":"BreadcrumbList","@id":"https:\/\/www.peek-und-cloppenburg.de\/de\/karriere\/schueler\/ausbildung\/verkaeufer-mwd\/#breadcrumb","itemListElement":[{"@type":"ListItem","position":1,"name":"Startseite","item":"https:\/\/www.peek-und-cloppenburg.de\/de\/"},{"@type":"ListItem","position":2,"name":"Karriere","item":"https:\/\/www.peek-und-cloppenburg.de\/de\/karriere\/"},{"@type":"ListItem","position":3,"name":"Sch\u00fcler:innen","item":"https:\/\/www.peek-und-cloppenburg.de\/de\/karriere\/schueler\/"},{"@type":"ListItem","position":4,"name":"Ausbildung","item":"https:\/\/www.peek-und-cloppenburg.de\/de\/karriere\/schueler\/ausbildung\/"},{"@type":"ListItem","position":5,"name":"Ausbildung zum Verk\u00e4ufer (m\/w\/d)"}]},{"@type":"WebSite","@id":"https:\/\/www.peek-und-cloppenburg.de\/de\/#website","url":"https:\/\/www.peek-und-cloppenburg.de\/de\/","name":"Peek&Cloppenburg KG Hamburg","description":"Peek&amp;Cloppenburg KG Hamburg","publisher":{"@id":"https:\/\/www.peek-und-cloppenburg.de\/de\/#organization"},"potentialAction":[{"@type":"SearchAction","target":{"@type":"EntryPoint","urlTemplate":"https:\/\/www.peek-und-cloppenburg.de\/de\/?s={search_term_string}"},"query-input":{"@type":"PropertyValueSpecification","valueRequired":true,"valueName":"search_term_string"}}],"inLanguage":"de"},{"@type":"Organization","@id":"https:\/\/www.peek-und-cloppenburg.de\/de\/#organization","name":"Peek&Cloppenburg KG Hamburg","url":"https:\/\/www.peek-und-cloppenburg.de\/de\/","logo":{"@type":"ImageObject","inLanguage":"de","@id":"https:\/\/www.peek-und-cloppenburg.de\/de\/#\/schema\/logo\/image\/","url":"https:\/\/www.peek-und-cloppenburg.de\/de\/wp-content\/uploads\/sites\/7\/2020\/02\/logo_pc.svg","contentUrl":"https:\/\/www.peek-und-cloppenburg.de\/de\/wp-content\/uploads\/sites\/7\/2020\/02\/logo_pc.svg","width":"1024","height":"1024","caption":"Peek&Cloppenburg KG Hamburg"},"image":{"@id":"https:\/\/www.peek-und-cloppenburg.de\/de\/#\/schema\/logo\/image\/"},"sameAs":["https:\/\/de-de.facebook.com\/peekundcloppenburg\/","https:\/\/www.instagram.com\/vangraaf_de\/","https:\/\/www.youtube.com\/channel\/UCPdkk0FSUkdWYlzYtJpiUuw","https:\/\/www.snapchat.com\/add\/Pundckarriere"]}]}},"_links":{"self":[{"href":"https:\/\/www.peek-und-cloppenburg.de\/de\/wp-json\/wp\/v2\/pages\/1881","targetHints":{"allow":["GET"]}}],"collection":[{"href":"https:\/\/www.peek-und-cloppenburg.de\/de\/wp-json\/wp\/v2\/pages"}],"about":[{"href":"https:\/\/www.peek-und-cloppenburg.de\/de\/wp-json\/wp\/v2\/types\/page"}],"author":[{"embeddable":true,"href":"https:\/\/www.peek-und-cloppenburg.de\/de\/wp-json\/wp\/v2\/users\/33"}],"replies":[{"embeddable":true,"href":"https:\/\/www.peek-und-cloppenburg.de\/de\/wp-json\/wp\/v2\/comments?post=1881"}],"version-history":[{"count":31,"href":"https:\/\/www.peek-und-cloppenburg.de\/de\/wp-json\/wp\/v2\/pages\/1881\/revisions"}],"predecessor-version":[{"id":12338,"href":"https:\/\/www.peek-und-cloppenburg.de\/de\/wp-json\/wp\/v2\/pages\/1881\/revisions\/12338"}],"up":[{"embeddable":true,"href":"https:\/\/www.peek-und-cloppenburg.de\/de\/wp-json\/wp\/v2\/pages\/1580"}],"wp:attachment":[{"href":"https:\/\/www.peek-und-cloppenburg.de\/de\/wp-json\/wp\/v2\/media?parent=1881"}],"curies":[{"name":"wp","href":"https:\/\/api.w.org\/{rel}","templated":true}]}}