{"id":17,"date":"2020-12-08T12:08:28","date_gmt":"2020-12-08T11:08:28","guid":{"rendered":"https:\/\/van-graaf-live.pluspol-networks.de\/unternehmen\/?page_id=17"},"modified":"2025-04-24T17:14:58","modified_gmt":"2025-04-24T15:14:58","slug":"modekompetenz","status":"publish","type":"page","link":"https:\/\/www.peek-und-cloppenburg.de\/de\/unternehmen\/modekompetenz\/","title":{"rendered":"Modekompetenz"},"content":{"rendered":"<div class=\"wpb-content-wrapper\">[vc_row bwd_tbc4vd_show_weekday=&#8220;&#8220; full_width=&#8220;stretch_row_content_no_spaces&#8220;][vc_column]<div class=\"keyvisual\" data-aos=\"fade-up\" ><img loading=\"lazy\" decoding=\"async\" width=\"1440\" height=\"480\" src=\"https:\/\/www.peek-und-cloppenburg.de\/de\/wp-content\/uploads\/sites\/7\/2020\/12\/Unternehmen_Modekompetenz_Banner_WP.jpg\" class=\"vc_single_image-img\" alt=\"Zwei Personen l\u00e4cheln und halten gemeinsam ein wei\u00dfes Kleidungsst\u00fcck in einem Bekleidungsgesch\u00e4ft.\" srcset=\"https:\/\/www.peek-und-cloppenburg.de\/de\/wp-content\/uploads\/sites\/7\/2020\/12\/Unternehmen_Modekompetenz_Banner_WP.jpg 1440w, https:\/\/www.peek-und-cloppenburg.de\/de\/wp-content\/uploads\/sites\/7\/2020\/12\/Unternehmen_Modekompetenz_Banner_WP-300x100.jpg 300w, https:\/\/www.peek-und-cloppenburg.de\/de\/wp-content\/uploads\/sites\/7\/2020\/12\/Unternehmen_Modekompetenz_Banner_WP-1024x341.jpg 1024w, https:\/\/www.peek-und-cloppenburg.de\/de\/wp-content\/uploads\/sites\/7\/2020\/12\/Unternehmen_Modekompetenz_Banner_WP-768x256.jpg 768w, https:\/\/www.peek-und-cloppenburg.de\/de\/wp-content\/uploads\/sites\/7\/2020\/12\/Unternehmen_Modekompetenz_Banner_WP-1200x400.jpg 1200w, https:\/\/www.peek-und-cloppenburg.de\/de\/wp-content\/uploads\/sites\/7\/2020\/12\/Unternehmen_Modekompetenz_Banner_WP-992x331.jpg 992w, https:\/\/www.peek-und-cloppenburg.de\/de\/wp-content\/uploads\/sites\/7\/2020\/12\/Unternehmen_Modekompetenz_Banner_WP-480x160.jpg 480w, https:\/\/www.peek-und-cloppenburg.de\/de\/wp-content\/uploads\/sites\/7\/2020\/12\/Unternehmen_Modekompetenz_Banner_WP-690x230.jpg 690w\" sizes=\"(max-width: 1440px) 100vw, 1440px\" \/><\/div>\n        <div class=\"headlines headlines--center\" data-aos=\"fade-up\">\n            <div class=\"vc_row\">\n                <div class=\"vc_col-md-10 vc_col-md-offset-1 vc_col-lg-10 vc_col-lg-offset-1\"><span class=\"h6\">Modekompetenz<\/span><h1 class=\"h2\">Service &amp; Leidenschaft<\/h1><\/div>\n            <\/div>\n        <\/div>[vc_column_text]\r\n<p style=\"text-align: center\">Unsere Philosophie ist zugleich auch unser Erfolgsrezept: ein kompromissloser Qualit\u00e4tsanspruch in allen Bereichen, von der Auswahl des Modeangebots bis zu den vielf\u00e4ltigen Serviceleistungen am Point of Sale. Besonderen Wert legen wir auf die fachliche Kompetenz unserer Mitarbeite:innen, die mit qualifiziertem Know-how, Stilsicherheit und Trendbewusstsein im Verkauf ebenso wie hinter den Kulissen vollen Einsatz zeigen. Diese Kombination aus fundiertem Fachwissen, sp\u00fcrbarer Leidenschaft und einem ebenso hochwertigen wie vielf\u00e4ltigen Sortiment macht die au\u00dfergew\u00f6hnliche Anziehungskraft unserer Unternehmensgruppe aus \u2013 und das seit \u00fcber hundert Jahren.<\/p>\r\n<p style=\"text-align: center\"><a class=\"button\" href=\"https:\/\/www.peek-und-cloppenburg.de\/haeuser\/fachabteilungen\/\" target=\"_blank\" rel=\"noopener noreferrer\">Zu den Fachabteilungen<\/a><\/p>\r\n[\/vc_column_text][vc_column_text]\r\n<p style=\"text-align: left\">Im station\u00e4ren Handel bauen wir auf ein erfolgreiches Konzept: unsere Fachabteilungen. Sie gliedern die Sortimentsbereiche \u2013 ob Anz\u00fcge, Jacken, Kleider oder Hosen \u2013 nach einem klaren Ordnungsprinzip und bieten jeweils eine Vielzahl von Gr\u00f6\u00dfen, Schnitten, Stoffen und Marken. Unsere Kunden profitieren von \u00dcbersichtlichkeit, Vielfalt und Beratungskompetenz, denn jeder Verkaufsmitarbeiter ist auf seine Abteilung spezialisiert und besitzt deshalb detaillierte Fachkenntnisse. Gleiches gilt f\u00fcr unsere Mitarbeiter im Einkauf, die schon bei der Zusammenstellung der Kollektionen ihre Expertise f\u00fcr ihr jeweiliges Segment einbringen.<\/p>\r\n[\/vc_column_text][\/vc_column][\/vc_row][vc_row][vc_column]\n        <div class=\"headlines headlines--center\" data-aos=\"fade-up\">\n            <div class=\"vc_row\">\n                <div class=\"vc_col-md-10 vc_col-md-offset-1 vc_col-lg-10 vc_col-lg-offset-1\"><h2 class=\"h2\">Damenmode<\/h2><\/div>\n            <\/div>\n        <\/div>[vc_column_text]14 Bereiche und moderne Verkaufsr\u00e4ume mit \u00fcbersichtlich sortierten aktuellen Trends f\u00fcr jeden Geschmack. Egal, ob Sie uns besuchen oder bequem von zu Hause shoppen, hier geht\u2019s zu Ihren neuen Lieblings-Looks!\r\n<p style=\"text-align: center\"><a class=\"button\" href=\"https:\/\/www.vangraaf.com\/de\/cat\/2\/damen\/\" target=\"_blank\" rel=\"noopener\">Damenmode im Online-Shop<\/a><\/p>\r\n[\/vc_column_text]\n        <div class=\"headlines headlines--center\" data-aos=\"fade-up\">\n            <div class=\"vc_row\">\n                <div class=\"vc_col-md-10 vc_col-md-offset-1 vc_col-lg-10 vc_col-lg-offset-1\"><h2 class=\"h2\">Herrenmode<\/h2><\/div>\n            <\/div>\n        <\/div>[vc_column_text]Abwechslungsreiche und geschmackssichere Mode von \u00fcber 500 Marken: Internationale Lifestyle- und Designer-Herrenmode, die gro\u00dfe und kleine W\u00fcnsche erf\u00fcllt \u2013 in einem unserer Stores und nat\u00fcrlich auf unserer Webseite.\r\n<p style=\"text-align: center\"><a class=\"button\" href=\"https:\/\/www.vangraaf.com\/de\/cat\/2\/herren\/\" target=\"_blank\" rel=\"noopener\">Herrenmode im Online-Shop<\/a><\/p>\r\n[\/vc_column_text][\/vc_column][\/vc_row][vc_row][vc_column]\n        <div class=\"headlines headlines--center\" data-aos=\"fade-up\">\n            <div class=\"vc_row\">\n                <div class=\"vc_col-md-10 vc_col-md-offset-1 vc_col-lg-10 vc_col-lg-offset-1\"><span class=\"h6\">Gro\u00dfe Modeauswahl<\/span><h2 class=\"h2\">Faszinierende Vielfalt<\/h2><\/div>\n            <\/div>\n        <\/div>[vc_column_text]Ob klassisch oder stylish, casual oder exquisit \u2013 unsere gro\u00dfe Modeauswahl f\u00fcr verschiedenste Stilrichtungen und Anl\u00e4sse ist einfach einzigartig. Bei kaum einem anderen Anbieter finden Damen und Herren eine solche Vielfalt an Gr\u00f6\u00dfen, Passformen, Farben, Trends und Preisklassen. Unsere Markenwelt begeistert mit bis zu 500 f\u00fchrenden Fashion-Labels und ihren internationalen Kollektionen, von Armani bis Zerres. Dar\u00fcber hinaus bieten wir unseren Kunden \u2013 exklusiv bei P&amp;C* und VAN GRAAF \u2013 eine Reihe trendstarker, hochwertiger Modemarken mit besonders attraktivem Preis-Leistungs-Verh\u00e4ltnis, zum Beispiel Marie Lund, Franco Callegari und Apriori f\u00fcr Damen oder Finshley &amp; Harding und Nils Sundstr\u00f6m f\u00fcr Herren. Nicht zuletzt machen immer neue Outfit-Ideen und Styling-Vorschl\u00e4ge das Einkaufen in den Stores der Peek&amp;Cloppenburg* KG und bei VANGRAAF.COM, dem Online Shop von Peek&amp;Cloppenburg* Hamburg, zum Erlebnis.[\/vc_column_text]<div class=\"vg-element brand-slider brand-slider--light\" data-aos=\"fade-up\"><div class=\"brand-slider__inner\"><div class=\"brand-slider__slider js-brand-slider\"><div class=\"brand-slider__slider__item\"><img loading=\"lazy\" decoding=\"async\" width=\"1\" height=\"1\" src=\"https:\/\/www.peek-und-cloppenburg.de\/de\/wp-content\/uploads\/sites\/7\/2020\/12\/Adidas_Logo_grau_OK.svg\" class=\"attachment-full size-full\" alt=\"\" \/><\/div><div class=\"brand-slider__slider__item\"><img loading=\"lazy\" decoding=\"async\" width=\"1\" height=\"1\" src=\"https:\/\/www.peek-und-cloppenburg.de\/de\/wp-content\/uploads\/sites\/7\/2020\/12\/Alpha_Industries_Logo_grau_OK.svg\" class=\"attachment-full size-full\" alt=\"\" \/><\/div><div class=\"brand-slider__slider__item\"><img loading=\"lazy\" decoding=\"async\" width=\"1\" height=\"1\" src=\"https:\/\/www.peek-und-cloppenburg.de\/de\/wp-content\/uploads\/sites\/7\/2020\/12\/Armani-Exchange-Logo-grau_OK.svg\" class=\"attachment-full size-full\" alt=\"\" \/><\/div><div class=\"brand-slider__slider__item\"><img loading=\"lazy\" decoding=\"async\" width=\"1\" height=\"1\" src=\"https:\/\/www.peek-und-cloppenburg.de\/de\/wp-content\/uploads\/sites\/7\/2020\/12\/Boss_Logo_grau_OK.svg\" class=\"attachment-full size-full\" alt=\"\" \/><\/div><div class=\"brand-slider__slider__item\"><img loading=\"lazy\" decoding=\"async\" width=\"1\" height=\"1\" src=\"https:\/\/www.peek-und-cloppenburg.de\/de\/wp-content\/uploads\/sites\/7\/2020\/12\/Calvin-Klein-Logo-grau_OK.svg\" class=\"attachment-full size-full\" alt=\"\" \/><\/div><div class=\"brand-slider__slider__item\"><img loading=\"lazy\" decoding=\"async\" width=\"1\" height=\"1\" src=\"https:\/\/www.peek-und-cloppenburg.de\/de\/wp-content\/uploads\/sites\/7\/2020\/12\/Champion_Logo_grau_OK.svg\" class=\"attachment-full size-full\" alt=\"\" \/><\/div><div class=\"brand-slider__slider__item\"><img loading=\"lazy\" decoding=\"async\" width=\"1\" height=\"1\" src=\"https:\/\/www.peek-und-cloppenburg.de\/de\/wp-content\/uploads\/sites\/7\/2020\/12\/Fila-Logo-grau_OK.svg\" class=\"attachment-full size-full\" alt=\"\" \/><\/div><div class=\"brand-slider__slider__item\"><img loading=\"lazy\" decoding=\"async\" width=\"1\" height=\"1\" src=\"https:\/\/www.peek-und-cloppenburg.de\/de\/wp-content\/uploads\/sites\/7\/2020\/12\/FinshleyHarding_London_Logo_grau_OK.svg\" class=\"attachment-full size-full\" alt=\"\" \/><\/div><div class=\"brand-slider__slider__item\"><img loading=\"lazy\" decoding=\"async\" width=\"1\" height=\"1\" src=\"https:\/\/www.peek-und-cloppenburg.de\/de\/wp-content\/uploads\/sites\/7\/2020\/12\/Lacoste_Logo_4c_grau_Ausnahme_OK.svg\" class=\"attachment-full size-full\" alt=\"\" \/><\/div><div class=\"brand-slider__slider__item\"><img loading=\"lazy\" decoding=\"async\" width=\"1\" height=\"1\" src=\"https:\/\/www.peek-und-cloppenburg.de\/de\/wp-content\/uploads\/sites\/7\/2020\/12\/Levis_Logo_grau_OK.svg\" class=\"attachment-full size-full\" alt=\"\" \/><\/div><div class=\"brand-slider__slider__item\"><img loading=\"lazy\" decoding=\"async\" width=\"1\" height=\"1\" src=\"https:\/\/www.peek-und-cloppenburg.de\/de\/wp-content\/uploads\/sites\/7\/2020\/12\/Marie_Lund_Logo_grau_OK.svg\" class=\"attachment-full size-full\" alt=\"\" \/><\/div><div class=\"brand-slider__slider__item\"><img loading=\"lazy\" decoding=\"async\" width=\"1\" height=\"1\" src=\"https:\/\/www.peek-und-cloppenburg.de\/de\/wp-content\/uploads\/sites\/7\/2020\/12\/Ralph_Lauren_Logo_grau_OK.svg\" class=\"attachment-full size-full\" alt=\"\" \/><\/div><div class=\"brand-slider__slider__item\"><img loading=\"lazy\" decoding=\"async\" width=\"1\" height=\"1\" src=\"https:\/\/www.peek-und-cloppenburg.de\/de\/wp-content\/uploads\/sites\/7\/2020\/12\/Superdry_Logo_grau_OK.svg\" class=\"attachment-full size-full\" alt=\"\" \/><\/div><div class=\"brand-slider__slider__item\"><img loading=\"lazy\" decoding=\"async\" width=\"1\" height=\"1\" src=\"https:\/\/www.peek-und-cloppenburg.de\/de\/wp-content\/uploads\/sites\/7\/2020\/12\/Tom_Tailor_Logo_grau_OK.svg\" class=\"attachment-full size-full\" alt=\"\" \/><\/div><div class=\"brand-slider__slider__item\"><img loading=\"lazy\" decoding=\"async\" width=\"1\" height=\"1\" src=\"https:\/\/www.peek-und-cloppenburg.de\/de\/wp-content\/uploads\/sites\/7\/2020\/12\/Tommy_Jeans_Logo_4c_grau.svg\" class=\"attachment-full size-full\" alt=\"\" \/><\/div><div class=\"brand-slider__slider__item\"><img loading=\"lazy\" decoding=\"async\" width=\"1\" height=\"1\" src=\"https:\/\/www.peek-und-cloppenburg.de\/de\/wp-content\/uploads\/sites\/7\/2020\/12\/Vila_Logo_grau_OK.svg\" class=\"attachment-full size-full\" alt=\"\" \/><\/div><div class=\"brand-slider__slider__item\"><img loading=\"lazy\" decoding=\"async\" width=\"1\" height=\"1\" src=\"https:\/\/www.peek-und-cloppenburg.de\/de\/wp-content\/uploads\/sites\/7\/2020\/12\/G_Star_Logo_grau_OK.svg\" class=\"attachment-full size-full\" alt=\"\" \/><\/div><\/div><\/div><\/div>[\/vc_column][\/vc_row][vc_row][vc_column][vc_column_text]\r\n<p style=\"text-align: center\"><a class=\"button\" href=\"https:\/\/www.peek-und-cloppenburg.de\/haeuser\/marken-uebersicht\/\" target=\"_blank\" rel=\"noopener noreferrer\">Zu unserer Markenwelt<\/a><\/p>\r\n[\/vc_column_text][\/vc_column][\/vc_row][vc_row][vc_column]\n        <div class=\"headlines headlines--center\" data-aos=\"fade-up\">\n            <div class=\"vc_row\">\n                <div class=\"vc_col-md-10 vc_col-md-offset-1 vc_col-lg-10 vc_col-lg-offset-1\"><span class=\"h6\">Unser Leitbild<\/span><h2 class=\"h2\">Aus Leidenschaft f\u00fcr Mode und Menschen<\/h2><\/div>\n            <\/div>\n        <\/div>[vc_column_text]Leidenschaft f\u00fcr Mode liegt in unseren Genen. Seit 1911 stehen wir in vierter Generation f\u00fcr Qualit\u00e4t, Trendgesp\u00fcr und erstklassige Kollektionen. Unsere Leidenschaft f\u00fcr Mode und Menschen treibt uns an, Tag f\u00fcr Tag. Wir m\u00f6chten uns einf\u00fchlen in die W\u00fcnsche unserer Kunden, sie optimal beraten und ihnen ganz individuelle Outfit-L\u00f6sungen anbieten. Wie uns das gelingt? Mit einer stilsicheren Auswahl der besten Looks, einer inspirierenden Warenpr\u00e4sentation und einer fachkundigen, pers\u00f6nlichen Beratung \u2013 von der perfekten Passform bis hin zum aktuellen Styling-Tipp.\r\n\r\n<b>Unsere Leitprinzipien folgen dem Anspruch, unseren Kunden jeden Tag und in jeder Hinsicht Bestleistungen zu bieten:<\/b>\r\n<ul>\r\n \t<li>Geschmackvolle und stilsichere Auswahl der besten Kollektionen<\/li>\r\n \t<li>Trendstarke Outfit-Ideen und ein inspirierendes Ambiente<\/li>\r\n \t<li>Kompetente, individuelle Beratung und pers\u00f6nliche Serviceleistungen<\/li>\r\n<\/ul>\r\n[\/vc_column_text][\/vc_column][\/vc_row][vc_row][vc_column]\n        <div class=\"headlines headlines--center\" data-aos=\"fade-up\">\n            <div class=\"vc_row\">\n                <div class=\"vc_col-md-10 vc_col-md-offset-1 vc_col-lg-10 vc_col-lg-offset-1\"><span class=\"h6\">Karriere<\/span><h2 class=\"h2\">Mitarbeiter\/innen mit Fachwissen<\/h2><\/div>\n            <\/div>\n        <\/div>[vc_column_text]Die Peek&amp;Cloppenburg KG* besch\u00e4ftigt rund 3.500 Mitarbeiterinnen und Mitarbeiter im In- und Ausland. Wer in unserem international agierenden Mode-Unternehmen hoch hinaus will, dem stehen \u201egrenzenlose\u201c Perspektiven offen. Denn engagierten Menschen mit Sinn f\u00fcr Qualit\u00e4t und Leidenschaft f\u00fcr Mode er\u00f6ffnen wir hervorragende Berufsaussichten. Nicht ohne Grund wurden wir in Deutschland als Ausbildungsunternehmen und Arbeitgeber mehrfach ausgezeichnet.[\/vc_column_text][\/vc_column][\/vc_row][vc_row][vc_column]\n        <div class=\"vg-element promo-teaser promo-teaser--  promo-teaser--\" style=\"--season-color: #ffffff;\" data-aos=\"fade-up\">\n            <div class=\"vc_row vc_row-flex\">\n                <div class=\"vc_col-sm-6 promo-teaser__image\">\n                    <img loading=\"lazy\" decoding=\"async\" width=\"599\" height=\"549\" src=\"https:\/\/www.peek-und-cloppenburg.de\/de\/wp-content\/uploads\/sites\/7\/2020\/12\/Unternehmen_Fakten_Karriere_WP.jpg\" class=\"vc_single_image-img\" alt=\"Sechs Personen stehen nebeneinander und l\u00e4cheln in die Kamera.\" srcset=\"https:\/\/www.peek-und-cloppenburg.de\/de\/wp-content\/uploads\/sites\/7\/2020\/12\/Unternehmen_Fakten_Karriere_WP.jpg 599w, https:\/\/www.peek-und-cloppenburg.de\/de\/wp-content\/uploads\/sites\/7\/2020\/12\/Unternehmen_Fakten_Karriere_WP-300x275.jpg 300w, https:\/\/www.peek-und-cloppenburg.de\/de\/wp-content\/uploads\/sites\/7\/2020\/12\/Unternehmen_Fakten_Karriere_WP-480x440.jpg 480w\" sizes=\"(max-width: 599px) 100vw, 599px\" \/>\n                <\/div>\n                <div class=\"vc_col-sm-6\">\n                    <div class=\"promo-teaser__content-wrapper\">\n                        <div class=\"promo-teaser__content promo-teaser__content--center\"><h3>Karriere\u00ad\u00adm\u00f6glich\u00ad\u00adkeiten<\/h3><p style=\"text-align: center\">Umfassende Informationen \u00fcber Karrierem\u00f6glichkeiten, Ausbildungsprogramme und aktuelle Stellenangebote bei P&amp;C* oder VAN GRAAF finden Sie hier<\/p>\n<p style=\"text-align: center\"><a class=\"button\" href=\"https:\/\/www.peek-und-cloppenburg.de\/karriere\/\" target=\"_blank\" rel=\"noopener noreferrer\">P&amp;C* Karriere<\/a> <a class=\"button\" href=\"https:\/\/www.vangraaf.jobs\/\" target=\"_blank\" rel=\"noopener noreferrer\">VG Karriere<\/a><\/p>\n<\/div>\n                    <\/div>\n                <\/div>\n            <\/div>\n        <\/div>[\/vc_column][\/vc_row]<\/div>","protected":false},"excerpt":{"rendered":"[vc_row bwd_tbc4vd_show_weekday=&#8220;&#8220; full_width=&#8220;stretch_row_content_no_spaces&#8220;][vc_column][vc_column_text] Unsere Philosophie ist zugleich auch unser Erfolgsrezept: ein kompromissloser Qualit\u00e4tsanspruch in allen Bereichen, von der Auswahl des Modeangebots bis zu den vielf\u00e4ltigen Serviceleistungen am Point of Sale. Besonderen Wert legen wir auf die fachliche Kompetenz unserer Mitarbeite:innen, die mit qualifiziertem Know-how, Stilsicherheit und Trendbewusstsein im Verkauf ebenso wie hinter den Kulissen vollen [&hellip;]","protected":false},"author":6,"featured_media":0,"parent":5,"menu_order":0,"comment_status":"closed","ping_status":"closed","template":"","meta":{"_acf_changed":false,"inline_featured_image":false,"footnotes":""},"class_list":["post-17","page","type-page","status-publish","hentry"],"acf":[],"yoast_head":"<!-- This site is optimized with the Yoast SEO plugin v27.2 - https:\/\/yoast.com\/product\/yoast-seo-wordpress\/ -->\n<title>Modekompetenz | Peek&amp;Cloppenburg Hamburg<\/title>\n<meta name=\"description\" content=\"Unsere Philosophie ist unser Erfolgsrezept: ein kompromissloser Qualit\u00e4tsanspruch in allen Bereichen, vom Modeangebot bis zum Service.\" \/>\n<meta name=\"robots\" content=\"index, follow, max-snippet:-1, max-image-preview:large, max-video-preview:-1\" \/>\n<link rel=\"canonical\" href=\"https:\/\/www.peek-und-cloppenburg.de\/de\/unternehmen\/modekompetenz\/\" \/>\n<meta property=\"og:locale\" content=\"de_DE\" \/>\n<meta property=\"og:type\" content=\"article\" \/>\n<meta property=\"og:title\" content=\"Modekompetenz | Peek&amp;Cloppenburg Hamburg\" \/>\n<meta property=\"og:description\" content=\"Unsere Philosophie ist unser Erfolgsrezept: ein kompromissloser Qualit\u00e4tsanspruch in allen Bereichen, vom Modeangebot bis zum Service.\" \/>\n<meta property=\"og:url\" content=\"https:\/\/www.peek-und-cloppenburg.de\/de\/unternehmen\/modekompetenz\/\" \/>\n<meta property=\"og:site_name\" content=\"Peek&amp;Cloppenburg Deutschland\" \/>\n<meta property=\"article:publisher\" content=\"https:\/\/de-de.facebook.com\/peekundcloppenburg\/\" \/>\n<meta property=\"article:modified_time\" content=\"2025-04-24T15:14:58+00:00\" \/>\n<meta name=\"twitter:card\" content=\"summary_large_image\" \/>\n<meta name=\"twitter:label1\" content=\"Gesch\u00e4tzte Lesezeit\" \/>\n\t<meta name=\"twitter:data1\" content=\"4\u00a0Minuten\" \/>\n<script type=\"application\/ld+json\" class=\"yoast-schema-graph\">{\"@context\":\"https:\/\/schema.org\",\"@graph\":[{\"@type\":\"WebPage\",\"@id\":\"https:\/\/www.peek-und-cloppenburg.de\/de\/unternehmen\/modekompetenz\/\",\"url\":\"https:\/\/www.peek-und-cloppenburg.de\/de\/unternehmen\/modekompetenz\/\",\"name\":\"Modekompetenz | Peek&Cloppenburg Hamburg\",\"isPartOf\":{\"@id\":\"https:\/\/www.peek-und-cloppenburg.de\/de\/#website\"},\"datePublished\":\"2020-12-08T11:08:28+00:00\",\"dateModified\":\"2025-04-24T15:14:58+00:00\",\"description\":\"Unsere Philosophie ist unser Erfolgsrezept: ein kompromissloser Qualit\u00e4tsanspruch in allen Bereichen, vom Modeangebot bis zum Service.\",\"breadcrumb\":{\"@id\":\"https:\/\/www.peek-und-cloppenburg.de\/de\/unternehmen\/modekompetenz\/#breadcrumb\"},\"inLanguage\":\"de\",\"potentialAction\":[{\"@type\":\"ReadAction\",\"target\":[\"https:\/\/www.peek-und-cloppenburg.de\/de\/unternehmen\/modekompetenz\/\"]}]},{\"@type\":\"BreadcrumbList\",\"@id\":\"https:\/\/www.peek-und-cloppenburg.de\/de\/unternehmen\/modekompetenz\/#breadcrumb\",\"itemListElement\":[{\"@type\":\"ListItem\",\"position\":1,\"name\":\"Startseite\",\"item\":\"https:\/\/www.peek-und-cloppenburg.de\/de\/\"},{\"@type\":\"ListItem\",\"position\":2,\"name\":\"Unternehmen\",\"item\":\"https:\/\/www.peek-und-cloppenburg.de\/de\/unternehmen\/\"},{\"@type\":\"ListItem\",\"position\":3,\"name\":\"Modekompetenz\"}]},{\"@type\":\"WebSite\",\"@id\":\"https:\/\/www.peek-und-cloppenburg.de\/de\/#website\",\"url\":\"https:\/\/www.peek-und-cloppenburg.de\/de\/\",\"name\":\"Peek&Cloppenburg KG Hamburg\",\"description\":\"Peek&amp;Cloppenburg KG Hamburg\",\"publisher\":{\"@id\":\"https:\/\/www.peek-und-cloppenburg.de\/de\/#organization\"},\"potentialAction\":[{\"@type\":\"SearchAction\",\"target\":{\"@type\":\"EntryPoint\",\"urlTemplate\":\"https:\/\/www.peek-und-cloppenburg.de\/de\/?s={search_term_string}\"},\"query-input\":{\"@type\":\"PropertyValueSpecification\",\"valueRequired\":true,\"valueName\":\"search_term_string\"}}],\"inLanguage\":\"de\"},{\"@type\":\"Organization\",\"@id\":\"https:\/\/www.peek-und-cloppenburg.de\/de\/#organization\",\"name\":\"Peek&Cloppenburg KG Hamburg\",\"url\":\"https:\/\/www.peek-und-cloppenburg.de\/de\/\",\"logo\":{\"@type\":\"ImageObject\",\"inLanguage\":\"de\",\"@id\":\"https:\/\/www.peek-und-cloppenburg.de\/de\/#\/schema\/logo\/image\/\",\"url\":\"https:\/\/www.peek-und-cloppenburg.de\/de\/wp-content\/uploads\/sites\/7\/2020\/02\/logo_pc.svg\",\"contentUrl\":\"https:\/\/www.peek-und-cloppenburg.de\/de\/wp-content\/uploads\/sites\/7\/2020\/02\/logo_pc.svg\",\"width\":\"1024\",\"height\":\"1024\",\"caption\":\"Peek&Cloppenburg KG Hamburg\"},\"image\":{\"@id\":\"https:\/\/www.peek-und-cloppenburg.de\/de\/#\/schema\/logo\/image\/\"},\"sameAs\":[\"https:\/\/de-de.facebook.com\/peekundcloppenburg\/\",\"https:\/\/www.instagram.com\/vangraaf_de\/\",\"https:\/\/www.youtube.com\/channel\/UCPdkk0FSUkdWYlzYtJpiUuw\",\"https:\/\/www.snapchat.com\/add\/Pundckarriere\"]}]}<\/script>\n<!-- \/ Yoast SEO plugin. -->","yoast_head_json":{"title":"Modekompetenz | Peek&Cloppenburg Hamburg","description":"Unsere Philosophie ist unser Erfolgsrezept: ein kompromissloser Qualit\u00e4tsanspruch in allen Bereichen, vom Modeangebot bis zum Service.","robots":{"index":"index","follow":"follow","max-snippet":"max-snippet:-1","max-image-preview":"max-image-preview:large","max-video-preview":"max-video-preview:-1"},"canonical":"https:\/\/www.peek-und-cloppenburg.de\/de\/unternehmen\/modekompetenz\/","og_locale":"de_DE","og_type":"article","og_title":"Modekompetenz | Peek&Cloppenburg Hamburg","og_description":"Unsere Philosophie ist unser Erfolgsrezept: ein kompromissloser Qualit\u00e4tsanspruch in allen Bereichen, vom Modeangebot bis zum Service.","og_url":"https:\/\/www.peek-und-cloppenburg.de\/de\/unternehmen\/modekompetenz\/","og_site_name":"Peek&amp;Cloppenburg Deutschland","article_publisher":"https:\/\/de-de.facebook.com\/peekundcloppenburg\/","article_modified_time":"2025-04-24T15:14:58+00:00","twitter_card":"summary_large_image","twitter_misc":{"Gesch\u00e4tzte Lesezeit":"4\u00a0Minuten"},"schema":{"@context":"https:\/\/schema.org","@graph":[{"@type":"WebPage","@id":"https:\/\/www.peek-und-cloppenburg.de\/de\/unternehmen\/modekompetenz\/","url":"https:\/\/www.peek-und-cloppenburg.de\/de\/unternehmen\/modekompetenz\/","name":"Modekompetenz | Peek&Cloppenburg Hamburg","isPartOf":{"@id":"https:\/\/www.peek-und-cloppenburg.de\/de\/#website"},"datePublished":"2020-12-08T11:08:28+00:00","dateModified":"2025-04-24T15:14:58+00:00","description":"Unsere Philosophie ist unser Erfolgsrezept: ein kompromissloser Qualit\u00e4tsanspruch in allen Bereichen, vom Modeangebot bis zum Service.","breadcrumb":{"@id":"https:\/\/www.peek-und-cloppenburg.de\/de\/unternehmen\/modekompetenz\/#breadcrumb"},"inLanguage":"de","potentialAction":[{"@type":"ReadAction","target":["https:\/\/www.peek-und-cloppenburg.de\/de\/unternehmen\/modekompetenz\/"]}]},{"@type":"BreadcrumbList","@id":"https:\/\/www.peek-und-cloppenburg.de\/de\/unternehmen\/modekompetenz\/#breadcrumb","itemListElement":[{"@type":"ListItem","position":1,"name":"Startseite","item":"https:\/\/www.peek-und-cloppenburg.de\/de\/"},{"@type":"ListItem","position":2,"name":"Unternehmen","item":"https:\/\/www.peek-und-cloppenburg.de\/de\/unternehmen\/"},{"@type":"ListItem","position":3,"name":"Modekompetenz"}]},{"@type":"WebSite","@id":"https:\/\/www.peek-und-cloppenburg.de\/de\/#website","url":"https:\/\/www.peek-und-cloppenburg.de\/de\/","name":"Peek&Cloppenburg KG Hamburg","description":"Peek&amp;Cloppenburg KG Hamburg","publisher":{"@id":"https:\/\/www.peek-und-cloppenburg.de\/de\/#organization"},"potentialAction":[{"@type":"SearchAction","target":{"@type":"EntryPoint","urlTemplate":"https:\/\/www.peek-und-cloppenburg.de\/de\/?s={search_term_string}"},"query-input":{"@type":"PropertyValueSpecification","valueRequired":true,"valueName":"search_term_string"}}],"inLanguage":"de"},{"@type":"Organization","@id":"https:\/\/www.peek-und-cloppenburg.de\/de\/#organization","name":"Peek&Cloppenburg KG Hamburg","url":"https:\/\/www.peek-und-cloppenburg.de\/de\/","logo":{"@type":"ImageObject","inLanguage":"de","@id":"https:\/\/www.peek-und-cloppenburg.de\/de\/#\/schema\/logo\/image\/","url":"https:\/\/www.peek-und-cloppenburg.de\/de\/wp-content\/uploads\/sites\/7\/2020\/02\/logo_pc.svg","contentUrl":"https:\/\/www.peek-und-cloppenburg.de\/de\/wp-content\/uploads\/sites\/7\/2020\/02\/logo_pc.svg","width":"1024","height":"1024","caption":"Peek&Cloppenburg KG Hamburg"},"image":{"@id":"https:\/\/www.peek-und-cloppenburg.de\/de\/#\/schema\/logo\/image\/"},"sameAs":["https:\/\/de-de.facebook.com\/peekundcloppenburg\/","https:\/\/www.instagram.com\/vangraaf_de\/","https:\/\/www.youtube.com\/channel\/UCPdkk0FSUkdWYlzYtJpiUuw","https:\/\/www.snapchat.com\/add\/Pundckarriere"]}]}},"_links":{"self":[{"href":"https:\/\/www.peek-und-cloppenburg.de\/de\/wp-json\/wp\/v2\/pages\/17","targetHints":{"allow":["GET"]}}],"collection":[{"href":"https:\/\/www.peek-und-cloppenburg.de\/de\/wp-json\/wp\/v2\/pages"}],"about":[{"href":"https:\/\/www.peek-und-cloppenburg.de\/de\/wp-json\/wp\/v2\/types\/page"}],"author":[{"embeddable":true,"href":"https:\/\/www.peek-und-cloppenburg.de\/de\/wp-json\/wp\/v2\/users\/6"}],"replies":[{"embeddable":true,"href":"https:\/\/www.peek-und-cloppenburg.de\/de\/wp-json\/wp\/v2\/comments?post=17"}],"version-history":[{"count":43,"href":"https:\/\/www.peek-und-cloppenburg.de\/de\/wp-json\/wp\/v2\/pages\/17\/revisions"}],"predecessor-version":[{"id":12090,"href":"https:\/\/www.peek-und-cloppenburg.de\/de\/wp-json\/wp\/v2\/pages\/17\/revisions\/12090"}],"up":[{"embeddable":true,"href":"https:\/\/www.peek-und-cloppenburg.de\/de\/wp-json\/wp\/v2\/pages\/5"}],"wp:attachment":[{"href":"https:\/\/www.peek-und-cloppenburg.de\/de\/wp-json\/wp\/v2\/media?parent=17"}],"curies":[{"name":"wp","href":"https:\/\/api.w.org\/{rel}","templated":true}]}}