{"id":1602,"date":"2022-01-24T13:16:25","date_gmt":"2022-01-24T12:16:25","guid":{"rendered":"https:\/\/www.peek-und-cloppenburg.de\/de\/?page_id=1602"},"modified":"2026-02-24T17:58:58","modified_gmt":"2026-02-24T16:58:58","slug":"ausbildungsbetrieb","status":"publish","type":"page","link":"https:\/\/www.peek-und-cloppenburg.de\/de\/karriere\/eltern-lehrkraefte\/ausbildungsbetrieb\/","title":{"rendered":"Ausbildungsbetrieb"},"content":{"rendered":"<div class=\"wpb-content-wrapper\">[vc_row bwd_tbc4vd_show_weekday=&#8220;&#8220; full_width=&#8220;stretch_row_content_no_spaces&#8220;][vc_column]<div class=\"keyvisual\" data-aos=\"fade-up\" ><img loading=\"lazy\" decoding=\"async\" width=\"1440\" height=\"480\" src=\"https:\/\/www.peek-und-cloppenburg.de\/de\/wp-content\/uploads\/sites\/7\/2022\/02\/M15_A_DIGITALE_LERNSITUATION_071_bearb-1.jpg\" class=\"vc_single_image-img keyvisual__image--big\" alt=\"Zwei Frauen l\u00e4cheln sich an, w\u00e4hrend sie vor einem Fenster stehen.\" srcset=\"https:\/\/www.peek-und-cloppenburg.de\/de\/wp-content\/uploads\/sites\/7\/2022\/02\/M15_A_DIGITALE_LERNSITUATION_071_bearb-1.jpg 1440w, https:\/\/www.peek-und-cloppenburg.de\/de\/wp-content\/uploads\/sites\/7\/2022\/02\/M15_A_DIGITALE_LERNSITUATION_071_bearb-1-300x100.jpg 300w, https:\/\/www.peek-und-cloppenburg.de\/de\/wp-content\/uploads\/sites\/7\/2022\/02\/M15_A_DIGITALE_LERNSITUATION_071_bearb-1-1024x341.jpg 1024w, https:\/\/www.peek-und-cloppenburg.de\/de\/wp-content\/uploads\/sites\/7\/2022\/02\/M15_A_DIGITALE_LERNSITUATION_071_bearb-1-768x256.jpg 768w, https:\/\/www.peek-und-cloppenburg.de\/de\/wp-content\/uploads\/sites\/7\/2022\/02\/M15_A_DIGITALE_LERNSITUATION_071_bearb-1-1200x400.jpg 1200w, https:\/\/www.peek-und-cloppenburg.de\/de\/wp-content\/uploads\/sites\/7\/2022\/02\/M15_A_DIGITALE_LERNSITUATION_071_bearb-1-992x331.jpg 992w, https:\/\/www.peek-und-cloppenburg.de\/de\/wp-content\/uploads\/sites\/7\/2022\/02\/M15_A_DIGITALE_LERNSITUATION_071_bearb-1-480x160.jpg 480w, https:\/\/www.peek-und-cloppenburg.de\/de\/wp-content\/uploads\/sites\/7\/2022\/02\/M15_A_DIGITALE_LERNSITUATION_071_bearb-1-690x230.jpg 690w\" sizes=\"(max-width: 1440px) 100vw, 1440px\" \/><img loading=\"lazy\" decoding=\"async\" width=\"768\" height=\"250\" src=\"https:\/\/www.peek-und-cloppenburg.de\/de\/wp-content\/uploads\/sites\/7\/2022\/02\/M15_A_DIGITALE_LERNSITUATION_071_bearb-2.jpg\" class=\"vc_single_image-img keyvisual__image--small\" alt=\"Zwei Frauen l\u00e4cheln sich an, w\u00e4hrend sie vor einem Fenster stehen.\" srcset=\"https:\/\/www.peek-und-cloppenburg.de\/de\/wp-content\/uploads\/sites\/7\/2022\/02\/M15_A_DIGITALE_LERNSITUATION_071_bearb-2.jpg 768w, https:\/\/www.peek-und-cloppenburg.de\/de\/wp-content\/uploads\/sites\/7\/2022\/02\/M15_A_DIGITALE_LERNSITUATION_071_bearb-2-300x98.jpg 300w, https:\/\/www.peek-und-cloppenburg.de\/de\/wp-content\/uploads\/sites\/7\/2022\/02\/M15_A_DIGITALE_LERNSITUATION_071_bearb-2-480x156.jpg 480w, https:\/\/www.peek-und-cloppenburg.de\/de\/wp-content\/uploads\/sites\/7\/2022\/02\/M15_A_DIGITALE_LERNSITUATION_071_bearb-2-690x225.jpg 690w\" sizes=\"(max-width: 768px) 100vw, 768px\" \/><\/div>\n        <div class=\"headlines headlines--center\" data-aos=\"fade-up\">\n            <div class=\"vc_row\">\n                <div class=\"vc_col-md-10 vc_col-md-offset-1 vc_col-lg-10 vc_col-lg-offset-1\"><span class=\"h6\">Zukunft gestalten<\/span><h1 class=\"h2\">Ausbildungsbetrieb Peek&amp;Cloppenburg*<\/h1><\/div>\n            <\/div>\n        <\/div>[vc_column_text]\r\n<p style=\"text-align: center\">Als Elternteil oder Lehrer:in m\u00f6chtest Du in der Berufsorientierung aktiv dabei unterst\u00fctzen, den richtigen Ausbildungsberuf und -betrieb zu finden? Von der Bewerbung bis zur Abschlusspr\u00fcfung: Hier findest Du alle Informationen rund um das Thema Ausbildung bei Peek&amp;Cloppenburg*.<\/p>\r\n[\/vc_column_text][vc_tta_accordion collapsible_all=&#8220;true&#8220;][vc_tta_section title=&#8220;Der Ausbildungsbetrieb&#8220; tab_id=&#8220;1643303504478-e10fa31f-b3ce&#8220;][vc_column_text]Die Unternehmensgruppe Peek&amp;Cloppenburg* KG mit Sitz in Hamburg besch\u00e4ftigt 3.000 Mitarbeiter:innen, die in 39 Stores in sechs europ\u00e4ischen L\u00e4ndern f\u00fcr faszinierende Modeerlebnisse sorgen. Mehr Informationen findest Du auf unserer <a href=\"https:\/\/www.peek-und-cloppenburg.de\/de\/karriere\/wir\/unternehmen\/\"><u>Unternehmensseite<\/u><\/a>.\r\n\r\nAls Familienunternehmen wissen wir: Nur gemeinsam sind wir erfolgreich. Neben unseren Werten der Zusammenarbeit bilden unsere aktive Feedbackkultur und unser gemeinsames Verst\u00e4ndnis zukunftsorientierter F\u00fchrung die Basis unseres <a href=\"https:\/\/www.peek-und-cloppenburg.de\/de\/karriere\/wir\/miteinander\/\"><u>Miteinanders<\/u><\/a>.\r\n\r\nAls Ausbildungsunternehmen liegt es uns besonders am Herzen, unsere Nachwuchskr\u00e4fte pers\u00f6nlich und fachlich in ihrer Laufbahn bei Peek&amp;Cloppenburg* zu begleiten. F\u00fcr ein erfolgreiches Ausbildungskonzept setzten wir auf strukturierte Ausbildungsinhalte und eine bestm\u00f6gliche Verzahnung von Theorie und Praxis. Durch Praxis-Eins\u00e4tze in unseren <a href=\"https:\/\/www.peek-und-cloppenburg.de\/de\/karriere\/jobs\/fachbereiche\/\"><u>Fachbereichen<\/u><\/a> erhalten die Azubis einen umfassenden Einblick in unser internationales Omnichannel-Gesch\u00e4ft. Unsere gute Ausbildungsqualit\u00e4t erg\u00e4nzen wir durch eine Vielzahl an internen Trainings und die pers\u00f6nliche Begleitung durch ein erfahrenes Ausbildungsteam.[\/vc_column_text][\/vc_tta_section][vc_tta_section title=&#8220;Vielfalt Ausbildung&#8220; tab_id=&#8220;1643303504490-13754cd4-ef32&#8243;][vc_column_text]Kundenkontakt, kreatives und handwerkliches Arbeiten oder eine T\u00e4tigkeit im B\u00fcro oder in der Logistik: Bei Peek&amp;Cloppenburg* k\u00f6nnen Jugendliche aus 10 verschiedenen Ausbildungsberufen w\u00e4hlen. Die Ausbildungsberufe beginnen j\u00e4hrlich am 01. August und dauern zwei oder drei Jahre. Jeder Ausbildungsberuf sieht den Einsatz in unterschiedlichen Abteilungen des Arbeitsumfeldes vor. In Kurzpraktika gewinnen die Azubis weitere wertvolle Einblicke in relevante Arbeitsbereiche. Das theoretische Wissen wird im Rahmen des Berufsschulunterrichts vermittelt, der im Block- oder Teilzeitunterricht stattfindet. In der <a href=\"https:\/\/www.peek-und-cloppenburg.de\/de\/karriere\/schueler\/ausbildung\/\"><u>Ausbildungs\u00fcbersicht<\/u><\/a> <u>f<\/u>indest Du alle Informationen zu unseren Ausbildungsberufen.[\/vc_column_text][\/vc_tta_section][vc_tta_section title=&#8220;Benefits f\u00fcr Azubis&#8220; tab_id=&#8220;1643303583375-92deea74-6fd2&#8243;][vc_column_text]Wir wollen die Zukunft unserer Azubis erfolgreich und nachhaltig gestalten. Daher erhalten unsere Azubis ein umfassendes Angebot an begleitenden <u><\/u><u><a href=\"https:\/\/www.peek-und-cloppenburg.de\/de\/karriere\/schueler\/seminare-workshops\/\">Seminaren<\/a> und Workshops<\/u>.\r\n\r\n\u00dcber die Ausbildungsverg\u00fctung hinaus erhalten die Azubis unter bestimmten Voraussetzungen Miet- oder Fahrtkostenzusch\u00fcsse. Zum Ausbildungsstart wird zudem erstmal flei\u00dfig geshoppt: Die Azubis bekommen von uns nach Ausbildungsbereich ein Shopping Guthaben f\u00fcr individuelle Arbeitsoutfits im Wert von 250 bis 600 Euro. Wir bieten viele weitere <a href=\"https:\/\/www.peek-und-cloppenburg.de\/de\/karriere\/wir\/benefits\/\"><u>Benefits<\/u><\/a> an, von denen die Azubis schon in der Ausbildung profitieren.[\/vc_column_text][\/vc_tta_section][vc_tta_section title=&#8220;Praktikum&#8220; tab_id=&#8220;1643303609531-8229bfda-50a5&#8243;][vc_column_text]Ein Praktikum ist die perfekte M\u00f6glichkeit, um als Sch\u00fcler:in wertvolle Einblicke in unsere vielf\u00e4ltigen Ausbildungsberufe zu erhalten. Die Sch\u00fcler:innen k\u00f6nnen erste Arbeitserfahrungen in den Bereichen Verkauf, Logistik, \u00c4nderungsatelier oder Visual Merchandising sammeln. Ein Praktikum lohnt sich in doppelter Hinsicht: Als hilfreiche Orientierung in der Auswahl des richtigen Ausbildungsberufs und f\u00fcr ein erstes, gegenseitiges Kennenlernen. Ein <a href=\"https:\/\/www.peek-und-cloppenburg.de\/de\/karriere\/schueler\/praktika\/\"><u>Praktikum<\/u><\/a> kann \u00fcber die Dauer von zwei Wochen bis zu einem Jahr absolviert werden.[\/vc_column_text][\/vc_tta_section][vc_tta_section title=&#8220;Bewerbungsprozess&#8220; tab_id=&#8220;1643303669489-b591dfe2-44ca&#8220;][vc_column_text]So einfach geht\u2019s: Unser Bewerbungsprozess f\u00fcr einen Ausbildungsplatz bei Peek&amp;Cloppenburg*:\r\n<ol>\r\n \t<li>\u00a0Ausbildungssuche in den Jobs bei Peek&amp;Cloppenburg*<\/li>\r\n \t<li>Bewerbung online hochladen<\/li>\r\n \t<li>Pr\u00fcfung der Unterlagen durch Peek&amp;Cloppenburg*<\/li>\r\n \t<li>Vorstellungsgespr\u00e4ch und Einstellungsverfahren<\/li>\r\n \t<li>Einladung zum Schnupperpraktikum<\/li>\r\n \t<li>Einstellung<\/li>\r\n<\/ol>\r\nUnter <a href=\"https:\/\/www.peek-und-cloppenburg.de\/de\/karriere\/richtig-bewerben\/bewerbungsprozess\/\"><u>Auswahlverfahren<\/u><\/a> geben wir Dir einen detaillierten Einblick in den Recruitingprozess f\u00fcr unser Azubis.[\/vc_column_text][\/vc_tta_section][\/vc_tta_accordion][\/vc_column][\/vc_row][vc_row bwd_tbc4vd_show_weekday=&#8220;&#8220; full_width=&#8220;stretch_row_content_no_spaces&#8220;][vc_column]\n        <div class=\"headlines headlines--center\" data-aos=\"fade-up\">\n            <div class=\"vc_row\">\n                <div class=\"vc_col-md-10 vc_col-md-offset-1 vc_col-lg-10 vc_col-lg-offset-1\"><h2 class=\"h2\">Ausbildung bei Peek&amp;Cloppenburg*<\/h2><\/div>\n            <\/div>\n        <\/div>[vc_row_inner bwd_tbc4vd_show_weekday=&#8220;&#8220; row_design=&#8220;row_square_background&#8220;][vc_column_inner width=&#8220;1\/3&#8243;]<div class=\"vg-element cta-teaser cta-teaser--center\" data-aos=\"fade-up\"><div class=\"cta-teaser__image\"><a class=\"\" href=\"https:\/\/www.peek-und-cloppenburg.de\/de\/karriere\/wir\/verantwortung\/\" target=\"_self\" rel=\"\" style=\"\"><img loading=\"lazy\" decoding=\"async\" width=\"380\" height=\"254\" src=\"https:\/\/www.peek-und-cloppenburg.de\/de\/wp-content\/uploads\/sites\/7\/2022\/02\/M7_D_Wir_Headerbild_Gruppe_030-2.jpg\" class=\"vc_single_image-img attachment-full\" alt=\"Vier Personen posieren lachend vor einem blauen Hintergrund und stehen eng beieinander.\" title=\"Wir Peek und Cloppenburg Hamburg\" srcset=\"https:\/\/www.peek-und-cloppenburg.de\/de\/wp-content\/uploads\/sites\/7\/2022\/02\/M7_D_Wir_Headerbild_Gruppe_030-2.jpg 380w, https:\/\/www.peek-und-cloppenburg.de\/de\/wp-content\/uploads\/sites\/7\/2022\/02\/M7_D_Wir_Headerbild_Gruppe_030-2-300x201.jpg 300w\" sizes=\"(max-width: 380px) 100vw, 380px\" \/><\/a><\/div><div class=\"cta-teaser__text\"><h3>Verantwortung<\/h3><p>Unternehmerische Verantwortung ist fest in unserer Kultur verankert. Erfahre mehr \u00fcber unsere Initiativen als Arbeitgeber.<\/p><a class=\"button\" href=\"https:\/\/www.peek-und-cloppenburg.de\/de\/karriere\/wir\/verantwortung\/\" target=\"_self\" rel=\"\" style=\"\">Mehr \u00fcber uns<\/a><\/div><\/div>[\/vc_column_inner][vc_column_inner width=&#8220;1\/3&#8243;]<div class=\"vg-element cta-teaser cta-teaser--center\" data-aos=\"fade-up\"><div class=\"cta-teaser__image\"><a class=\"\" href=\"https:\/\/www.peek-und-cloppenburg.de\/de\/karriere\/kontakt\/\" target=\"_self\" rel=\"\" style=\"\"><img loading=\"lazy\" decoding=\"async\" width=\"380\" height=\"254\" src=\"https:\/\/www.peek-und-cloppenburg.de\/de\/wp-content\/uploads\/sites\/7\/2022\/02\/M11_G_PORTRAITS_TRAINER_012.jpg\" class=\"vc_single_image-img attachment-full\" alt=\"Eine l\u00e4chelnde Frau in dunkler Kleidung vor einem blauen Hintergrund.\" title=\"Simone L\u00fchr Pacheco Peek und Cloppenburg Hamburg\" srcset=\"https:\/\/www.peek-und-cloppenburg.de\/de\/wp-content\/uploads\/sites\/7\/2022\/02\/M11_G_PORTRAITS_TRAINER_012.jpg 380w, https:\/\/www.peek-und-cloppenburg.de\/de\/wp-content\/uploads\/sites\/7\/2022\/02\/M11_G_PORTRAITS_TRAINER_012-300x201.jpg 300w\" sizes=\"(max-width: 380px) 100vw, 380px\" \/><\/a><\/div><div class=\"cta-teaser__text\"><h3>Kontakt<\/h3><p>Du hast Fragen zur Ausbildung bei Peek&amp;Cloppenburg*? Dann melde Dich direkt bei uns: +49 40 33967-375<\/p><a class=\"button\" href=\"https:\/\/www.peek-und-cloppenburg.de\/de\/karriere\/kontakt\/\" target=\"_self\" rel=\"\" style=\"\">Kontakt aufnehmen<\/a><\/div><\/div>[\/vc_column_inner][vc_column_inner width=&#8220;1\/3&#8243;]<div class=\"vg-element cta-teaser cta-teaser--center\" data-aos=\"fade-up\"><div class=\"cta-teaser__image\"><a class=\"\" href=\"https:\/\/www.peek-und-cloppenburg.de\/de\/karriere\/schueler\/ausbildung\/\" target=\"_self\" rel=\"\" style=\"\"><img loading=\"lazy\" decoding=\"async\" width=\"380\" height=\"254\" src=\"https:\/\/www.peek-und-cloppenburg.de\/de\/wp-content\/uploads\/sites\/7\/2022\/02\/M3_B_Schueler_083_bearb.jpg\" class=\"vc_single_image-img attachment-full\" alt=\"Ein Mann mit Brille und eine Frau in einem blauen Kleid stehen l\u00e4chelnd vor einem blauen Hintergrund.\" title=\"Schueler Peek und Cloppenburg Hamburg\" srcset=\"https:\/\/www.peek-und-cloppenburg.de\/de\/wp-content\/uploads\/sites\/7\/2022\/02\/M3_B_Schueler_083_bearb.jpg 380w, https:\/\/www.peek-und-cloppenburg.de\/de\/wp-content\/uploads\/sites\/7\/2022\/02\/M3_B_Schueler_083_bearb-300x201.jpg 300w\" sizes=\"(max-width: 380px) 100vw, 380px\" \/><\/a><\/div><div class=\"cta-teaser__text\"><h3>Ausbildungspl\u00e4tze<\/h3><p>Du bist an einer Ausbildung bei Peek&amp;Cloppenburg* interessiert? Hier findest Du unsere Ausbildungsstellen.<\/p><a class=\"button\" href=\"https:\/\/www.peek-und-cloppenburg.de\/de\/karriere\/schueler\/ausbildung\/\" target=\"_self\" rel=\"\" style=\"\">Ausbildung bei P&C*<\/a><\/div><\/div>[\/vc_column_inner][\/vc_row_inner][\/vc_column][\/vc_row]<\/div>","protected":false},"excerpt":{"rendered":"[vc_row bwd_tbc4vd_show_weekday=&#8220;&#8220; full_width=&#8220;stretch_row_content_no_spaces&#8220;][vc_column][vc_column_text] Als Elternteil oder Lehrer:in m\u00f6chtest Du in der Berufsorientierung aktiv dabei unterst\u00fctzen, den richtigen Ausbildungsberuf und -betrieb zu finden? Von der Bewerbung bis zur Abschlusspr\u00fcfung: Hier findest Du alle Informationen rund um das Thema Ausbildung bei Peek&amp;Cloppenburg*. [\/vc_column_text][vc_tta_accordion collapsible_all=&#8220;true&#8220;][vc_tta_section title=&#8220;Der Ausbildungsbetrieb&#8220; tab_id=&#8220;1643303504478-e10fa31f-b3ce&#8220;][vc_column_text]Die Unternehmensgruppe Peek&amp;Cloppenburg* KG mit Sitz in Hamburg besch\u00e4ftigt 3.000 Mitarbeiter:innen, [&hellip;]","protected":false},"author":6,"featured_media":0,"parent":1576,"menu_order":0,"comment_status":"closed","ping_status":"closed","template":"","meta":{"_acf_changed":false,"inline_featured_image":false,"footnotes":""},"class_list":["post-1602","page","type-page","status-publish","hentry"],"acf":[],"yoast_head":"<!-- This site is optimized with the Yoast SEO plugin v27.2 - https:\/\/yoast.com\/product\/yoast-seo-wordpress\/ -->\n<title>Ausbildungsbetrieb I Peek&amp;Cloppenburg Hamburg<\/title>\n<meta name=\"description\" content=\"Du m\u00f6chtest dabei unterst\u00fctzen, den richtigen Ausbildungsberuf und -betrieb zu finden? Hier findest Du alle Informationen.\" \/>\n<meta name=\"robots\" content=\"index, follow, max-snippet:-1, max-image-preview:large, max-video-preview:-1\" \/>\n<link rel=\"canonical\" href=\"https:\/\/www.peek-und-cloppenburg.de\/de\/karriere\/eltern-lehrkraefte\/ausbildungsbetrieb\/\" \/>\n<meta property=\"og:locale\" content=\"de_DE\" \/>\n<meta property=\"og:type\" content=\"article\" \/>\n<meta property=\"og:title\" content=\"Ausbildungsbetrieb I Peek&amp;Cloppenburg Hamburg\" \/>\n<meta property=\"og:description\" content=\"Du m\u00f6chtest dabei unterst\u00fctzen, den richtigen Ausbildungsberuf und -betrieb zu finden? Hier findest Du alle Informationen.\" \/>\n<meta property=\"og:url\" content=\"https:\/\/www.peek-und-cloppenburg.de\/de\/karriere\/eltern-lehrkraefte\/ausbildungsbetrieb\/\" \/>\n<meta property=\"og:site_name\" content=\"Peek&amp;Cloppenburg Deutschland\" \/>\n<meta property=\"article:publisher\" content=\"https:\/\/de-de.facebook.com\/peekundcloppenburg\/\" \/>\n<meta property=\"article:modified_time\" content=\"2026-02-24T16:58:58+00:00\" \/>\n<meta name=\"twitter:card\" content=\"summary_large_image\" \/>\n<meta name=\"twitter:label1\" content=\"Gesch\u00e4tzte Lesezeit\" \/>\n\t<meta name=\"twitter:data1\" content=\"4\u00a0Minuten\" \/>\n<script type=\"application\/ld+json\" class=\"yoast-schema-graph\">{\"@context\":\"https:\/\/schema.org\",\"@graph\":[{\"@type\":\"WebPage\",\"@id\":\"https:\/\/www.peek-und-cloppenburg.de\/de\/karriere\/eltern-lehrkraefte\/ausbildungsbetrieb\/\",\"url\":\"https:\/\/www.peek-und-cloppenburg.de\/de\/karriere\/eltern-lehrkraefte\/ausbildungsbetrieb\/\",\"name\":\"Ausbildungsbetrieb I Peek&Cloppenburg Hamburg\",\"isPartOf\":{\"@id\":\"https:\/\/www.peek-und-cloppenburg.de\/de\/#website\"},\"datePublished\":\"2022-01-24T12:16:25+00:00\",\"dateModified\":\"2026-02-24T16:58:58+00:00\",\"description\":\"Du m\u00f6chtest dabei unterst\u00fctzen, den richtigen Ausbildungsberuf und -betrieb zu finden? Hier findest Du alle Informationen.\",\"breadcrumb\":{\"@id\":\"https:\/\/www.peek-und-cloppenburg.de\/de\/karriere\/eltern-lehrkraefte\/ausbildungsbetrieb\/#breadcrumb\"},\"inLanguage\":\"de\",\"potentialAction\":[{\"@type\":\"ReadAction\",\"target\":[\"https:\/\/www.peek-und-cloppenburg.de\/de\/karriere\/eltern-lehrkraefte\/ausbildungsbetrieb\/\"]}]},{\"@type\":\"BreadcrumbList\",\"@id\":\"https:\/\/www.peek-und-cloppenburg.de\/de\/karriere\/eltern-lehrkraefte\/ausbildungsbetrieb\/#breadcrumb\",\"itemListElement\":[{\"@type\":\"ListItem\",\"position\":1,\"name\":\"Startseite\",\"item\":\"https:\/\/www.peek-und-cloppenburg.de\/de\/\"},{\"@type\":\"ListItem\",\"position\":2,\"name\":\"Karriere\",\"item\":\"https:\/\/www.peek-und-cloppenburg.de\/de\/karriere\/\"},{\"@type\":\"ListItem\",\"position\":3,\"name\":\"Eltern &amp; Lehrkr\u00e4fte\",\"item\":\"https:\/\/www.peek-und-cloppenburg.de\/de\/karriere\/eltern-lehrkraefte\/\"},{\"@type\":\"ListItem\",\"position\":4,\"name\":\"Ausbildungsbetrieb\"}]},{\"@type\":\"WebSite\",\"@id\":\"https:\/\/www.peek-und-cloppenburg.de\/de\/#website\",\"url\":\"https:\/\/www.peek-und-cloppenburg.de\/de\/\",\"name\":\"Peek&Cloppenburg KG Hamburg\",\"description\":\"Peek&amp;Cloppenburg KG Hamburg\",\"publisher\":{\"@id\":\"https:\/\/www.peek-und-cloppenburg.de\/de\/#organization\"},\"potentialAction\":[{\"@type\":\"SearchAction\",\"target\":{\"@type\":\"EntryPoint\",\"urlTemplate\":\"https:\/\/www.peek-und-cloppenburg.de\/de\/?s={search_term_string}\"},\"query-input\":{\"@type\":\"PropertyValueSpecification\",\"valueRequired\":true,\"valueName\":\"search_term_string\"}}],\"inLanguage\":\"de\"},{\"@type\":\"Organization\",\"@id\":\"https:\/\/www.peek-und-cloppenburg.de\/de\/#organization\",\"name\":\"Peek&Cloppenburg KG Hamburg\",\"url\":\"https:\/\/www.peek-und-cloppenburg.de\/de\/\",\"logo\":{\"@type\":\"ImageObject\",\"inLanguage\":\"de\",\"@id\":\"https:\/\/www.peek-und-cloppenburg.de\/de\/#\/schema\/logo\/image\/\",\"url\":\"https:\/\/www.peek-und-cloppenburg.de\/de\/wp-content\/uploads\/sites\/7\/2020\/02\/logo_pc.svg\",\"contentUrl\":\"https:\/\/www.peek-und-cloppenburg.de\/de\/wp-content\/uploads\/sites\/7\/2020\/02\/logo_pc.svg\",\"width\":\"1024\",\"height\":\"1024\",\"caption\":\"Peek&Cloppenburg KG Hamburg\"},\"image\":{\"@id\":\"https:\/\/www.peek-und-cloppenburg.de\/de\/#\/schema\/logo\/image\/\"},\"sameAs\":[\"https:\/\/de-de.facebook.com\/peekundcloppenburg\/\",\"https:\/\/www.instagram.com\/vangraaf_de\/\",\"https:\/\/www.youtube.com\/channel\/UCPdkk0FSUkdWYlzYtJpiUuw\",\"https:\/\/www.snapchat.com\/add\/Pundckarriere\"]}]}<\/script>\n<!-- \/ Yoast SEO plugin. -->","yoast_head_json":{"title":"Ausbildungsbetrieb I Peek&Cloppenburg Hamburg","description":"Du m\u00f6chtest dabei unterst\u00fctzen, den richtigen Ausbildungsberuf und -betrieb zu finden? Hier findest Du alle Informationen.","robots":{"index":"index","follow":"follow","max-snippet":"max-snippet:-1","max-image-preview":"max-image-preview:large","max-video-preview":"max-video-preview:-1"},"canonical":"https:\/\/www.peek-und-cloppenburg.de\/de\/karriere\/eltern-lehrkraefte\/ausbildungsbetrieb\/","og_locale":"de_DE","og_type":"article","og_title":"Ausbildungsbetrieb I Peek&Cloppenburg Hamburg","og_description":"Du m\u00f6chtest dabei unterst\u00fctzen, den richtigen Ausbildungsberuf und -betrieb zu finden? Hier findest Du alle Informationen.","og_url":"https:\/\/www.peek-und-cloppenburg.de\/de\/karriere\/eltern-lehrkraefte\/ausbildungsbetrieb\/","og_site_name":"Peek&amp;Cloppenburg Deutschland","article_publisher":"https:\/\/de-de.facebook.com\/peekundcloppenburg\/","article_modified_time":"2026-02-24T16:58:58+00:00","twitter_card":"summary_large_image","twitter_misc":{"Gesch\u00e4tzte Lesezeit":"4\u00a0Minuten"},"schema":{"@context":"https:\/\/schema.org","@graph":[{"@type":"WebPage","@id":"https:\/\/www.peek-und-cloppenburg.de\/de\/karriere\/eltern-lehrkraefte\/ausbildungsbetrieb\/","url":"https:\/\/www.peek-und-cloppenburg.de\/de\/karriere\/eltern-lehrkraefte\/ausbildungsbetrieb\/","name":"Ausbildungsbetrieb I Peek&Cloppenburg Hamburg","isPartOf":{"@id":"https:\/\/www.peek-und-cloppenburg.de\/de\/#website"},"datePublished":"2022-01-24T12:16:25+00:00","dateModified":"2026-02-24T16:58:58+00:00","description":"Du m\u00f6chtest dabei unterst\u00fctzen, den richtigen Ausbildungsberuf und -betrieb zu finden? Hier findest Du alle Informationen.","breadcrumb":{"@id":"https:\/\/www.peek-und-cloppenburg.de\/de\/karriere\/eltern-lehrkraefte\/ausbildungsbetrieb\/#breadcrumb"},"inLanguage":"de","potentialAction":[{"@type":"ReadAction","target":["https:\/\/www.peek-und-cloppenburg.de\/de\/karriere\/eltern-lehrkraefte\/ausbildungsbetrieb\/"]}]},{"@type":"BreadcrumbList","@id":"https:\/\/www.peek-und-cloppenburg.de\/de\/karriere\/eltern-lehrkraefte\/ausbildungsbetrieb\/#breadcrumb","itemListElement":[{"@type":"ListItem","position":1,"name":"Startseite","item":"https:\/\/www.peek-und-cloppenburg.de\/de\/"},{"@type":"ListItem","position":2,"name":"Karriere","item":"https:\/\/www.peek-und-cloppenburg.de\/de\/karriere\/"},{"@type":"ListItem","position":3,"name":"Eltern &amp; Lehrkr\u00e4fte","item":"https:\/\/www.peek-und-cloppenburg.de\/de\/karriere\/eltern-lehrkraefte\/"},{"@type":"ListItem","position":4,"name":"Ausbildungsbetrieb"}]},{"@type":"WebSite","@id":"https:\/\/www.peek-und-cloppenburg.de\/de\/#website","url":"https:\/\/www.peek-und-cloppenburg.de\/de\/","name":"Peek&Cloppenburg KG Hamburg","description":"Peek&amp;Cloppenburg KG Hamburg","publisher":{"@id":"https:\/\/www.peek-und-cloppenburg.de\/de\/#organization"},"potentialAction":[{"@type":"SearchAction","target":{"@type":"EntryPoint","urlTemplate":"https:\/\/www.peek-und-cloppenburg.de\/de\/?s={search_term_string}"},"query-input":{"@type":"PropertyValueSpecification","valueRequired":true,"valueName":"search_term_string"}}],"inLanguage":"de"},{"@type":"Organization","@id":"https:\/\/www.peek-und-cloppenburg.de\/de\/#organization","name":"Peek&Cloppenburg KG Hamburg","url":"https:\/\/www.peek-und-cloppenburg.de\/de\/","logo":{"@type":"ImageObject","inLanguage":"de","@id":"https:\/\/www.peek-und-cloppenburg.de\/de\/#\/schema\/logo\/image\/","url":"https:\/\/www.peek-und-cloppenburg.de\/de\/wp-content\/uploads\/sites\/7\/2020\/02\/logo_pc.svg","contentUrl":"https:\/\/www.peek-und-cloppenburg.de\/de\/wp-content\/uploads\/sites\/7\/2020\/02\/logo_pc.svg","width":"1024","height":"1024","caption":"Peek&Cloppenburg KG Hamburg"},"image":{"@id":"https:\/\/www.peek-und-cloppenburg.de\/de\/#\/schema\/logo\/image\/"},"sameAs":["https:\/\/de-de.facebook.com\/peekundcloppenburg\/","https:\/\/www.instagram.com\/vangraaf_de\/","https:\/\/www.youtube.com\/channel\/UCPdkk0FSUkdWYlzYtJpiUuw","https:\/\/www.snapchat.com\/add\/Pundckarriere"]}]}},"_links":{"self":[{"href":"https:\/\/www.peek-und-cloppenburg.de\/de\/wp-json\/wp\/v2\/pages\/1602","targetHints":{"allow":["GET"]}}],"collection":[{"href":"https:\/\/www.peek-und-cloppenburg.de\/de\/wp-json\/wp\/v2\/pages"}],"about":[{"href":"https:\/\/www.peek-und-cloppenburg.de\/de\/wp-json\/wp\/v2\/types\/page"}],"author":[{"embeddable":true,"href":"https:\/\/www.peek-und-cloppenburg.de\/de\/wp-json\/wp\/v2\/users\/6"}],"replies":[{"embeddable":true,"href":"https:\/\/www.peek-und-cloppenburg.de\/de\/wp-json\/wp\/v2\/comments?post=1602"}],"version-history":[{"count":34,"href":"https:\/\/www.peek-und-cloppenburg.de\/de\/wp-json\/wp\/v2\/pages\/1602\/revisions"}],"predecessor-version":[{"id":12337,"href":"https:\/\/www.peek-und-cloppenburg.de\/de\/wp-json\/wp\/v2\/pages\/1602\/revisions\/12337"}],"up":[{"embeddable":true,"href":"https:\/\/www.peek-und-cloppenburg.de\/de\/wp-json\/wp\/v2\/pages\/1576"}],"wp:attachment":[{"href":"https:\/\/www.peek-und-cloppenburg.de\/de\/wp-json\/wp\/v2\/media?parent=1602"}],"curies":[{"name":"wp","href":"https:\/\/api.w.org\/{rel}","templated":true}]}}