{"id":1574,"date":"2022-01-24T13:09:20","date_gmt":"2022-01-24T12:09:20","guid":{"rendered":"https:\/\/www.peek-und-cloppenburg.de\/de\/?page_id=1574"},"modified":"2026-02-25T21:14:29","modified_gmt":"2026-02-25T20:14:29","slug":"berufserfahrene","status":"publish","type":"page","link":"https:\/\/www.peek-und-cloppenburg.de\/de\/karriere\/berufserfahrene\/","title":{"rendered":"Berufserfahrene"},"content":{"rendered":"<div class=\"wpb-content-wrapper\">[vc_row bwd_tbc4vd_show_weekday=&#8220;&#8220; full_width=&#8220;stretch_row_content_no_spaces&#8220;][vc_column]<div class=\"keyvisual\" data-aos=\"fade-up\" ><img loading=\"lazy\" decoding=\"async\" width=\"1440\" height=\"480\" src=\"https:\/\/www.peek-und-cloppenburg.de\/de\/wp-content\/uploads\/sites\/7\/2022\/01\/M10_J_Portraits_Buero_015.jpg\" class=\"vc_single_image-img keyvisual__image--big\" alt=\"Eine lachende Frau und ein Mann sitzen vor einem dunkelblauen Hintergrund.\" srcset=\"https:\/\/www.peek-und-cloppenburg.de\/de\/wp-content\/uploads\/sites\/7\/2022\/01\/M10_J_Portraits_Buero_015.jpg 1440w, https:\/\/www.peek-und-cloppenburg.de\/de\/wp-content\/uploads\/sites\/7\/2022\/01\/M10_J_Portraits_Buero_015-300x100.jpg 300w, https:\/\/www.peek-und-cloppenburg.de\/de\/wp-content\/uploads\/sites\/7\/2022\/01\/M10_J_Portraits_Buero_015-1024x341.jpg 1024w, https:\/\/www.peek-und-cloppenburg.de\/de\/wp-content\/uploads\/sites\/7\/2022\/01\/M10_J_Portraits_Buero_015-768x256.jpg 768w, https:\/\/www.peek-und-cloppenburg.de\/de\/wp-content\/uploads\/sites\/7\/2022\/01\/M10_J_Portraits_Buero_015-1200x400.jpg 1200w, https:\/\/www.peek-und-cloppenburg.de\/de\/wp-content\/uploads\/sites\/7\/2022\/01\/M10_J_Portraits_Buero_015-992x331.jpg 992w, https:\/\/www.peek-und-cloppenburg.de\/de\/wp-content\/uploads\/sites\/7\/2022\/01\/M10_J_Portraits_Buero_015-480x160.jpg 480w, https:\/\/www.peek-und-cloppenburg.de\/de\/wp-content\/uploads\/sites\/7\/2022\/01\/M10_J_Portraits_Buero_015-690x230.jpg 690w\" sizes=\"(max-width: 1440px) 100vw, 1440px\" \/><img loading=\"lazy\" decoding=\"async\" width=\"768\" height=\"250\" src=\"https:\/\/www.peek-und-cloppenburg.de\/de\/wp-content\/uploads\/sites\/7\/2022\/01\/M10_J_Portraits_Buero_015-1.jpg\" class=\"vc_single_image-img keyvisual__image--small\" alt=\"Zwei l\u00e4chelnde Personen sitzen nebeneinander vor einem dunkelblauen Hintergrund.\" srcset=\"https:\/\/www.peek-und-cloppenburg.de\/de\/wp-content\/uploads\/sites\/7\/2022\/01\/M10_J_Portraits_Buero_015-1.jpg 768w, https:\/\/www.peek-und-cloppenburg.de\/de\/wp-content\/uploads\/sites\/7\/2022\/01\/M10_J_Portraits_Buero_015-1-300x98.jpg 300w, https:\/\/www.peek-und-cloppenburg.de\/de\/wp-content\/uploads\/sites\/7\/2022\/01\/M10_J_Portraits_Buero_015-1-480x156.jpg 480w, https:\/\/www.peek-und-cloppenburg.de\/de\/wp-content\/uploads\/sites\/7\/2022\/01\/M10_J_Portraits_Buero_015-1-690x225.jpg 690w\" sizes=\"(max-width: 768px) 100vw, 768px\" \/><\/div>\n        <div class=\"headlines headlines--center\" data-aos=\"fade-up\">\n            <div class=\"vc_row\">\n                <div class=\"vc_col-md-10 vc_col-md-offset-1 vc_col-lg-10 vc_col-lg-offset-1\"><span class=\"h6\">Deine Karrierem\u00f6glichkeiten bei Peek&amp;Cloppenburg*<\/span><h1 class=\"h2\">Berufserfahrene<\/h1><\/div>\n            <\/div>\n        <\/div>[vc_column_text]\r\n<p style=\"text-align: center\">Du m\u00f6chtest Dich neuen Zielen stellen und pers\u00f6nlich weiter wachsen? Als Berufserfahrene:r oder F\u00fchrungskraft machst Du bei Peek&amp;Cloppenburg* einen gro\u00dfen Schritt nach vorne. Wir m\u00f6chten mit Dir an spannenden Projekten arbeiten, die unser erfolgreiches Retailkonzept noch besser machen. Dabei legen wir viel Wert auf schlanke Strukturen, mutige Ideen und eine konstruktive Zusammenarbeit, um unser Omnichannel-Angebot kontinuierlich weiterzuentwickeln. Mit pers\u00f6nlich zugeschnittenen Trainings und Programmen begleiten wir Dich individuell und nachhaltig in Deiner Laufbahn bei Peek&amp;Cloppenburg*.<\/p>\r\n[\/vc_column_text][\/vc_column][\/vc_row][vc_row bwd_tbc4vd_show_weekday=&#8220;&#8220; el_class=&#8220;vg-padding&#8220;][vc_column]\n        <div class=\"vg-element promo-teaser promo-teaser--right  promo-teaser--\" style=\"--season-color: #ffffff;\" data-aos=\"fade-up\">\n            <div class=\"vc_row vc_row-flex\">\n                <div class=\"vc_col-sm-6 promo-teaser__image vc_col-sm-push-6\">\n                    <a class=\"\" href=\"https:\/\/www.peek-und-cloppenburg.de\/de\/karriere\/berufserfahrene\/direkteinstieg\/\" target=\"_self\" rel=\"\" style=\"\"><img loading=\"lazy\" decoding=\"async\" width=\"599\" height=\"549\" src=\"https:\/\/www.peek-und-cloppenburg.de\/de\/wp-content\/uploads\/sites\/7\/2022\/02\/M10_J_Portraits_Buero_001.jpg\" class=\"vc_single_image-img\" alt=\"Zwei Personen stehen R\u00fccken an R\u00fccken vor einem dunkelblauen Hintergrund und l\u00e4cheln in die Kamera.\" srcset=\"https:\/\/www.peek-und-cloppenburg.de\/de\/wp-content\/uploads\/sites\/7\/2022\/02\/M10_J_Portraits_Buero_001.jpg 599w, https:\/\/www.peek-und-cloppenburg.de\/de\/wp-content\/uploads\/sites\/7\/2022\/02\/M10_J_Portraits_Buero_001-300x275.jpg 300w, https:\/\/www.peek-und-cloppenburg.de\/de\/wp-content\/uploads\/sites\/7\/2022\/02\/M10_J_Portraits_Buero_001-480x440.jpg 480w\" sizes=\"(max-width: 599px) 100vw, 599px\" \/><\/a>\n                <\/div>\n                <div class=\"vc_col-sm-6 vc_col-sm-pull-6\">\n                    <div class=\"promo-teaser__content-wrapper\">\n                        <div class=\"promo-teaser__content promo-teaser__content--center\"><h3>Direkteinstieg<\/h3><p>Dein n\u00e4chster Job soll Dich nach vorne bringen? Peek&amp;Cloppenburg* bietet Dir viele M\u00f6glichkeiten, Dich fachlich und pers\u00f6nlich weiterzuentwickeln. Entdecke die Jobvielfalt im Omnichannel-Retail.<\/p>\n<a class=\"button button--\" href=\"https:\/\/www.peek-und-cloppenburg.de\/de\/karriere\/berufserfahrene\/direkteinstieg\/\" target=\"_self\" rel=\"\" style=\"\">Jetzt direkt einsteigen<\/a><\/div>\n                    <\/div>\n                <\/div>\n            <\/div>\n        <\/div>\n        <div class=\"vg-element promo-teaser promo-teaser--  promo-teaser--\" style=\"--season-color: #ffffff;\" data-aos=\"fade-up\">\n            <div class=\"vc_row vc_row-flex\">\n                <div class=\"vc_col-sm-6 promo-teaser__image\">\n                    <a class=\"\" href=\"https:\/\/www.peek-und-cloppenburg.de\/de\/karriere\/jobs\/stellenangebote\/\" target=\"_self\" rel=\"\" style=\"\"><img loading=\"lazy\" decoding=\"async\" width=\"599\" height=\"549\" src=\"https:\/\/www.peek-und-cloppenburg.de\/de\/wp-content\/uploads\/sites\/7\/2022\/02\/M7_B_Wir_Headerbild_Gruppe_034.jpg\" class=\"vc_single_image-img\" alt=\"Eine l\u00e4chelnde Frau sitzt vor einem dunkelblauen Hintergrund und tr\u00e4gt ein farbenfrohes Kleid.\" srcset=\"https:\/\/www.peek-und-cloppenburg.de\/de\/wp-content\/uploads\/sites\/7\/2022\/02\/M7_B_Wir_Headerbild_Gruppe_034.jpg 599w, https:\/\/www.peek-und-cloppenburg.de\/de\/wp-content\/uploads\/sites\/7\/2022\/02\/M7_B_Wir_Headerbild_Gruppe_034-300x275.jpg 300w, https:\/\/www.peek-und-cloppenburg.de\/de\/wp-content\/uploads\/sites\/7\/2022\/02\/M7_B_Wir_Headerbild_Gruppe_034-480x440.jpg 480w\" sizes=\"(max-width: 599px) 100vw, 599px\" \/><\/a>\n                <\/div>\n                <div class=\"vc_col-sm-6\">\n                    <div class=\"promo-teaser__content-wrapper\">\n                        <div class=\"promo-teaser__content promo-teaser__content--center\"><h3>Junior Floor Manager<\/h3><p>Du hast bereits erste F\u00fchrungserfahrung gesammelt? Bei uns steigst Du direkt als <span class=\"ui-provider a b c d e f g h i j k l m n o p q r s t u v w x y z ab ac ae af ag ah ai aj ak\" dir=\"ltr\">Junior Floor Manager<\/span> ein und wirst mit unserem Entwicklungsprogramm weiter als F\u00fchrungskraft bei Peek&amp;Cloppenburg* gef\u00f6rdert.<\/p>\n<a class=\"button button--\" href=\"https:\/\/www.peek-und-cloppenburg.de\/de\/karriere\/jobs\/stellenangebote\/\" target=\"_self\" rel=\"\" style=\"\">Der Weg zur F\u00fchrungskraft<\/a><\/div>\n                    <\/div>\n                <\/div>\n            <\/div>\n        <\/div>\n        <div class=\"vg-element promo-teaser promo-teaser--right  promo-teaser--\" style=\"--season-color: #ffffff;\" data-aos=\"fade-up\">\n            <div class=\"vc_row vc_row-flex\">\n                <div class=\"vc_col-sm-6 promo-teaser__image vc_col-sm-push-6\">\n                    <a class=\"\" href=\"https:\/\/www.peek-und-cloppenburg.de\/de\/karriere\/jobs\/stellenangebote\/\" target=\"_self\" rel=\"\" style=\"\"><img loading=\"lazy\" decoding=\"async\" width=\"599\" height=\"549\" src=\"https:\/\/www.peek-und-cloppenburg.de\/de\/wp-content\/uploads\/sites\/7\/2022\/02\/M6_D_VK_Verkauf_061.jpg\" class=\"vc_single_image-img\" alt=\"Ein Mann sitzt auf einem wei\u00dfen Podest in einer P&amp;C* Filiale neben einer Schaufensterpuppe, die einen wei\u00dfen Trainingsanzug mit orangefarbenen \u00c4rmeln tr\u00e4gt. Im Hintergrund h\u00e4ngen Kleidungsst\u00fccke auf Kleiderstangen.\" srcset=\"https:\/\/www.peek-und-cloppenburg.de\/de\/wp-content\/uploads\/sites\/7\/2022\/02\/M6_D_VK_Verkauf_061.jpg 599w, https:\/\/www.peek-und-cloppenburg.de\/de\/wp-content\/uploads\/sites\/7\/2022\/02\/M6_D_VK_Verkauf_061-300x275.jpg 300w, https:\/\/www.peek-und-cloppenburg.de\/de\/wp-content\/uploads\/sites\/7\/2022\/02\/M6_D_VK_Verkauf_061-480x440.jpg 480w\" sizes=\"(max-width: 599px) 100vw, 599px\" \/><\/a>\n                <\/div>\n                <div class=\"vc_col-sm-6 vc_col-sm-pull-6\">\n                    <div class=\"promo-teaser__content-wrapper\">\n                        <div class=\"promo-teaser__content promo-teaser__content--center\"><h3>Floor Manager<\/h3><p>Du verf\u00fcgst \u00fcber ausgepr\u00e4gte F\u00fchrungserfahrung und Fachkompetenz im Fashion-Retail? Als <span class=\"ui-provider a b c d e f g h i j k l m n o p q r s t u v w x y z ab ac ae af ag ah ai aj ak\" dir=\"ltr\">Floor Manager <\/span>entwickelst Du Dich und Dein zuk\u00fcnftiges Team bei Peek&amp;Cloppenburg* erfolgreich weiter.<\/p>\n<a class=\"button button--\" href=\"https:\/\/www.peek-und-cloppenburg.de\/de\/karriere\/jobs\/stellenangebote\/\" target=\"_self\" rel=\"\" style=\"\">Floor Manager werden<\/a><\/div>\n                    <\/div>\n                <\/div>\n            <\/div>\n        <\/div>[\/vc_column][\/vc_row][vc_row bwd_tbc4vd_show_weekday=&#8220;&#8220; disable_element=&#8220;yes&#8220;][vc_column]\n        <div class=\"vg-element promo-teaser promo-teaser--right  promo-teaser--\" style=\"--season-color: #ffffff;\" data-aos=\"fade-up\">\n            <div class=\"vc_row vc_row-flex\">\n                <div class=\"vc_col-sm-6 promo-teaser__image vc_col-sm-push-6\">\n                    <a class=\"\" href=\"https:\/\/www.peek-und-cloppenburg.de\/de\/karriere\/berufserfahrene\/fortbildung-zum-handelsfachwirt-m-w-d\/\" target=\"_self\" rel=\"\" style=\"\"><img loading=\"lazy\" decoding=\"async\" width=\"599\" height=\"549\" src=\"https:\/\/www.peek-und-cloppenburg.de\/de\/wp-content\/uploads\/sites\/7\/2022\/02\/M6_A_VK_Verkauf_097.jpg\" class=\"vc_single_image-img\" alt=\"Zwei Personen in einem Bekleidungsgesch\u00e4ft, die gemeinsam ein Kleidungsst\u00fcck anschauen und l\u00e4cheln.\" srcset=\"https:\/\/www.peek-und-cloppenburg.de\/de\/wp-content\/uploads\/sites\/7\/2022\/02\/M6_A_VK_Verkauf_097.jpg 599w, https:\/\/www.peek-und-cloppenburg.de\/de\/wp-content\/uploads\/sites\/7\/2022\/02\/M6_A_VK_Verkauf_097-300x275.jpg 300w, https:\/\/www.peek-und-cloppenburg.de\/de\/wp-content\/uploads\/sites\/7\/2022\/02\/M6_A_VK_Verkauf_097-480x440.jpg 480w\" sizes=\"(max-width: 599px) 100vw, 599px\" \/><\/a>\n                <\/div>\n                <div class=\"vc_col-sm-6 vc_col-sm-pull-6\">\n                    <div class=\"promo-teaser__content-wrapper\">\n                        <div class=\"promo-teaser__content promo-teaser__content--center\"><h3>Fortbildung zum Handelsfachwirt (m\/w\/d)<\/h3><p>Du m\u00f6chtest Deine kaufm\u00e4nnische Ausbildung erweitern und Dich zur F\u00fchrungskraft entwickeln? Mit der Fortbildung zum Handelsfachwirt (m\/w\/d) gehst Du den n\u00e4chsten Schritt in Richtung F\u00fchrungskarriere bei Peek&amp;Cloppenburg*.<\/p>\n<a class=\"button button--\" href=\"https:\/\/www.peek-und-cloppenburg.de\/de\/karriere\/berufserfahrene\/fortbildung-zum-handelsfachwirt-m-w-d\/\" target=\"_self\" rel=\"\" style=\"\">Mehr erfahren<\/a><\/div>\n                    <\/div>\n                <\/div>\n            <\/div>\n        <\/div>[\/vc_column][\/vc_row]<\/div>","protected":false},"excerpt":{"rendered":"[vc_row bwd_tbc4vd_show_weekday=&#8220;&#8220; full_width=&#8220;stretch_row_content_no_spaces&#8220;][vc_column][vc_column_text] Du m\u00f6chtest Dich neuen Zielen stellen und pers\u00f6nlich weiter wachsen? Als Berufserfahrene:r oder F\u00fchrungskraft machst Du bei Peek&amp;Cloppenburg* einen gro\u00dfen Schritt nach vorne. Wir m\u00f6chten mit Dir an spannenden Projekten arbeiten, die unser erfolgreiches Retailkonzept noch besser machen. Dabei legen wir viel Wert auf schlanke Strukturen, mutige Ideen und eine konstruktive Zusammenarbeit, [&hellip;]","protected":false},"author":6,"featured_media":0,"parent":1519,"menu_order":0,"comment_status":"closed","ping_status":"closed","template":"","meta":{"_acf_changed":false,"inline_featured_image":false,"footnotes":""},"class_list":["post-1574","page","type-page","status-publish","hentry"],"acf":[],"yoast_head":"<!-- This site is optimized with the Yoast SEO plugin v27.2 - https:\/\/yoast.com\/product\/yoast-seo-wordpress\/ -->\n<title>Berufserfahrene I Peek&amp;Cloppenburg Hamburg<\/title>\n<meta name=\"description\" content=\"Du hast bereits Berufserfahrung gesammelt und suchst nun eine neue Herausforderung? Finde Deinen neuen Job bei Peek&amp;Cloppenburg Hamburg!\" \/>\n<meta name=\"robots\" content=\"index, follow, max-snippet:-1, max-image-preview:large, max-video-preview:-1\" \/>\n<link rel=\"canonical\" href=\"https:\/\/www.peek-und-cloppenburg.de\/de\/karriere\/berufserfahrene\/\" \/>\n<meta property=\"og:locale\" content=\"de_DE\" \/>\n<meta property=\"og:type\" content=\"article\" \/>\n<meta property=\"og:title\" content=\"Berufserfahrene I Peek&amp;Cloppenburg Hamburg\" \/>\n<meta property=\"og:description\" content=\"Du hast bereits Berufserfahrung gesammelt und suchst nun eine neue Herausforderung? Finde Deinen neuen Job bei Peek&amp;Cloppenburg Hamburg!\" \/>\n<meta property=\"og:url\" content=\"https:\/\/www.peek-und-cloppenburg.de\/de\/karriere\/berufserfahrene\/\" \/>\n<meta property=\"og:site_name\" content=\"Peek&amp;Cloppenburg Deutschland\" \/>\n<meta property=\"article:publisher\" content=\"https:\/\/de-de.facebook.com\/peekundcloppenburg\/\" \/>\n<meta property=\"article:modified_time\" content=\"2026-02-25T20:14:29+00:00\" \/>\n<meta name=\"twitter:card\" content=\"summary_large_image\" \/>\n<meta name=\"twitter:label1\" content=\"Gesch\u00e4tzte Lesezeit\" \/>\n\t<meta name=\"twitter:data1\" content=\"3\u00a0Minuten\" \/>\n<script type=\"application\/ld+json\" class=\"yoast-schema-graph\">{\"@context\":\"https:\/\/schema.org\",\"@graph\":[{\"@type\":\"WebPage\",\"@id\":\"https:\/\/www.peek-und-cloppenburg.de\/de\/karriere\/berufserfahrene\/\",\"url\":\"https:\/\/www.peek-und-cloppenburg.de\/de\/karriere\/berufserfahrene\/\",\"name\":\"Berufserfahrene I Peek&Cloppenburg Hamburg\",\"isPartOf\":{\"@id\":\"https:\/\/www.peek-und-cloppenburg.de\/de\/#website\"},\"datePublished\":\"2022-01-24T12:09:20+00:00\",\"dateModified\":\"2026-02-25T20:14:29+00:00\",\"description\":\"Du hast bereits Berufserfahrung gesammelt und suchst nun eine neue Herausforderung? Finde Deinen neuen Job bei Peek&Cloppenburg Hamburg!\",\"breadcrumb\":{\"@id\":\"https:\/\/www.peek-und-cloppenburg.de\/de\/karriere\/berufserfahrene\/#breadcrumb\"},\"inLanguage\":\"de\",\"potentialAction\":[{\"@type\":\"ReadAction\",\"target\":[\"https:\/\/www.peek-und-cloppenburg.de\/de\/karriere\/berufserfahrene\/\"]}]},{\"@type\":\"BreadcrumbList\",\"@id\":\"https:\/\/www.peek-und-cloppenburg.de\/de\/karriere\/berufserfahrene\/#breadcrumb\",\"itemListElement\":[{\"@type\":\"ListItem\",\"position\":1,\"name\":\"Startseite\",\"item\":\"https:\/\/www.peek-und-cloppenburg.de\/de\/\"},{\"@type\":\"ListItem\",\"position\":2,\"name\":\"Karriere\",\"item\":\"https:\/\/www.peek-und-cloppenburg.de\/de\/karriere\/\"},{\"@type\":\"ListItem\",\"position\":3,\"name\":\"Berufserfahrene\"}]},{\"@type\":\"WebSite\",\"@id\":\"https:\/\/www.peek-und-cloppenburg.de\/de\/#website\",\"url\":\"https:\/\/www.peek-und-cloppenburg.de\/de\/\",\"name\":\"Peek&Cloppenburg KG Hamburg\",\"description\":\"Peek&amp;Cloppenburg KG Hamburg\",\"publisher\":{\"@id\":\"https:\/\/www.peek-und-cloppenburg.de\/de\/#organization\"},\"potentialAction\":[{\"@type\":\"SearchAction\",\"target\":{\"@type\":\"EntryPoint\",\"urlTemplate\":\"https:\/\/www.peek-und-cloppenburg.de\/de\/?s={search_term_string}\"},\"query-input\":{\"@type\":\"PropertyValueSpecification\",\"valueRequired\":true,\"valueName\":\"search_term_string\"}}],\"inLanguage\":\"de\"},{\"@type\":\"Organization\",\"@id\":\"https:\/\/www.peek-und-cloppenburg.de\/de\/#organization\",\"name\":\"Peek&Cloppenburg KG Hamburg\",\"url\":\"https:\/\/www.peek-und-cloppenburg.de\/de\/\",\"logo\":{\"@type\":\"ImageObject\",\"inLanguage\":\"de\",\"@id\":\"https:\/\/www.peek-und-cloppenburg.de\/de\/#\/schema\/logo\/image\/\",\"url\":\"https:\/\/www.peek-und-cloppenburg.de\/de\/wp-content\/uploads\/sites\/7\/2020\/02\/logo_pc.svg\",\"contentUrl\":\"https:\/\/www.peek-und-cloppenburg.de\/de\/wp-content\/uploads\/sites\/7\/2020\/02\/logo_pc.svg\",\"width\":\"1024\",\"height\":\"1024\",\"caption\":\"Peek&Cloppenburg KG Hamburg\"},\"image\":{\"@id\":\"https:\/\/www.peek-und-cloppenburg.de\/de\/#\/schema\/logo\/image\/\"},\"sameAs\":[\"https:\/\/de-de.facebook.com\/peekundcloppenburg\/\",\"https:\/\/www.instagram.com\/vangraaf_de\/\",\"https:\/\/www.youtube.com\/channel\/UCPdkk0FSUkdWYlzYtJpiUuw\",\"https:\/\/www.snapchat.com\/add\/Pundckarriere\"]}]}<\/script>\n<!-- \/ Yoast SEO plugin. -->","yoast_head_json":{"title":"Berufserfahrene I Peek&Cloppenburg Hamburg","description":"Du hast bereits Berufserfahrung gesammelt und suchst nun eine neue Herausforderung? Finde Deinen neuen Job bei Peek&Cloppenburg Hamburg!","robots":{"index":"index","follow":"follow","max-snippet":"max-snippet:-1","max-image-preview":"max-image-preview:large","max-video-preview":"max-video-preview:-1"},"canonical":"https:\/\/www.peek-und-cloppenburg.de\/de\/karriere\/berufserfahrene\/","og_locale":"de_DE","og_type":"article","og_title":"Berufserfahrene I Peek&Cloppenburg Hamburg","og_description":"Du hast bereits Berufserfahrung gesammelt und suchst nun eine neue Herausforderung? Finde Deinen neuen Job bei Peek&Cloppenburg Hamburg!","og_url":"https:\/\/www.peek-und-cloppenburg.de\/de\/karriere\/berufserfahrene\/","og_site_name":"Peek&amp;Cloppenburg Deutschland","article_publisher":"https:\/\/de-de.facebook.com\/peekundcloppenburg\/","article_modified_time":"2026-02-25T20:14:29+00:00","twitter_card":"summary_large_image","twitter_misc":{"Gesch\u00e4tzte Lesezeit":"3\u00a0Minuten"},"schema":{"@context":"https:\/\/schema.org","@graph":[{"@type":"WebPage","@id":"https:\/\/www.peek-und-cloppenburg.de\/de\/karriere\/berufserfahrene\/","url":"https:\/\/www.peek-und-cloppenburg.de\/de\/karriere\/berufserfahrene\/","name":"Berufserfahrene I Peek&Cloppenburg Hamburg","isPartOf":{"@id":"https:\/\/www.peek-und-cloppenburg.de\/de\/#website"},"datePublished":"2022-01-24T12:09:20+00:00","dateModified":"2026-02-25T20:14:29+00:00","description":"Du hast bereits Berufserfahrung gesammelt und suchst nun eine neue Herausforderung? Finde Deinen neuen Job bei Peek&Cloppenburg Hamburg!","breadcrumb":{"@id":"https:\/\/www.peek-und-cloppenburg.de\/de\/karriere\/berufserfahrene\/#breadcrumb"},"inLanguage":"de","potentialAction":[{"@type":"ReadAction","target":["https:\/\/www.peek-und-cloppenburg.de\/de\/karriere\/berufserfahrene\/"]}]},{"@type":"BreadcrumbList","@id":"https:\/\/www.peek-und-cloppenburg.de\/de\/karriere\/berufserfahrene\/#breadcrumb","itemListElement":[{"@type":"ListItem","position":1,"name":"Startseite","item":"https:\/\/www.peek-und-cloppenburg.de\/de\/"},{"@type":"ListItem","position":2,"name":"Karriere","item":"https:\/\/www.peek-und-cloppenburg.de\/de\/karriere\/"},{"@type":"ListItem","position":3,"name":"Berufserfahrene"}]},{"@type":"WebSite","@id":"https:\/\/www.peek-und-cloppenburg.de\/de\/#website","url":"https:\/\/www.peek-und-cloppenburg.de\/de\/","name":"Peek&Cloppenburg KG Hamburg","description":"Peek&amp;Cloppenburg KG Hamburg","publisher":{"@id":"https:\/\/www.peek-und-cloppenburg.de\/de\/#organization"},"potentialAction":[{"@type":"SearchAction","target":{"@type":"EntryPoint","urlTemplate":"https:\/\/www.peek-und-cloppenburg.de\/de\/?s={search_term_string}"},"query-input":{"@type":"PropertyValueSpecification","valueRequired":true,"valueName":"search_term_string"}}],"inLanguage":"de"},{"@type":"Organization","@id":"https:\/\/www.peek-und-cloppenburg.de\/de\/#organization","name":"Peek&Cloppenburg KG Hamburg","url":"https:\/\/www.peek-und-cloppenburg.de\/de\/","logo":{"@type":"ImageObject","inLanguage":"de","@id":"https:\/\/www.peek-und-cloppenburg.de\/de\/#\/schema\/logo\/image\/","url":"https:\/\/www.peek-und-cloppenburg.de\/de\/wp-content\/uploads\/sites\/7\/2020\/02\/logo_pc.svg","contentUrl":"https:\/\/www.peek-und-cloppenburg.de\/de\/wp-content\/uploads\/sites\/7\/2020\/02\/logo_pc.svg","width":"1024","height":"1024","caption":"Peek&Cloppenburg KG Hamburg"},"image":{"@id":"https:\/\/www.peek-und-cloppenburg.de\/de\/#\/schema\/logo\/image\/"},"sameAs":["https:\/\/de-de.facebook.com\/peekundcloppenburg\/","https:\/\/www.instagram.com\/vangraaf_de\/","https:\/\/www.youtube.com\/channel\/UCPdkk0FSUkdWYlzYtJpiUuw","https:\/\/www.snapchat.com\/add\/Pundckarriere"]}]}},"_links":{"self":[{"href":"https:\/\/www.peek-und-cloppenburg.de\/de\/wp-json\/wp\/v2\/pages\/1574","targetHints":{"allow":["GET"]}}],"collection":[{"href":"https:\/\/www.peek-und-cloppenburg.de\/de\/wp-json\/wp\/v2\/pages"}],"about":[{"href":"https:\/\/www.peek-und-cloppenburg.de\/de\/wp-json\/wp\/v2\/types\/page"}],"author":[{"embeddable":true,"href":"https:\/\/www.peek-und-cloppenburg.de\/de\/wp-json\/wp\/v2\/users\/6"}],"replies":[{"embeddable":true,"href":"https:\/\/www.peek-und-cloppenburg.de\/de\/wp-json\/wp\/v2\/comments?post=1574"}],"version-history":[{"count":19,"href":"https:\/\/www.peek-und-cloppenburg.de\/de\/wp-json\/wp\/v2\/pages\/1574\/revisions"}],"predecessor-version":[{"id":12368,"href":"https:\/\/www.peek-und-cloppenburg.de\/de\/wp-json\/wp\/v2\/pages\/1574\/revisions\/12368"}],"up":[{"embeddable":true,"href":"https:\/\/www.peek-und-cloppenburg.de\/de\/wp-json\/wp\/v2\/pages\/1519"}],"wp:attachment":[{"href":"https:\/\/www.peek-und-cloppenburg.de\/de\/wp-json\/wp\/v2\/media?parent=1574"}],"curies":[{"name":"wp","href":"https:\/\/api.w.org\/{rel}","templated":true}]}}