{"id":1560,"date":"2022-01-24T13:03:50","date_gmt":"2022-01-24T12:03:50","guid":{"rendered":"https:\/\/www.peek-und-cloppenburg.de\/de\/?page_id=1560"},"modified":"2026-02-25T21:11:30","modified_gmt":"2026-02-25T20:11:30","slug":"entwicklung","status":"publish","type":"page","link":"https:\/\/www.peek-und-cloppenburg.de\/de\/karriere\/wir\/entwicklung\/","title":{"rendered":"Entwicklung"},"content":{"rendered":"<div class=\"wpb-content-wrapper\">[vc_row bwd_tbc4vd_show_weekday=&#8220;&#8220; full_width=&#8220;stretch_row_content_no_spaces&#8220;][vc_column]<div class=\"keyvisual\" data-aos=\"fade-up\" ><img loading=\"lazy\" decoding=\"async\" width=\"1440\" height=\"480\" src=\"https:\/\/www.peek-und-cloppenburg.de\/de\/wp-content\/uploads\/sites\/7\/2022\/02\/M12_A_GRUPPE_PORTRAIT_TRAINER_005.jpg\" class=\"vc_single_image-img\" alt=\"Zwei Frauen, die sich lachend umarmen, vor einem dunkelblauen Hintergrund.\" srcset=\"https:\/\/www.peek-und-cloppenburg.de\/de\/wp-content\/uploads\/sites\/7\/2022\/02\/M12_A_GRUPPE_PORTRAIT_TRAINER_005.jpg 1440w, https:\/\/www.peek-und-cloppenburg.de\/de\/wp-content\/uploads\/sites\/7\/2022\/02\/M12_A_GRUPPE_PORTRAIT_TRAINER_005-300x100.jpg 300w, https:\/\/www.peek-und-cloppenburg.de\/de\/wp-content\/uploads\/sites\/7\/2022\/02\/M12_A_GRUPPE_PORTRAIT_TRAINER_005-1024x341.jpg 1024w, https:\/\/www.peek-und-cloppenburg.de\/de\/wp-content\/uploads\/sites\/7\/2022\/02\/M12_A_GRUPPE_PORTRAIT_TRAINER_005-768x256.jpg 768w, https:\/\/www.peek-und-cloppenburg.de\/de\/wp-content\/uploads\/sites\/7\/2022\/02\/M12_A_GRUPPE_PORTRAIT_TRAINER_005-1200x400.jpg 1200w, https:\/\/www.peek-und-cloppenburg.de\/de\/wp-content\/uploads\/sites\/7\/2022\/02\/M12_A_GRUPPE_PORTRAIT_TRAINER_005-992x331.jpg 992w, https:\/\/www.peek-und-cloppenburg.de\/de\/wp-content\/uploads\/sites\/7\/2022\/02\/M12_A_GRUPPE_PORTRAIT_TRAINER_005-480x160.jpg 480w, https:\/\/www.peek-und-cloppenburg.de\/de\/wp-content\/uploads\/sites\/7\/2022\/02\/M12_A_GRUPPE_PORTRAIT_TRAINER_005-690x230.jpg 690w\" sizes=\"(max-width: 1440px) 100vw, 1440px\" \/><\/div>\n        <div class=\"headlines headlines--center\" data-aos=\"fade-up\">\n            <div class=\"vc_row\">\n                <div class=\"vc_col-md-10 vc_col-md-offset-1 vc_col-lg-10 vc_col-lg-offset-1\"><span class=\"h6\">Potentiale entfalten &amp; Zukunft gestalten<\/span><h1 class=\"h2\">Lernen kommt nie aus der Mode<\/h1><\/div>\n            <\/div>\n        <\/div>[vc_column_text]\r\n<p style=\"text-align: center\">Bei Peek&amp;Cloppenburg* geht es um Deine pers\u00f6nliche Entwicklung. Ob im Verkauf oder der Zentrale, ob Mitarbeiter:in oder F\u00fchrungskraft \u2013 bei unserem vielf\u00e4ltigen Angebot an Pr\u00e4senz- und Online-Trainings ist f\u00fcr jeden etwas dabei!<\/p>\r\n[\/vc_column_text][vc_column_text]\r\n<h3>Unser Trainingsangebot<\/h3>\r\nUnsere Kund:innen wollen wir immer wieder \u00fcberraschen und begeistern. Vor allem \u00fcberzeugen wir in unseren Beratungsgespr\u00e4chen mit unserer Kompetenz. Das macht uns erfolgreich. In unseren <strong>Onboarding Trainings<\/strong> vermitteln wir Dir daf\u00fcr direkt zum Start praxisnahes Basiswissen. So bist Du f\u00fcr die Aufgaben und Herausforderungen im Omnichannel-Retail bestens vorbereitet.\r\n\r\nDas weiterf\u00fchrende <strong>Sales Training<\/strong> bietet Dir mit einer gro\u00dfen Auswahl an Verkaufs- und Pers\u00f6nlichkeitstrainings die M\u00f6glichkeit, Deine Kompetenzen weiter auszubauen und Dir zielgerichtet neues Wissen anzueignen.\r\n\r\nMit unseren <strong>Fach- und Leadershiptrainings<\/strong> kannst Du Dich gezielt weiterentwickeln. Ob die Schulung unternehmensrelevanter Fachthemen, die Weiterentwicklung der eigenen Soft Skills oder der Auf- und Ausbau der pers\u00f6nlichen F\u00fchrungskompetenz. Freu Dich auf exzellente Trainer:innen, interne Referent:innen und den inspirierenden Austausch mit anderen Teilnehmer:innen.[\/vc_column_text][\/vc_column][\/vc_row][vc_row bwd_tbc4vd_show_weekday=&#8220;&#8220; disable_element=&#8220;yes&#8220;][vc_column][vc_column_text]\r\n<h3>Talentprogramme<\/h3>\r\nIn Dein Potential zu investieren, ist bei Peek&amp;Cloppenburg* Programm. Wir stellen nicht nur hohe Anspr\u00fcche an Dich, sondern bieten Dir auch hervorragende Entwicklungsm\u00f6glichkeiten. Flache Hierarchien und schnelle Entscheidungen machen es m\u00f6glich, dass Du Eigeninitiative zeigen und sehr schnell Verantwortung \u00fcbernehmen kannst. Dabei wirst Du von erfahrenen F\u00fchrungskr\u00e4ften und dem Bereich Personal begleitet.[\/vc_column_text][\/vc_column][\/vc_row][vc_row][vc_column]<div class=\"quote-teaser quote-teaser--light\" style=\"--bg-image: url(https:\/\/www.peek-und-cloppenburg.de\/de\/wp-content\/uploads\/sites\/7\/2021\/05\/M3_C_Schueler_075-1200x542.jpg); --season-color: #002045\" data-aos=\"fade-up\"><div class=\"vc_row vc_row-flex\"><div class=\"vc_col-sm-6 vc_col-sm-offset-6\"><div class=\"quote-teaser__content\"><img loading=\"lazy\" decoding=\"async\" width=\"768\" height=\"650\" src=\"https:\/\/www.peek-und-cloppenburg.de\/de\/wp-content\/uploads\/sites\/7\/2021\/05\/M3_C_Schueler_075_MO.jpg\" class=\"quote-teaser__content__image\" alt=\"Eine Frau mit langen braunen Haaren sitzt l\u00e4chelnd in einem blauen Kleid vor einem dunkelblauen Hintergrund.\" srcset=\"https:\/\/www.peek-und-cloppenburg.de\/de\/wp-content\/uploads\/sites\/7\/2021\/05\/M3_C_Schueler_075_MO.jpg 768w, https:\/\/www.peek-und-cloppenburg.de\/de\/wp-content\/uploads\/sites\/7\/2021\/05\/M3_C_Schueler_075_MO-300x254.jpg 300w, https:\/\/www.peek-und-cloppenburg.de\/de\/wp-content\/uploads\/sites\/7\/2021\/05\/M3_C_Schueler_075_MO-480x406.jpg 480w, https:\/\/www.peek-und-cloppenburg.de\/de\/wp-content\/uploads\/sites\/7\/2021\/05\/M3_C_Schueler_075_MO-690x584.jpg 690w\" sizes=\"(max-width: 768px) 100vw, 768px\" \/><div class=\"quote-teaser__content__quote\">Individuelle und nachhaltige Begleitung w\u00e4hrend meiner Fortbildung.<\/div><div class=\"quote-teaser__content__author\"><p>Cansu, Handelsfachwirtin in der Fortbildung<\/p>\n<\/div><a class=\"button button--light\" href=\"https:\/\/www.peek-und-cloppenburg.de\/de\/karriere\/jobs\/stellenangebote\/\" target=\"_self\" rel=\"\" style=\"\">Komm in unser Team!<\/a><\/div><\/div><\/div><\/div>[\/vc_column][\/vc_row][vc_row bwd_tbc4vd_show_weekday=&#8220;&#8220; full_width=&#8220;stretch_row_content_no_spaces&#8220;][vc_column]\n        <div class=\"headlines headlines--center\" data-aos=\"fade-up\">\n            <div class=\"vc_row\">\n                <div class=\"vc_col-md-10 vc_col-md-offset-1 vc_col-lg-10 vc_col-lg-offset-1\"><h2 class=\"h2\">Mehr \u00fcber Peek&amp;Cloppenburg*<\/h2><\/div>\n            <\/div>\n        <\/div>[vc_row_inner bwd_tbc4vd_show_weekday=&#8220;&#8220; row_design=&#8220;row_square_background&#8220;][vc_column_inner width=&#8220;1\/3&#8243;]<div class=\"vg-element cta-teaser cta-teaser--center\" data-aos=\"fade-up\"><div class=\"cta-teaser__image\"><a class=\"\" href=\"https:\/\/www.peek-und-cloppenburg.de\/de\/karriere\/wir\/unternehmen\/\" target=\"_self\" rel=\"\" style=\"\"><img loading=\"lazy\" decoding=\"async\" width=\"380\" height=\"254\" src=\"https:\/\/www.peek-und-cloppenburg.de\/de\/wp-content\/uploads\/sites\/7\/2022\/02\/DasUnternehmen.jpg\" class=\"vc_single_image-img attachment-full\" alt=\"Ein Schaufenster mit dem Schriftzug &quot;Peek &amp; Cloppenburg&quot; sowie &quot;VANGRAAF.COM&quot; und einer Schaufensterpuppe im Vordergrund.\" title=\"Unternehmen Peek und Cloppenburg Hamburg\" srcset=\"https:\/\/www.peek-und-cloppenburg.de\/de\/wp-content\/uploads\/sites\/7\/2022\/02\/DasUnternehmen.jpg 380w, https:\/\/www.peek-und-cloppenburg.de\/de\/wp-content\/uploads\/sites\/7\/2022\/02\/DasUnternehmen-300x201.jpg 300w\" sizes=\"(max-width: 380px) 100vw, 380px\" \/><\/a><\/div><div class=\"cta-teaser__text\"><h3>Das Unternehmen<\/h3><p>Wir sind Peek&amp;Cloppenburg* und VAN GRAAF. Erfahre mehr \u00fcber unser internationales Retailkonzept.<\/p><a class=\"button\" href=\"https:\/\/www.peek-und-cloppenburg.de\/de\/karriere\/wir\/unternehmen\/\" target=\"_self\" rel=\"\" style=\"\">Zum Unternehmen<\/a><\/div><\/div>[\/vc_column_inner][vc_column_inner width=&#8220;1\/3&#8243;]<div class=\"vg-element cta-teaser cta-teaser--center\" data-aos=\"fade-up\"><div class=\"cta-teaser__image\"><a class=\"\" href=\"https:\/\/www.peek-und-cloppenburg.de\/de\/karriere\/wir\/verantwortung\/\" target=\"_self\" rel=\"\" style=\"\"><img loading=\"lazy\" decoding=\"async\" width=\"380\" height=\"254\" src=\"https:\/\/www.peek-und-cloppenburg.de\/de\/wp-content\/uploads\/sites\/7\/2022\/02\/M7_D_Wir_Headerbild_Gruppe_030-2.jpg\" class=\"vc_single_image-img attachment-full\" alt=\"Vier Personen posieren lachend vor einem blauen Hintergrund und stehen eng beieinander.\" title=\"Wir Peek und Cloppenburg Hamburg\" srcset=\"https:\/\/www.peek-und-cloppenburg.de\/de\/wp-content\/uploads\/sites\/7\/2022\/02\/M7_D_Wir_Headerbild_Gruppe_030-2.jpg 380w, https:\/\/www.peek-und-cloppenburg.de\/de\/wp-content\/uploads\/sites\/7\/2022\/02\/M7_D_Wir_Headerbild_Gruppe_030-2-300x201.jpg 300w\" sizes=\"(max-width: 380px) 100vw, 380px\" \/><\/a><\/div><div class=\"cta-teaser__text\"><h3>Veranwortung<\/h3><p>Unternehmerische Verantwortung ist fest in unserer Kultur verankert. Erfahre mehr \u00fcber unsere Initiativen als Arbeitgeber.<\/p><a class=\"button\" href=\"https:\/\/www.peek-und-cloppenburg.de\/de\/karriere\/wir\/verantwortung\/\" target=\"_self\" rel=\"\" style=\"\">Karriere machen<\/a><\/div><\/div>[\/vc_column_inner][vc_column_inner width=&#8220;1\/3&#8243;]<div class=\"vg-element cta-teaser cta-teaser--center\" data-aos=\"fade-up\"><div class=\"cta-teaser__image\"><a class=\"\" href=\"https:\/\/www.peek-und-cloppenburg.de\/de\/karriere\/jobs\/stellenangebote\/\" target=\"_self\" rel=\"\" style=\"\"><img loading=\"lazy\" decoding=\"async\" width=\"380\" height=\"254\" src=\"https:\/\/www.peek-und-cloppenburg.de\/de\/wp-content\/uploads\/sites\/7\/2021\/05\/M10_M_Portraits_Buero_026-1.jpg\" class=\"vc_single_image-img attachment-full\" alt=\"Gruppe von sechs l\u00e4chelnden Personen, nebeneinander stehend vor blauem Hintergrund.\" title=\"Karriere Peek und Cloppenburg Hamburg\" srcset=\"https:\/\/www.peek-und-cloppenburg.de\/de\/wp-content\/uploads\/sites\/7\/2021\/05\/M10_M_Portraits_Buero_026-1.jpg 380w, https:\/\/www.peek-und-cloppenburg.de\/de\/wp-content\/uploads\/sites\/7\/2021\/05\/M10_M_Portraits_Buero_026-1-300x201.jpg 300w\" sizes=\"(max-width: 380px) 100vw, 380px\" \/><\/a><\/div><div class=\"cta-teaser__text\"><h3>Alle Jobs bei P&amp;C<\/h3><p>Bereit f\u00fcr Deinen n\u00e4chsten Karriereschritt? Wir bieten Dir viele M\u00f6glichkeiten. Finde Deinen Traumjob bei Peek&amp;Cloppenburg*.<\/p><a class=\"button button--primary\" href=\"https:\/\/www.peek-und-cloppenburg.de\/de\/karriere\/jobs\/stellenangebote\/\" target=\"_self\" rel=\"\" style=\"\">Zur Jobsuche<\/a><\/div><\/div>[\/vc_column_inner][\/vc_row_inner][\/vc_column][\/vc_row]<\/div>","protected":false},"excerpt":{"rendered":"[vc_row bwd_tbc4vd_show_weekday=&#8220;&#8220; full_width=&#8220;stretch_row_content_no_spaces&#8220;][vc_column][vc_column_text] Bei Peek&amp;Cloppenburg* geht es um Deine pers\u00f6nliche Entwicklung. Ob im Verkauf oder der Zentrale, ob Mitarbeiter:in oder F\u00fchrungskraft \u2013 bei unserem vielf\u00e4ltigen Angebot an Pr\u00e4senz- und Online-Trainings ist f\u00fcr jeden etwas dabei! [\/vc_column_text][vc_column_text] Unser Trainingsangebot Unsere Kund:innen wollen wir immer wieder \u00fcberraschen und begeistern. Vor allem \u00fcberzeugen wir in unseren Beratungsgespr\u00e4chen mit [&hellip;]","protected":false},"author":6,"featured_media":0,"parent":1556,"menu_order":0,"comment_status":"closed","ping_status":"closed","template":"","meta":{"_acf_changed":false,"inline_featured_image":false,"footnotes":""},"class_list":["post-1560","page","type-page","status-publish","hentry"],"acf":[],"yoast_head":"<!-- This site is optimized with the Yoast SEO plugin v27.2 - https:\/\/yoast.com\/product\/yoast-seo-wordpress\/ -->\n<title>Entwicklung | Peek&amp;Cloppenburg Hamburg<\/title>\n<meta name=\"description\" content=\"Lernen kommt nie aus der Mode! Mit unseren vielf\u00e4ltigen Trainings und Programmen machen wir Dich fit f\u00fcr Deine Zukunft bei P&amp;C Hamburg.\" \/>\n<meta name=\"robots\" content=\"index, follow, max-snippet:-1, max-image-preview:large, max-video-preview:-1\" \/>\n<link rel=\"canonical\" href=\"https:\/\/www.peek-und-cloppenburg.de\/de\/karriere\/wir\/entwicklung\/\" \/>\n<meta property=\"og:locale\" content=\"de_DE\" \/>\n<meta property=\"og:type\" content=\"article\" \/>\n<meta property=\"og:title\" content=\"Entwicklung | Peek&amp;Cloppenburg Hamburg\" \/>\n<meta property=\"og:description\" content=\"Lernen kommt nie aus der Mode! Mit unseren vielf\u00e4ltigen Trainings und Programmen machen wir Dich fit f\u00fcr Deine Zukunft bei P&amp;C Hamburg.\" \/>\n<meta property=\"og:url\" content=\"https:\/\/www.peek-und-cloppenburg.de\/de\/karriere\/wir\/entwicklung\/\" \/>\n<meta property=\"og:site_name\" content=\"Peek&amp;Cloppenburg Deutschland\" \/>\n<meta property=\"article:publisher\" content=\"https:\/\/de-de.facebook.com\/peekundcloppenburg\/\" \/>\n<meta property=\"article:modified_time\" content=\"2026-02-25T20:11:30+00:00\" \/>\n<meta name=\"twitter:card\" content=\"summary_large_image\" \/>\n<meta name=\"twitter:label1\" content=\"Gesch\u00e4tzte Lesezeit\" \/>\n\t<meta name=\"twitter:data1\" content=\"3\u00a0Minuten\" \/>\n<script type=\"application\/ld+json\" class=\"yoast-schema-graph\">{\"@context\":\"https:\/\/schema.org\",\"@graph\":[{\"@type\":\"WebPage\",\"@id\":\"https:\/\/www.peek-und-cloppenburg.de\/de\/karriere\/wir\/entwicklung\/\",\"url\":\"https:\/\/www.peek-und-cloppenburg.de\/de\/karriere\/wir\/entwicklung\/\",\"name\":\"Entwicklung | Peek&Cloppenburg Hamburg\",\"isPartOf\":{\"@id\":\"https:\/\/www.peek-und-cloppenburg.de\/de\/#website\"},\"datePublished\":\"2022-01-24T12:03:50+00:00\",\"dateModified\":\"2026-02-25T20:11:30+00:00\",\"description\":\"Lernen kommt nie aus der Mode! Mit unseren vielf\u00e4ltigen Trainings und Programmen machen wir Dich fit f\u00fcr Deine Zukunft bei P&C Hamburg.\",\"breadcrumb\":{\"@id\":\"https:\/\/www.peek-und-cloppenburg.de\/de\/karriere\/wir\/entwicklung\/#breadcrumb\"},\"inLanguage\":\"de\",\"potentialAction\":[{\"@type\":\"ReadAction\",\"target\":[\"https:\/\/www.peek-und-cloppenburg.de\/de\/karriere\/wir\/entwicklung\/\"]}]},{\"@type\":\"BreadcrumbList\",\"@id\":\"https:\/\/www.peek-und-cloppenburg.de\/de\/karriere\/wir\/entwicklung\/#breadcrumb\",\"itemListElement\":[{\"@type\":\"ListItem\",\"position\":1,\"name\":\"Startseite\",\"item\":\"https:\/\/www.peek-und-cloppenburg.de\/de\/\"},{\"@type\":\"ListItem\",\"position\":2,\"name\":\"Karriere\",\"item\":\"https:\/\/www.peek-und-cloppenburg.de\/de\/karriere\/\"},{\"@type\":\"ListItem\",\"position\":3,\"name\":\"Wir\",\"item\":\"https:\/\/www.peek-und-cloppenburg.de\/de\/karriere\/wir\/\"},{\"@type\":\"ListItem\",\"position\":4,\"name\":\"Entwicklung\"}]},{\"@type\":\"WebSite\",\"@id\":\"https:\/\/www.peek-und-cloppenburg.de\/de\/#website\",\"url\":\"https:\/\/www.peek-und-cloppenburg.de\/de\/\",\"name\":\"Peek&Cloppenburg KG Hamburg\",\"description\":\"Peek&amp;Cloppenburg KG Hamburg\",\"publisher\":{\"@id\":\"https:\/\/www.peek-und-cloppenburg.de\/de\/#organization\"},\"potentialAction\":[{\"@type\":\"SearchAction\",\"target\":{\"@type\":\"EntryPoint\",\"urlTemplate\":\"https:\/\/www.peek-und-cloppenburg.de\/de\/?s={search_term_string}\"},\"query-input\":{\"@type\":\"PropertyValueSpecification\",\"valueRequired\":true,\"valueName\":\"search_term_string\"}}],\"inLanguage\":\"de\"},{\"@type\":\"Organization\",\"@id\":\"https:\/\/www.peek-und-cloppenburg.de\/de\/#organization\",\"name\":\"Peek&Cloppenburg KG Hamburg\",\"url\":\"https:\/\/www.peek-und-cloppenburg.de\/de\/\",\"logo\":{\"@type\":\"ImageObject\",\"inLanguage\":\"de\",\"@id\":\"https:\/\/www.peek-und-cloppenburg.de\/de\/#\/schema\/logo\/image\/\",\"url\":\"https:\/\/www.peek-und-cloppenburg.de\/de\/wp-content\/uploads\/sites\/7\/2020\/02\/logo_pc.svg\",\"contentUrl\":\"https:\/\/www.peek-und-cloppenburg.de\/de\/wp-content\/uploads\/sites\/7\/2020\/02\/logo_pc.svg\",\"width\":\"1024\",\"height\":\"1024\",\"caption\":\"Peek&Cloppenburg KG Hamburg\"},\"image\":{\"@id\":\"https:\/\/www.peek-und-cloppenburg.de\/de\/#\/schema\/logo\/image\/\"},\"sameAs\":[\"https:\/\/de-de.facebook.com\/peekundcloppenburg\/\",\"https:\/\/www.instagram.com\/vangraaf_de\/\",\"https:\/\/www.youtube.com\/channel\/UCPdkk0FSUkdWYlzYtJpiUuw\",\"https:\/\/www.snapchat.com\/add\/Pundckarriere\"]}]}<\/script>\n<!-- \/ Yoast SEO plugin. -->","yoast_head_json":{"title":"Entwicklung | Peek&Cloppenburg Hamburg","description":"Lernen kommt nie aus der Mode! Mit unseren vielf\u00e4ltigen Trainings und Programmen machen wir Dich fit f\u00fcr Deine Zukunft bei P&C Hamburg.","robots":{"index":"index","follow":"follow","max-snippet":"max-snippet:-1","max-image-preview":"max-image-preview:large","max-video-preview":"max-video-preview:-1"},"canonical":"https:\/\/www.peek-und-cloppenburg.de\/de\/karriere\/wir\/entwicklung\/","og_locale":"de_DE","og_type":"article","og_title":"Entwicklung | Peek&Cloppenburg Hamburg","og_description":"Lernen kommt nie aus der Mode! Mit unseren vielf\u00e4ltigen Trainings und Programmen machen wir Dich fit f\u00fcr Deine Zukunft bei P&C Hamburg.","og_url":"https:\/\/www.peek-und-cloppenburg.de\/de\/karriere\/wir\/entwicklung\/","og_site_name":"Peek&amp;Cloppenburg Deutschland","article_publisher":"https:\/\/de-de.facebook.com\/peekundcloppenburg\/","article_modified_time":"2026-02-25T20:11:30+00:00","twitter_card":"summary_large_image","twitter_misc":{"Gesch\u00e4tzte Lesezeit":"3\u00a0Minuten"},"schema":{"@context":"https:\/\/schema.org","@graph":[{"@type":"WebPage","@id":"https:\/\/www.peek-und-cloppenburg.de\/de\/karriere\/wir\/entwicklung\/","url":"https:\/\/www.peek-und-cloppenburg.de\/de\/karriere\/wir\/entwicklung\/","name":"Entwicklung | Peek&Cloppenburg Hamburg","isPartOf":{"@id":"https:\/\/www.peek-und-cloppenburg.de\/de\/#website"},"datePublished":"2022-01-24T12:03:50+00:00","dateModified":"2026-02-25T20:11:30+00:00","description":"Lernen kommt nie aus der Mode! Mit unseren vielf\u00e4ltigen Trainings und Programmen machen wir Dich fit f\u00fcr Deine Zukunft bei P&C Hamburg.","breadcrumb":{"@id":"https:\/\/www.peek-und-cloppenburg.de\/de\/karriere\/wir\/entwicklung\/#breadcrumb"},"inLanguage":"de","potentialAction":[{"@type":"ReadAction","target":["https:\/\/www.peek-und-cloppenburg.de\/de\/karriere\/wir\/entwicklung\/"]}]},{"@type":"BreadcrumbList","@id":"https:\/\/www.peek-und-cloppenburg.de\/de\/karriere\/wir\/entwicklung\/#breadcrumb","itemListElement":[{"@type":"ListItem","position":1,"name":"Startseite","item":"https:\/\/www.peek-und-cloppenburg.de\/de\/"},{"@type":"ListItem","position":2,"name":"Karriere","item":"https:\/\/www.peek-und-cloppenburg.de\/de\/karriere\/"},{"@type":"ListItem","position":3,"name":"Wir","item":"https:\/\/www.peek-und-cloppenburg.de\/de\/karriere\/wir\/"},{"@type":"ListItem","position":4,"name":"Entwicklung"}]},{"@type":"WebSite","@id":"https:\/\/www.peek-und-cloppenburg.de\/de\/#website","url":"https:\/\/www.peek-und-cloppenburg.de\/de\/","name":"Peek&Cloppenburg KG Hamburg","description":"Peek&amp;Cloppenburg KG Hamburg","publisher":{"@id":"https:\/\/www.peek-und-cloppenburg.de\/de\/#organization"},"potentialAction":[{"@type":"SearchAction","target":{"@type":"EntryPoint","urlTemplate":"https:\/\/www.peek-und-cloppenburg.de\/de\/?s={search_term_string}"},"query-input":{"@type":"PropertyValueSpecification","valueRequired":true,"valueName":"search_term_string"}}],"inLanguage":"de"},{"@type":"Organization","@id":"https:\/\/www.peek-und-cloppenburg.de\/de\/#organization","name":"Peek&Cloppenburg KG Hamburg","url":"https:\/\/www.peek-und-cloppenburg.de\/de\/","logo":{"@type":"ImageObject","inLanguage":"de","@id":"https:\/\/www.peek-und-cloppenburg.de\/de\/#\/schema\/logo\/image\/","url":"https:\/\/www.peek-und-cloppenburg.de\/de\/wp-content\/uploads\/sites\/7\/2020\/02\/logo_pc.svg","contentUrl":"https:\/\/www.peek-und-cloppenburg.de\/de\/wp-content\/uploads\/sites\/7\/2020\/02\/logo_pc.svg","width":"1024","height":"1024","caption":"Peek&Cloppenburg KG Hamburg"},"image":{"@id":"https:\/\/www.peek-und-cloppenburg.de\/de\/#\/schema\/logo\/image\/"},"sameAs":["https:\/\/de-de.facebook.com\/peekundcloppenburg\/","https:\/\/www.instagram.com\/vangraaf_de\/","https:\/\/www.youtube.com\/channel\/UCPdkk0FSUkdWYlzYtJpiUuw","https:\/\/www.snapchat.com\/add\/Pundckarriere"]}]}},"_links":{"self":[{"href":"https:\/\/www.peek-und-cloppenburg.de\/de\/wp-json\/wp\/v2\/pages\/1560","targetHints":{"allow":["GET"]}}],"collection":[{"href":"https:\/\/www.peek-und-cloppenburg.de\/de\/wp-json\/wp\/v2\/pages"}],"about":[{"href":"https:\/\/www.peek-und-cloppenburg.de\/de\/wp-json\/wp\/v2\/types\/page"}],"author":[{"embeddable":true,"href":"https:\/\/www.peek-und-cloppenburg.de\/de\/wp-json\/wp\/v2\/users\/6"}],"replies":[{"embeddable":true,"href":"https:\/\/www.peek-und-cloppenburg.de\/de\/wp-json\/wp\/v2\/comments?post=1560"}],"version-history":[{"count":35,"href":"https:\/\/www.peek-und-cloppenburg.de\/de\/wp-json\/wp\/v2\/pages\/1560\/revisions"}],"predecessor-version":[{"id":12365,"href":"https:\/\/www.peek-und-cloppenburg.de\/de\/wp-json\/wp\/v2\/pages\/1560\/revisions\/12365"}],"up":[{"embeddable":true,"href":"https:\/\/www.peek-und-cloppenburg.de\/de\/wp-json\/wp\/v2\/pages\/1556"}],"wp:attachment":[{"href":"https:\/\/www.peek-und-cloppenburg.de\/de\/wp-json\/wp\/v2\/media?parent=1560"}],"curies":[{"name":"wp","href":"https:\/\/api.w.org\/{rel}","templated":true}]}}