{"id":1558,"date":"2022-01-24T13:03:29","date_gmt":"2022-01-24T12:03:29","guid":{"rendered":"https:\/\/www.peek-und-cloppenburg.de\/de\/?page_id=1558"},"modified":"2026-02-24T18:32:29","modified_gmt":"2026-02-24T17:32:29","slug":"miteinander","status":"publish","type":"page","link":"https:\/\/www.peek-und-cloppenburg.de\/de\/karriere\/wir\/miteinander\/","title":{"rendered":"Miteinander"},"content":{"rendered":"<div class=\"wpb-content-wrapper\">[vc_row bwd_tbc4vd_show_weekday=&#8220;&#8220; full_width=&#8220;stretch_row_content_no_spaces&#8220; row_spacing=&#8220;row_less_space&#8220;][vc_column]<div class=\"keyvisual\" data-aos=\"fade-up\" ><img loading=\"lazy\" decoding=\"async\" width=\"1440\" height=\"480\" src=\"https:\/\/www.peek-und-cloppenburg.de\/de\/wp-content\/uploads\/sites\/7\/2022\/02\/M7_D_Wir_Headerbild_Gruppe_030.jpg\" class=\"vc_single_image-img\" alt=\"Vier l\u00e4chelnde Personen stehen vor einem blauen Hintergrund, ihre Arme aufeinander gelegt.\" srcset=\"https:\/\/www.peek-und-cloppenburg.de\/de\/wp-content\/uploads\/sites\/7\/2022\/02\/M7_D_Wir_Headerbild_Gruppe_030.jpg 1440w, https:\/\/www.peek-und-cloppenburg.de\/de\/wp-content\/uploads\/sites\/7\/2022\/02\/M7_D_Wir_Headerbild_Gruppe_030-300x100.jpg 300w, https:\/\/www.peek-und-cloppenburg.de\/de\/wp-content\/uploads\/sites\/7\/2022\/02\/M7_D_Wir_Headerbild_Gruppe_030-1024x341.jpg 1024w, https:\/\/www.peek-und-cloppenburg.de\/de\/wp-content\/uploads\/sites\/7\/2022\/02\/M7_D_Wir_Headerbild_Gruppe_030-768x256.jpg 768w, https:\/\/www.peek-und-cloppenburg.de\/de\/wp-content\/uploads\/sites\/7\/2022\/02\/M7_D_Wir_Headerbild_Gruppe_030-1200x400.jpg 1200w, https:\/\/www.peek-und-cloppenburg.de\/de\/wp-content\/uploads\/sites\/7\/2022\/02\/M7_D_Wir_Headerbild_Gruppe_030-992x331.jpg 992w, https:\/\/www.peek-und-cloppenburg.de\/de\/wp-content\/uploads\/sites\/7\/2022\/02\/M7_D_Wir_Headerbild_Gruppe_030-480x160.jpg 480w, https:\/\/www.peek-und-cloppenburg.de\/de\/wp-content\/uploads\/sites\/7\/2022\/02\/M7_D_Wir_Headerbild_Gruppe_030-690x230.jpg 690w\" sizes=\"(max-width: 1440px) 100vw, 1440px\" \/><\/div>\n        <div class=\"headlines headlines--center\" data-aos=\"fade-up\">\n            <div class=\"vc_row\">\n                <div class=\"vc_col-md-10 vc_col-md-offset-1 vc_col-lg-10 vc_col-lg-offset-1\"><span class=\"h6\">Gemeinsam auf Erfolgskurs<\/span><h1 class=\"h2\">Aus Leidenschaft f\u00fcr Mode &amp; Menschen<\/h1><\/div>\n            <\/div>\n        <\/div>[vc_column_text]\r\n<p style=\"text-align: center\">Als Familienunternehmen liegt uns ein vertrauensvolles und wertsch\u00e4tzendes Miteinander besonders am Herzen. In unseren Grunds\u00e4tzen der Zusammenarbeit beschreiben wir gemeinsame Werte, die wir aktiv im Alltag leben. Durch unseren Zusammenhalt k\u00f6nnen wir uns und andere begeistern und erreichen gemeinsam unsere Ziele.<\/p>\r\n[\/vc_column_text][vc_column_text]\r\n<h3>Miteinander<\/h3>\r\n[\/vc_column_text][vc_tta_accordion collapsible_all=&#8220;true&#8220;][vc_tta_section title=&#8220;Erfolg durch Freude an Mode und Menschen&#8220; tab_id=&#8220;ModeundMenschen&#8220;][vc_column_text]\r\n<ul>\r\n \t<li>Uns verbindet die gemeinsame Leidenschaft f\u00fcr Mode und Menschen.<\/li>\r\n \t<li>Wir erreichen unsere Ziele mit Spa\u00df und Dynamik.<\/li>\r\n \t<li>Wir begeistern uns und andere.<\/li>\r\n<\/ul>\r\n[\/vc_column_text][\/vc_tta_section][vc_tta_section title=&#8220;Vertrauen zu Verantwortung&#8220; tab_id=&#8220;Verantwortung&#8220;][vc_column_text]\r\n<ul>\r\n \t<li>Wir setzen auf die Kompetenz und den Leistungswillen aller.<\/li>\r\n \t<li>Wir vertrauen unseren St\u00e4rken und \u00fcbernehmen Verantwortung.<\/li>\r\n \t<li>Wir z\u00e4hlen auf die Verantwortungsbereitschaft jeder:s Einzelnen und unterst\u00fctzen diese.<\/li>\r\n<\/ul>\r\n[\/vc_column_text][\/vc_tta_section][vc_tta_section title=&#8220;Einfacher, aber besser \u2013 jeden Tag&#8220; tab_id=&#8220;einfachbesser&#8220;][vc_column_text]\r\n<ul>\r\n \t<li>Wir konzentrieren uns auf das Wesentliche.<\/li>\r\n \t<li>Wir entscheiden im Sinne des Ganzen und nicht im Sinne des Einzelnen.<\/li>\r\n \t<li>Wir treffen klare Entscheidungen und setzen diese konsequent um.<\/li>\r\n<\/ul>\r\n[\/vc_column_text][\/vc_tta_section][\/vc_tta_accordion][\/vc_column][\/vc_row][vc_row][vc_column][vc_column_text]\r\n<h3>Unsere Feedbackkultur<\/h3>\r\nEine offene und konstruktive Feedbackkultur macht uns gemeinsam stark. Daher nehmen wir uns Zeit f\u00fcreinander: Neben dem regelm\u00e4\u00dfigen Feedback im Alltag f\u00f6rdern wir mit unserem <span data-teams=\"true\">unseren halbj\u00e4hrlichen Feedbackgespr\u00e4chen &#8222;One2One&#8220; <\/span>den Austausch zwischen Dir und Deiner F\u00fchrungskraft. Dieser Dialog schafft gezielt Raum f\u00fcr Anerkennung und gegenseitiges Feedback. Ferner erh\u00e4ltst Du R\u00fcckmeldung zu Deinen fachlichen und pers\u00f6nlichen Kompetenzen. So k\u00f6nnen beide Seiten das Feedbackgespr\u00e4ch nutzen, um voneinander zu lernen, W\u00fcnsche zu kommunizieren und Perspektiven aufzuzeigen.[\/vc_column_text][vc_column_text]\r\n<h3>Unser F\u00fchrungsverst\u00e4ndnis<\/h3>\r\nF\u00fchrung ist nur dann \u00fcberzeugend, wenn sie authentisch ist. Hierf\u00fcr geben wir Dir als F\u00fchrungskraft mit unserem F\u00fchrungsverst\u00e4ndnis \u201eHIGH FIVE\u201c eine Orientierung und schaffen gleichzeitig den Raum, Deine Pers\u00f6nlichkeit und Erfahrungen einzubringen. Du lernst, Dich selbst zu reflektieren und Deine pers\u00f6nliche F\u00fchrungskompetenz weiterzuentwickeln. F\u00fcr Dich als Mitarbeiter:in erm\u00f6glicht dies eine Zusammenarbeit, in der Du Dich entfalten und Deine St\u00e4rken einbringen kannst. Bei Peek&amp;Cloppenburg* gestalten wir F\u00fchrung gemeinsam: Authentisch. Individuell. Zukunftsorientiert.[\/vc_column_text][\/vc_column][\/vc_row][vc_row bwd_tbc4vd_show_weekday=&#8220;&#8220; full_width=&#8220;stretch_row_content_no_spaces&#8220;][vc_column]\n        <div class=\"headlines headlines--center\" data-aos=\"fade-up\">\n            <div class=\"vc_row\">\n                <div class=\"vc_col-md-10 vc_col-md-offset-1 vc_col-lg-10 vc_col-lg-offset-1\"><h2 class=\"h2\">Mehr \u00fcber Peek&amp;Cloppenburg*<\/h2><\/div>\n            <\/div>\n        <\/div>[vc_row_inner bwd_tbc4vd_show_weekday=&#8220;&#8220; row_design=&#8220;row_square_background&#8220;][vc_column_inner width=&#8220;1\/3&#8243;]<div class=\"vg-element cta-teaser cta-teaser--center\" data-aos=\"fade-up\"><div class=\"cta-teaser__image\"><a class=\"\" href=\"https:\/\/www.peek-und-cloppenburg.de\/de\/karriere\/wir\/entwicklung\/\" target=\"_self\" rel=\"\" style=\"\"><img loading=\"lazy\" decoding=\"async\" width=\"380\" height=\"254\" src=\"https:\/\/www.peek-und-cloppenburg.de\/de\/wp-content\/uploads\/sites\/7\/2022\/02\/M12_A_GRUPPE_PORTRAIT_TRAINER_005-2.jpg\" class=\"vc_single_image-img attachment-full\" alt=\"Zwei l\u00e4chelnde Frauen umarmen sich vor einem dunkelblauen Hintergrund.\" title=\"Entwicklung Peek und Cloppenburg Hamburg\" srcset=\"https:\/\/www.peek-und-cloppenburg.de\/de\/wp-content\/uploads\/sites\/7\/2022\/02\/M12_A_GRUPPE_PORTRAIT_TRAINER_005-2.jpg 380w, https:\/\/www.peek-und-cloppenburg.de\/de\/wp-content\/uploads\/sites\/7\/2022\/02\/M12_A_GRUPPE_PORTRAIT_TRAINER_005-2-300x201.jpg 300w\" sizes=\"(max-width: 380px) 100vw, 380px\" \/><\/a><\/div><div class=\"cta-teaser__text\"><h3>Entwicklung<\/h3><p>Lernen kommt nie aus der Mode! Mit vielen Trainings und Programmen machen wir Dich fit f\u00fcr Deine Zukunft.<\/p><a class=\"button\" href=\"https:\/\/www.peek-und-cloppenburg.de\/de\/karriere\/wir\/entwicklung\/\" target=\"_self\" rel=\"\" style=\"\">Karriere machen<\/a><\/div><\/div>[\/vc_column_inner][vc_column_inner width=&#8220;1\/3&#8243;]<div class=\"vg-element cta-teaser cta-teaser--center\" data-aos=\"fade-up\"><div class=\"cta-teaser__image\"><a class=\"\" href=\"https:\/\/www.peek-und-cloppenburg.de\/de\/karriere\/wir\/unternehmen\/\" target=\"_self\" rel=\"\" style=\"\"><img loading=\"lazy\" decoding=\"async\" width=\"380\" height=\"254\" src=\"https:\/\/www.peek-und-cloppenburg.de\/de\/wp-content\/uploads\/sites\/7\/2022\/02\/DasUnternehmen.jpg\" class=\"vc_single_image-img attachment-full\" alt=\"Ein Schaufenster mit dem Schriftzug &quot;Peek &amp; Cloppenburg&quot; sowie &quot;VANGRAAF.COM&quot; und einer Schaufensterpuppe im Vordergrund.\" title=\"Unternehmen Peek und Cloppenburg Hamburg\" srcset=\"https:\/\/www.peek-und-cloppenburg.de\/de\/wp-content\/uploads\/sites\/7\/2022\/02\/DasUnternehmen.jpg 380w, https:\/\/www.peek-und-cloppenburg.de\/de\/wp-content\/uploads\/sites\/7\/2022\/02\/DasUnternehmen-300x201.jpg 300w\" sizes=\"(max-width: 380px) 100vw, 380px\" \/><\/a><\/div><div class=\"cta-teaser__text\"><h3>Das Unternehmen<\/h3><p>Wir sind Peek&amp;Cloppenburg* und VAN GRAAF. Erfahre mehr \u00fcber unser internationales Retailkonzept.<\/p><a class=\"button\" href=\"https:\/\/www.peek-und-cloppenburg.de\/de\/karriere\/wir\/unternehmen\/\" target=\"_self\" rel=\"\" style=\"\">Zum Unternehmen<\/a><\/div><\/div>[\/vc_column_inner][vc_column_inner width=&#8220;1\/3&#8243;]<div class=\"vg-element cta-teaser cta-teaser--center\" data-aos=\"fade-up\"><div class=\"cta-teaser__image\"><a class=\"\" href=\"https:\/\/www.peek-und-cloppenburg.de\/de\/karriere\/jobs\/stellenangebote\/\" target=\"_self\" rel=\"\" style=\"\"><img loading=\"lazy\" decoding=\"async\" width=\"380\" height=\"254\" src=\"https:\/\/www.peek-und-cloppenburg.de\/de\/wp-content\/uploads\/sites\/7\/2021\/05\/M10_M_Portraits_Buero_026-1.jpg\" class=\"vc_single_image-img attachment-full\" alt=\"Gruppe von sechs l\u00e4chelnden Personen, nebeneinander stehend vor blauem Hintergrund.\" title=\"Karriere Peek und Cloppenburg Hamburg\" srcset=\"https:\/\/www.peek-und-cloppenburg.de\/de\/wp-content\/uploads\/sites\/7\/2021\/05\/M10_M_Portraits_Buero_026-1.jpg 380w, https:\/\/www.peek-und-cloppenburg.de\/de\/wp-content\/uploads\/sites\/7\/2021\/05\/M10_M_Portraits_Buero_026-1-300x201.jpg 300w\" sizes=\"(max-width: 380px) 100vw, 380px\" \/><\/a><\/div><div class=\"cta-teaser__text\"><h3>Alle Jobs bei P&amp;C*<\/h3><p>Bereit f\u00fcr Deinen n\u00e4chsten Karriereschritt? Finde Deinen Traumjob bei Peek&amp;Cloppenburg*.<\/p><a class=\"button button--primary\" href=\"https:\/\/www.peek-und-cloppenburg.de\/de\/karriere\/jobs\/stellenangebote\/\" target=\"_self\" rel=\"\" style=\"\">Zur Jobsuche<\/a><\/div><\/div>[\/vc_column_inner][\/vc_row_inner][\/vc_column][\/vc_row]<\/div>","protected":false},"excerpt":{"rendered":"[vc_row bwd_tbc4vd_show_weekday=&#8220;&#8220; full_width=&#8220;stretch_row_content_no_spaces&#8220; row_spacing=&#8220;row_less_space&#8220;][vc_column][vc_column_text] Als Familienunternehmen liegt uns ein vertrauensvolles und wertsch\u00e4tzendes Miteinander besonders am Herzen. In unseren Grunds\u00e4tzen der Zusammenarbeit beschreiben wir gemeinsame Werte, die wir aktiv im Alltag leben. Durch unseren Zusammenhalt k\u00f6nnen wir uns und andere begeistern und erreichen gemeinsam unsere Ziele. [\/vc_column_text][vc_column_text] Miteinander [\/vc_column_text][vc_tta_accordion collapsible_all=&#8220;true&#8220;][vc_tta_section title=&#8220;Erfolg durch Freude an Mode und [&hellip;]","protected":false},"author":6,"featured_media":0,"parent":1556,"menu_order":0,"comment_status":"closed","ping_status":"closed","template":"","meta":{"_acf_changed":false,"inline_featured_image":false,"footnotes":""},"class_list":["post-1558","page","type-page","status-publish","hentry"],"acf":[],"yoast_head":"<!-- This site is optimized with the Yoast SEO plugin v27.2 - https:\/\/yoast.com\/product\/yoast-seo-wordpress\/ -->\n<title>Miteinander I Peek&amp;Cloppenburg Hamburg<\/title>\n<meta name=\"description\" content=\"Lerne unsere Unternehmenskultur und unserem Miteinander mit F\u00fchrungsverst\u00e4ndnis und Feedbackkultur kennen und bewirb Dich noch heute!\" \/>\n<meta name=\"robots\" content=\"index, follow, max-snippet:-1, max-image-preview:large, max-video-preview:-1\" \/>\n<link rel=\"canonical\" href=\"https:\/\/www.peek-und-cloppenburg.de\/de\/karriere\/wir\/miteinander\/\" \/>\n<meta property=\"og:locale\" content=\"de_DE\" \/>\n<meta property=\"og:type\" content=\"article\" \/>\n<meta property=\"og:title\" content=\"Miteinander I Peek&amp;Cloppenburg Hamburg\" \/>\n<meta property=\"og:description\" content=\"Lerne unsere Unternehmenskultur und unserem Miteinander mit F\u00fchrungsverst\u00e4ndnis und Feedbackkultur kennen und bewirb Dich noch heute!\" \/>\n<meta property=\"og:url\" content=\"https:\/\/www.peek-und-cloppenburg.de\/de\/karriere\/wir\/miteinander\/\" \/>\n<meta property=\"og:site_name\" content=\"Peek&amp;Cloppenburg Deutschland\" \/>\n<meta property=\"article:publisher\" content=\"https:\/\/de-de.facebook.com\/peekundcloppenburg\/\" \/>\n<meta property=\"article:modified_time\" content=\"2026-02-24T17:32:29+00:00\" \/>\n<meta name=\"twitter:card\" content=\"summary_large_image\" \/>\n<meta name=\"twitter:label1\" content=\"Gesch\u00e4tzte Lesezeit\" \/>\n\t<meta name=\"twitter:data1\" content=\"3\u00a0Minuten\" \/>\n<script type=\"application\/ld+json\" class=\"yoast-schema-graph\">{\"@context\":\"https:\/\/schema.org\",\"@graph\":[{\"@type\":\"WebPage\",\"@id\":\"https:\/\/www.peek-und-cloppenburg.de\/de\/karriere\/wir\/miteinander\/\",\"url\":\"https:\/\/www.peek-und-cloppenburg.de\/de\/karriere\/wir\/miteinander\/\",\"name\":\"Miteinander I Peek&Cloppenburg Hamburg\",\"isPartOf\":{\"@id\":\"https:\/\/www.peek-und-cloppenburg.de\/de\/#website\"},\"datePublished\":\"2022-01-24T12:03:29+00:00\",\"dateModified\":\"2026-02-24T17:32:29+00:00\",\"description\":\"Lerne unsere Unternehmenskultur und unserem Miteinander mit F\u00fchrungsverst\u00e4ndnis und Feedbackkultur kennen und bewirb Dich noch heute!\",\"breadcrumb\":{\"@id\":\"https:\/\/www.peek-und-cloppenburg.de\/de\/karriere\/wir\/miteinander\/#breadcrumb\"},\"inLanguage\":\"de\",\"potentialAction\":[{\"@type\":\"ReadAction\",\"target\":[\"https:\/\/www.peek-und-cloppenburg.de\/de\/karriere\/wir\/miteinander\/\"]}]},{\"@type\":\"BreadcrumbList\",\"@id\":\"https:\/\/www.peek-und-cloppenburg.de\/de\/karriere\/wir\/miteinander\/#breadcrumb\",\"itemListElement\":[{\"@type\":\"ListItem\",\"position\":1,\"name\":\"Startseite\",\"item\":\"https:\/\/www.peek-und-cloppenburg.de\/de\/\"},{\"@type\":\"ListItem\",\"position\":2,\"name\":\"Karriere\",\"item\":\"https:\/\/www.peek-und-cloppenburg.de\/de\/karriere\/\"},{\"@type\":\"ListItem\",\"position\":3,\"name\":\"Wir\",\"item\":\"https:\/\/www.peek-und-cloppenburg.de\/de\/karriere\/wir\/\"},{\"@type\":\"ListItem\",\"position\":4,\"name\":\"Miteinander\"}]},{\"@type\":\"WebSite\",\"@id\":\"https:\/\/www.peek-und-cloppenburg.de\/de\/#website\",\"url\":\"https:\/\/www.peek-und-cloppenburg.de\/de\/\",\"name\":\"Peek&Cloppenburg KG Hamburg\",\"description\":\"Peek&amp;Cloppenburg KG Hamburg\",\"publisher\":{\"@id\":\"https:\/\/www.peek-und-cloppenburg.de\/de\/#organization\"},\"potentialAction\":[{\"@type\":\"SearchAction\",\"target\":{\"@type\":\"EntryPoint\",\"urlTemplate\":\"https:\/\/www.peek-und-cloppenburg.de\/de\/?s={search_term_string}\"},\"query-input\":{\"@type\":\"PropertyValueSpecification\",\"valueRequired\":true,\"valueName\":\"search_term_string\"}}],\"inLanguage\":\"de\"},{\"@type\":\"Organization\",\"@id\":\"https:\/\/www.peek-und-cloppenburg.de\/de\/#organization\",\"name\":\"Peek&Cloppenburg KG Hamburg\",\"url\":\"https:\/\/www.peek-und-cloppenburg.de\/de\/\",\"logo\":{\"@type\":\"ImageObject\",\"inLanguage\":\"de\",\"@id\":\"https:\/\/www.peek-und-cloppenburg.de\/de\/#\/schema\/logo\/image\/\",\"url\":\"https:\/\/www.peek-und-cloppenburg.de\/de\/wp-content\/uploads\/sites\/7\/2020\/02\/logo_pc.svg\",\"contentUrl\":\"https:\/\/www.peek-und-cloppenburg.de\/de\/wp-content\/uploads\/sites\/7\/2020\/02\/logo_pc.svg\",\"width\":\"1024\",\"height\":\"1024\",\"caption\":\"Peek&Cloppenburg KG Hamburg\"},\"image\":{\"@id\":\"https:\/\/www.peek-und-cloppenburg.de\/de\/#\/schema\/logo\/image\/\"},\"sameAs\":[\"https:\/\/de-de.facebook.com\/peekundcloppenburg\/\",\"https:\/\/www.instagram.com\/vangraaf_de\/\",\"https:\/\/www.youtube.com\/channel\/UCPdkk0FSUkdWYlzYtJpiUuw\",\"https:\/\/www.snapchat.com\/add\/Pundckarriere\"]}]}<\/script>\n<!-- \/ Yoast SEO plugin. -->","yoast_head_json":{"title":"Miteinander I Peek&Cloppenburg Hamburg","description":"Lerne unsere Unternehmenskultur und unserem Miteinander mit F\u00fchrungsverst\u00e4ndnis und Feedbackkultur kennen und bewirb Dich noch heute!","robots":{"index":"index","follow":"follow","max-snippet":"max-snippet:-1","max-image-preview":"max-image-preview:large","max-video-preview":"max-video-preview:-1"},"canonical":"https:\/\/www.peek-und-cloppenburg.de\/de\/karriere\/wir\/miteinander\/","og_locale":"de_DE","og_type":"article","og_title":"Miteinander I Peek&Cloppenburg Hamburg","og_description":"Lerne unsere Unternehmenskultur und unserem Miteinander mit F\u00fchrungsverst\u00e4ndnis und Feedbackkultur kennen und bewirb Dich noch heute!","og_url":"https:\/\/www.peek-und-cloppenburg.de\/de\/karriere\/wir\/miteinander\/","og_site_name":"Peek&amp;Cloppenburg Deutschland","article_publisher":"https:\/\/de-de.facebook.com\/peekundcloppenburg\/","article_modified_time":"2026-02-24T17:32:29+00:00","twitter_card":"summary_large_image","twitter_misc":{"Gesch\u00e4tzte Lesezeit":"3\u00a0Minuten"},"schema":{"@context":"https:\/\/schema.org","@graph":[{"@type":"WebPage","@id":"https:\/\/www.peek-und-cloppenburg.de\/de\/karriere\/wir\/miteinander\/","url":"https:\/\/www.peek-und-cloppenburg.de\/de\/karriere\/wir\/miteinander\/","name":"Miteinander I Peek&Cloppenburg Hamburg","isPartOf":{"@id":"https:\/\/www.peek-und-cloppenburg.de\/de\/#website"},"datePublished":"2022-01-24T12:03:29+00:00","dateModified":"2026-02-24T17:32:29+00:00","description":"Lerne unsere Unternehmenskultur und unserem Miteinander mit F\u00fchrungsverst\u00e4ndnis und Feedbackkultur kennen und bewirb Dich noch heute!","breadcrumb":{"@id":"https:\/\/www.peek-und-cloppenburg.de\/de\/karriere\/wir\/miteinander\/#breadcrumb"},"inLanguage":"de","potentialAction":[{"@type":"ReadAction","target":["https:\/\/www.peek-und-cloppenburg.de\/de\/karriere\/wir\/miteinander\/"]}]},{"@type":"BreadcrumbList","@id":"https:\/\/www.peek-und-cloppenburg.de\/de\/karriere\/wir\/miteinander\/#breadcrumb","itemListElement":[{"@type":"ListItem","position":1,"name":"Startseite","item":"https:\/\/www.peek-und-cloppenburg.de\/de\/"},{"@type":"ListItem","position":2,"name":"Karriere","item":"https:\/\/www.peek-und-cloppenburg.de\/de\/karriere\/"},{"@type":"ListItem","position":3,"name":"Wir","item":"https:\/\/www.peek-und-cloppenburg.de\/de\/karriere\/wir\/"},{"@type":"ListItem","position":4,"name":"Miteinander"}]},{"@type":"WebSite","@id":"https:\/\/www.peek-und-cloppenburg.de\/de\/#website","url":"https:\/\/www.peek-und-cloppenburg.de\/de\/","name":"Peek&Cloppenburg KG Hamburg","description":"Peek&amp;Cloppenburg KG Hamburg","publisher":{"@id":"https:\/\/www.peek-und-cloppenburg.de\/de\/#organization"},"potentialAction":[{"@type":"SearchAction","target":{"@type":"EntryPoint","urlTemplate":"https:\/\/www.peek-und-cloppenburg.de\/de\/?s={search_term_string}"},"query-input":{"@type":"PropertyValueSpecification","valueRequired":true,"valueName":"search_term_string"}}],"inLanguage":"de"},{"@type":"Organization","@id":"https:\/\/www.peek-und-cloppenburg.de\/de\/#organization","name":"Peek&Cloppenburg KG Hamburg","url":"https:\/\/www.peek-und-cloppenburg.de\/de\/","logo":{"@type":"ImageObject","inLanguage":"de","@id":"https:\/\/www.peek-und-cloppenburg.de\/de\/#\/schema\/logo\/image\/","url":"https:\/\/www.peek-und-cloppenburg.de\/de\/wp-content\/uploads\/sites\/7\/2020\/02\/logo_pc.svg","contentUrl":"https:\/\/www.peek-und-cloppenburg.de\/de\/wp-content\/uploads\/sites\/7\/2020\/02\/logo_pc.svg","width":"1024","height":"1024","caption":"Peek&Cloppenburg KG Hamburg"},"image":{"@id":"https:\/\/www.peek-und-cloppenburg.de\/de\/#\/schema\/logo\/image\/"},"sameAs":["https:\/\/de-de.facebook.com\/peekundcloppenburg\/","https:\/\/www.instagram.com\/vangraaf_de\/","https:\/\/www.youtube.com\/channel\/UCPdkk0FSUkdWYlzYtJpiUuw","https:\/\/www.snapchat.com\/add\/Pundckarriere"]}]}},"_links":{"self":[{"href":"https:\/\/www.peek-und-cloppenburg.de\/de\/wp-json\/wp\/v2\/pages\/1558","targetHints":{"allow":["GET"]}}],"collection":[{"href":"https:\/\/www.peek-und-cloppenburg.de\/de\/wp-json\/wp\/v2\/pages"}],"about":[{"href":"https:\/\/www.peek-und-cloppenburg.de\/de\/wp-json\/wp\/v2\/types\/page"}],"author":[{"embeddable":true,"href":"https:\/\/www.peek-und-cloppenburg.de\/de\/wp-json\/wp\/v2\/users\/6"}],"replies":[{"embeddable":true,"href":"https:\/\/www.peek-und-cloppenburg.de\/de\/wp-json\/wp\/v2\/comments?post=1558"}],"version-history":[{"count":51,"href":"https:\/\/www.peek-und-cloppenburg.de\/de\/wp-json\/wp\/v2\/pages\/1558\/revisions"}],"predecessor-version":[{"id":12355,"href":"https:\/\/www.peek-und-cloppenburg.de\/de\/wp-json\/wp\/v2\/pages\/1558\/revisions\/12355"}],"up":[{"embeddable":true,"href":"https:\/\/www.peek-und-cloppenburg.de\/de\/wp-json\/wp\/v2\/pages\/1556"}],"wp:attachment":[{"href":"https:\/\/www.peek-und-cloppenburg.de\/de\/wp-json\/wp\/v2\/media?parent=1558"}],"curies":[{"name":"wp","href":"https:\/\/api.w.org\/{rel}","templated":true}]}}