{"id":1554,"date":"2022-01-24T13:02:21","date_gmt":"2022-01-24T12:02:21","guid":{"rendered":"https:\/\/www.peek-und-cloppenburg.de\/de\/?page_id=1554"},"modified":"2025-10-23T15:18:33","modified_gmt":"2025-10-23T13:18:33","slug":"bewerbungsoutfits","status":"publish","type":"page","link":"https:\/\/www.peek-und-cloppenburg.de\/de\/karriere\/richtig-bewerben\/bewerbungsoutfits\/","title":{"rendered":"Bewerbungsoutfits"},"content":{"rendered":"<div class=\"wpb-content-wrapper\">[vc_row bwd_tbc4vd_show_weekday=&#8220;&#8220; full_width=&#8220;stretch_row_content_no_spaces&#8220;][vc_column]<div class=\"keyvisual\" data-aos=\"fade-up\" ><img loading=\"lazy\" decoding=\"async\" width=\"1440\" height=\"480\" src=\"https:\/\/www.peek-und-cloppenburg.de\/de\/wp-content\/uploads\/sites\/7\/2022\/02\/M2_B_Azubis_im_Verkauf_010.jpg\" class=\"vc_single_image-img keyvisual__image--big\" alt=\"Eine Frau richtet einem Mann die Krawatte in einem Bekleidungsgesch\u00e4ft. Beide l\u00e4cheln. Im Hintergrund ist eine Schaufensterpuppe zu sehen.\" srcset=\"https:\/\/www.peek-und-cloppenburg.de\/de\/wp-content\/uploads\/sites\/7\/2022\/02\/M2_B_Azubis_im_Verkauf_010.jpg 1440w, https:\/\/www.peek-und-cloppenburg.de\/de\/wp-content\/uploads\/sites\/7\/2022\/02\/M2_B_Azubis_im_Verkauf_010-300x100.jpg 300w, https:\/\/www.peek-und-cloppenburg.de\/de\/wp-content\/uploads\/sites\/7\/2022\/02\/M2_B_Azubis_im_Verkauf_010-1024x341.jpg 1024w, https:\/\/www.peek-und-cloppenburg.de\/de\/wp-content\/uploads\/sites\/7\/2022\/02\/M2_B_Azubis_im_Verkauf_010-768x256.jpg 768w, https:\/\/www.peek-und-cloppenburg.de\/de\/wp-content\/uploads\/sites\/7\/2022\/02\/M2_B_Azubis_im_Verkauf_010-1200x400.jpg 1200w, https:\/\/www.peek-und-cloppenburg.de\/de\/wp-content\/uploads\/sites\/7\/2022\/02\/M2_B_Azubis_im_Verkauf_010-992x331.jpg 992w, https:\/\/www.peek-und-cloppenburg.de\/de\/wp-content\/uploads\/sites\/7\/2022\/02\/M2_B_Azubis_im_Verkauf_010-480x160.jpg 480w, https:\/\/www.peek-und-cloppenburg.de\/de\/wp-content\/uploads\/sites\/7\/2022\/02\/M2_B_Azubis_im_Verkauf_010-690x230.jpg 690w\" sizes=\"(max-width: 1440px) 100vw, 1440px\" \/><img loading=\"lazy\" decoding=\"async\" width=\"768\" height=\"250\" src=\"https:\/\/www.peek-und-cloppenburg.de\/de\/wp-content\/uploads\/sites\/7\/2022\/02\/M2_B_Azubis_im_Verkauf_010_mobil.jpg\" class=\"vc_single_image-img keyvisual__image--small\" alt=\"Eine Frau richtet einem Mann die Krawatte in einem Bekleidungsgesch\u00e4ft. Beide l\u00e4cheln. Im Hintergrund ist eine Schaufensterpuppe zu sehen.\" srcset=\"https:\/\/www.peek-und-cloppenburg.de\/de\/wp-content\/uploads\/sites\/7\/2022\/02\/M2_B_Azubis_im_Verkauf_010_mobil.jpg 768w, https:\/\/www.peek-und-cloppenburg.de\/de\/wp-content\/uploads\/sites\/7\/2022\/02\/M2_B_Azubis_im_Verkauf_010_mobil-300x98.jpg 300w, https:\/\/www.peek-und-cloppenburg.de\/de\/wp-content\/uploads\/sites\/7\/2022\/02\/M2_B_Azubis_im_Verkauf_010_mobil-480x156.jpg 480w, https:\/\/www.peek-und-cloppenburg.de\/de\/wp-content\/uploads\/sites\/7\/2022\/02\/M2_B_Azubis_im_Verkauf_010_mobil-690x225.jpg 690w\" sizes=\"(max-width: 768px) 100vw, 768px\" \/><\/div>\n        <div class=\"headlines headlines--center\" data-aos=\"fade-up\">\n            <div class=\"vc_row\">\n                <div class=\"vc_col-md-10 vc_col-md-offset-1 vc_col-lg-10 vc_col-lg-offset-1\"><span class=\"h6\">Tipps f\u00fcr Dein perfektes Bewerbungsoutfit<\/span><h1 class=\"h2\">Bewerbungsoutfits<\/h1><\/div>\n            <\/div>\n        <\/div>[vc_column_text]\r\n<p style=\"text-align: center\">Mit Deinem passendem Bewerbungsoutfit \u00fcberzeugst Du sowohl im pers\u00f6nlichen als auch im virtuellen Gespr\u00e4ch. Wie seri\u00f6s oder stylish Dein Outfit sein sollte, h\u00e4ngt von der Branche und dem sp\u00e4teren Arbeitgeber ab. Du hast Dich f\u00fcr einen Job in der Fashion Branche beworben? Dann kannst Du mit einem lockeren, aber modebewussten Outfit punkten. In traditionellen Fashion-Branche wie Banken oder Versicherungen sind in der Regel\r\nklassische und seri\u00f6se Outfits gefragt.<\/p>\r\n[\/vc_column_text][\/vc_column][\/vc_row][vc_row][vc_column][vc_column_text]\r\n<h3>Die besten Styling Tipps<\/h3>\r\nInformiere Dich \u00fcber den g\u00e4ngigen Dresscode der Branche. Ein Besuch auf der Karriereseite und den sozialen Netzwerken des Unternehmens kann zus\u00e4tzlich Aufschluss geben, wie das Unternehmen beim Thema Dresscode tickt. Auch Deine zuk\u00fcnftige Position kann eine Rolle bei der Wahl des passenden Dresscodes spielen. Wenn sp\u00e4ter im Job viel Kundenkontakt gefragt ist oder Du F\u00fchrungsverantwortung \u00fcbernehmen wirst, darf Dein Outfit klassischer sein. Setze innerhalb des Dresscodes auf Kleidungsst\u00fccke, in denen Du Dich wohl und sicher f\u00fchlst. Dann strahlst Du auch im Gespr\u00e4ch Selbstbewusstsein und Authentizit\u00e4t aus.[\/vc_column_text][vc_row_inner][vc_column_inner]<div class=\"vg-element image-text-teaser image-text-teaser--left image-text-teaser--dark\" style=\"--season-color: #ffffff\" data-aos=\"fade-up\"><div class=\"vc_row vc_row-flex\"><div class=\"image-text-teaser__image hide-for-sm-only vc_col-sm-12 vc_col-md-4\"><img loading=\"lazy\" decoding=\"async\" width=\"599\" height=\"549\" src=\"https:\/\/www.peek-und-cloppenburg.de\/de\/wp-content\/uploads\/sites\/7\/2022\/03\/Man_Business_Favorit.jpg\" class=\"vc_single_image-img\" alt=\"Ein eleganter Herrenanzug bestehend aus einem dunkelblauen Sakko, einer passenden Hose, einem wei\u00dfen Hemd, einer dunkelblauen Krawatte, einem braunen G\u00fcrtel und braunen Lederschuhen vor einem wei\u00dfen Hintergrund.\" srcset=\"https:\/\/www.peek-und-cloppenburg.de\/de\/wp-content\/uploads\/sites\/7\/2022\/03\/Man_Business_Favorit.jpg 599w, https:\/\/www.peek-und-cloppenburg.de\/de\/wp-content\/uploads\/sites\/7\/2022\/03\/Man_Business_Favorit-300x275.jpg 300w, https:\/\/www.peek-und-cloppenburg.de\/de\/wp-content\/uploads\/sites\/7\/2022\/03\/Man_Business_Favorit-480x440.jpg 480w\" sizes=\"(max-width: 599px) 100vw, 599px\" \/><\/div><div class=\"vc_col-sm-12 vc_col-md-8\"><div class=\"image-text-teaser__content-wrapper\"><div class=\"image-text-teaser__content\"><h3>Dresscode Business Attire: klassisch &amp; seri\u00f6s<\/h3><p>In Deinem gew\u00fcnschten Job ist ein seri\u00f6ser und klassischer Dresscode gefragt? Dann liegst Du mit einem konventionellen aber modernen Bewerbungsoutfit genau richtig. F\u00fcr Frauen eignen sich beispielsweise ein schlichtes Kost\u00fcm, ein schickes <a href=\"https:\/\/www.vangraaf.com\/de\/cat\/201001009\/businesskleider\/\" target=\"_blank\" rel=\"noopener\"><u>Businesskleid<\/u><\/a> oder ein Hosenanzug mit Bluse. M\u00e4nner greifen zu einem <a href=\"https:\/\/www.vangraaf.com\/de\/cat\/101007001\/business-anzuege\/\" target=\"_blank\" rel=\"noopener\"><u>klassischen Anzug<\/u><\/a> mit einem lang\u00e4rmligen Hemd und Krawatte.<\/p>\n<\/div><\/div><\/div><\/div><\/div>[\/vc_column_inner][\/vc_row_inner][vc_row_inner][vc_column_inner]<div class=\"vg-element image-text-teaser image-text-teaser--right image-text-teaser--dark\" style=\"--season-color: #ffffff\" data-aos=\"fade-up\"><div class=\"vc_row vc_row-flex\"><div class=\"image-text-teaser__image hide-for-sm-only vc_col-sm-12 vc_col-sm-push-8 vc_col-md-4 vc_col-md-push-8\"><img loading=\"lazy\" decoding=\"async\" width=\"599\" height=\"549\" src=\"https:\/\/www.peek-und-cloppenburg.de\/de\/wp-content\/uploads\/sites\/7\/2022\/03\/Female_Smart-Casual_Favorit.jpg\" class=\"vc_single_image-img\" alt=\"Ein roter Strickpullunder, eine wei\u00dfe Bluse mit G\u00fcrtel, schwarze Hosen und wei\u00dfe Sneaker auf einem wei\u00dfen Hintergrund.\" srcset=\"https:\/\/www.peek-und-cloppenburg.de\/de\/wp-content\/uploads\/sites\/7\/2022\/03\/Female_Smart-Casual_Favorit.jpg 599w, https:\/\/www.peek-und-cloppenburg.de\/de\/wp-content\/uploads\/sites\/7\/2022\/03\/Female_Smart-Casual_Favorit-300x275.jpg 300w, https:\/\/www.peek-und-cloppenburg.de\/de\/wp-content\/uploads\/sites\/7\/2022\/03\/Female_Smart-Casual_Favorit-480x440.jpg 480w\" sizes=\"(max-width: 599px) 100vw, 599px\" \/><\/div><div class=\"vc_col-sm-12 vc_col-sm-pull-0 vc_col-md-8 vc_col-md-pull-4\"><div class=\"image-text-teaser__content-wrapper\"><div class=\"image-text-teaser__content\"><h3>Dresscode Business Casual &amp; Smart Casual<\/h3><p>Im Handel, Handwerk und IT-Umfeld darf es in der Regel lockerer sein. Zwischen leichter Eleganz und Sportlichkeit ist viel erlaubt. Hier punktest Du mit einem jungen und frischen Outfit. Als Mann kannst Du auf einen gepflegten Look aus einem sportlichen <u><a href=\"https:\/\/www.vangraaf.com\/de\/cat\/101009\/sakkos\/\" target=\"_blank\" rel=\"noopener\">Sakko<\/a><\/u> oder Strick in Kombination mit Chino oder dunklen Jeans setzen. Frauen k\u00f6nnen Stoffhosen oder R\u00f6cke mit hochwertigem Feinstrick oder stylishen <a href=\"https:\/\/www.vangraaf.com\/de\/cat\/201011\/blazer\/\" target=\"_blank\" rel=\"noopener\"><u>Blazern<\/u><\/a> kombinieren.<\/p>\n<\/div><\/div><\/div><\/div><\/div>[\/vc_column_inner][\/vc_row_inner][vc_row_inner][vc_column_inner]<div class=\"vg-element image-text-teaser image-text-teaser--left image-text-teaser--dark\" style=\"--season-color: #ffffff\" data-aos=\"fade-up\"><div class=\"vc_row vc_row-flex\"><div class=\"image-text-teaser__image hide-for-sm-only vc_col-sm-12 vc_col-md-4\"><img loading=\"lazy\" decoding=\"async\" width=\"599\" height=\"549\" src=\"https:\/\/www.peek-und-cloppenburg.de\/de\/wp-content\/uploads\/sites\/7\/2022\/03\/Man_Casual_Favorit.jpg\" class=\"vc_single_image-img\" alt=\"Wei\u00dfe T-Shirts, graue Hose, dunkelblaue Jacke und wei\u00dfe Sneaker auf wei\u00dfem Hintergrund.\" srcset=\"https:\/\/www.peek-und-cloppenburg.de\/de\/wp-content\/uploads\/sites\/7\/2022\/03\/Man_Casual_Favorit.jpg 599w, https:\/\/www.peek-und-cloppenburg.de\/de\/wp-content\/uploads\/sites\/7\/2022\/03\/Man_Casual_Favorit-300x275.jpg 300w, https:\/\/www.peek-und-cloppenburg.de\/de\/wp-content\/uploads\/sites\/7\/2022\/03\/Man_Casual_Favorit-480x440.jpg 480w\" sizes=\"(max-width: 599px) 100vw, 599px\" \/><\/div><div class=\"vc_col-sm-12 vc_col-md-8\"><div class=\"image-text-teaser__content-wrapper\"><div class=\"image-text-teaser__content\"><h3>Dresscode Casual<\/h3><p>Dein Wunsch-Arbeitgeber sieht einen legeren Dresscode vor? Gerade in kreativen Bereichen hast Du in Sachen Dresscode viele M\u00f6glichkeiten. Wichtig ist, dass Dein Outfit stylish und gepflegt ist. Als Frau kannst Du zu Deinem farbenfrohen <a href=\"https:\/\/www.vangraaf.com\/de\/cat\/201001003\/freizeitkleider\/\" target=\"_blank\" rel=\"noopener\"><u>Lieblingskleid<\/u><\/a> gepaart mit einer coolen Jeansjacke greifen. M\u00e4nner k\u00f6nnen ein hochwertiges Shirt mit einem Sakko und einem <a href=\"https:\/\/www.vangraaf.com\/de\/cat\/101010001\/strickpullover\/\" target=\"_blank\" rel=\"noopener\">Pulli<\/a> oder ein angesagtes <a href=\"https:\/\/www.vangraaf.com\/de\/cat\/101001001\/businesshemden\/?filter.hemdKragenform=Stehkragen\" target=\"_blank\" rel=\"noopener\"><u>Slim-Fit-Hemd<\/u><\/a> mit Mao-Kragen kombinieren.<\/p>\n<p>Du bist noch auf der Suche nach dem perfekten Bewerbungsoutfit? Shoppe passende Looks unter <a href=\"http:\/\/www.vangraaf.com\" target=\"_blank\" rel=\"noopener\"><u>VANGRAAF.COM<\/u><\/a>! In unseren <a href=\"https:\/\/www.vangraaf.com\/de\/stores\/stores-uebersicht\/\" target=\"_blank\" rel=\"noopener\"><u>Stores<\/u><\/a> kannst Du Dich au\u00dferdem noch einmal ganz pers\u00f6nlich und mit viel Expertise f\u00fcr das perfekte Styling beraten lassen.<\/p>\n<\/div><\/div><\/div><\/div><\/div>[\/vc_column_inner][\/vc_row_inner][\/vc_column][\/vc_row][vc_row bwd_tbc4vd_show_weekday=&#8220;&#8220; full_width=&#8220;stretch_row_content_no_spaces&#8220;][vc_column]\n        <div class=\"headlines headlines--center\" data-aos=\"fade-up\">\n            <div class=\"vc_row\">\n                <div class=\"vc_col-md-10 vc_col-md-offset-1 vc_col-lg-10 vc_col-lg-offset-1\"><h2 class=\"h2\">So kommt Deine Bewerbung gut an<\/h2><\/div>\n            <\/div>\n        <\/div>[vc_row_inner bwd_tbc4vd_show_weekday=&#8220;&#8220; row_design=&#8220;row_square_background&#8220;][vc_column_inner width=&#8220;1\/3&#8243;]<div class=\"vg-element cta-teaser cta-teaser--center\" data-aos=\"fade-up\"><div class=\"cta-teaser__image\"><a class=\"\" href=\"https:\/\/www.peek-und-cloppenburg.de\/de\/karriere\/kontakt\/\" target=\"_self\" rel=\"\" style=\"\"><img loading=\"lazy\" decoding=\"async\" width=\"380\" height=\"254\" src=\"https:\/\/www.peek-und-cloppenburg.de\/de\/wp-content\/uploads\/sites\/7\/2022\/03\/Lucille_service-Teaser-1.jpg\" class=\"vc_single_image-img attachment-full\" alt=\"Eine junge Frau mit langen blonden Haaren und Brille vor einem blauen Hintergrund.\" title=\"Lucille Bumann Peek und Cloppenburg Hamburg\" srcset=\"https:\/\/www.peek-und-cloppenburg.de\/de\/wp-content\/uploads\/sites\/7\/2022\/03\/Lucille_service-Teaser-1.jpg 380w, https:\/\/www.peek-und-cloppenburg.de\/de\/wp-content\/uploads\/sites\/7\/2022\/03\/Lucille_service-Teaser-1-300x201.jpg 300w\" sizes=\"(max-width: 380px) 100vw, 380px\" \/><\/a><\/div><div class=\"cta-teaser__text\"><h3>Kontakt<\/h3><p>Du hast Fragen zum Jobeinstieg bei Peek&amp;Cloppenburg*? Dann melde Dich direkt bei Lucille: +49 40 33967-378<\/p><a class=\"button\" href=\"https:\/\/www.peek-und-cloppenburg.de\/de\/karriere\/kontakt\/\" target=\"_self\" rel=\"\" style=\"\">E-Mail an Lucille<\/a><\/div><\/div>[\/vc_column_inner][vc_column_inner width=&#8220;1\/3&#8243;]<div class=\"vg-element cta-teaser cta-teaser--center\" data-aos=\"fade-up\"><div class=\"cta-teaser__image\"><a class=\"\" href=\"https:\/\/www.peek-und-cloppenburg.de\/de\/karriere\/richtig-bewerben\/bewerbungsprozess\/\" target=\"_self\" rel=\"\" style=\"\"><img loading=\"lazy\" decoding=\"async\" width=\"380\" height=\"254\" src=\"https:\/\/www.peek-und-cloppenburg.de\/de\/wp-content\/uploads\/sites\/7\/2022\/02\/M11_F_PORTRAITS_TRAINER_034_1-2.jpg\" class=\"vc_single_image-img attachment-full\" alt=\"Eine Frau mit langen roten Haaren, die einen gestreiften Anzug tr\u00e4gt, sitzt und lacht vor einem dunkelblauen Hintergrund.\" title=\"Bewerbungsprozess Peek und Cloppenburg Hamburg\" srcset=\"https:\/\/www.peek-und-cloppenburg.de\/de\/wp-content\/uploads\/sites\/7\/2022\/02\/M11_F_PORTRAITS_TRAINER_034_1-2.jpg 380w, https:\/\/www.peek-und-cloppenburg.de\/de\/wp-content\/uploads\/sites\/7\/2022\/02\/M11_F_PORTRAITS_TRAINER_034_1-2-300x201.jpg 300w\" sizes=\"(max-width: 380px) 100vw, 380px\" \/><\/a><\/div><div class=\"cta-teaser__text\"><h3>Bewerbungs\u00adprozess<\/h3><p>In unserem Bewerbungsprozess stehst Du im Mittelpunkt. Wir geben Dir alle Informationen f\u00fcr Deine Bewerbung.<\/p><a class=\"button\" href=\"https:\/\/www.peek-und-cloppenburg.de\/de\/karriere\/richtig-bewerben\/bewerbungsprozess\/\" target=\"_self\" rel=\"\" style=\"\">Bewerbungs&shy;prozess<\/a><\/div><\/div>[\/vc_column_inner][vc_column_inner width=&#8220;1\/3&#8243;]<div class=\"vg-element cta-teaser cta-teaser--center\" data-aos=\"fade-up\"><div class=\"cta-teaser__image\"><a class=\"\" href=\"https:\/\/www.peek-und-cloppenburg.de\/de\/karriere\/kontakt\/\" target=\"_self\" rel=\"\" style=\"\"><img loading=\"lazy\" decoding=\"async\" width=\"380\" height=\"245\" src=\"https:\/\/www.peek-und-cloppenburg.de\/de\/wp-content\/uploads\/sites\/7\/2024\/09\/Carmen_Stoecker_Karriere_CTA_Teaser_WP.jpg\" class=\"vc_single_image-img attachment-full\" alt=\"Eine Frau mit schwarzem Haar und einem wei\u00dfen Oberteil l\u00e4chelt vor einem neutralen Hintergrund.\" title=\"Carmen_Stoecker_Karriere_CTA_Teaser_WP\" srcset=\"https:\/\/www.peek-und-cloppenburg.de\/de\/wp-content\/uploads\/sites\/7\/2024\/09\/Carmen_Stoecker_Karriere_CTA_Teaser_WP.jpg 380w, https:\/\/www.peek-und-cloppenburg.de\/de\/wp-content\/uploads\/sites\/7\/2024\/09\/Carmen_Stoecker_Karriere_CTA_Teaser_WP-300x193.jpg 300w\" sizes=\"(max-width: 380px) 100vw, 380px\" \/><\/a><\/div><div class=\"cta-teaser__text\"><h3>Kontakt<\/h3><p>Du hast Fragen zum Jobeinstieg bei Peek&amp;Cloppenburg*? Dann melde Dich direkt bei Carmen: +49 151 551 14150<\/p><a class=\"button\" href=\"https:\/\/www.peek-und-cloppenburg.de\/de\/karriere\/kontakt\/\" target=\"_self\" rel=\"\" style=\"\">E-Mail an Carmen<\/a><\/div><\/div>[\/vc_column_inner][\/vc_row_inner][\/vc_column][\/vc_row]<\/div>","protected":false},"excerpt":{"rendered":"[vc_row bwd_tbc4vd_show_weekday=&#8220;&#8220; full_width=&#8220;stretch_row_content_no_spaces&#8220;][vc_column][vc_column_text] Mit Deinem passendem Bewerbungsoutfit \u00fcberzeugst Du sowohl im pers\u00f6nlichen als auch im virtuellen Gespr\u00e4ch. Wie seri\u00f6s oder stylish Dein Outfit sein sollte, h\u00e4ngt von der Branche und dem sp\u00e4teren Arbeitgeber ab. Du hast Dich f\u00fcr einen Job in der Fashion Branche beworben? Dann kannst Du mit einem lockeren, aber modebewussten Outfit punkten. [&hellip;]","protected":false},"author":6,"featured_media":0,"parent":1548,"menu_order":0,"comment_status":"closed","ping_status":"closed","template":"","meta":{"_acf_changed":false,"inline_featured_image":false,"footnotes":""},"class_list":["post-1554","page","type-page","status-publish","hentry"],"acf":[],"yoast_head":"<!-- This site is optimized with the Yoast SEO plugin v27.2 - https:\/\/yoast.com\/product\/yoast-seo-wordpress\/ -->\n<title>Bewerbungsoutfits I Peek &amp;Cloppenburg Hamburg<\/title>\n<meta name=\"description\" content=\"Du bist noch auf der Suche nach dem perfekten Bewerbungsoutfit? Wir geben Dir die besten Tipps damit Dein Auftritt \u00fcberzeugt.\" \/>\n<meta name=\"robots\" content=\"index, follow, max-snippet:-1, max-image-preview:large, max-video-preview:-1\" \/>\n<link rel=\"canonical\" href=\"https:\/\/www.peek-und-cloppenburg.de\/de\/karriere\/richtig-bewerben\/bewerbungsoutfits\/\" \/>\n<meta property=\"og:locale\" content=\"de_DE\" \/>\n<meta property=\"og:type\" content=\"article\" \/>\n<meta property=\"og:title\" content=\"Bewerbungsoutfits I Peek &amp;Cloppenburg Hamburg\" \/>\n<meta property=\"og:description\" content=\"Du bist noch auf der Suche nach dem perfekten Bewerbungsoutfit? Wir geben Dir die besten Tipps damit Dein Auftritt \u00fcberzeugt.\" \/>\n<meta property=\"og:url\" content=\"https:\/\/www.peek-und-cloppenburg.de\/de\/karriere\/richtig-bewerben\/bewerbungsoutfits\/\" \/>\n<meta property=\"og:site_name\" content=\"Peek&amp;Cloppenburg Deutschland\" \/>\n<meta property=\"article:publisher\" content=\"https:\/\/de-de.facebook.com\/peekundcloppenburg\/\" \/>\n<meta property=\"article:modified_time\" content=\"2025-10-23T13:18:33+00:00\" \/>\n<meta name=\"twitter:card\" content=\"summary_large_image\" \/>\n<meta name=\"twitter:label1\" content=\"Gesch\u00e4tzte Lesezeit\" \/>\n\t<meta name=\"twitter:data1\" content=\"5\u00a0Minuten\" \/>\n<script type=\"application\/ld+json\" class=\"yoast-schema-graph\">{\"@context\":\"https:\/\/schema.org\",\"@graph\":[{\"@type\":\"WebPage\",\"@id\":\"https:\/\/www.peek-und-cloppenburg.de\/de\/karriere\/richtig-bewerben\/bewerbungsoutfits\/\",\"url\":\"https:\/\/www.peek-und-cloppenburg.de\/de\/karriere\/richtig-bewerben\/bewerbungsoutfits\/\",\"name\":\"Bewerbungsoutfits I Peek &Cloppenburg Hamburg\",\"isPartOf\":{\"@id\":\"https:\/\/www.peek-und-cloppenburg.de\/de\/#website\"},\"datePublished\":\"2022-01-24T12:02:21+00:00\",\"dateModified\":\"2025-10-23T13:18:33+00:00\",\"description\":\"Du bist noch auf der Suche nach dem perfekten Bewerbungsoutfit? Wir geben Dir die besten Tipps damit Dein Auftritt \u00fcberzeugt.\",\"breadcrumb\":{\"@id\":\"https:\/\/www.peek-und-cloppenburg.de\/de\/karriere\/richtig-bewerben\/bewerbungsoutfits\/#breadcrumb\"},\"inLanguage\":\"de\",\"potentialAction\":[{\"@type\":\"ReadAction\",\"target\":[\"https:\/\/www.peek-und-cloppenburg.de\/de\/karriere\/richtig-bewerben\/bewerbungsoutfits\/\"]}]},{\"@type\":\"BreadcrumbList\",\"@id\":\"https:\/\/www.peek-und-cloppenburg.de\/de\/karriere\/richtig-bewerben\/bewerbungsoutfits\/#breadcrumb\",\"itemListElement\":[{\"@type\":\"ListItem\",\"position\":1,\"name\":\"Startseite\",\"item\":\"https:\/\/www.peek-und-cloppenburg.de\/de\/\"},{\"@type\":\"ListItem\",\"position\":2,\"name\":\"Karriere\",\"item\":\"https:\/\/www.peek-und-cloppenburg.de\/de\/karriere\/\"},{\"@type\":\"ListItem\",\"position\":3,\"name\":\"Richtig bewerben\",\"item\":\"https:\/\/www.peek-und-cloppenburg.de\/de\/karriere\/richtig-bewerben\/\"},{\"@type\":\"ListItem\",\"position\":4,\"name\":\"Bewerbungsoutfits\"}]},{\"@type\":\"WebSite\",\"@id\":\"https:\/\/www.peek-und-cloppenburg.de\/de\/#website\",\"url\":\"https:\/\/www.peek-und-cloppenburg.de\/de\/\",\"name\":\"Peek&Cloppenburg KG Hamburg\",\"description\":\"Peek&amp;Cloppenburg KG Hamburg\",\"publisher\":{\"@id\":\"https:\/\/www.peek-und-cloppenburg.de\/de\/#organization\"},\"potentialAction\":[{\"@type\":\"SearchAction\",\"target\":{\"@type\":\"EntryPoint\",\"urlTemplate\":\"https:\/\/www.peek-und-cloppenburg.de\/de\/?s={search_term_string}\"},\"query-input\":{\"@type\":\"PropertyValueSpecification\",\"valueRequired\":true,\"valueName\":\"search_term_string\"}}],\"inLanguage\":\"de\"},{\"@type\":\"Organization\",\"@id\":\"https:\/\/www.peek-und-cloppenburg.de\/de\/#organization\",\"name\":\"Peek&Cloppenburg KG Hamburg\",\"url\":\"https:\/\/www.peek-und-cloppenburg.de\/de\/\",\"logo\":{\"@type\":\"ImageObject\",\"inLanguage\":\"de\",\"@id\":\"https:\/\/www.peek-und-cloppenburg.de\/de\/#\/schema\/logo\/image\/\",\"url\":\"https:\/\/www.peek-und-cloppenburg.de\/de\/wp-content\/uploads\/sites\/7\/2020\/02\/logo_pc.svg\",\"contentUrl\":\"https:\/\/www.peek-und-cloppenburg.de\/de\/wp-content\/uploads\/sites\/7\/2020\/02\/logo_pc.svg\",\"width\":\"1024\",\"height\":\"1024\",\"caption\":\"Peek&Cloppenburg KG Hamburg\"},\"image\":{\"@id\":\"https:\/\/www.peek-und-cloppenburg.de\/de\/#\/schema\/logo\/image\/\"},\"sameAs\":[\"https:\/\/de-de.facebook.com\/peekundcloppenburg\/\",\"https:\/\/www.instagram.com\/vangraaf_de\/\",\"https:\/\/www.youtube.com\/channel\/UCPdkk0FSUkdWYlzYtJpiUuw\",\"https:\/\/www.snapchat.com\/add\/Pundckarriere\"]}]}<\/script>\n<!-- \/ Yoast SEO plugin. -->","yoast_head_json":{"title":"Bewerbungsoutfits I Peek &Cloppenburg Hamburg","description":"Du bist noch auf der Suche nach dem perfekten Bewerbungsoutfit? Wir geben Dir die besten Tipps damit Dein Auftritt \u00fcberzeugt.","robots":{"index":"index","follow":"follow","max-snippet":"max-snippet:-1","max-image-preview":"max-image-preview:large","max-video-preview":"max-video-preview:-1"},"canonical":"https:\/\/www.peek-und-cloppenburg.de\/de\/karriere\/richtig-bewerben\/bewerbungsoutfits\/","og_locale":"de_DE","og_type":"article","og_title":"Bewerbungsoutfits I Peek &Cloppenburg Hamburg","og_description":"Du bist noch auf der Suche nach dem perfekten Bewerbungsoutfit? Wir geben Dir die besten Tipps damit Dein Auftritt \u00fcberzeugt.","og_url":"https:\/\/www.peek-und-cloppenburg.de\/de\/karriere\/richtig-bewerben\/bewerbungsoutfits\/","og_site_name":"Peek&amp;Cloppenburg Deutschland","article_publisher":"https:\/\/de-de.facebook.com\/peekundcloppenburg\/","article_modified_time":"2025-10-23T13:18:33+00:00","twitter_card":"summary_large_image","twitter_misc":{"Gesch\u00e4tzte Lesezeit":"5\u00a0Minuten"},"schema":{"@context":"https:\/\/schema.org","@graph":[{"@type":"WebPage","@id":"https:\/\/www.peek-und-cloppenburg.de\/de\/karriere\/richtig-bewerben\/bewerbungsoutfits\/","url":"https:\/\/www.peek-und-cloppenburg.de\/de\/karriere\/richtig-bewerben\/bewerbungsoutfits\/","name":"Bewerbungsoutfits I Peek &Cloppenburg Hamburg","isPartOf":{"@id":"https:\/\/www.peek-und-cloppenburg.de\/de\/#website"},"datePublished":"2022-01-24T12:02:21+00:00","dateModified":"2025-10-23T13:18:33+00:00","description":"Du bist noch auf der Suche nach dem perfekten Bewerbungsoutfit? Wir geben Dir die besten Tipps damit Dein Auftritt \u00fcberzeugt.","breadcrumb":{"@id":"https:\/\/www.peek-und-cloppenburg.de\/de\/karriere\/richtig-bewerben\/bewerbungsoutfits\/#breadcrumb"},"inLanguage":"de","potentialAction":[{"@type":"ReadAction","target":["https:\/\/www.peek-und-cloppenburg.de\/de\/karriere\/richtig-bewerben\/bewerbungsoutfits\/"]}]},{"@type":"BreadcrumbList","@id":"https:\/\/www.peek-und-cloppenburg.de\/de\/karriere\/richtig-bewerben\/bewerbungsoutfits\/#breadcrumb","itemListElement":[{"@type":"ListItem","position":1,"name":"Startseite","item":"https:\/\/www.peek-und-cloppenburg.de\/de\/"},{"@type":"ListItem","position":2,"name":"Karriere","item":"https:\/\/www.peek-und-cloppenburg.de\/de\/karriere\/"},{"@type":"ListItem","position":3,"name":"Richtig bewerben","item":"https:\/\/www.peek-und-cloppenburg.de\/de\/karriere\/richtig-bewerben\/"},{"@type":"ListItem","position":4,"name":"Bewerbungsoutfits"}]},{"@type":"WebSite","@id":"https:\/\/www.peek-und-cloppenburg.de\/de\/#website","url":"https:\/\/www.peek-und-cloppenburg.de\/de\/","name":"Peek&Cloppenburg KG Hamburg","description":"Peek&amp;Cloppenburg KG Hamburg","publisher":{"@id":"https:\/\/www.peek-und-cloppenburg.de\/de\/#organization"},"potentialAction":[{"@type":"SearchAction","target":{"@type":"EntryPoint","urlTemplate":"https:\/\/www.peek-und-cloppenburg.de\/de\/?s={search_term_string}"},"query-input":{"@type":"PropertyValueSpecification","valueRequired":true,"valueName":"search_term_string"}}],"inLanguage":"de"},{"@type":"Organization","@id":"https:\/\/www.peek-und-cloppenburg.de\/de\/#organization","name":"Peek&Cloppenburg KG Hamburg","url":"https:\/\/www.peek-und-cloppenburg.de\/de\/","logo":{"@type":"ImageObject","inLanguage":"de","@id":"https:\/\/www.peek-und-cloppenburg.de\/de\/#\/schema\/logo\/image\/","url":"https:\/\/www.peek-und-cloppenburg.de\/de\/wp-content\/uploads\/sites\/7\/2020\/02\/logo_pc.svg","contentUrl":"https:\/\/www.peek-und-cloppenburg.de\/de\/wp-content\/uploads\/sites\/7\/2020\/02\/logo_pc.svg","width":"1024","height":"1024","caption":"Peek&Cloppenburg KG Hamburg"},"image":{"@id":"https:\/\/www.peek-und-cloppenburg.de\/de\/#\/schema\/logo\/image\/"},"sameAs":["https:\/\/de-de.facebook.com\/peekundcloppenburg\/","https:\/\/www.instagram.com\/vangraaf_de\/","https:\/\/www.youtube.com\/channel\/UCPdkk0FSUkdWYlzYtJpiUuw","https:\/\/www.snapchat.com\/add\/Pundckarriere"]}]}},"_links":{"self":[{"href":"https:\/\/www.peek-und-cloppenburg.de\/de\/wp-json\/wp\/v2\/pages\/1554","targetHints":{"allow":["GET"]}}],"collection":[{"href":"https:\/\/www.peek-und-cloppenburg.de\/de\/wp-json\/wp\/v2\/pages"}],"about":[{"href":"https:\/\/www.peek-und-cloppenburg.de\/de\/wp-json\/wp\/v2\/types\/page"}],"author":[{"embeddable":true,"href":"https:\/\/www.peek-und-cloppenburg.de\/de\/wp-json\/wp\/v2\/users\/6"}],"replies":[{"embeddable":true,"href":"https:\/\/www.peek-und-cloppenburg.de\/de\/wp-json\/wp\/v2\/comments?post=1554"}],"version-history":[{"count":46,"href":"https:\/\/www.peek-und-cloppenburg.de\/de\/wp-json\/wp\/v2\/pages\/1554\/revisions"}],"predecessor-version":[{"id":12241,"href":"https:\/\/www.peek-und-cloppenburg.de\/de\/wp-json\/wp\/v2\/pages\/1554\/revisions\/12241"}],"up":[{"embeddable":true,"href":"https:\/\/www.peek-und-cloppenburg.de\/de\/wp-json\/wp\/v2\/pages\/1548"}],"wp:attachment":[{"href":"https:\/\/www.peek-und-cloppenburg.de\/de\/wp-json\/wp\/v2\/media?parent=1554"}],"curies":[{"name":"wp","href":"https:\/\/api.w.org\/{rel}","templated":true}]}}