{"id":1552,"date":"2022-01-24T13:01:55","date_gmt":"2022-01-24T12:01:55","guid":{"rendered":"https:\/\/www.peek-und-cloppenburg.de\/de\/?page_id=1552"},"modified":"2025-10-23T15:17:26","modified_gmt":"2025-10-23T13:17:26","slug":"bewerbungstipps","status":"publish","type":"page","link":"https:\/\/www.peek-und-cloppenburg.de\/de\/karriere\/richtig-bewerben\/bewerbungstipps\/","title":{"rendered":"Bewerbungstipps"},"content":{"rendered":"<div class=\"wpb-content-wrapper\">[vc_row bwd_tbc4vd_show_weekday=&#8220;&#8220; full_width=&#8220;stretch_row_content_no_spaces&#8220; row_spacing=&#8220;row_less_space&#8220;][vc_column]<div class=\"keyvisual\" data-aos=\"fade-up\" ><img loading=\"lazy\" decoding=\"async\" width=\"1440\" height=\"480\" src=\"https:\/\/www.peek-und-cloppenburg.de\/de\/wp-content\/uploads\/sites\/7\/2022\/02\/M3_C_Schueler_054.jpg\" class=\"vc_single_image-img\" alt=\"Eine Frau mit langen braunen Haaren imitiert einen Schnurrbart mit einer Haarstr\u00e4hne und macht einen Kussmund.\" srcset=\"https:\/\/www.peek-und-cloppenburg.de\/de\/wp-content\/uploads\/sites\/7\/2022\/02\/M3_C_Schueler_054.jpg 1440w, https:\/\/www.peek-und-cloppenburg.de\/de\/wp-content\/uploads\/sites\/7\/2022\/02\/M3_C_Schueler_054-300x100.jpg 300w, https:\/\/www.peek-und-cloppenburg.de\/de\/wp-content\/uploads\/sites\/7\/2022\/02\/M3_C_Schueler_054-1024x341.jpg 1024w, https:\/\/www.peek-und-cloppenburg.de\/de\/wp-content\/uploads\/sites\/7\/2022\/02\/M3_C_Schueler_054-768x256.jpg 768w, https:\/\/www.peek-und-cloppenburg.de\/de\/wp-content\/uploads\/sites\/7\/2022\/02\/M3_C_Schueler_054-1200x400.jpg 1200w, https:\/\/www.peek-und-cloppenburg.de\/de\/wp-content\/uploads\/sites\/7\/2022\/02\/M3_C_Schueler_054-992x331.jpg 992w, https:\/\/www.peek-und-cloppenburg.de\/de\/wp-content\/uploads\/sites\/7\/2022\/02\/M3_C_Schueler_054-480x160.jpg 480w, https:\/\/www.peek-und-cloppenburg.de\/de\/wp-content\/uploads\/sites\/7\/2022\/02\/M3_C_Schueler_054-690x230.jpg 690w\" sizes=\"(max-width: 1440px) 100vw, 1440px\" \/><\/div>\n        <div class=\"headlines headlines--center\" data-aos=\"fade-up\">\n            <div class=\"vc_row\">\n                <div class=\"vc_col-md-10 vc_col-md-offset-1 vc_col-lg-10 vc_col-lg-offset-1\"><span class=\"h6\">Tipps f\u00fcr ein erfolgreiches Bewerbungsverfahren<\/span><h1 class=\"h2\">Deine Bewerbung bei Peek&amp;Cloppenburg*<\/h1><\/div>\n            <\/div>\n        <\/div>[vc_column_text]\r\n<p style=\"text-align: center\">Mit Deiner Bewerbung gehst Du den ersten Schritt in Richtung Zukunft bei uns. Mit unserem standardisierten Auswahlverfahren stellen wir sicher, dass alle Bewerber:innen die gleichen Chancen erhalten. Da wir auf das Anschreiben bei Peek&amp;Cloppenburg* verzichten, kannst Du Deine vollst\u00e4ndige Online Bewerbung schnell und einfach abschicken. F\u00fcr einige Jobs beantwortest Du anstelle eines Anschreibens nur zwei Motivationsfragen. Im pers\u00f6nlichen oder virtuellen Gespr\u00e4ch kannst Du uns anschlie\u00dfend von Deiner Pers\u00f6nlichkeit \u00fcberzeugen. Hier geben wir Dir unsere Tipps f\u00fcr einen rundum erfolgreichen Bewerbungsprozess.<\/p>\r\n[\/vc_column_text][vc_tta_accordion collapsible_all=&#8220;true&#8220;][vc_tta_section title=&#8220;Dein Lebenslauf&#8220; tab_id=&#8220;DeinLebenslauf&#8220;][vc_column_text]In Deiner Bewerbung bei Peek&amp;Cloppenburg* sorgt Dein Lebenslauf f\u00fcr ein ausdrucksstarkes Gesamtbild. Neben Deinen pers\u00f6nlichen Daten f\u00fchrst Du strukturiert und chronologisch Deinen Werdegang auf. Beschreibe Deine Aufgaben und Verantwortungen der jeweiligen Position in Stichpunkten. Gib gern mehr Details bei den T\u00e4tigkeiten an, die f\u00fcr den Job bei Peek&amp;Cloppenburg* relevant sind.[\/vc_column_text][\/vc_tta_section][vc_tta_section title=&#8220;Deine Zeugnisse&#8220; tab_id=&#8220;DeineZeugnisse&#8220;][vc_column_text]Deine Zeugnisse sind wichtig, da sie Deine F\u00e4higkeiten und Dein Know-how f\u00fcr den Job bei Peek&amp;Cloppenburg* noch einmal unterstreichen. Fasse relevante Zeugnisse und Zertifikate gern in einem PDF zusammen, das Du Deiner Online-Bewerbung beif\u00fcgst.[\/vc_column_text][\/vc_tta_section][\/vc_tta_accordion][\/vc_column][\/vc_row][vc_row][vc_column][vc_column_text]\r\n<h3>Erfolgreiche Bewerbung bei Peek&amp;Cloppenburg<strong>*<\/strong>:\r\nEinladung zum pers\u00f6nlichen Gespr\u00e4ch<\/h3>\r\nDeine Bewerbung gef\u00e4llt uns! Nun sind wir gespannt darauf, Dich kennenzulernen. Im pers\u00f6nlichen Gespr\u00e4ch m\u00f6chten wir gemeinsam herausfinden, ob wir zueinander passen \u2013 denn auch wir bewerben uns bei Dir. Mit folgenden Tipps bereitest Du Dich bestm\u00f6glich auf das Gespr\u00e4ch vor:[\/vc_column_text][vc_tta_accordion collapsible_all=&#8220;true&#8220;][vc_tta_section title=&#8220;So bereitest Du Dich vor&#8220; tab_id=&#8220;Vorbereitung&#8220;][vc_column_text]Bevor Du Dich online bei Peek&amp;Cloppenburg* beworben hast, hast Du Dir bestimmt bereits ein erstes Bild von uns gemacht. Informiere Dich vor dem pers\u00f6nlichen Gespr\u00e4ch am besten etwas umfassender \u00fcber unsere Unternehmensgruppe, besuche einen unserer <a href=\"https:\/\/www.vangraaf.com\/de\/stores\/stores-uebersicht\/\" target=\"_blank\" rel=\"noopener\"><u>Stores<\/u><\/a> oder wirf einen Blick in unseren <a href=\"http:\/\/VANGRAAF.COM\" target=\"_blank\" rel=\"noopener\"><u>Online-Shop<\/u><\/a>. Auch auf Xing, Facebook und Instagram erh\u00e4ltst Du einen lebendigen Eindruck von Peek&amp;Cloppenburg*.\r\nFrage Dich dar\u00fcber hinaus noch einmal, warum Du Dich genau f\u00fcr diesen Job beworben hast. Was begeistert Dich an den beschriebenen Aufgaben? Warum w\u00fcrdest Du die Position gut ausf\u00fcllen? Wir sind in dem Gespr\u00e4ch nat\u00fcrlich auch auf Deine Fragen gespannt. Daher bereite von Deiner Seite vor, was Du noch \u00fcber Peek&amp;Cloppenburg* und den Job erfahren m\u00f6chtest.[\/vc_column_text][\/vc_tta_section][vc_tta_section title=&#8220;Dein perfektes Outfit&#8220; tab_id=&#8220;Outfit&#8220;][vc_column_text]Ein stilsicheres und gepflegtes Outfit spielt f\u00fcr uns als Fashion-Unternehmen nat\u00fcrlich eine Rolle. Bei uns findest Du viele Styling-Ideen f\u00fcr Dein perfektes <a href=\"https:\/\/www.peek-und-cloppenburg.de\/de\/karriere\/richtig-bewerben\/bewerbungsoutfits\/\">Bewerbungsoutfit<\/a>.[\/vc_column_text][\/vc_tta_section][vc_tta_section title=&#8220;\u00dcberzeugendes Gespr\u00e4ch&#8220; tab_id=&#8220;Gespraech&#8220;][vc_column_text]Mit Deiner Bewerbung bei Peek&amp;Cloppenburg* haben wir uns bereits ein erstes Bild von Dir machen k\u00f6nnen, im gemeinsamen Gespr\u00e4ch m\u00f6chten wir Dich pers\u00f6nlich und fachlich n\u00e4her kennenlernen. Neben Deiner Vorstellung werden wir Dir Fragen zu Deiner Pers\u00f6nlichkeit, Deinem Werdegang und Deiner Arbeitsweise stellen. Eine gewisse Aufregung geh\u00f6rt nat\u00fcrlich dazu \u2013 wir m\u00f6chten Dich ermuntern, offen, selbstbewusst und authentisch zu sein.\r\n\r\nUns ist wichtig, dir einen umfassenden Einblick in die Welt von Peek&amp;Cloppenburg*, das Team und Deine zuk\u00fcnftigen Aufgaben zu geben. Au\u00dferdem m\u00f6chten wir Deine offenen Fragen beantworten.[\/vc_column_text][\/vc_tta_section][\/vc_tta_accordion][\/vc_column][\/vc_row][vc_row bwd_tbc4vd_show_weekday=&#8220;&#8220; full_width=&#8220;stretch_row_content_no_spaces&#8220;][vc_column]\n        <div class=\"headlines headlines--center\" data-aos=\"fade-up\">\n            <div class=\"vc_row\">\n                <div class=\"vc_col-md-10 vc_col-md-offset-1 vc_col-lg-10 vc_col-lg-offset-1\"><h2 class=\"h2\">So kommt Deine Bewerbung gut an<\/h2><\/div>\n            <\/div>\n        <\/div>[vc_row_inner bwd_tbc4vd_show_weekday=&#8220;&#8220; row_design=&#8220;row_square_background&#8220;][vc_column_inner width=&#8220;1\/3&#8243;]<div class=\"vg-element cta-teaser cta-teaser--center\" data-aos=\"fade-up\"><div class=\"cta-teaser__image\"><a class=\"\" href=\"https:\/\/www.peek-und-cloppenburg.de\/de\/karriere\/kontakt\/\" target=\"_self\" rel=\"\" style=\"\"><img loading=\"lazy\" decoding=\"async\" width=\"380\" height=\"254\" src=\"https:\/\/www.peek-und-cloppenburg.de\/de\/wp-content\/uploads\/sites\/7\/2022\/03\/Lucille_service-Teaser-1.jpg\" class=\"vc_single_image-img attachment-full\" alt=\"Eine junge Frau mit langen blonden Haaren und Brille vor einem blauen Hintergrund.\" title=\"Lucille Bumann Peek und Cloppenburg Hamburg\" srcset=\"https:\/\/www.peek-und-cloppenburg.de\/de\/wp-content\/uploads\/sites\/7\/2022\/03\/Lucille_service-Teaser-1.jpg 380w, https:\/\/www.peek-und-cloppenburg.de\/de\/wp-content\/uploads\/sites\/7\/2022\/03\/Lucille_service-Teaser-1-300x201.jpg 300w\" sizes=\"(max-width: 380px) 100vw, 380px\" \/><\/a><\/div><div class=\"cta-teaser__text\"><h3>Kontakt<\/h3><p>Du hast Fragen zum Jobeinstieg bei Peek&amp;Cloppenburg*? Dann melde Dich direkt bei Lucille: +49 40 33967-378<\/p><a class=\"button\" href=\"https:\/\/www.peek-und-cloppenburg.de\/de\/karriere\/kontakt\/\" target=\"_self\" rel=\"\" style=\"\">E-Mail an Lucille<\/a><\/div><\/div>[\/vc_column_inner][vc_column_inner width=&#8220;1\/3&#8243;]<div class=\"vg-element cta-teaser cta-teaser--center\" data-aos=\"fade-up\"><div class=\"cta-teaser__image\"><a class=\"\" href=\"https:\/\/www.peek-und-cloppenburg.de\/de\/karriere\/richtig-bewerben\/bewerbungsoutfits\/\" target=\"_self\" rel=\"\" style=\"\"><img loading=\"lazy\" decoding=\"async\" width=\"380\" height=\"254\" src=\"https:\/\/www.peek-und-cloppenburg.de\/de\/wp-content\/uploads\/sites\/7\/2021\/05\/M2_B_Azubis_im_Verkauf_010-1.jpg\" class=\"vc_single_image-img attachment-full\" alt=\"Ein Mann in einem Anzug lacht, w\u00e4hrend eine Frau neben ihm seine Krawatte richtet.\" title=\"Bewerbungsoutfits Peek und Cloppenburg Hamburg\" srcset=\"https:\/\/www.peek-und-cloppenburg.de\/de\/wp-content\/uploads\/sites\/7\/2021\/05\/M2_B_Azubis_im_Verkauf_010-1.jpg 380w, https:\/\/www.peek-und-cloppenburg.de\/de\/wp-content\/uploads\/sites\/7\/2021\/05\/M2_B_Azubis_im_Verkauf_010-1-300x201.jpg 300w\" sizes=\"(max-width: 380px) 100vw, 380px\" \/><\/a><\/div><div class=\"cta-teaser__text\"><h3>Bewerbungs\u00adoutfits<\/h3><p>Du bist noch auf der Suche nach dem perfekten Bewerbungsoutfit? Wir geben Dir die besten Styling-Tipps.<\/p><a class=\"button\" href=\"https:\/\/www.peek-und-cloppenburg.de\/de\/karriere\/richtig-bewerben\/bewerbungsoutfits\/\" target=\"_self\" rel=\"\" style=\"\">Bewerbungs&shy;outfits<\/a><\/div><\/div>[\/vc_column_inner][vc_column_inner width=&#8220;1\/3&#8243;]<div class=\"vg-element cta-teaser cta-teaser--center\" data-aos=\"fade-up\"><div class=\"cta-teaser__image\"><a class=\"\" href=\"https:\/\/www.peek-und-cloppenburg.de\/de\/karriere\/kontakt\/\" target=\"_self\" rel=\"\" style=\"\"><img loading=\"lazy\" decoding=\"async\" width=\"380\" height=\"245\" src=\"https:\/\/www.peek-und-cloppenburg.de\/de\/wp-content\/uploads\/sites\/7\/2024\/09\/Carmen_Stoecker_Karriere_CTA_Teaser_WP.jpg\" class=\"vc_single_image-img attachment-full\" alt=\"Eine Frau mit schwarzem Haar und einem wei\u00dfen Oberteil l\u00e4chelt vor einem neutralen Hintergrund.\" title=\"Carmen_Stoecker_Karriere_CTA_Teaser_WP\" srcset=\"https:\/\/www.peek-und-cloppenburg.de\/de\/wp-content\/uploads\/sites\/7\/2024\/09\/Carmen_Stoecker_Karriere_CTA_Teaser_WP.jpg 380w, https:\/\/www.peek-und-cloppenburg.de\/de\/wp-content\/uploads\/sites\/7\/2024\/09\/Carmen_Stoecker_Karriere_CTA_Teaser_WP-300x193.jpg 300w\" sizes=\"(max-width: 380px) 100vw, 380px\" \/><\/a><\/div><div class=\"cta-teaser__text\"><h3>Kontakt<\/h3><p>Du hast Fragen zum Jobeinstieg bei Peek&amp;Cloppenburg*? Dann melde Dich direkt bei Carmen: +49 151 551 14150<\/p><a class=\"button\" href=\"https:\/\/www.peek-und-cloppenburg.de\/de\/karriere\/kontakt\/\" target=\"_self\" rel=\"\" style=\"\">E-Mail an Carmen<\/a><\/div><\/div>[\/vc_column_inner][\/vc_row_inner][\/vc_column][\/vc_row]<\/div>","protected":false},"excerpt":{"rendered":"[vc_row bwd_tbc4vd_show_weekday=&#8220;&#8220; full_width=&#8220;stretch_row_content_no_spaces&#8220; row_spacing=&#8220;row_less_space&#8220;][vc_column][vc_column_text] Mit Deiner Bewerbung gehst Du den ersten Schritt in Richtung Zukunft bei uns. Mit unserem standardisierten Auswahlverfahren stellen wir sicher, dass alle Bewerber:innen die gleichen Chancen erhalten. Da wir auf das Anschreiben bei Peek&amp;Cloppenburg* verzichten, kannst Du Deine vollst\u00e4ndige Online Bewerbung schnell und einfach abschicken. F\u00fcr einige Jobs beantwortest Du anstelle [&hellip;]","protected":false},"author":6,"featured_media":0,"parent":1548,"menu_order":0,"comment_status":"closed","ping_status":"closed","template":"","meta":{"_acf_changed":false,"inline_featured_image":false,"footnotes":""},"class_list":["post-1552","page","type-page","status-publish","hentry"],"acf":[],"yoast_head":"<!-- This site is optimized with the Yoast SEO plugin v27.2 - https:\/\/yoast.com\/product\/yoast-seo-wordpress\/ -->\n<title>Bewerbungstipps | | Peek&amp;Cloppenburg Hamburg<\/title>\n<meta name=\"description\" content=\"Du hast Lust auf spannende, herausfordernde T\u00e4tigkeiten im Einzelhandel? Dann bewirb Dich online bei Peek&amp;Cloppenburg! Alle Informationen erh\u00e4ltst Du hier.\" \/>\n<meta name=\"robots\" content=\"index, follow, max-snippet:-1, max-image-preview:large, max-video-preview:-1\" \/>\n<link rel=\"canonical\" href=\"https:\/\/www.peek-und-cloppenburg.de\/de\/karriere\/richtig-bewerben\/bewerbungstipps\/\" \/>\n<meta property=\"og:locale\" content=\"de_DE\" \/>\n<meta property=\"og:type\" content=\"article\" \/>\n<meta property=\"og:title\" content=\"Bewerbungstipps | | Peek&amp;Cloppenburg Hamburg\" \/>\n<meta property=\"og:description\" content=\"Du hast Lust auf spannende, herausfordernde T\u00e4tigkeiten im Einzelhandel? Dann bewirb Dich online bei Peek&amp;Cloppenburg! Alle Informationen erh\u00e4ltst Du hier.\" \/>\n<meta property=\"og:url\" content=\"https:\/\/www.peek-und-cloppenburg.de\/de\/karriere\/richtig-bewerben\/bewerbungstipps\/\" \/>\n<meta property=\"og:site_name\" content=\"Peek&amp;Cloppenburg Deutschland\" \/>\n<meta property=\"article:publisher\" content=\"https:\/\/de-de.facebook.com\/peekundcloppenburg\/\" \/>\n<meta property=\"article:modified_time\" content=\"2025-10-23T13:17:26+00:00\" \/>\n<meta name=\"twitter:card\" content=\"summary_large_image\" \/>\n<meta name=\"twitter:label1\" content=\"Gesch\u00e4tzte Lesezeit\" \/>\n\t<meta name=\"twitter:data1\" content=\"4\u00a0Minuten\" \/>\n<script type=\"application\/ld+json\" class=\"yoast-schema-graph\">{\"@context\":\"https:\/\/schema.org\",\"@graph\":[{\"@type\":\"WebPage\",\"@id\":\"https:\/\/www.peek-und-cloppenburg.de\/de\/karriere\/richtig-bewerben\/bewerbungstipps\/\",\"url\":\"https:\/\/www.peek-und-cloppenburg.de\/de\/karriere\/richtig-bewerben\/bewerbungstipps\/\",\"name\":\"Bewerbungstipps | | Peek&Cloppenburg Hamburg\",\"isPartOf\":{\"@id\":\"https:\/\/www.peek-und-cloppenburg.de\/de\/#website\"},\"datePublished\":\"2022-01-24T12:01:55+00:00\",\"dateModified\":\"2025-10-23T13:17:26+00:00\",\"description\":\"Du hast Lust auf spannende, herausfordernde T\u00e4tigkeiten im Einzelhandel? Dann bewirb Dich online bei Peek&Cloppenburg! Alle Informationen erh\u00e4ltst Du hier.\",\"breadcrumb\":{\"@id\":\"https:\/\/www.peek-und-cloppenburg.de\/de\/karriere\/richtig-bewerben\/bewerbungstipps\/#breadcrumb\"},\"inLanguage\":\"de\",\"potentialAction\":[{\"@type\":\"ReadAction\",\"target\":[\"https:\/\/www.peek-und-cloppenburg.de\/de\/karriere\/richtig-bewerben\/bewerbungstipps\/\"]}]},{\"@type\":\"BreadcrumbList\",\"@id\":\"https:\/\/www.peek-und-cloppenburg.de\/de\/karriere\/richtig-bewerben\/bewerbungstipps\/#breadcrumb\",\"itemListElement\":[{\"@type\":\"ListItem\",\"position\":1,\"name\":\"Startseite\",\"item\":\"https:\/\/www.peek-und-cloppenburg.de\/de\/\"},{\"@type\":\"ListItem\",\"position\":2,\"name\":\"Karriere\",\"item\":\"https:\/\/www.peek-und-cloppenburg.de\/de\/karriere\/\"},{\"@type\":\"ListItem\",\"position\":3,\"name\":\"Richtig bewerben\",\"item\":\"https:\/\/www.peek-und-cloppenburg.de\/de\/karriere\/richtig-bewerben\/\"},{\"@type\":\"ListItem\",\"position\":4,\"name\":\"Bewerbungstipps\"}]},{\"@type\":\"WebSite\",\"@id\":\"https:\/\/www.peek-und-cloppenburg.de\/de\/#website\",\"url\":\"https:\/\/www.peek-und-cloppenburg.de\/de\/\",\"name\":\"Peek&Cloppenburg KG Hamburg\",\"description\":\"Peek&amp;Cloppenburg KG Hamburg\",\"publisher\":{\"@id\":\"https:\/\/www.peek-und-cloppenburg.de\/de\/#organization\"},\"potentialAction\":[{\"@type\":\"SearchAction\",\"target\":{\"@type\":\"EntryPoint\",\"urlTemplate\":\"https:\/\/www.peek-und-cloppenburg.de\/de\/?s={search_term_string}\"},\"query-input\":{\"@type\":\"PropertyValueSpecification\",\"valueRequired\":true,\"valueName\":\"search_term_string\"}}],\"inLanguage\":\"de\"},{\"@type\":\"Organization\",\"@id\":\"https:\/\/www.peek-und-cloppenburg.de\/de\/#organization\",\"name\":\"Peek&Cloppenburg KG Hamburg\",\"url\":\"https:\/\/www.peek-und-cloppenburg.de\/de\/\",\"logo\":{\"@type\":\"ImageObject\",\"inLanguage\":\"de\",\"@id\":\"https:\/\/www.peek-und-cloppenburg.de\/de\/#\/schema\/logo\/image\/\",\"url\":\"https:\/\/www.peek-und-cloppenburg.de\/de\/wp-content\/uploads\/sites\/7\/2020\/02\/logo_pc.svg\",\"contentUrl\":\"https:\/\/www.peek-und-cloppenburg.de\/de\/wp-content\/uploads\/sites\/7\/2020\/02\/logo_pc.svg\",\"width\":\"1024\",\"height\":\"1024\",\"caption\":\"Peek&Cloppenburg KG Hamburg\"},\"image\":{\"@id\":\"https:\/\/www.peek-und-cloppenburg.de\/de\/#\/schema\/logo\/image\/\"},\"sameAs\":[\"https:\/\/de-de.facebook.com\/peekundcloppenburg\/\",\"https:\/\/www.instagram.com\/vangraaf_de\/\",\"https:\/\/www.youtube.com\/channel\/UCPdkk0FSUkdWYlzYtJpiUuw\",\"https:\/\/www.snapchat.com\/add\/Pundckarriere\"]}]}<\/script>\n<!-- \/ Yoast SEO plugin. -->","yoast_head_json":{"title":"Bewerbungstipps | | Peek&Cloppenburg Hamburg","description":"Du hast Lust auf spannende, herausfordernde T\u00e4tigkeiten im Einzelhandel? Dann bewirb Dich online bei Peek&Cloppenburg! Alle Informationen erh\u00e4ltst Du hier.","robots":{"index":"index","follow":"follow","max-snippet":"max-snippet:-1","max-image-preview":"max-image-preview:large","max-video-preview":"max-video-preview:-1"},"canonical":"https:\/\/www.peek-und-cloppenburg.de\/de\/karriere\/richtig-bewerben\/bewerbungstipps\/","og_locale":"de_DE","og_type":"article","og_title":"Bewerbungstipps | | Peek&Cloppenburg Hamburg","og_description":"Du hast Lust auf spannende, herausfordernde T\u00e4tigkeiten im Einzelhandel? Dann bewirb Dich online bei Peek&Cloppenburg! Alle Informationen erh\u00e4ltst Du hier.","og_url":"https:\/\/www.peek-und-cloppenburg.de\/de\/karriere\/richtig-bewerben\/bewerbungstipps\/","og_site_name":"Peek&amp;Cloppenburg Deutschland","article_publisher":"https:\/\/de-de.facebook.com\/peekundcloppenburg\/","article_modified_time":"2025-10-23T13:17:26+00:00","twitter_card":"summary_large_image","twitter_misc":{"Gesch\u00e4tzte Lesezeit":"4\u00a0Minuten"},"schema":{"@context":"https:\/\/schema.org","@graph":[{"@type":"WebPage","@id":"https:\/\/www.peek-und-cloppenburg.de\/de\/karriere\/richtig-bewerben\/bewerbungstipps\/","url":"https:\/\/www.peek-und-cloppenburg.de\/de\/karriere\/richtig-bewerben\/bewerbungstipps\/","name":"Bewerbungstipps | | Peek&Cloppenburg Hamburg","isPartOf":{"@id":"https:\/\/www.peek-und-cloppenburg.de\/de\/#website"},"datePublished":"2022-01-24T12:01:55+00:00","dateModified":"2025-10-23T13:17:26+00:00","description":"Du hast Lust auf spannende, herausfordernde T\u00e4tigkeiten im Einzelhandel? Dann bewirb Dich online bei Peek&Cloppenburg! Alle Informationen erh\u00e4ltst Du hier.","breadcrumb":{"@id":"https:\/\/www.peek-und-cloppenburg.de\/de\/karriere\/richtig-bewerben\/bewerbungstipps\/#breadcrumb"},"inLanguage":"de","potentialAction":[{"@type":"ReadAction","target":["https:\/\/www.peek-und-cloppenburg.de\/de\/karriere\/richtig-bewerben\/bewerbungstipps\/"]}]},{"@type":"BreadcrumbList","@id":"https:\/\/www.peek-und-cloppenburg.de\/de\/karriere\/richtig-bewerben\/bewerbungstipps\/#breadcrumb","itemListElement":[{"@type":"ListItem","position":1,"name":"Startseite","item":"https:\/\/www.peek-und-cloppenburg.de\/de\/"},{"@type":"ListItem","position":2,"name":"Karriere","item":"https:\/\/www.peek-und-cloppenburg.de\/de\/karriere\/"},{"@type":"ListItem","position":3,"name":"Richtig bewerben","item":"https:\/\/www.peek-und-cloppenburg.de\/de\/karriere\/richtig-bewerben\/"},{"@type":"ListItem","position":4,"name":"Bewerbungstipps"}]},{"@type":"WebSite","@id":"https:\/\/www.peek-und-cloppenburg.de\/de\/#website","url":"https:\/\/www.peek-und-cloppenburg.de\/de\/","name":"Peek&Cloppenburg KG Hamburg","description":"Peek&amp;Cloppenburg KG Hamburg","publisher":{"@id":"https:\/\/www.peek-und-cloppenburg.de\/de\/#organization"},"potentialAction":[{"@type":"SearchAction","target":{"@type":"EntryPoint","urlTemplate":"https:\/\/www.peek-und-cloppenburg.de\/de\/?s={search_term_string}"},"query-input":{"@type":"PropertyValueSpecification","valueRequired":true,"valueName":"search_term_string"}}],"inLanguage":"de"},{"@type":"Organization","@id":"https:\/\/www.peek-und-cloppenburg.de\/de\/#organization","name":"Peek&Cloppenburg KG Hamburg","url":"https:\/\/www.peek-und-cloppenburg.de\/de\/","logo":{"@type":"ImageObject","inLanguage":"de","@id":"https:\/\/www.peek-und-cloppenburg.de\/de\/#\/schema\/logo\/image\/","url":"https:\/\/www.peek-und-cloppenburg.de\/de\/wp-content\/uploads\/sites\/7\/2020\/02\/logo_pc.svg","contentUrl":"https:\/\/www.peek-und-cloppenburg.de\/de\/wp-content\/uploads\/sites\/7\/2020\/02\/logo_pc.svg","width":"1024","height":"1024","caption":"Peek&Cloppenburg KG Hamburg"},"image":{"@id":"https:\/\/www.peek-und-cloppenburg.de\/de\/#\/schema\/logo\/image\/"},"sameAs":["https:\/\/de-de.facebook.com\/peekundcloppenburg\/","https:\/\/www.instagram.com\/vangraaf_de\/","https:\/\/www.youtube.com\/channel\/UCPdkk0FSUkdWYlzYtJpiUuw","https:\/\/www.snapchat.com\/add\/Pundckarriere"]}]}},"_links":{"self":[{"href":"https:\/\/www.peek-und-cloppenburg.de\/de\/wp-json\/wp\/v2\/pages\/1552","targetHints":{"allow":["GET"]}}],"collection":[{"href":"https:\/\/www.peek-und-cloppenburg.de\/de\/wp-json\/wp\/v2\/pages"}],"about":[{"href":"https:\/\/www.peek-und-cloppenburg.de\/de\/wp-json\/wp\/v2\/types\/page"}],"author":[{"embeddable":true,"href":"https:\/\/www.peek-und-cloppenburg.de\/de\/wp-json\/wp\/v2\/users\/6"}],"replies":[{"embeddable":true,"href":"https:\/\/www.peek-und-cloppenburg.de\/de\/wp-json\/wp\/v2\/comments?post=1552"}],"version-history":[{"count":34,"href":"https:\/\/www.peek-und-cloppenburg.de\/de\/wp-json\/wp\/v2\/pages\/1552\/revisions"}],"predecessor-version":[{"id":12240,"href":"https:\/\/www.peek-und-cloppenburg.de\/de\/wp-json\/wp\/v2\/pages\/1552\/revisions\/12240"}],"up":[{"embeddable":true,"href":"https:\/\/www.peek-und-cloppenburg.de\/de\/wp-json\/wp\/v2\/pages\/1548"}],"wp:attachment":[{"href":"https:\/\/www.peek-und-cloppenburg.de\/de\/wp-json\/wp\/v2\/media?parent=1552"}],"curies":[{"name":"wp","href":"https:\/\/api.w.org\/{rel}","templated":true}]}}