{"id":1536,"date":"2022-01-24T12:58:08","date_gmt":"2022-01-24T11:58:08","guid":{"rendered":"https:\/\/www.peek-und-cloppenburg.de\/de\/?page_id=1536"},"modified":"2025-04-24T14:21:23","modified_gmt":"2025-04-24T12:21:23","slug":"fachbereiche","status":"publish","type":"page","link":"https:\/\/www.peek-und-cloppenburg.de\/de\/karriere\/jobs\/fachbereiche\/","title":{"rendered":"Fachbereiche"},"content":{"rendered":"<div class=\"wpb-content-wrapper\">[vc_row bwd_tbc4vd_show_weekday=&#8220;&#8220; full_width=&#8220;stretch_row_content_no_spaces&#8220;][vc_column]<div class=\"keyvisual\" data-aos=\"fade-up\" ><img loading=\"lazy\" decoding=\"async\" width=\"1440\" height=\"480\" src=\"https:\/\/www.peek-und-cloppenburg.de\/de\/wp-content\/uploads\/sites\/7\/2022\/02\/M8_E_VK_Logistik_054.jpg\" class=\"vc_single_image-img keyvisual__image--big\" alt=\"Zwei Personen, ein Mann und eine Frau, sitzen vor einem dunkelblauen Hintergrund. Die Frau tr\u00e4gt ein wei\u00dfes Hemd mit einer braunen Weste, der Mann ein schwarzes Hemd. Sie l\u00e4cheln sich an.\" srcset=\"https:\/\/www.peek-und-cloppenburg.de\/de\/wp-content\/uploads\/sites\/7\/2022\/02\/M8_E_VK_Logistik_054.jpg 1440w, https:\/\/www.peek-und-cloppenburg.de\/de\/wp-content\/uploads\/sites\/7\/2022\/02\/M8_E_VK_Logistik_054-300x100.jpg 300w, https:\/\/www.peek-und-cloppenburg.de\/de\/wp-content\/uploads\/sites\/7\/2022\/02\/M8_E_VK_Logistik_054-1024x341.jpg 1024w, https:\/\/www.peek-und-cloppenburg.de\/de\/wp-content\/uploads\/sites\/7\/2022\/02\/M8_E_VK_Logistik_054-768x256.jpg 768w, https:\/\/www.peek-und-cloppenburg.de\/de\/wp-content\/uploads\/sites\/7\/2022\/02\/M8_E_VK_Logistik_054-1200x400.jpg 1200w, https:\/\/www.peek-und-cloppenburg.de\/de\/wp-content\/uploads\/sites\/7\/2022\/02\/M8_E_VK_Logistik_054-992x331.jpg 992w, https:\/\/www.peek-und-cloppenburg.de\/de\/wp-content\/uploads\/sites\/7\/2022\/02\/M8_E_VK_Logistik_054-480x160.jpg 480w, https:\/\/www.peek-und-cloppenburg.de\/de\/wp-content\/uploads\/sites\/7\/2022\/02\/M8_E_VK_Logistik_054-690x230.jpg 690w\" sizes=\"(max-width: 1440px) 100vw, 1440px\" \/><img loading=\"lazy\" decoding=\"async\" width=\"768\" height=\"250\" src=\"https:\/\/www.peek-und-cloppenburg.de\/de\/wp-content\/uploads\/sites\/7\/2022\/02\/M8_E_VK_Logistik_054-1.jpg\" class=\"vc_single_image-img keyvisual__image--small\" alt=\"Zwei Personen, ein Mann und eine Frau, sitzen vor einem dunkelblauen Hintergrund. Die Frau tr\u00e4gt ein wei\u00dfes Hemd mit einer braunen Weste, der Mann ein schwarzes Hemd. Sie l\u00e4cheln sich an.\" srcset=\"https:\/\/www.peek-und-cloppenburg.de\/de\/wp-content\/uploads\/sites\/7\/2022\/02\/M8_E_VK_Logistik_054-1.jpg 768w, https:\/\/www.peek-und-cloppenburg.de\/de\/wp-content\/uploads\/sites\/7\/2022\/02\/M8_E_VK_Logistik_054-1-300x98.jpg 300w, https:\/\/www.peek-und-cloppenburg.de\/de\/wp-content\/uploads\/sites\/7\/2022\/02\/M8_E_VK_Logistik_054-1-480x156.jpg 480w, https:\/\/www.peek-und-cloppenburg.de\/de\/wp-content\/uploads\/sites\/7\/2022\/02\/M8_E_VK_Logistik_054-1-690x225.jpg 690w\" sizes=\"(max-width: 768px) 100vw, 768px\" \/><\/div>\n        <div class=\"headlines headlines--center\" data-aos=\"fade-up\">\n            <div class=\"vc_row\">\n                <div class=\"vc_col-md-10 vc_col-md-offset-1 vc_col-lg-10 vc_col-lg-offset-1\"><span class=\"h6\">Die Vielfalt bei Peek&amp;Cloppenburg* Hamburg<\/span><h1 class=\"h2\">Fachbereiche<\/h1><\/div>\n            <\/div>\n        <\/div>[vc_column_text]\r\n<p style=\"text-align: center\">Internationaler Omnichannel-Retail ist vor allem eins: vielf\u00e4ltig! Was unsere Fachbereiche verbindet? Die gemeinsame Vision, unseren Kund:innen auf all unseren Kan\u00e4len das perfekte Einkaufserlebnis zu bieten. Das hei\u00dft f\u00fcr Dich: Ein dynamisches und spannendes Aufgabenfeld in einem Team, in dem Du Dich sofort willkommen f\u00fchlst.\r\nEntdecke die Vielfalt, die Peek&amp;Cloppenburg* Dir bietet.<\/p>\r\n[\/vc_column_text][\/vc_column][\/vc_row][vc_row bwd_tbc4vd_show_weekday=&#8220;&#8220; el_class=&#8220;vg-padding&#8220;][vc_column]\n        <div class=\"vg-element promo-teaser promo-teaser--  promo-teaser--\" style=\"--season-color: #ffffff;\" data-aos=\"fade-up\">\n            <div class=\"vc_row vc_row-flex\">\n                <div class=\"vc_col-sm-6 promo-teaser__image\">\n                    <a class=\"\" href=\"https:\/\/www.peek-und-cloppenburg.de\/de\/karriere\/jobs\/fachbereiche\/stores\/\" target=\"_self\" rel=\"\" style=\"\"><img loading=\"lazy\" decoding=\"async\" width=\"599\" height=\"549\" src=\"https:\/\/www.peek-und-cloppenburg.de\/de\/wp-content\/uploads\/sites\/7\/2022\/02\/Verkaufshaeuser_1.jpg\" class=\"vc_single_image-img\" alt=\"Eine P&amp;C* Filiale von innen, mit Kleidung auf Metallgestellen, darunter Pullover und Hosen. Im Hintergrund sind weitere Regale und Schaufensterpuppen zu sehen.\" srcset=\"https:\/\/www.peek-und-cloppenburg.de\/de\/wp-content\/uploads\/sites\/7\/2022\/02\/Verkaufshaeuser_1.jpg 599w, https:\/\/www.peek-und-cloppenburg.de\/de\/wp-content\/uploads\/sites\/7\/2022\/02\/Verkaufshaeuser_1-300x275.jpg 300w, https:\/\/www.peek-und-cloppenburg.de\/de\/wp-content\/uploads\/sites\/7\/2022\/02\/Verkaufshaeuser_1-480x440.jpg 480w\" sizes=\"(max-width: 599px) 100vw, 599px\" \/><\/a>\n                <\/div>\n                <div class=\"vc_col-sm-6\">\n                    <div class=\"promo-teaser__content-wrapper\">\n                        <div class=\"promo-teaser__content promo-teaser__content--center\"><h3>Stores<\/h3><p>In unseren Stores sind wir mit unserer Markenvielfalt und unserem Service pers\u00f6nlich f\u00fcr unsere Kund:innen da. Begleitet und beraten werden sie von unseren leidenschaftlichen Teams, die an unseren Standorten immer nach neuen Kolleg:innen suchen. Ob im Verkauf, an der Kasse, im Visual Merchandising oder in der Inhouse-Logistik: Wir bieten Dir in unseren Stores einen spannenden Job, der jeden Tag anders ist.<\/p>\n<a class=\"button button--\" href=\"https:\/\/www.peek-und-cloppenburg.de\/de\/karriere\/jobs\/fachbereiche\/stores\/\" target=\"_self\" rel=\"\" style=\"\">Jobs im Store<\/a><\/div>\n                    <\/div>\n                <\/div>\n            <\/div>\n        <\/div>\n        <div class=\"vg-element promo-teaser promo-teaser--right  promo-teaser--\" style=\"--season-color: #ffffff;\" data-aos=\"fade-up\">\n            <div class=\"vc_row vc_row-flex\">\n                <div class=\"vc_col-sm-6 promo-teaser__image vc_col-sm-push-6\">\n                    <a class=\"\" href=\"https:\/\/www.peek-und-cloppenburg.de\/de\/karriere\/jobs\/fachbereiche\/e-commerce-hamburg\/\" target=\"_self\" rel=\"\" style=\"\"><img loading=\"lazy\" decoding=\"async\" width=\"599\" height=\"549\" src=\"https:\/\/www.peek-und-cloppenburg.de\/de\/wp-content\/uploads\/sites\/7\/2022\/02\/Fachbereiche_ecom-1.jpg\" class=\"vc_single_image-img\" alt=\"Eine Person mit langen Haaren betrachtet auf einem Laptop den Onlineshop von P&amp;C* Hamburg.\" srcset=\"https:\/\/www.peek-und-cloppenburg.de\/de\/wp-content\/uploads\/sites\/7\/2022\/02\/Fachbereiche_ecom-1.jpg 599w, https:\/\/www.peek-und-cloppenburg.de\/de\/wp-content\/uploads\/sites\/7\/2022\/02\/Fachbereiche_ecom-1-300x275.jpg 300w, https:\/\/www.peek-und-cloppenburg.de\/de\/wp-content\/uploads\/sites\/7\/2022\/02\/Fachbereiche_ecom-1-480x440.jpg 480w\" sizes=\"(max-width: 599px) 100vw, 599px\" \/><\/a>\n                <\/div>\n                <div class=\"vc_col-sm-6 vc_col-sm-pull-6\">\n                    <div class=\"promo-teaser__content-wrapper\">\n                        <div class=\"promo-teaser__content promo-teaser__content--center\"><span class=\"h6\">Hamburg<\/span><h3>E-Commerce<\/h3><p>Im E-Commerce bieten wir auf VANGRAAF.COM ein einzigartiges Shoppingerlebnis an. Hinter unserem erfolgreichen Online-Shop arbeiten viele unterschiedliche Teams, um unsere Sortimente zu vermarkten und uns als Plattform weiterzuentwickeln. Ein dynamischer und schnell wachsender Bereich, f\u00fcr den wir genau Dich suchen.<\/p>\n<a class=\"button button--\" href=\"https:\/\/www.peek-und-cloppenburg.de\/de\/karriere\/jobs\/fachbereiche\/e-commerce-hamburg\/\" target=\"_self\" rel=\"\" style=\"\">Jobs im E-Com<\/a><\/div>\n                    <\/div>\n                <\/div>\n            <\/div>\n        <\/div>\n        <div class=\"vg-element promo-teaser promo-teaser--  promo-teaser--\" style=\"--season-color: #ffffff;\" data-aos=\"fade-up\">\n            <div class=\"vc_row vc_row-flex\">\n                <div class=\"vc_col-sm-6 promo-teaser__image\">\n                    <a class=\"\" href=\"https:\/\/www.peek-und-cloppenburg.de\/de\/karriere\/jobs\/fachbereiche\/zentrale-hamburg\/\" target=\"_self\" rel=\"\" style=\"\"><img loading=\"lazy\" decoding=\"async\" width=\"599\" height=\"549\" src=\"https:\/\/www.peek-und-cloppenburg.de\/de\/wp-content\/uploads\/sites\/7\/2022\/03\/Puc_Zentrale.jpg\" class=\"vc_single_image-img\" alt=\"Geb\u00e4udezeichnung eines modernen, mehrst\u00f6ckigen Kaufhauses mit der Aufschrift &quot;P&amp;C*&quot; und einer Fahne auf dem Dach.\" srcset=\"https:\/\/www.peek-und-cloppenburg.de\/de\/wp-content\/uploads\/sites\/7\/2022\/03\/Puc_Zentrale.jpg 599w, https:\/\/www.peek-und-cloppenburg.de\/de\/wp-content\/uploads\/sites\/7\/2022\/03\/Puc_Zentrale-300x275.jpg 300w, https:\/\/www.peek-und-cloppenburg.de\/de\/wp-content\/uploads\/sites\/7\/2022\/03\/Puc_Zentrale-480x440.jpg 480w\" sizes=\"(max-width: 599px) 100vw, 599px\" \/><\/a>\n                <\/div>\n                <div class=\"vc_col-sm-6\">\n                    <div class=\"promo-teaser__content-wrapper\">\n                        <div class=\"promo-teaser__content promo-teaser__content--center\"><span class=\"h6\">Hamburg<\/span><h3>Zentrale<\/h3><p>Unsere Zentrale ist das Headquarter von Peek&amp;Cloppenburg*. Vom Einkauf \u00fcber die IT bis zum Marketing und dem Bereich Human Resources \u2013 in allen unterschiedlichen Bereichen treiben wir die Entwicklung von Peek&amp;Cloppenburg* direkt mit voran. Unsere Teams sind genauso vielf\u00e4ltig wie die Aufgaben, die dort auf Dich warten.<\/p>\n<a class=\"button button--\" href=\"https:\/\/www.peek-und-cloppenburg.de\/de\/karriere\/jobs\/fachbereiche\/zentrale-hamburg\/\" target=\"_self\" rel=\"\" style=\"\">Jobs in der Zentrale<\/a><\/div>\n                    <\/div>\n                <\/div>\n            <\/div>\n        <\/div>\n        <div class=\"vg-element promo-teaser promo-teaser--right  promo-teaser--\" style=\"--season-color: #ffffff;\" data-aos=\"fade-up\">\n            <div class=\"vc_row vc_row-flex\">\n                <div class=\"vc_col-sm-6 promo-teaser__image vc_col-sm-push-6\">\n                    <a class=\"\" href=\"https:\/\/www.peek-und-cloppenburg.de\/de\/karriere\/jobs\/fachbereiche\/logistik-reinbek\/\" target=\"_self\" rel=\"\" style=\"\"><img loading=\"lazy\" decoding=\"async\" width=\"599\" height=\"549\" src=\"https:\/\/www.peek-und-cloppenburg.de\/de\/wp-content\/uploads\/sites\/7\/2022\/03\/Reinbek_Promo.jpg\" class=\"vc_single_image-img\" alt=\"Ein gro\u00dfes Industriegeb\u00e4ude mit angrenzenden Laderampen und geparkten Lastwagen.\" srcset=\"https:\/\/www.peek-und-cloppenburg.de\/de\/wp-content\/uploads\/sites\/7\/2022\/03\/Reinbek_Promo.jpg 599w, https:\/\/www.peek-und-cloppenburg.de\/de\/wp-content\/uploads\/sites\/7\/2022\/03\/Reinbek_Promo-300x275.jpg 300w, https:\/\/www.peek-und-cloppenburg.de\/de\/wp-content\/uploads\/sites\/7\/2022\/03\/Reinbek_Promo-480x440.jpg 480w\" sizes=\"(max-width: 599px) 100vw, 599px\" \/><\/a>\n                <\/div>\n                <div class=\"vc_col-sm-6 vc_col-sm-pull-6\">\n                    <div class=\"promo-teaser__content-wrapper\">\n                        <div class=\"promo-teaser__content promo-teaser__content--center\"><span class=\"h6\">Hamburg<\/span><h3>Logistik<\/h3><p>In unserem Logistik-Zentrum steuern wir den Weg unserer Waren. Wir optimieren und kontrollieren viele Stationen einer internationalen Lieferkette, bis wir unser Sortiment in unseren Stores und auf VANGRAAF.COM anbieten k\u00f6nnen. Das bedeutet f\u00fcr Dich: Viele spannende M\u00f6glichkeiten direkt am Puls der Logistik bei Peek&amp;Cloppenburg*.<\/p>\n<a class=\"button button--\" href=\"https:\/\/www.peek-und-cloppenburg.de\/de\/karriere\/jobs\/fachbereiche\/logistik-reinbek\/\" target=\"_self\" rel=\"\" style=\"\">Jobs in der Logistik<\/a><\/div>\n                    <\/div>\n                <\/div>\n            <\/div>\n        <\/div>[\/vc_column][\/vc_row][vc_row][vc_column]\n        <div class=\"headlines headlines--center\" data-aos=\"fade-up\">\n            <div class=\"vc_row\">\n                <div class=\"vc_col-md-10 vc_col-md-offset-1 vc_col-lg-10 vc_col-lg-offset-1\"><span class=\"h6\">Du hast Fragen?<\/span><h2 class=\"h2\">Einstieg bei Peek&amp;Cloppenburg*<\/h2><\/div>\n            <\/div>\n        <\/div><div class=\"vg-element contact-persons-teaser\" data-aos=\"fade-up\"><div class=\"vc_row\"><div class=\"vc_col-md-10 vc_col-md-offset-1\"><div class=\"contact-persons-teaser__items vc_row\"><div class=\"contact-persons-teaser__item vc_col-sm-6\"><div class=\"vc_row vc_row-flex\"><div class=\"vc_col-xs-4 contact-persons-teaser__item__image\"><img loading=\"lazy\" decoding=\"async\" width=\"280\" height=\"280\" src=\"https:\/\/www.peek-und-cloppenburg.de\/de\/wp-content\/uploads\/sites\/7\/2022\/03\/Lucille_kontakt-280x280.jpg\" class=\"attachment-van-graaf-small-square-teaser size-van-graaf-small-square-teaser\" alt=\"Eine junge Frau mit langen blonden Haaren und Brille vor einem blauen Hintergrund.\" srcset=\"https:\/\/www.peek-und-cloppenburg.de\/de\/wp-content\/uploads\/sites\/7\/2022\/03\/Lucille_kontakt-280x280.jpg 280w, https:\/\/www.peek-und-cloppenburg.de\/de\/wp-content\/uploads\/sites\/7\/2022\/03\/Lucille_kontakt-300x300.jpg 300w, https:\/\/www.peek-und-cloppenburg.de\/de\/wp-content\/uploads\/sites\/7\/2022\/03\/Lucille_kontakt-150x150.jpg 150w, https:\/\/www.peek-und-cloppenburg.de\/de\/wp-content\/uploads\/sites\/7\/2022\/03\/Lucille_kontakt.jpg 400w\" sizes=\"(max-width: 280px) 100vw, 280px\" \/><\/div><div class=\"vc_col-xs-8 contact-persons-teaser__item__text\"><div class=\"contact-persons-teaser__item__text__inner\"><span class=\"h4\">Recruiting Professionals E-Commerce, Zentrale &amp; Logistik<\/span><p><span class=\"contact-persons-teaser__item__name\">Lucille Bumann<\/span><br\/><a class=\"contact-persons-teaser__item__phone\" href=\"tel:+491757204117\">+49 175 7204117<\/a><br\/><a class=\"contact-persons-teaser__item__email\" href=\"mailto:karriere@peek-und-cloppenburg.de\">E-Mail senden<\/a><\/p><\/div><\/div><\/div><\/div><div class=\"contact-persons-teaser__item vc_col-sm-6\"><div class=\"vc_row vc_row-flex\"><div class=\"vc_col-xs-4 contact-persons-teaser__item__image\"><img loading=\"lazy\" decoding=\"async\" width=\"280\" height=\"280\" src=\"https:\/\/www.peek-und-cloppenburg.de\/de\/wp-content\/uploads\/sites\/7\/2024\/06\/Carmen_Stoecker_Karriere_AP.jpg\" class=\"attachment-van-graaf-small-square-teaser size-van-graaf-small-square-teaser\" alt=\"Eine Frau mit schwarzem Haar und einem wei\u00dfen Oberteil l\u00e4chelt vor einem neutralen Hintergrund.\" srcset=\"https:\/\/www.peek-und-cloppenburg.de\/de\/wp-content\/uploads\/sites\/7\/2024\/06\/Carmen_Stoecker_Karriere_AP.jpg 280w, https:\/\/www.peek-und-cloppenburg.de\/de\/wp-content\/uploads\/sites\/7\/2024\/06\/Carmen_Stoecker_Karriere_AP-150x150.jpg 150w\" sizes=\"(max-width: 280px) 100vw, 280px\" \/><\/div><div class=\"vc_col-xs-8 contact-persons-teaser__item__text\"><div class=\"contact-persons-teaser__item__text__inner\"><span class=\"h4\">Recruiting Store Talents &amp; Logistik<\/span><p><span class=\"contact-persons-teaser__item__name\">Carmen Str\u00f6cker<\/span><br\/><a class=\"contact-persons-teaser__item__phone\" href=\"tel:+4915155114150\">+49 151 551 14150<\/a><br\/><a class=\"contact-persons-teaser__item__email\" href=\"mailto:karriere@peek-und-cloppenburg.de\">E-Mail senden<\/a><\/p><\/div><\/div><\/div><\/div><\/div><\/div><\/div><\/div>[\/vc_column][\/vc_row]<\/div>","protected":false},"excerpt":{"rendered":"[vc_row bwd_tbc4vd_show_weekday=&#8220;&#8220; full_width=&#8220;stretch_row_content_no_spaces&#8220;][vc_column][vc_column_text] Internationaler Omnichannel-Retail ist vor allem eins: vielf\u00e4ltig! Was unsere Fachbereiche verbindet? Die gemeinsame Vision, unseren Kund:innen auf all unseren Kan\u00e4len das perfekte Einkaufserlebnis zu bieten. Das hei\u00dft f\u00fcr Dich: Ein dynamisches und spannendes Aufgabenfeld in einem Team, in dem Du Dich sofort willkommen f\u00fchlst. Entdecke die Vielfalt, die Peek&amp;Cloppenburg* Dir bietet. [\/vc_column_text][\/vc_column][\/vc_row][vc_row [&hellip;]","protected":false},"author":6,"featured_media":0,"parent":1534,"menu_order":0,"comment_status":"closed","ping_status":"closed","template":"","meta":{"_acf_changed":false,"inline_featured_image":false,"footnotes":""},"class_list":["post-1536","page","type-page","status-publish","hentry"],"acf":[],"yoast_head":"<!-- This site is optimized with the Yoast SEO plugin v27.2 - https:\/\/yoast.com\/product\/yoast-seo-wordpress\/ -->\n<title>Fachbereiche I Peek&amp;Cloppenburg Hamburg<\/title>\n<meta name=\"description\" content=\"Du m\u00f6chtest bei Peek&amp;Cloppenburg Hamburg durchstarten? Entdecke die vielf\u00e4ltigen Einstiegsm\u00f6glichkeiten, die wir Dir in unseren Fachbereichen bieten.\" \/>\n<meta name=\"robots\" content=\"index, follow, max-snippet:-1, max-image-preview:large, max-video-preview:-1\" \/>\n<link rel=\"canonical\" href=\"https:\/\/www.peek-und-cloppenburg.de\/de\/karriere\/jobs\/fachbereiche\/\" \/>\n<meta property=\"og:locale\" content=\"de_DE\" \/>\n<meta property=\"og:type\" content=\"article\" \/>\n<meta property=\"og:title\" content=\"Fachbereiche I Peek&amp;Cloppenburg Hamburg\" \/>\n<meta property=\"og:description\" content=\"Du m\u00f6chtest bei Peek&amp;Cloppenburg Hamburg durchstarten? Entdecke die vielf\u00e4ltigen Einstiegsm\u00f6glichkeiten, die wir Dir in unseren Fachbereichen bieten.\" \/>\n<meta property=\"og:url\" content=\"https:\/\/www.peek-und-cloppenburg.de\/de\/karriere\/jobs\/fachbereiche\/\" \/>\n<meta property=\"og:site_name\" content=\"Peek&amp;Cloppenburg Deutschland\" \/>\n<meta property=\"article:publisher\" content=\"https:\/\/de-de.facebook.com\/peekundcloppenburg\/\" \/>\n<meta property=\"article:modified_time\" content=\"2025-04-24T12:21:23+00:00\" \/>\n<meta name=\"twitter:card\" content=\"summary_large_image\" \/>\n<meta name=\"twitter:label1\" content=\"Gesch\u00e4tzte Lesezeit\" \/>\n\t<meta name=\"twitter:data1\" content=\"3\u00a0Minuten\" \/>\n<script type=\"application\/ld+json\" class=\"yoast-schema-graph\">{\"@context\":\"https:\/\/schema.org\",\"@graph\":[{\"@type\":\"WebPage\",\"@id\":\"https:\/\/www.peek-und-cloppenburg.de\/de\/karriere\/jobs\/fachbereiche\/\",\"url\":\"https:\/\/www.peek-und-cloppenburg.de\/de\/karriere\/jobs\/fachbereiche\/\",\"name\":\"Fachbereiche I Peek&Cloppenburg Hamburg\",\"isPartOf\":{\"@id\":\"https:\/\/www.peek-und-cloppenburg.de\/de\/#website\"},\"datePublished\":\"2022-01-24T11:58:08+00:00\",\"dateModified\":\"2025-04-24T12:21:23+00:00\",\"description\":\"Du m\u00f6chtest bei Peek&Cloppenburg Hamburg durchstarten? Entdecke die vielf\u00e4ltigen Einstiegsm\u00f6glichkeiten, die wir Dir in unseren Fachbereichen bieten.\",\"breadcrumb\":{\"@id\":\"https:\/\/www.peek-und-cloppenburg.de\/de\/karriere\/jobs\/fachbereiche\/#breadcrumb\"},\"inLanguage\":\"de\",\"potentialAction\":[{\"@type\":\"ReadAction\",\"target\":[\"https:\/\/www.peek-und-cloppenburg.de\/de\/karriere\/jobs\/fachbereiche\/\"]}]},{\"@type\":\"BreadcrumbList\",\"@id\":\"https:\/\/www.peek-und-cloppenburg.de\/de\/karriere\/jobs\/fachbereiche\/#breadcrumb\",\"itemListElement\":[{\"@type\":\"ListItem\",\"position\":1,\"name\":\"Startseite\",\"item\":\"https:\/\/www.peek-und-cloppenburg.de\/de\/\"},{\"@type\":\"ListItem\",\"position\":2,\"name\":\"Karriere\",\"item\":\"https:\/\/www.peek-und-cloppenburg.de\/de\/karriere\/\"},{\"@type\":\"ListItem\",\"position\":3,\"name\":\"Aktuelle Jobs\",\"item\":\"https:\/\/www.peek-und-cloppenburg.de\/de\/karriere\/jobs\/\"},{\"@type\":\"ListItem\",\"position\":4,\"name\":\"Fachbereiche\"}]},{\"@type\":\"WebSite\",\"@id\":\"https:\/\/www.peek-und-cloppenburg.de\/de\/#website\",\"url\":\"https:\/\/www.peek-und-cloppenburg.de\/de\/\",\"name\":\"Peek&Cloppenburg KG Hamburg\",\"description\":\"Peek&amp;Cloppenburg KG Hamburg\",\"publisher\":{\"@id\":\"https:\/\/www.peek-und-cloppenburg.de\/de\/#organization\"},\"potentialAction\":[{\"@type\":\"SearchAction\",\"target\":{\"@type\":\"EntryPoint\",\"urlTemplate\":\"https:\/\/www.peek-und-cloppenburg.de\/de\/?s={search_term_string}\"},\"query-input\":{\"@type\":\"PropertyValueSpecification\",\"valueRequired\":true,\"valueName\":\"search_term_string\"}}],\"inLanguage\":\"de\"},{\"@type\":\"Organization\",\"@id\":\"https:\/\/www.peek-und-cloppenburg.de\/de\/#organization\",\"name\":\"Peek&Cloppenburg KG Hamburg\",\"url\":\"https:\/\/www.peek-und-cloppenburg.de\/de\/\",\"logo\":{\"@type\":\"ImageObject\",\"inLanguage\":\"de\",\"@id\":\"https:\/\/www.peek-und-cloppenburg.de\/de\/#\/schema\/logo\/image\/\",\"url\":\"https:\/\/www.peek-und-cloppenburg.de\/de\/wp-content\/uploads\/sites\/7\/2020\/02\/logo_pc.svg\",\"contentUrl\":\"https:\/\/www.peek-und-cloppenburg.de\/de\/wp-content\/uploads\/sites\/7\/2020\/02\/logo_pc.svg\",\"width\":\"1024\",\"height\":\"1024\",\"caption\":\"Peek&Cloppenburg KG Hamburg\"},\"image\":{\"@id\":\"https:\/\/www.peek-und-cloppenburg.de\/de\/#\/schema\/logo\/image\/\"},\"sameAs\":[\"https:\/\/de-de.facebook.com\/peekundcloppenburg\/\",\"https:\/\/www.instagram.com\/vangraaf_de\/\",\"https:\/\/www.youtube.com\/channel\/UCPdkk0FSUkdWYlzYtJpiUuw\",\"https:\/\/www.snapchat.com\/add\/Pundckarriere\"]}]}<\/script>\n<!-- \/ Yoast SEO plugin. -->","yoast_head_json":{"title":"Fachbereiche I Peek&Cloppenburg Hamburg","description":"Du m\u00f6chtest bei Peek&Cloppenburg Hamburg durchstarten? Entdecke die vielf\u00e4ltigen Einstiegsm\u00f6glichkeiten, die wir Dir in unseren Fachbereichen bieten.","robots":{"index":"index","follow":"follow","max-snippet":"max-snippet:-1","max-image-preview":"max-image-preview:large","max-video-preview":"max-video-preview:-1"},"canonical":"https:\/\/www.peek-und-cloppenburg.de\/de\/karriere\/jobs\/fachbereiche\/","og_locale":"de_DE","og_type":"article","og_title":"Fachbereiche I Peek&Cloppenburg Hamburg","og_description":"Du m\u00f6chtest bei Peek&Cloppenburg Hamburg durchstarten? Entdecke die vielf\u00e4ltigen Einstiegsm\u00f6glichkeiten, die wir Dir in unseren Fachbereichen bieten.","og_url":"https:\/\/www.peek-und-cloppenburg.de\/de\/karriere\/jobs\/fachbereiche\/","og_site_name":"Peek&amp;Cloppenburg Deutschland","article_publisher":"https:\/\/de-de.facebook.com\/peekundcloppenburg\/","article_modified_time":"2025-04-24T12:21:23+00:00","twitter_card":"summary_large_image","twitter_misc":{"Gesch\u00e4tzte Lesezeit":"3\u00a0Minuten"},"schema":{"@context":"https:\/\/schema.org","@graph":[{"@type":"WebPage","@id":"https:\/\/www.peek-und-cloppenburg.de\/de\/karriere\/jobs\/fachbereiche\/","url":"https:\/\/www.peek-und-cloppenburg.de\/de\/karriere\/jobs\/fachbereiche\/","name":"Fachbereiche I Peek&Cloppenburg Hamburg","isPartOf":{"@id":"https:\/\/www.peek-und-cloppenburg.de\/de\/#website"},"datePublished":"2022-01-24T11:58:08+00:00","dateModified":"2025-04-24T12:21:23+00:00","description":"Du m\u00f6chtest bei Peek&Cloppenburg Hamburg durchstarten? Entdecke die vielf\u00e4ltigen Einstiegsm\u00f6glichkeiten, die wir Dir in unseren Fachbereichen bieten.","breadcrumb":{"@id":"https:\/\/www.peek-und-cloppenburg.de\/de\/karriere\/jobs\/fachbereiche\/#breadcrumb"},"inLanguage":"de","potentialAction":[{"@type":"ReadAction","target":["https:\/\/www.peek-und-cloppenburg.de\/de\/karriere\/jobs\/fachbereiche\/"]}]},{"@type":"BreadcrumbList","@id":"https:\/\/www.peek-und-cloppenburg.de\/de\/karriere\/jobs\/fachbereiche\/#breadcrumb","itemListElement":[{"@type":"ListItem","position":1,"name":"Startseite","item":"https:\/\/www.peek-und-cloppenburg.de\/de\/"},{"@type":"ListItem","position":2,"name":"Karriere","item":"https:\/\/www.peek-und-cloppenburg.de\/de\/karriere\/"},{"@type":"ListItem","position":3,"name":"Aktuelle Jobs","item":"https:\/\/www.peek-und-cloppenburg.de\/de\/karriere\/jobs\/"},{"@type":"ListItem","position":4,"name":"Fachbereiche"}]},{"@type":"WebSite","@id":"https:\/\/www.peek-und-cloppenburg.de\/de\/#website","url":"https:\/\/www.peek-und-cloppenburg.de\/de\/","name":"Peek&Cloppenburg KG Hamburg","description":"Peek&amp;Cloppenburg KG Hamburg","publisher":{"@id":"https:\/\/www.peek-und-cloppenburg.de\/de\/#organization"},"potentialAction":[{"@type":"SearchAction","target":{"@type":"EntryPoint","urlTemplate":"https:\/\/www.peek-und-cloppenburg.de\/de\/?s={search_term_string}"},"query-input":{"@type":"PropertyValueSpecification","valueRequired":true,"valueName":"search_term_string"}}],"inLanguage":"de"},{"@type":"Organization","@id":"https:\/\/www.peek-und-cloppenburg.de\/de\/#organization","name":"Peek&Cloppenburg KG Hamburg","url":"https:\/\/www.peek-und-cloppenburg.de\/de\/","logo":{"@type":"ImageObject","inLanguage":"de","@id":"https:\/\/www.peek-und-cloppenburg.de\/de\/#\/schema\/logo\/image\/","url":"https:\/\/www.peek-und-cloppenburg.de\/de\/wp-content\/uploads\/sites\/7\/2020\/02\/logo_pc.svg","contentUrl":"https:\/\/www.peek-und-cloppenburg.de\/de\/wp-content\/uploads\/sites\/7\/2020\/02\/logo_pc.svg","width":"1024","height":"1024","caption":"Peek&Cloppenburg KG Hamburg"},"image":{"@id":"https:\/\/www.peek-und-cloppenburg.de\/de\/#\/schema\/logo\/image\/"},"sameAs":["https:\/\/de-de.facebook.com\/peekundcloppenburg\/","https:\/\/www.instagram.com\/vangraaf_de\/","https:\/\/www.youtube.com\/channel\/UCPdkk0FSUkdWYlzYtJpiUuw","https:\/\/www.snapchat.com\/add\/Pundckarriere"]}]}},"_links":{"self":[{"href":"https:\/\/www.peek-und-cloppenburg.de\/de\/wp-json\/wp\/v2\/pages\/1536","targetHints":{"allow":["GET"]}}],"collection":[{"href":"https:\/\/www.peek-und-cloppenburg.de\/de\/wp-json\/wp\/v2\/pages"}],"about":[{"href":"https:\/\/www.peek-und-cloppenburg.de\/de\/wp-json\/wp\/v2\/types\/page"}],"author":[{"embeddable":true,"href":"https:\/\/www.peek-und-cloppenburg.de\/de\/wp-json\/wp\/v2\/users\/6"}],"replies":[{"embeddable":true,"href":"https:\/\/www.peek-und-cloppenburg.de\/de\/wp-json\/wp\/v2\/comments?post=1536"}],"version-history":[{"count":29,"href":"https:\/\/www.peek-und-cloppenburg.de\/de\/wp-json\/wp\/v2\/pages\/1536\/revisions"}],"predecessor-version":[{"id":12069,"href":"https:\/\/www.peek-und-cloppenburg.de\/de\/wp-json\/wp\/v2\/pages\/1536\/revisions\/12069"}],"up":[{"embeddable":true,"href":"https:\/\/www.peek-und-cloppenburg.de\/de\/wp-json\/wp\/v2\/pages\/1534"}],"wp:attachment":[{"href":"https:\/\/www.peek-und-cloppenburg.de\/de\/wp-json\/wp\/v2\/media?parent=1536"}],"curies":[{"name":"wp","href":"https:\/\/api.w.org\/{rel}","templated":true}]}}